{"id":1947,"date":"2026-01-26T18:53:33","date_gmt":"2026-01-26T17:53:33","guid":{"rendered":"https:\/\/blogsaverroes.juntadeandalucia.es\/adeladiaz2016\/?page_id=1947"},"modified":"2026-03-27T11:36:25","modified_gmt":"2026-03-27T10:36:25","slug":"podcasts-sexto","status":"publish","type":"page","link":"https:\/\/blogsaverroes.juntadeandalucia.es\/adeladiaz2016\/podcasts\/podcasts-sexto\/","title":{"rendered":"PODCASTS SEXTO"},"content":{"rendered":"<h4 style=\"text-align: center\"><span style=\"color: #0000ff\">PODCASTS DE 6\u00ba PRIMARIA<\/span><\/h4>\n<p style=\"text-align: center\">Pincha sobre el podcast que quieras escuchar para que se reproduzca\u2026<\/p>\n<h6>&nbsp;<\/h6>\n<h6 style=\"text-align: center\"><span style=\"color: #3366ff\"><a style=\"color: #3366ff\" title=\"D\u00cdA DE LA PAZ - Podcast de Adriana\" href=\"https:\/\/blogsaverroes.juntadeandalucia.es\/adeladiaz2016\/files\/2026\/01\/Adriana.mp4\">D\u00cdA DE LA PAZ &#8211; Podcast de Adriana<\/a><\/span><\/h6>\n<h6 style=\"text-align: center\"><a title=\"D\u00cdA DE LA PAZ - Podcast de Isabella\" href=\"https:\/\/blogsaverroes.juntadeandalucia.es\/adeladiaz2016\/files\/2026\/01\/Podcast-Isabella.mp4\"><span style=\"color: #3366ff\">D\u00cdA DE LA PAZ &#8211; Podcast de Isabella<\/span><\/a><\/h6>\n<h6 style=\"text-align: center\"><span style=\"color: #3366ff\"><a style=\"color: #3366ff\" title=\"D\u00cdA DE LA PAZ - Podcast de \u00c1ngela\" href=\"https:\/\/blogsaverroes.juntadeandalucia.es\/adeladiaz2016\/files\/2026\/01\/Angela_jordan.m4a\">D\u00cdA DE LA PAZ &#8211; Podcast de \u00c1ngela<\/a><\/span><\/h6>\n<h6 style=\"text-align: center\"><span style=\"color: #3366ff\"><a style=\"color: #3366ff\" title=\"D\u00cdA DE LA PAZ - Podcast de April\" href=\"https:\/\/blogsaverroes.juntadeandalucia.es\/adeladiaz2016\/files\/2026\/01\/PODCAST-April-6oB.mp3\">D\u00cdA DE LA PAZ &#8211; Podcast de April<\/a><\/span><\/h6>\n<h6 style=\"text-align: center\"><span style=\"color: #3366ff\"><a style=\"color: #3366ff\" title=\"D\u00cdA DE LA PAZ - Podcast de Arsenio\" href=\"https:\/\/blogsaverroes.juntadeandalucia.es\/adeladiaz2016\/files\/2026\/01\/PODCAST-Arsenio-6oB.m4a\">D\u00cdA DE LA PAZ &#8211; Podcast de Arsenio<\/a><\/span><\/h6>\n<h6 style=\"text-align: center\"><span style=\"color: #3366ff\"><a style=\"color: #3366ff\" title=\"D\u00cdA DE LA PAZ - Podcast de Clara\" href=\"https:\/\/blogsaverroes.juntadeandalucia.es\/adeladiaz2016\/files\/2026\/01\/PODCAST-Clara-6oB.m4a\">D\u00cdA DE LA PAZ &#8211; Podcast de Clara<\/a><\/span><\/h6>\n<h6 style=\"text-align: center\"><span style=\"color: #3366ff\"><a style=\"color: #3366ff\" title=\"RESE\u00d1AS DE LIBROS - Alba\" href=\"https:\/\/blogsaverroes.juntadeandalucia.es\/adeladiaz2016\/files\/2026\/03\/Alba-grabacion-buena.mp3\" target=\"_blank\" rel=\"noopener\">RESE\u00d1AS DE LIBROS &#8211; Alba<\/a><\/span><\/h6>\n<h6 style=\"text-align: center\"><span style=\"color: #3366ff\"><a style=\"color: #3366ff\" title=\"RESE\u00d1AS DE LIBROS - Alejandro\" href=\"https:\/\/blogsaverroes.juntadeandalucia.es\/adeladiaz2016\/files\/2026\/03\/Alejandro-voz-buena.mp3\" target=\"_blank\" rel=\"noopener\">RESE\u00d1AS DE LIBROS &#8211; Alejandro<\/a><\/span><\/h6>\n<h6 style=\"text-align: center\"><a title=\"RESE\u00d1AS DE LIBROS - Laura\" href=\"https:\/\/blogsaverroes.juntadeandalucia.es\/adeladiaz2016\/files\/2026\/03\/Laura-grabacion.mp3\" target=\"_blank\" rel=\"noopener\"><span style=\"color: #3366ff\">RESE\u00d1AS DE LIBROS &#8211; Laura<\/span><\/a><\/h6>\n<p>&nbsp;<\/p>\n<p>&nbsp;<\/p>\n","protected":false},"excerpt":{"rendered":"<p>PODCASTS DE 6\u00ba PRIMARIA Pincha sobre el podcast que quieras escuchar para que se reproduzca\u2026 &nbsp; D\u00cdA DE LA PAZ &#8211; Podcast de Adriana D\u00cdA DE LA PAZ &#8211; Podcast de Isabella D\u00cdA DE LA PAZ &#8211; Podcast de \u00c1ngela D\u00cdA DE LA PAZ &#8211; Podcast de April D\u00cdA DE LA PAZ &#8211; Podcast de [&hellip;]<\/p>\n","protected":false},"author":2654,"featured_media":0,"parent":1904,"menu_order":0,"comment_status":"closed","ping_status":"closed","template":"","meta":{"ngg_post_thumbnail":0,"footnotes":""},"aioseo_notices":[],"_links":{"self":[{"href":"https:\/\/blogsaverroes.juntadeandalucia.es\/adeladiaz2016\/wp-json\/wp\/v2\/pages\/1947"}],"collection":[{"href":"https:\/\/blogsaverroes.juntadeandalucia.es\/adeladiaz2016\/wp-json\/wp\/v2\/pages"}],"about":[{"href":"https:\/\/blogsaverroes.juntadeandalucia.es\/adeladiaz2016\/wp-json\/wp\/v2\/types\/page"}],"author":[{"embeddable":true,"href":"https:\/\/blogsaverroes.juntadeandalucia.es\/adeladiaz2016\/wp-json\/wp\/v2\/users\/2654"}],"replies":[{"embeddable":true,"href":"https:\/\/blogsaverroes.juntadeandalucia.es\/adeladiaz2016\/wp-json\/wp\/v2\/comments?post=1947"}],"version-history":[{"count":8,"href":"https:\/\/blogsaverroes.juntadeandalucia.es\/adeladiaz2016\/wp-json\/wp\/v2\/pages\/1947\/revisions"}],"predecessor-version":[{"id":2036,"href":"https:\/\/blogsaverroes.juntadeandalucia.es\/adeladiaz2016\/wp-json\/wp\/v2\/pages\/1947\/revisions\/2036"}],"up":[{"embeddable":true,"href":"https:\/\/blogsaverroes.juntadeandalucia.es\/adeladiaz2016\/wp-json\/wp\/v2\/pages\/1904"}],"wp:attachment":[{"href":"https:\/\/blogsaverroes.juntadeandalucia.es\/adeladiaz2016\/wp-json\/wp\/v2\/media?parent=1947"}],"curies":[{"name":"wp","href":"https:\/\/api.w.org\/{rel}","templated":true}]}}