{"id":113,"date":"2015-03-16T08:06:00","date_gmt":"2015-03-16T08:06:00","guid":{"rendered":"http:\/\/blogsaverroes.juntadeandalucia.es\/pre\/ceip\/?page_id=113"},"modified":"2022-02-01T11:46:20","modified_gmt":"2022-02-01T11:46:20","slug":"biblioteca","status":"publish","type":"page","link":"https:\/\/blogsaverroes.juntadeandalucia.es\/adersa2\/biblioteca\/","title":{"rendered":"Lectura y Biblioteca"},"content":{"rendered":"<h2>&nbsp;<a href=\"https:\/\/blogsaverroes.juntadeandalucia.es\/adersa2\/files\/2019\/05\/Portada-kamashibai.jpg\"><img loading=\"lazy\" decoding=\"async\" class=\"aligncenter size-full wp-image-4023\" src=\"https:\/\/blogsaverroes.juntadeandalucia.es\/adersa2\/files\/2019\/05\/Portada-kamashibai.jpg\" alt=\"kamashibai CPR ADERSA 2\" width=\"939\" height=\"376\" srcset=\"https:\/\/blogsaverroes.juntadeandalucia.es\/adersa2\/files\/2019\/05\/Portada-kamashibai.jpg 939w, https:\/\/blogsaverroes.juntadeandalucia.es\/adersa2\/files\/2019\/05\/Portada-kamashibai-300x120.jpg 300w, https:\/\/blogsaverroes.juntadeandalucia.es\/adersa2\/files\/2019\/05\/Portada-kamashibai-768x308.jpg 768w, https:\/\/blogsaverroes.juntadeandalucia.es\/adersa2\/files\/2019\/05\/Portada-kamashibai-700x280.jpg 700w, https:\/\/blogsaverroes.juntadeandalucia.es\/adersa2\/files\/2019\/05\/Portada-kamashibai-24x10.jpg 24w, https:\/\/blogsaverroes.juntadeandalucia.es\/adersa2\/files\/2019\/05\/Portada-kamashibai-36x14.jpg 36w, https:\/\/blogsaverroes.juntadeandalucia.es\/adersa2\/files\/2019\/05\/Portada-kamashibai-48x19.jpg 48w\" sizes=\"(max-width: 939px) 100vw, 939px\" \/><\/a><\/h2>\n<p><strong>El pasado martes d\u00eda 23 de abril celebramos con gran \u00e9xito en nuestro centro educativo el d\u00eda del libro.<\/strong> Para ello se hab\u00edan organizado una serie de actividades para conmemorar tal d\u00eda. Desde el equipo de biblioteca se decidi\u00f3 plantear estas tres actividades:<\/p>\n<p>En primer lugar, hicimos unos kamashibai que estuvimos trabajando durante las semanas previas. <strong>Los kamashibai son peque\u00f1os cuentos de origen japon\u00e9s que mezclan ilustraciones con narraciones<\/strong>. Estos textos son le\u00eddos y expuestos en unos peque\u00f1os teatros elaborados para la ocasi\u00f3n.<\/p>\n<p>Tambi\u00e9n hicimos unos murales en el que el alumnado deb\u00eda poner que era para \u00e9l un libro. El alumnado de infantil realiz\u00f3 unos dibujos de su familia con libros, los cuales se colocaron igualmente en el mural.<\/p>\n<p>Como tercera actividad, vimos un corto sobre la importancia de los libros y la lectura. Este corto se titulaba los fant\u00e1sticos libros voladores del Sr Morris.<\/p>\n<p><a href=\"https:\/\/blogsaverroes.juntadeandalucia.es\/adersa2\/2019\/05\/08\/kamashibai-adersa-2\/\">LEER M\u00c1S<\/a><\/p>\n<h2>&nbsp;<\/h2>\n<h2><a href=\"https:\/\/blogsaverroes.juntadeandalucia.es\/adersa2\/files\/2019\/01\/Mascota-biblioteca-1.jpg\">Taruba, es el nombre de nuestra mascota<img loading=\"lazy\" decoding=\"async\" class=\"size-full wp-image-3614 aligncenter\" src=\"https:\/\/blogsaverroes.juntadeandalucia.es\/adersa2\/files\/2019\/01\/Mascota-biblioteca-1.jpg\" alt=\"Mascota biblioteca\" width=\"336\" height=\"506\" srcset=\"https:\/\/blogsaverroes.juntadeandalucia.es\/adersa2\/files\/2019\/01\/Mascota-biblioteca-1.jpg 336w, https:\/\/blogsaverroes.juntadeandalucia.es\/adersa2\/files\/2019\/01\/Mascota-biblioteca-1-199x300.jpg 199w, https:\/\/blogsaverroes.juntadeandalucia.es\/adersa2\/files\/2019\/01\/Mascota-biblioteca-1-16x24.jpg 16w, https:\/\/blogsaverroes.juntadeandalucia.es\/adersa2\/files\/2019\/01\/Mascota-biblioteca-1-24x36.jpg 24w, https:\/\/blogsaverroes.juntadeandalucia.es\/adersa2\/files\/2019\/01\/Mascota-biblioteca-1-32x48.jpg 32w\" sizes=\"(max-width: 336px) 100vw, 336px\" \/><\/a><\/h2>\n<p><iframe loading=\"lazy\" title=\"Bibliotecas escolares de Andaluc\u00eda al servicio de la comunidad educativa\" width=\"500\" height=\"281\" src=\"https:\/\/www.youtube.com\/embed\/N_rrGePF_zM?feature=oembed&#038;wmode=opaque\" frameborder=\"0\" allow=\"accelerometer; autoplay; clipboard-write; encrypted-media; gyroscope; picture-in-picture; web-share\" referrerpolicy=\"strict-origin-when-cross-origin\" allowfullscreen><\/iframe><\/p>\n<p>Informaci\u00f3n sobre su uso, horarios, prestamos, etc&#8230;<\/p>\n<p><a title=\"Bibliotecas escolares\" href=\"http:\/\/www.juntadeandalucia.es\/educacion\/webportal\/web\/lecturas-y-bibliotecas-escolares\/bibliotecas-escolares\" target=\"_blank\" rel=\"noopener noreferrer\">Enlace al portal sobre las Bibliotecas Escolares.<\/a><\/p>\n","protected":false},"excerpt":{"rendered":"<p>&nbsp; El pasado martes d\u00eda 23 de abril celebramos con gran \u00e9xito en nuestro centro educativo el d\u00eda del libro. Para ello se hab\u00edan organizado una serie de actividades para conmemorar tal d\u00eda. Desde&#46;&#46;&#46;<\/p>\n","protected":false},"author":1,"featured_media":0,"parent":0,"menu_order":0,"comment_status":"closed","ping_status":"open","template":"","meta":{"ngg_post_thumbnail":0,"footnotes":"","_mc_calendar":[]},"aioseo_notices":[],"_links":{"self":[{"href":"https:\/\/blogsaverroes.juntadeandalucia.es\/adersa2\/wp-json\/wp\/v2\/pages\/113"}],"collection":[{"href":"https:\/\/blogsaverroes.juntadeandalucia.es\/adersa2\/wp-json\/wp\/v2\/pages"}],"about":[{"href":"https:\/\/blogsaverroes.juntadeandalucia.es\/adersa2\/wp-json\/wp\/v2\/types\/page"}],"author":[{"embeddable":true,"href":"https:\/\/blogsaverroes.juntadeandalucia.es\/adersa2\/wp-json\/wp\/v2\/users\/1"}],"replies":[{"embeddable":true,"href":"https:\/\/blogsaverroes.juntadeandalucia.es\/adersa2\/wp-json\/wp\/v2\/comments?post=113"}],"version-history":[{"count":7,"href":"https:\/\/blogsaverroes.juntadeandalucia.es\/adersa2\/wp-json\/wp\/v2\/pages\/113\/revisions"}],"predecessor-version":[{"id":4902,"href":"https:\/\/blogsaverroes.juntadeandalucia.es\/adersa2\/wp-json\/wp\/v2\/pages\/113\/revisions\/4902"}],"wp:attachment":[{"href":"https:\/\/blogsaverroes.juntadeandalucia.es\/adersa2\/wp-json\/wp\/v2\/media?parent=113"}],"curies":[{"name":"wp","href":"https:\/\/api.w.org\/{rel}","templated":true}]}}