{"id":2979,"date":"2022-09-19T10:00:46","date_gmt":"2022-09-19T10:00:46","guid":{"rendered":"http:\/\/blogsaverroes.juntadeandalucia.es\/adersa2\/?page_id=2979"},"modified":"2023-10-06T09:44:26","modified_gmt":"2023-10-06T09:44:26","slug":"2979-2","status":"publish","type":"page","link":"https:\/\/blogsaverroes.juntadeandalucia.es\/adersa2\/2979-2\/","title":{"rendered":"Claustro"},"content":{"rendered":"<h3><strong>PROFESORADO DEL CENTRO CURSO 2023\/2024<\/strong><\/h3>\n<p><a href=\"https:\/\/blogsaverroes.juntadeandalucia.es\/adersa2\/files\/2023\/10\/Contraportada.jpeg\"><img loading=\"lazy\" decoding=\"async\" class=\"alignleft size-full wp-image-6968\" src=\"https:\/\/blogsaverroes.juntadeandalucia.es\/adersa2\/files\/2023\/10\/Contraportada.jpeg\" alt=\"\" width=\"800\" height=\"450\" srcset=\"https:\/\/blogsaverroes.juntadeandalucia.es\/adersa2\/files\/2023\/10\/Contraportada.jpeg 800w, https:\/\/blogsaverroes.juntadeandalucia.es\/adersa2\/files\/2023\/10\/Contraportada-300x169.jpeg 300w, https:\/\/blogsaverroes.juntadeandalucia.es\/adersa2\/files\/2023\/10\/Contraportada-768x432.jpeg 768w, https:\/\/blogsaverroes.juntadeandalucia.es\/adersa2\/files\/2023\/10\/Contraportada-700x393.jpeg 700w\" sizes=\"(max-width: 800px) 100vw, 800px\" \/><\/a><\/p>\n<p><a href=\"https:\/\/blogsaverroes.juntadeandalucia.es\/adersa2\/files\/2022\/09\/CLARA.png\"><img loading=\"lazy\" decoding=\"async\" class=\"wp-image-6482 size-medium alignright\" src=\"https:\/\/blogsaverroes.juntadeandalucia.es\/adersa2\/files\/2022\/09\/CLARA-300x169.png\" alt=\"\" width=\"300\" height=\"169\" srcset=\"https:\/\/blogsaverroes.juntadeandalucia.es\/adersa2\/files\/2022\/09\/CLARA-300x169.png 300w, https:\/\/blogsaverroes.juntadeandalucia.es\/adersa2\/files\/2022\/09\/CLARA-1024x576.png 1024w, https:\/\/blogsaverroes.juntadeandalucia.es\/adersa2\/files\/2022\/09\/CLARA-768x432.png 768w, https:\/\/blogsaverroes.juntadeandalucia.es\/adersa2\/files\/2022\/09\/CLARA-1536x864.png 1536w, https:\/\/blogsaverroes.juntadeandalucia.es\/adersa2\/files\/2022\/09\/CLARA-700x393.png 700w, https:\/\/blogsaverroes.juntadeandalucia.es\/adersa2\/files\/2022\/09\/CLARA.png 1600w\" sizes=\"(max-width: 300px) 100vw, 300px\" \/><\/a><\/p>\n<p>&nbsp;<\/p>\n<p style=\"text-align: right\"><strong>Clara Barrero S\u00e1nchez<\/strong>&nbsp;(Ingl\u00e9s ESO)<\/p>\n<p style=\"text-align: right\"><strong>Directora<\/strong><\/p>\n<p style=\"text-align: right\">clara@adersa2.com<\/p>\n<p><a href=\"https:\/\/blogsaverroes.juntadeandalucia.es\/adersa2\/files\/2022\/09\/CAROLINA.png\"><img loading=\"lazy\" decoding=\"async\" class=\"alignleft wp-image-6483 size-medium\" src=\"https:\/\/blogsaverroes.juntadeandalucia.es\/adersa2\/files\/2022\/09\/CAROLINA-300x169.png\" alt=\"\" width=\"300\" height=\"169\" srcset=\"https:\/\/blogsaverroes.juntadeandalucia.es\/adersa2\/files\/2022\/09\/CAROLINA-300x169.png 300w, https:\/\/blogsaverroes.juntadeandalucia.es\/adersa2\/files\/2022\/09\/CAROLINA-1024x576.png 1024w, https:\/\/blogsaverroes.juntadeandalucia.es\/adersa2\/files\/2022\/09\/CAROLINA-768x432.png 768w, https:\/\/blogsaverroes.juntadeandalucia.es\/adersa2\/files\/2022\/09\/CAROLINA-1536x864.png 1536w, https:\/\/blogsaverroes.juntadeandalucia.es\/adersa2\/files\/2022\/09\/CAROLINA-700x393.png 700w, https:\/\/blogsaverroes.juntadeandalucia.es\/adersa2\/files\/2022\/09\/CAROLINA.png 1600w\" sizes=\"(max-width: 300px) 100vw, 300px\" \/><\/a><\/p>\n<p>&nbsp;<\/p>\n<p style=\"text-align: left\"><strong>Carolina Gonz\u00e1lez Murillo<\/strong>&nbsp;(Matem\u00e1ticas ESO)<\/p>\n<p><strong>Jefa de Estudios<\/strong><\/p>\n<p style=\"text-align: left\">carolina@adersa2.com<\/p>\n<p style=\"text-align: left\"><a href=\"https:\/\/blogsaverroes.juntadeandalucia.es\/adersa2\/files\/2022\/09\/MARCOS.png\"><img loading=\"lazy\" decoding=\"async\" class=\"size-medium wp-image-6484 alignright\" src=\"https:\/\/blogsaverroes.juntadeandalucia.es\/adersa2\/files\/2022\/09\/MARCOS-300x169.png\" alt=\"\" width=\"300\" height=\"169\" srcset=\"https:\/\/blogsaverroes.juntadeandalucia.es\/adersa2\/files\/2022\/09\/MARCOS-300x169.png 300w, https:\/\/blogsaverroes.juntadeandalucia.es\/adersa2\/files\/2022\/09\/MARCOS-1024x576.png 1024w, https:\/\/blogsaverroes.juntadeandalucia.es\/adersa2\/files\/2022\/09\/MARCOS-768x432.png 768w, https:\/\/blogsaverroes.juntadeandalucia.es\/adersa2\/files\/2022\/09\/MARCOS-1536x864.png 1536w, https:\/\/blogsaverroes.juntadeandalucia.es\/adersa2\/files\/2022\/09\/MARCOS-700x393.png 700w, https:\/\/blogsaverroes.juntadeandalucia.es\/adersa2\/files\/2022\/09\/MARCOS.png 1600w\" sizes=\"(max-width: 300px) 100vw, 300px\" \/><\/a><\/p>\n<p>&nbsp;<\/p>\n<p style=\"text-align: right\"><strong>Marcos Manuel Parrilla Bueno<\/strong>&nbsp;(M\u00fasica ESO)<\/p>\n<p style=\"text-align: right\"><strong>Secretario<\/strong><\/p>\n<p style=\"text-align: right\">marcos@adersa2.com<\/p>\n<p>&nbsp;<\/p>\n<p style=\"text-align: left\"><strong><a href=\"https:\/\/blogsaverroes.juntadeandalucia.es\/adersa2\/files\/2022\/09\/ANTONIO.png\"><img loading=\"lazy\" decoding=\"async\" class=\"size-medium wp-image-6485 alignleft\" src=\"https:\/\/blogsaverroes.juntadeandalucia.es\/adersa2\/files\/2022\/09\/ANTONIO-300x169.png\" alt=\"\" width=\"300\" height=\"169\" srcset=\"https:\/\/blogsaverroes.juntadeandalucia.es\/adersa2\/files\/2022\/09\/ANTONIO-300x169.png 300w, https:\/\/blogsaverroes.juntadeandalucia.es\/adersa2\/files\/2022\/09\/ANTONIO-1024x576.png 1024w, https:\/\/blogsaverroes.juntadeandalucia.es\/adersa2\/files\/2022\/09\/ANTONIO-768x432.png 768w, https:\/\/blogsaverroes.juntadeandalucia.es\/adersa2\/files\/2022\/09\/ANTONIO-1536x864.png 1536w, https:\/\/blogsaverroes.juntadeandalucia.es\/adersa2\/files\/2022\/09\/ANTONIO-700x393.png 700w, https:\/\/blogsaverroes.juntadeandalucia.es\/adersa2\/files\/2022\/09\/ANTONIO.png 1600w\" sizes=\"(max-width: 300px) 100vw, 300px\" \/><\/a><\/strong><\/p>\n<p>&nbsp;<\/p>\n<p style=\"text-align: right\"><strong>Antonio Jos\u00e9 P\u00e9rez Dom\u00ednguez<\/strong><\/p>\n<p style=\"text-align: right\">(Matem\u00e1ticas ESO)<\/p>\n<p style=\"text-align: right\">antoniojose@adersa2.com<\/p>\n<p><a href=\"https:\/\/blogsaverroes.juntadeandalucia.es\/adersa2\/files\/2022\/09\/PILAR.png\"><img loading=\"lazy\" decoding=\"async\" class=\"size-medium wp-image-6487 alignright\" src=\"https:\/\/blogsaverroes.juntadeandalucia.es\/adersa2\/files\/2022\/09\/PILAR-300x169.png\" alt=\"\" width=\"300\" height=\"169\" srcset=\"https:\/\/blogsaverroes.juntadeandalucia.es\/adersa2\/files\/2022\/09\/PILAR-300x169.png 300w, https:\/\/blogsaverroes.juntadeandalucia.es\/adersa2\/files\/2022\/09\/PILAR-1024x576.png 1024w, https:\/\/blogsaverroes.juntadeandalucia.es\/adersa2\/files\/2022\/09\/PILAR-768x432.png 768w, https:\/\/blogsaverroes.juntadeandalucia.es\/adersa2\/files\/2022\/09\/PILAR-1536x864.png 1536w, https:\/\/blogsaverroes.juntadeandalucia.es\/adersa2\/files\/2022\/09\/PILAR-700x393.png 700w, https:\/\/blogsaverroes.juntadeandalucia.es\/adersa2\/files\/2022\/09\/PILAR.png 1600w\" sizes=\"(max-width: 300px) 100vw, 300px\" \/><\/a><\/p>\n<p>&nbsp;<\/p>\n<p style=\"text-align: right\"><strong>M\u00aa Pilar Romero R\u00edos<\/strong> (Religi\u00f3n Primaria)<\/p>\n<p style=\"text-align: right\">pilar@adersa2.com<\/p>\n<p><a href=\"https:\/\/blogsaverroes.juntadeandalucia.es\/adersa2\/files\/2022\/09\/RAFA-S.png\"><img loading=\"lazy\" decoding=\"async\" class=\"alignleft size-medium wp-image-6488\" src=\"https:\/\/blogsaverroes.juntadeandalucia.es\/adersa2\/files\/2022\/09\/RAFA-S-300x169.png\" alt=\"\" width=\"300\" height=\"169\" srcset=\"https:\/\/blogsaverroes.juntadeandalucia.es\/adersa2\/files\/2022\/09\/RAFA-S-300x169.png 300w, https:\/\/blogsaverroes.juntadeandalucia.es\/adersa2\/files\/2022\/09\/RAFA-S-1024x576.png 1024w, https:\/\/blogsaverroes.juntadeandalucia.es\/adersa2\/files\/2022\/09\/RAFA-S-768x432.png 768w, https:\/\/blogsaverroes.juntadeandalucia.es\/adersa2\/files\/2022\/09\/RAFA-S-1536x864.png 1536w, https:\/\/blogsaverroes.juntadeandalucia.es\/adersa2\/files\/2022\/09\/RAFA-S-700x393.png 700w, https:\/\/blogsaverroes.juntadeandalucia.es\/adersa2\/files\/2022\/09\/RAFA-S.png 1600w\" sizes=\"(max-width: 300px) 100vw, 300px\" \/><\/a><\/p>\n<p>&nbsp;<\/p>\n<p>&nbsp;<\/p>\n<p style=\"text-align: left\"><strong>Rafael Federico Sales Delgado<\/strong> (Geograf\u00eda e Historia ESO)<\/p>\n<p style=\"text-align: left\">rafaelfederico@adersa2.com<\/p>\n<p><a href=\"https:\/\/blogsaverroes.juntadeandalucia.es\/adersa2\/files\/2022\/09\/MAMEN.png\"><img loading=\"lazy\" decoding=\"async\" class=\"size-medium wp-image-6490 alignright\" src=\"https:\/\/blogsaverroes.juntadeandalucia.es\/adersa2\/files\/2022\/09\/MAMEN-300x169.png\" alt=\"\" width=\"300\" height=\"169\" srcset=\"https:\/\/blogsaverroes.juntadeandalucia.es\/adersa2\/files\/2022\/09\/MAMEN-300x169.png 300w, https:\/\/blogsaverroes.juntadeandalucia.es\/adersa2\/files\/2022\/09\/MAMEN-1024x576.png 1024w, https:\/\/blogsaverroes.juntadeandalucia.es\/adersa2\/files\/2022\/09\/MAMEN-768x432.png 768w, https:\/\/blogsaverroes.juntadeandalucia.es\/adersa2\/files\/2022\/09\/MAMEN-1536x864.png 1536w, https:\/\/blogsaverroes.juntadeandalucia.es\/adersa2\/files\/2022\/09\/MAMEN-700x393.png 700w, https:\/\/blogsaverroes.juntadeandalucia.es\/adersa2\/files\/2022\/09\/MAMEN.png 1600w\" sizes=\"(max-width: 300px) 100vw, 300px\" \/><\/a><\/p>\n<p>&nbsp;<\/p>\n<p>&nbsp;<\/p>\n<p style=\"font-family: 'Open Sans', sans-serif;font-size: 15px;font-style: normal;font-weight: 400;text-align: right\"><strong><span style=\"font-family: 'Open Sans', sans-serif;font-size: 15px;font-style: normal\">Mar\u00eda del Carmen&nbsp;<\/span>Rom\u00e1n S\u00e1nchez<\/strong>&nbsp;(Ingl\u00e9s Primaria)<\/p>\n<p style=\"font-family: 'Open Sans', sans-serif;font-size: 15px;font-style: normal;font-weight: 400;text-align: right\">mariadelcarmen@adersa2.com<\/p>\n<p><a href=\"https:\/\/blogsaverroes.juntadeandalucia.es\/adersa2\/files\/2022\/09\/PABLO.png\"><img loading=\"lazy\" decoding=\"async\" class=\"alignleft size-medium wp-image-6517\" src=\"https:\/\/blogsaverroes.juntadeandalucia.es\/adersa2\/files\/2022\/09\/PABLO-300x169.png\" alt=\"\" width=\"300\" height=\"169\" srcset=\"https:\/\/blogsaverroes.juntadeandalucia.es\/adersa2\/files\/2022\/09\/PABLO-300x169.png 300w, https:\/\/blogsaverroes.juntadeandalucia.es\/adersa2\/files\/2022\/09\/PABLO-1024x576.png 1024w, https:\/\/blogsaverroes.juntadeandalucia.es\/adersa2\/files\/2022\/09\/PABLO-768x432.png 768w, https:\/\/blogsaverroes.juntadeandalucia.es\/adersa2\/files\/2022\/09\/PABLO-1536x864.png 1536w, https:\/\/blogsaverroes.juntadeandalucia.es\/adersa2\/files\/2022\/09\/PABLO-700x393.png 700w, https:\/\/blogsaverroes.juntadeandalucia.es\/adersa2\/files\/2022\/09\/PABLO.png 1600w\" sizes=\"(max-width: 300px) 100vw, 300px\" \/><\/a><\/p>\n<p>&nbsp;<\/p>\n<p>&nbsp;<\/p>\n<p style=\"text-align: left\"><strong><span style=\"font-family: 'Open Sans', sans-serif;font-size: 15px;font-style: normal\">Pablo&nbsp;<\/span>Gonz\u00e1lez Gallego<\/strong>&nbsp; (Primaria)<\/p>\n<p style=\"text-align: left\">pablo@adersa2.com<\/p>\n<p>&nbsp;<\/p>\n<p>&nbsp;<\/p>\n<p><strong>El&nbsp;Claustro de profesorado es el \u00f3rgano de participaci\u00f3n de todos los maestros maestras y profesores que prestan servicios docentes en nuestro CPR ADERSA II.<\/strong><\/p>\n<p>Podemos considerarlo como un \u00f3rgano t\u00e9cnico-pedag\u00f3gico en el cual se planifica, coordina, decide, informa y eval\u00faa sobre todas las actividades educativas que se realizan dentro del centro educativo, como funci\u00f3n principal la de ense\u00f1ar a todos los docentes incorporados en el centro.<\/p>\n","protected":false},"excerpt":{"rendered":"<p>PROFESORADO DEL CENTRO CURSO 2023\/2024 &nbsp; Clara Barrero S\u00e1nchez&nbsp;(Ingl\u00e9s ESO) Directora clara@adersa2.com &nbsp; Carolina Gonz\u00e1lez Murillo&nbsp;(Matem\u00e1ticas ESO) Jefa de Estudios carolina@adersa2.com &nbsp; Marcos Manuel Parrilla Bueno&nbsp;(M\u00fasica ESO) Secretario marcos@adersa2.com &nbsp; &nbsp; Antonio Jos\u00e9 P\u00e9rez&#46;&#46;&#46;<\/p>\n","protected":false},"author":4530,"featured_media":0,"parent":0,"menu_order":0,"comment_status":"closed","ping_status":"closed","template":"","meta":{"ngg_post_thumbnail":0,"footnotes":"","_mc_calendar":[]},"aioseo_notices":[],"_links":{"self":[{"href":"https:\/\/blogsaverroes.juntadeandalucia.es\/adersa2\/wp-json\/wp\/v2\/pages\/2979"}],"collection":[{"href":"https:\/\/blogsaverroes.juntadeandalucia.es\/adersa2\/wp-json\/wp\/v2\/pages"}],"about":[{"href":"https:\/\/blogsaverroes.juntadeandalucia.es\/adersa2\/wp-json\/wp\/v2\/types\/page"}],"author":[{"embeddable":true,"href":"https:\/\/blogsaverroes.juntadeandalucia.es\/adersa2\/wp-json\/wp\/v2\/users\/4530"}],"replies":[{"embeddable":true,"href":"https:\/\/blogsaverroes.juntadeandalucia.es\/adersa2\/wp-json\/wp\/v2\/comments?post=2979"}],"version-history":[{"count":70,"href":"https:\/\/blogsaverroes.juntadeandalucia.es\/adersa2\/wp-json\/wp\/v2\/pages\/2979\/revisions"}],"predecessor-version":[{"id":6970,"href":"https:\/\/blogsaverroes.juntadeandalucia.es\/adersa2\/wp-json\/wp\/v2\/pages\/2979\/revisions\/6970"}],"wp:attachment":[{"href":"https:\/\/blogsaverroes.juntadeandalucia.es\/adersa2\/wp-json\/wp\/v2\/media?parent=2979"}],"curies":[{"name":"wp","href":"https:\/\/api.w.org\/{rel}","templated":true}]}}