{"id":42,"date":"2021-12-17T08:40:47","date_gmt":"2021-12-17T08:40:47","guid":{"rendered":"http:\/\/blogsaverroes.juntadeandalucia.es\/pre\/ceip\/?page_id=42"},"modified":"2024-10-10T08:53:27","modified_gmt":"2024-10-10T08:53:27","slug":"equipo-directivo","status":"publish","type":"page","link":"https:\/\/blogsaverroes.juntadeandalucia.es\/adersa2\/equipo-directivo\/","title":{"rendered":"Equipo directivo"},"content":{"rendered":"<p>Direcci\u00f3n: <strong>D\u00f1a. Clara Barrero S\u00e1nchez<\/strong><\/p>\n<p>Jefatura de estudios: <strong>D\u00f1a. Carolina Gonz\u00e1lez Murillo<\/strong><\/p>\n<p>Secretar\u00eda:<strong> D. Marcos Manuel Parrilla Bueno<\/strong><\/p>\n<p><iframe loading=\"lazy\" src=\"https:\/\/drive.google.com\/file\/d\/1r9d1d_pR2xf26rbcsEZhvWpAqAda7_O6\/preview\" width=\"640\" height=\"480\"><span data-mce-type=\"bookmark\" style=\"width: 0px;overflow: hidden;line-height: 0\" class=\"mce_SELRES_start\">\ufeff<\/span><span data-mce-type=\"bookmark\" style=\"width: 0px;overflow: hidden;line-height: 0\" class=\"mce_SELRES_start\">\ufeff<\/span><\/iframe><\/p>\n<p><a href=\"https:\/\/blogsaverroes.juntadeandalucia.es\/adersa2\/files\/2024\/10\/HORARIO-DE-ATENCION-DEL-EQUIPO-DIRECTIVO-24-25.docx.pdf\">HORARIO DE ATENCI\u00d3N DEL EQUIPO DIRECTIVO 24-25.docx<\/a><\/p>\n","protected":false},"excerpt":{"rendered":"<p>Direcci\u00f3n: D\u00f1a. Clara Barrero S\u00e1nchez Jefatura de estudios: D\u00f1a. Carolina Gonz\u00e1lez Murillo Secretar\u00eda: D. Marcos Manuel Parrilla Bueno \ufeff\ufeff HORARIO DE ATENCI\u00d3N DEL EQUIPO DIRECTIVO 24-25.docx<\/p>\n","protected":false},"author":1,"featured_media":0,"parent":0,"menu_order":0,"comment_status":"closed","ping_status":"open","template":"","meta":{"ngg_post_thumbnail":0,"footnotes":"","_mc_calendar":[]},"aioseo_notices":[],"_links":{"self":[{"href":"https:\/\/blogsaverroes.juntadeandalucia.es\/adersa2\/wp-json\/wp\/v2\/pages\/42"}],"collection":[{"href":"https:\/\/blogsaverroes.juntadeandalucia.es\/adersa2\/wp-json\/wp\/v2\/pages"}],"about":[{"href":"https:\/\/blogsaverroes.juntadeandalucia.es\/adersa2\/wp-json\/wp\/v2\/types\/page"}],"author":[{"embeddable":true,"href":"https:\/\/blogsaverroes.juntadeandalucia.es\/adersa2\/wp-json\/wp\/v2\/users\/1"}],"replies":[{"embeddable":true,"href":"https:\/\/blogsaverroes.juntadeandalucia.es\/adersa2\/wp-json\/wp\/v2\/comments?post=42"}],"version-history":[{"count":12,"href":"https:\/\/blogsaverroes.juntadeandalucia.es\/adersa2\/wp-json\/wp\/v2\/pages\/42\/revisions"}],"predecessor-version":[{"id":7553,"href":"https:\/\/blogsaverroes.juntadeandalucia.es\/adersa2\/wp-json\/wp\/v2\/pages\/42\/revisions\/7553"}],"wp:attachment":[{"href":"https:\/\/blogsaverroes.juntadeandalucia.es\/adersa2\/wp-json\/wp\/v2\/media?parent=42"}],"curies":[{"name":"wp","href":"https:\/\/api.w.org\/{rel}","templated":true}]}}