{"id":4865,"date":"2022-02-01T11:21:37","date_gmt":"2022-02-01T11:21:37","guid":{"rendered":"https:\/\/blogsaverroes.juntadeandalucia.es\/adersa2\/?page_id=4865"},"modified":"2022-03-15T09:40:33","modified_gmt":"2022-03-15T09:40:33","slug":"infantil","status":"publish","type":"page","link":"https:\/\/blogsaverroes.juntadeandalucia.es\/adersa2\/infantil\/","title":{"rendered":"Infantil"},"content":{"rendered":"<p>En Educaci\u00f3n Infantil trabajamos a trav\u00e9s de ABP (Aprendizaje Basado en Proyectos) adapt\u00e1ndolos al contexto y a los intereses de nuestros ni\u00f1os y ni\u00f1as. Buscamos un aprendizaje significativo y por eso la ense\u00f1anza es cercana, l\u00fadica y creativa con actividades manuales y manipulativas.<\/p>\n<p>Concedemos mucha importancia al juego, ya que en estas edades, es su motor de desarrollo. de esta forma, promovemos el aprendizaje de conocimientos y habilidades sociales a trav\u00e9s de la diversi\u00f3n.<\/p>\n<p>Nuestras ni\u00f1as y ni\u00f1os son protagonistas activos de su propio aprendizaje favoreciendo su autonom\u00eda, la confianza y la cooperaci\u00f3n.<\/p>\n<p>Promovemos el contacto directo con el entorno y la participaci\u00f3n de las familias en el proceso educativo. Y en definitiva buscamos que nuestros ni\u00f1os sean felices y disfruten aprendiendo.<\/p>\n","protected":false},"excerpt":{"rendered":"<p>En Educaci\u00f3n Infantil trabajamos a trav\u00e9s de ABP (Aprendizaje Basado en Proyectos) adapt\u00e1ndolos al contexto y a los intereses de nuestros ni\u00f1os y ni\u00f1as. Buscamos un aprendizaje significativo y por eso la ense\u00f1anza es&#46;&#46;&#46;<\/p>\n","protected":false},"author":4530,"featured_media":0,"parent":0,"menu_order":0,"comment_status":"closed","ping_status":"closed","template":"","meta":{"ngg_post_thumbnail":0,"footnotes":"","_mc_calendar":[]},"aioseo_notices":[],"_links":{"self":[{"href":"https:\/\/blogsaverroes.juntadeandalucia.es\/adersa2\/wp-json\/wp\/v2\/pages\/4865"}],"collection":[{"href":"https:\/\/blogsaverroes.juntadeandalucia.es\/adersa2\/wp-json\/wp\/v2\/pages"}],"about":[{"href":"https:\/\/blogsaverroes.juntadeandalucia.es\/adersa2\/wp-json\/wp\/v2\/types\/page"}],"author":[{"embeddable":true,"href":"https:\/\/blogsaverroes.juntadeandalucia.es\/adersa2\/wp-json\/wp\/v2\/users\/4530"}],"replies":[{"embeddable":true,"href":"https:\/\/blogsaverroes.juntadeandalucia.es\/adersa2\/wp-json\/wp\/v2\/comments?post=4865"}],"version-history":[{"count":3,"href":"https:\/\/blogsaverroes.juntadeandalucia.es\/adersa2\/wp-json\/wp\/v2\/pages\/4865\/revisions"}],"predecessor-version":[{"id":5178,"href":"https:\/\/blogsaverroes.juntadeandalucia.es\/adersa2\/wp-json\/wp\/v2\/pages\/4865\/revisions\/5178"}],"wp:attachment":[{"href":"https:\/\/blogsaverroes.juntadeandalucia.es\/adersa2\/wp-json\/wp\/v2\/media?parent=4865"}],"curies":[{"name":"wp","href":"https:\/\/api.w.org\/{rel}","templated":true}]}}