{"id":4883,"date":"2022-03-22T11:38:28","date_gmt":"2022-03-22T11:38:28","guid":{"rendered":"https:\/\/blogsaverroes.juntadeandalucia.es\/adersa2\/?page_id=4883"},"modified":"2023-03-22T09:18:27","modified_gmt":"2023-03-22T09:18:27","slug":"steam-robotica-aplicada-al-aula","status":"publish","type":"page","link":"https:\/\/blogsaverroes.juntadeandalucia.es\/adersa2\/steam-robotica-aplicada-al-aula\/","title":{"rendered":"STEAM &#8211; Rob\u00f3tica aplicada al aula"},"content":{"rendered":"<div dir=\"auto\"><iframe loading=\"lazy\" src=\"https:\/\/www.youtube.com\/embed\/kDnLf6m8r1I\" width=\"560\" height=\"315\" frameborder=\"0\"><\/iframe>&nbsp;<\/div>\n<div dir=\"auto\">STEAM es un enfoque educativo que permite a los estudiantes vivir experiencias de aprendizaje activo e integrar diversas \u00e1reas de conocimiento a fin de desarrollar competencias para la vida y conectarse con las din\u00e1micas y desaf\u00edos del contexto local y global. En nuestro centro hemos apostado por esta y otras metodolog\u00edas activas para que nuestro alumnado consiga un desarrollo integral.<\/div>\n<div dir=\"auto\">Desde el \u00e1rea de m\u00fasica estamos desarrollando un proyecto combiando trabajo manual, programaci\u00f3n en scratch e interconexi\u00f3n con las placas Makey Makey. Os dejamos con el resultado de una de nuestas alumnas de secundaria tocando su bater\u00eda electr\u00f3nica<\/div>\n<div dir=\"auto\">Desde el <a class=\"x1i10hfl xjbqb8w x6umtig x1b1mbwd xaqea5y xav7gou x9f619 x1ypdohk xt0psk2 xe8uvvx xdj266r x11i5rnm xat24cr x1mh8g0r xexx8yu x4uap5 x18d9i69 xkhd6sd x16tdsg8 x1hl2dhg xggy1nq x1a2a7pz xt0b8zv x1qq9wsj xo1l8bm\" role=\"link\" href=\"https:\/\/www.facebook.com\/cpr.adersados.1?__cft__[0]=AZXZXuCaThqn83gyQ9vv7YtQwmXZrDTthcf2kUR2X9Fo3FxtOnN6jchTbKN4HkECY83rW_nc4UZYUyYKtPJrAzx-ClTbxJwdV-5uUx67rzVwGhvOyekkn1uytk77vNRhdBOD_Ie8e2uMB1lGwbxqAXi_2QLWIEFQ1XlnUY0JQuMdUA&amp;__tn__=-]K-R\"><span class=\"xt0psk2\">Cpr Adersa II<\/span><\/a> animamos a que os un\u00e1is a nuestra comunidad educativa para el curso 23\/24 haciendo la admisi\u00f3n hasta el 31 de marzo en nuestro centro.<\/div>\n<h4>&nbsp;<\/h4>\n<h4><strong>2022\/23<\/strong><\/h4>\n<p>Comenzamos poco a poco a poner en marcha el programa STEAM: Rob\u00f3tica aplicada al aula. Por un lado, programaci\u00f3n por bloques de c\u00f3digo de peque\u00f1os retos en juegos cl\u00e1sicos.<\/p>\n<p>En el d\u00eda de hoy, dise\u00f1o en 3D de llaveros personalizados y posterior impresi\u00f3n en nuestra impresora 3D. Para concluir la jornada matutina, grabaci\u00f3n y edici\u00f3n desde el \u00e1rea de m\u00fasica de un podcast de radio sobre grupos musicales de pop-rock.<\/p>\nngg_shortcode_0_placeholderTodav\u00eda est\u00e1s a tiempo de presentar la preinscripci\u00f3n para el curso 22\/23, desde educaci\u00f3n infantil hasta 2\u00ba de ESO, si quieres disfrutar de estas y otras experiencias educativas en grupos reducidos en nuestro colegio C.P.R. <a class=\"profileLink\" title=\"Cpr Adersa II\" href=\"https:\/\/www.facebook.com\/cpr.adersados.1?fref=mentions&amp;__xts__%5B0%5D=68.ARDuyDYrwAohXm9KwQEJ7_i1J-D1N3GtVpy38U8tZEsmdOowVRJE-pZhz9X9BcsDuEwqyYqE5Kwa5NCL20tQcJq1efak_Jwtz6-upY99YhYf_DaJkNjB_E8QFr3qgtrjhW1FB6lQT4QIICjpg6S-es1S7sYOPozq2M23WJgM59GXK_HTR42dDtY8N7z4ktebSEplibHYWtj-Lo2irnbSFHzn3sgQTVPwE-dC7f0mTHR165awgMaAVRIsA79es_47esjaBlETNbZucK3i9fHIP8kn2mfO27KMT-CVpnyeDnQHmg5cQe8&amp;__tn__=KH-R\">ADERSA II<\/a>&nbsp;.<\/p>\n","protected":false},"excerpt":{"rendered":"<p>&nbsp; STEAM es un enfoque educativo que permite a los estudiantes vivir experiencias de aprendizaje activo e integrar diversas \u00e1reas de conocimiento a fin de desarrollar competencias para la vida y conectarse con las&#46;&#46;&#46;<\/p>\n","protected":false},"author":4530,"featured_media":0,"parent":0,"menu_order":0,"comment_status":"closed","ping_status":"closed","template":"","meta":{"ngg_post_thumbnail":0,"footnotes":"","_mc_calendar":[]},"aioseo_notices":[],"_links":{"self":[{"href":"https:\/\/blogsaverroes.juntadeandalucia.es\/adersa2\/wp-json\/wp\/v2\/pages\/4883"}],"collection":[{"href":"https:\/\/blogsaverroes.juntadeandalucia.es\/adersa2\/wp-json\/wp\/v2\/pages"}],"about":[{"href":"https:\/\/blogsaverroes.juntadeandalucia.es\/adersa2\/wp-json\/wp\/v2\/types\/page"}],"author":[{"embeddable":true,"href":"https:\/\/blogsaverroes.juntadeandalucia.es\/adersa2\/wp-json\/wp\/v2\/users\/4530"}],"replies":[{"embeddable":true,"href":"https:\/\/blogsaverroes.juntadeandalucia.es\/adersa2\/wp-json\/wp\/v2\/comments?post=4883"}],"version-history":[{"count":6,"href":"https:\/\/blogsaverroes.juntadeandalucia.es\/adersa2\/wp-json\/wp\/v2\/pages\/4883\/revisions"}],"predecessor-version":[{"id":6798,"href":"https:\/\/blogsaverroes.juntadeandalucia.es\/adersa2\/wp-json\/wp\/v2\/pages\/4883\/revisions\/6798"}],"wp:attachment":[{"href":"https:\/\/blogsaverroes.juntadeandalucia.es\/adersa2\/wp-json\/wp\/v2\/media?parent=4883"}],"curies":[{"name":"wp","href":"https:\/\/api.w.org\/{rel}","templated":true}]}}