{"id":4885,"date":"2022-02-01T11:38:40","date_gmt":"2022-02-01T11:38:40","guid":{"rendered":"https:\/\/blogsaverroes.juntadeandalucia.es\/adersa2\/?page_id=4885"},"modified":"2023-04-26T07:54:37","modified_gmt":"2023-04-26T07:54:37","slug":"comunica","status":"publish","type":"page","link":"https:\/\/blogsaverroes.juntadeandalucia.es\/adersa2\/comunica\/","title":{"rendered":"COMUNICA"},"content":{"rendered":"<div dir=\"auto\">\n<div dir=\"auto\">La<strong> creaci\u00f3n de Booktubers<\/strong> sigue siendo una actividad muy interesante que desarrollamos en nuestro centro. En este caso es el <strong><em>alumnado de secundaria el que promueve la lectura recomendando sus libros favoritos<\/em><\/strong>.<\/div>\n<div dir=\"auto\">\u00a1Os dejamos el resultado!<\/div>\n<\/div>\n<p><iframe loading=\"lazy\" src=\"https:\/\/www.youtube.com\/embed\/fkflrN2Y270\" width=\"560\" height=\"315\" frameborder=\"0\"><\/iframe><\/p>\n<div dir=\"auto\">&nbsp;<\/div>\n<div dir=\"auto\">La <strong>creaci\u00f3n de Booktubers<\/strong> sigue siendo una actividad muy interesante que desarrollamos en nuestro centro. En este caso es el <strong><em>alumnado de primaria el que promueve la lectura recomendando sus libros favoritos<\/em><\/strong>.<\/div>\n<div dir=\"auto\">\u00a1Os dejamos el resultado!<\/div>\n<p><iframe loading=\"lazy\" src=\"https:\/\/www.youtube.com\/embed\/RP8XL7pNpAY\" width=\"560\" height=\"315\" frameborder=\"0\"><\/iframe><\/p>\n<div dir=\"auto\">&nbsp;<\/div>\n<p><em><strong>El alumnado de infantil de nuestro cole participa en la creaci\u00f3n de Booktubers<\/strong><\/em> hablando sobre uno de sus cuentos favoritos. El fomento de la lectura y la mejora de la expresi\u00f3n oral son los objetivos fundamentales de esta interesante actividad.<\/p>\n<p><iframe loading=\"lazy\" src=\"https:\/\/www.youtube.com\/embed\/d_VZDt3cE-8\" width=\"560\" height=\"315\" frameborder=\"0\"><span data-mce-type=\"bookmark\" style=\"width: 0px;overflow: hidden;line-height: 0\" class=\"mce_SELRES_start\">\ufeff<\/span><\/iframe><\/p>\n<p>Historias, cuentos, leyendas o poemas relatados en la ni\u00f1ez proporcionan alegr\u00eda, emoci\u00f3n, creatividad, confianza&#8230; Nuestros hijos\/as necesitan cuentos que les alimenten su imaginaci\u00f3n y les permitan volar y so\u00f1ar despiertos. \u00a1Dediquemos tiempo a sentarnos con ellos y disfrutar de sus caritas mientras nos escuchan atentos!<br \/>\nOs dejamos estos Booktubers del alumnado de infantil de CPR Adersa II. Fomentar la lectura y y mejorar la expresi\u00f3n oral han sido los objetivos fundamentales de esta interesante actividad.<br \/>\n#ProgramaComunicA #lectura #PlanDeLectura #soehuelvaeducando #ceparacena<\/p>\n<p>&nbsp;<\/p>\n<p>&nbsp;<\/p>\n<h2>Plan de Actuaci\u00f3n \u00abComunicA\u00bb 2022\/23<\/h2>\n<p>Para visualizar el PDF completo, descargar <strong><a href=\"https:\/\/blogsaverroes.juntadeandalucia.es\/adersa2\/files\/2023\/03\/Plan-de-actuaci\u00f3n-ComunicA-22-23.pdf\" target=\"_blank\" rel=\"noopener noreferrer\">AQU\u00cd<\/a><\/strong><a href=\"https:\/\/blogsaverroes.juntadeandalucia.es\/adersa2\/files\/2023\/03\/ComunicA-2022-23.jpg\"><img loading=\"lazy\" decoding=\"async\" class=\"size-full wp-image-6832 aligncenter\" src=\"https:\/\/blogsaverroes.juntadeandalucia.es\/adersa2\/files\/2023\/03\/ComunicA-2022-23.jpg\" alt=\"\" width=\"535\" height=\"759\" srcset=\"https:\/\/blogsaverroes.juntadeandalucia.es\/adersa2\/files\/2023\/03\/ComunicA-2022-23.jpg 535w, https:\/\/blogsaverroes.juntadeandalucia.es\/adersa2\/files\/2023\/03\/ComunicA-2022-23-211x300.jpg 211w\" sizes=\"(max-width: 535px) 100vw, 535px\" \/><\/a><\/p>\n<p>&nbsp;<\/p>\n<h3>&nbsp;<\/h3>\n<h3>Curso 2022\/23<\/h3>\n<p><a href=\"https:\/\/blogsaverroes.juntadeandalucia.es\/adersa2\/files\/2022\/02\/COMU.png\"><img loading=\"lazy\" decoding=\"async\" class=\"alignright size-full wp-image-5029\" src=\"https:\/\/blogsaverroes.juntadeandalucia.es\/adersa2\/files\/2022\/02\/COMU.png\" alt=\"\" width=\"1081\" height=\"186\" srcset=\"https:\/\/blogsaverroes.juntadeandalucia.es\/adersa2\/files\/2022\/02\/COMU.png 1081w, https:\/\/blogsaverroes.juntadeandalucia.es\/adersa2\/files\/2022\/02\/COMU-300x52.png 300w, https:\/\/blogsaverroes.juntadeandalucia.es\/adersa2\/files\/2022\/02\/COMU-1024x176.png 1024w, https:\/\/blogsaverroes.juntadeandalucia.es\/adersa2\/files\/2022\/02\/COMU-768x132.png 768w, https:\/\/blogsaverroes.juntadeandalucia.es\/adersa2\/files\/2022\/02\/COMU-700x120.png 700w\" sizes=\"(max-width: 1081px) 100vw, 1081px\" \/><\/a><\/p>\n<p style=\"text-align: justify\">\u00c9ste es el primer a\u00f1o que el centro participa en el plan \u201cComunica\u201d. La participaci\u00f3n del profesorado en este programa es del cien por cien del claustro que ha acogido el proyecto con mucha ilusi\u00f3n. Actualmente estamos en plena actualizaci\u00f3n de nuestro Proyecto Educativo, en el que uno de los objetivos principales ser\u00e1 la mejora de la competencia ling\u00fc\u00edstica y comunicativa. Partiendo de esto, con la participaci\u00f3n en el plan de lectura y biblioteca, pretendemos desarrollar un proyecto, que integre todas las actividades que ya se desarrollan en el centro y que van encaminadas a la mejora de la competencia ling\u00fc\u00edstica. Involucrar a toda la comunidad educativa en cada una de las l\u00edneas de actuaci\u00f3n del programa ser\u00e1 un aspecto primordial. Las familias y el alumnado ser\u00e1n eje fundamental de este proyecto, en el que el profesorado intentar\u00e1, con entusiasmo, involucrarles en las actividades que se desarrollen a lo largo del programa.<\/p>\n<p><a href=\"https:\/\/blogsaverroes.juntadeandalucia.es\/adersa2\/files\/2022\/02\/TABLA-COMUNICA-1.png\"><img loading=\"lazy\" decoding=\"async\" class=\"alignright size-full wp-image-5033\" src=\"https:\/\/blogsaverroes.juntadeandalucia.es\/adersa2\/files\/2022\/02\/TABLA-COMUNICA-1.png\" alt=\"\" width=\"1007\" height=\"434\" srcset=\"https:\/\/blogsaverroes.juntadeandalucia.es\/adersa2\/files\/2022\/02\/TABLA-COMUNICA-1.png 1007w, https:\/\/blogsaverroes.juntadeandalucia.es\/adersa2\/files\/2022\/02\/TABLA-COMUNICA-1-300x129.png 300w, https:\/\/blogsaverroes.juntadeandalucia.es\/adersa2\/files\/2022\/02\/TABLA-COMUNICA-1-768x331.png 768w, https:\/\/blogsaverroes.juntadeandalucia.es\/adersa2\/files\/2022\/02\/TABLA-COMUNICA-1-700x302.png 700w\" sizes=\"(max-width: 1007px) 100vw, 1007px\" \/><\/a><\/p>\n<p><a href=\"https:\/\/blogsaverroes.juntadeandalucia.es\/adersa2\/files\/2022\/02\/COMU-2.png\"><img loading=\"lazy\" decoding=\"async\" class=\"alignright size-full wp-image-5034\" src=\"https:\/\/blogsaverroes.juntadeandalucia.es\/adersa2\/files\/2022\/02\/COMU-2.png\" alt=\"\" width=\"1211\" height=\"407\" srcset=\"https:\/\/blogsaverroes.juntadeandalucia.es\/adersa2\/files\/2022\/02\/COMU-2.png 1211w, https:\/\/blogsaverroes.juntadeandalucia.es\/adersa2\/files\/2022\/02\/COMU-2-300x101.png 300w, https:\/\/blogsaverroes.juntadeandalucia.es\/adersa2\/files\/2022\/02\/COMU-2-1024x344.png 1024w, https:\/\/blogsaverroes.juntadeandalucia.es\/adersa2\/files\/2022\/02\/COMU-2-768x258.png 768w, https:\/\/blogsaverroes.juntadeandalucia.es\/adersa2\/files\/2022\/02\/COMU-2-700x235.png 700w\" sizes=\"(max-width: 1211px) 100vw, 1211px\" \/><\/a><\/p>\n","protected":false},"excerpt":{"rendered":"<p>La creaci\u00f3n de Booktubers sigue siendo una actividad muy interesante que desarrollamos en nuestro centro. En este caso es el alumnado de secundaria el que promueve la lectura recomendando sus libros favoritos. \u00a1Os dejamos&#46;&#46;&#46;<\/p>\n","protected":false},"author":4530,"featured_media":0,"parent":0,"menu_order":0,"comment_status":"closed","ping_status":"closed","template":"","meta":{"ngg_post_thumbnail":0,"footnotes":"","_mc_calendar":[]},"aioseo_notices":[],"_links":{"self":[{"href":"https:\/\/blogsaverroes.juntadeandalucia.es\/adersa2\/wp-json\/wp\/v2\/pages\/4885"}],"collection":[{"href":"https:\/\/blogsaverroes.juntadeandalucia.es\/adersa2\/wp-json\/wp\/v2\/pages"}],"about":[{"href":"https:\/\/blogsaverroes.juntadeandalucia.es\/adersa2\/wp-json\/wp\/v2\/types\/page"}],"author":[{"embeddable":true,"href":"https:\/\/blogsaverroes.juntadeandalucia.es\/adersa2\/wp-json\/wp\/v2\/users\/4530"}],"replies":[{"embeddable":true,"href":"https:\/\/blogsaverroes.juntadeandalucia.es\/adersa2\/wp-json\/wp\/v2\/comments?post=4885"}],"version-history":[{"count":16,"href":"https:\/\/blogsaverroes.juntadeandalucia.es\/adersa2\/wp-json\/wp\/v2\/pages\/4885\/revisions"}],"predecessor-version":[{"id":6870,"href":"https:\/\/blogsaverroes.juntadeandalucia.es\/adersa2\/wp-json\/wp\/v2\/pages\/4885\/revisions\/6870"}],"wp:attachment":[{"href":"https:\/\/blogsaverroes.juntadeandalucia.es\/adersa2\/wp-json\/wp\/v2\/media?parent=4885"}],"curies":[{"name":"wp","href":"https:\/\/api.w.org\/{rel}","templated":true}]}}