{"id":49,"date":"2022-01-25T08:47:05","date_gmt":"2022-01-25T08:47:05","guid":{"rendered":"http:\/\/blogsaverroes.juntadeandalucia.es\/pre\/ceip\/?page_id=49"},"modified":"2022-01-25T11:16:05","modified_gmt":"2022-01-25T11:16:05","slug":"documentos-plan-centro","status":"publish","type":"page","link":"https:\/\/blogsaverroes.juntadeandalucia.es\/adersa2\/documentos-plan-centro\/","title":{"rendered":"Plan de centro"},"content":{"rendered":"<p>Un centro se define en gran medida por su <strong>Plan de Centro<\/strong>. En \u00e9l se plasma el modelo educativo y la concreci\u00f3n de la normativa que un centro realiza respecto a las ense\u00f1anzas que imparte.&nbsp;<\/p>\n<ol>\n<li>\n<h1><a href=\"https:\/\/drive.google.com\/file\/d\/16Gxg-JDZdZwX1bM-eXyQTIE8x7960TyV\/view?usp=sharing\" target=\"_blank\" rel=\"noopener noreferrer\"><span style=\"color: #000000\">Proyecto Educativo.<\/span><\/a><\/h1>\n<ol style=\"list-style-type: upper-roman\">\n<li>\n<h2><a href=\"https:\/\/drive.google.com\/file\/d\/16o2ttCDD2f0MX5QGNFQ7LpeLyB7w3rpV\/view?usp=sharing\" target=\"_blank\" rel=\"noopener noreferrer\">Plan de Atenci\u00f3n a la Diversidad<\/a><\/h2>\n<\/li>\n<li>\n<h2><a href=\"https:\/\/drive.google.com\/file\/d\/15mb75t_zzYvTylflE0xyY0Pu2cLtHDSd\/view?usp=sharing\" target=\"_blank\" rel=\"noopener noreferrer\">Plan de Apoyo y Refuerzo<\/a><\/h2>\n<ul>\n<li>\n<h3><span style=\"color: #339966\"><a style=\"color: #339966\" href=\"https:\/\/drive.google.com\/file\/d\/1OhDtjRwigMJCc2EZL3MUbuRxr9Em9_59\/view?usp=sharing\" target=\"_blank\" rel=\"noopener noreferrer\">Horario del Plan de Apoyo y Refuerzo<\/a><\/span><\/h3>\n<\/li>\n<li>\n<h3><span style=\"color: #339966\"><a style=\"color: #339966\" href=\"https:\/\/drive.google.com\/file\/d\/1A8Y8xt63KFPNBkhFPqfHZqhNbyn29mdR\/view?usp=sharing\" target=\"_blank\" rel=\"noopener noreferrer\">Programa de Refuerzo<\/a><\/span><\/h3>\n<\/li>\n<\/ul>\n<\/li>\n<li>\n<h2><a href=\"https:\/\/drive.google.com\/file\/d\/1uu_cE6RTl7eL9C8EHDziSzL95dt9kFyI\/view?usp=sharing\" target=\"_blank\" rel=\"noopener noreferrer\">Plan de Acogida.<\/a><\/h2>\n<\/li>\n<li>\n<h2><a href=\"https:\/\/drive.google.com\/file\/d\/16znvJ5prR82SehkjzzPxpnFIJ81Xv95t\/view?usp=sharing\" target=\"_blank\" rel=\"noopener noreferrer\">Plan de Convivencia<\/a><\/h2>\n<\/li>\n<li>\n<h2><a href=\"https:\/\/drive.google.com\/file\/d\/17992T_9R7gQc6_dixTqo3bPcN2gsjIOE\/view?usp=sharing\" target=\"_blank\" rel=\"noopener noreferrer\">Plan de Formaci\u00f3n<\/a><\/h2>\n<\/li>\n<li>\n<h2><a href=\"https:\/\/drive.google.com\/file\/d\/15U0ZcnGldUYAgtRUL1zZNrTmlYV_d_Yr\/view?usp=sharing\" target=\"_blank\" rel=\"noopener noreferrer\">Plan de Actuaci\u00f3n Digital (P.A.D.)<\/a><\/h2>\n<\/li>\n<li>\n<h2><a href=\"https:\/\/drive.google.com\/file\/d\/196d5OuJKFttGyniwpSEssWueYeHg0OtB\/view?usp=sharing\" target=\"_blank\" rel=\"noopener noreferrer\">Proyecto Escuela Espacio de Paz<\/a><\/h2>\n<\/li>\n<li>\n<h2><a href=\"https:\/\/drive.google.com\/file\/d\/15Rs5i--K5R7GeTA1Kk1BgPy_BYl6emS4\/view?usp=sharing\" target=\"_blank\" rel=\"noopener noreferrer\">Plan de Igualdad<\/a><\/h2>\n<\/li>\n<li>\n<h2><a href=\"https:\/\/drive.google.com\/file\/d\/1570ROMIdov-E6rNxCB76zgzMd9KSx0Fh\/view?usp=sharing\" target=\"_blank\" rel=\"noopener noreferrer\">Programa \u00abComunica\u00bb<\/a><\/h2>\n<\/li>\n<li>\n<h2><a href=\"https:\/\/drive.google.com\/file\/d\/1nrnvV7jOIOuCc09vwLrj5r8ik2DPH_ap\/view?usp=sharing\" target=\"_blank\" rel=\"noopener noreferrer\">Protocolo COVID-19<\/a><\/h2>\n<\/li>\n<li>\n<h2><a href=\"https:\/\/drive.google.com\/file\/d\/1LwgFxemz4w5T1Qk-ZpNHUwHIO4xgOIRt\/view?usp=sharing\" target=\"_blank\" rel=\"noopener noreferrer\">Plan de Mejora<\/a><\/h2>\n<\/li>\n<li>\n<h2><a href=\"https:\/\/drive.google.com\/file\/d\/15MEIdqAbPnWhkbqv_rLBQtZR2BXwkVJI\/view?usp=sharing\" target=\"_blank\" rel=\"noopener noreferrer\">Plan de EOE<\/a><\/h2>\n<\/li>\n<li>\n<h2><a href=\"https:\/\/drive.google.com\/file\/d\/1bJ26lg0637WRjUCAGOoQGYBNDNwPwb6s\/view?usp=sharing\" target=\"_blank\" rel=\"noopener noreferrer\">Plan de Autoprotecci\u00f3n<\/a><\/h2>\n<\/li>\n<li>\n<h2><a href=\"https:\/\/drive.google.com\/file\/d\/17EZZP6aCJ5QxK8rcwosFsaOuWSHlYGhH\/view?usp=sharing\" target=\"_blank\" rel=\"noopener noreferrer\">Plan de Orientaci\u00f3n y Acci\u00f3n Tutorial<\/a><\/h2>\n<\/li>\n<\/ol>\n<\/li>\n<li>\n<h2><span style=\"color: #000000\"><a style=\"color: #000000\" href=\"https:\/\/drive.google.com\/file\/d\/14Qt7SA_SZkzFVFUyUsrG9ygSOhH4C-M7\/view?usp=sharing\" target=\"_blank\" rel=\"noopener noreferrer\">Reglamento de Organizaci\u00f3n y Funcionamiento.<\/a><\/span><\/h2>\n<\/li>\n<li>\n<h2><span style=\"color: #000000\"><a style=\"color: #000000\" href=\"https:\/\/drive.google.com\/file\/d\/1wLgAcswRTNxVZj4snoRAq50_kuJ944M_\/view?usp=sharing\" target=\"_blank\" rel=\"noopener noreferrer\">Proyecto de Gesti\u00f3n.<\/a><\/span><\/h2>\n<\/li>\n<\/ol>\n","protected":false},"excerpt":{"rendered":"<p>Un centro se define en gran medida por su Plan de Centro. En \u00e9l se plasma el modelo educativo y la concreci\u00f3n de la normativa que un centro realiza respecto a las ense\u00f1anzas que&#46;&#46;&#46;<\/p>\n","protected":false},"author":1,"featured_media":0,"parent":0,"menu_order":0,"comment_status":"closed","ping_status":"open","template":"","meta":{"ngg_post_thumbnail":0,"footnotes":"","_mc_calendar":[]},"aioseo_notices":[],"_links":{"self":[{"href":"https:\/\/blogsaverroes.juntadeandalucia.es\/adersa2\/wp-json\/wp\/v2\/pages\/49"}],"collection":[{"href":"https:\/\/blogsaverroes.juntadeandalucia.es\/adersa2\/wp-json\/wp\/v2\/pages"}],"about":[{"href":"https:\/\/blogsaverroes.juntadeandalucia.es\/adersa2\/wp-json\/wp\/v2\/types\/page"}],"author":[{"embeddable":true,"href":"https:\/\/blogsaverroes.juntadeandalucia.es\/adersa2\/wp-json\/wp\/v2\/users\/1"}],"replies":[{"embeddable":true,"href":"https:\/\/blogsaverroes.juntadeandalucia.es\/adersa2\/wp-json\/wp\/v2\/comments?post=49"}],"version-history":[{"count":33,"href":"https:\/\/blogsaverroes.juntadeandalucia.es\/adersa2\/wp-json\/wp\/v2\/pages\/49\/revisions"}],"predecessor-version":[{"id":4841,"href":"https:\/\/blogsaverroes.juntadeandalucia.es\/adersa2\/wp-json\/wp\/v2\/pages\/49\/revisions\/4841"}],"wp:attachment":[{"href":"https:\/\/blogsaverroes.juntadeandalucia.es\/adersa2\/wp-json\/wp\/v2\/media?parent=49"}],"curies":[{"name":"wp","href":"https:\/\/api.w.org\/{rel}","templated":true}]}}