{"id":4959,"date":"2022-02-11T08:48:47","date_gmt":"2022-02-11T08:48:47","guid":{"rendered":"https:\/\/blogsaverroes.juntadeandalucia.es\/adersa2\/?page_id=4959"},"modified":"2023-10-17T08:50:52","modified_gmt":"2023-10-17T08:50:52","slug":"consejo-escolar","status":"publish","type":"page","link":"https:\/\/blogsaverroes.juntadeandalucia.es\/adersa2\/consejo-escolar\/","title":{"rendered":"Consejo Escolar"},"content":{"rendered":"<table style=\"width: 100%;height: 600px\" width=\"902\">\n<tbody>\n<tr style=\"height: 24px\">\n<td style=\"width: 27.9338%;height: 24px\" width=\"441\"><strong>Sector<\/strong><\/td>\n<td style=\"width: 36.6943%;height: 24px\" width=\"461\"><strong>Miembro<\/strong><\/td>\n<td style=\"width: 35.0414%;height: 24px\"><strong>Email<\/strong><\/td>\n<\/tr>\n<tr style=\"height: 48px\">\n<td style=\"width: 27.9338%;text-align: left;height: 48px\" width=\"441\"><em>Equipo Directivo<\/em><\/td>\n<td style=\"width: 36.6943%;text-align: left;height: 48px\" width=\"461\">Barrero S\u00e1nchez, Clara Isabel (DIRECTOR\/A)<\/td>\n<td style=\"width: 35.0414%;text-align: left;height: 48px\">clara@adersa2.com<\/td>\n<\/tr>\n<tr style=\"height: 48px\">\n<td style=\"width: 27.9338%;text-align: left;height: 48px\" width=\"441\">&nbsp;<\/td>\n<td style=\"width: 36.6943%;text-align: left;height: 48px\" width=\"461\">Gonz\u00e1lez Murillo, Carolina (JEFE\/A DE ESTUDIOS)<\/td>\n<td style=\"width: 35.0414%;text-align: left;height: 48px\">carolina@adersa2.com<\/td>\n<\/tr>\n<tr style=\"height: 48px\">\n<td style=\"width: 27.9338%;text-align: left;height: 48px\" width=\"441\">&nbsp;<\/td>\n<td style=\"width: 36.6943%;text-align: left;height: 48px\" width=\"461\">Parrilla Bueno, Marcos Manuel (SECRETARIO\/A)<\/td>\n<td style=\"width: 35.0414%;text-align: left;height: 48px\">marcos@adersa2.com<\/td>\n<\/tr>\n<tr style=\"height: 48px\">\n<td style=\"width: 27.9338%;text-align: left;height: 48px\" width=\"441\"><em>Profesorado (Impulsor de medidas de Igualdad)<\/em><\/td>\n<td style=\"width: 36.6943%;text-align: left;height: 48px\" width=\"461\">Dana S\u00e1nchez, Clara&nbsp;<\/td>\n<td style=\"width: 35.0414%;text-align: left;height: 48px\">claradana@adersa2.com<\/td>\n<\/tr>\n<tr style=\"height: 24px\">\n<td style=\"width: 27.9338%;text-align: left;height: 24px\" width=\"441\"><em>Profesorado<\/em><\/td>\n<td style=\"width: 36.6943%;text-align: left;height: 24px\" width=\"461\">Gonz\u00e1lez Gallego, Pablo<\/td>\n<td style=\"width: 35.0414%;text-align: left;height: 24px\">pablo@adersa2.com<\/td>\n<\/tr>\n<tr style=\"height: 24px\">\n<td style=\"width: 27.9338%;text-align: left;height: 24px\" width=\"441\">&nbsp;<\/td>\n<td style=\"width: 36.6943%;text-align: left;height: 24px\" width=\"461\">P\u00e9rez Dom\u00ednguez, Antonio Jos\u00e9<\/td>\n<td style=\"width: 35.0414%;text-align: left;height: 24px\">antoniojose@adersa2.com<\/td>\n<\/tr>\n<tr style=\"height: 48px\">\n<td style=\"width: 27.9338%;text-align: left;height: 48px\" width=\"441\">&nbsp;<\/td>\n<td style=\"width: 36.6943%;text-align: left;height: 48px\" width=\"461\">Rom\u00e1n S\u00e1nchez, Mar\u00eda del Carmen<\/td>\n<td style=\"width: 35.0414%;text-align: left;height: 48px\">mariadelcarmen@adersa2.com<\/td>\n<\/tr>\n<tr style=\"height: 24px\">\n<td style=\"width: 27.9338%;text-align: left;height: 24px\" width=\"441\">&nbsp;<\/td>\n<td style=\"width: 36.6943%;text-align: left;height: 24px\" width=\"461\">Sales Delgado, Rafael Federico<\/td>\n<td style=\"width: 35.0414%;text-align: left;height: 24px\">rafaelfederico@adersa2.com<\/td>\n<\/tr>\n<tr style=\"height: 24px\">\n<td style=\"width: 27.9338%;text-align: left;height: 24px\" width=\"441\">&nbsp;<\/td>\n<td style=\"width: 36.6943%;text-align: left;height: 24px\" width=\"461\">Viera Ruiz, \u00c1ngel Pablo<\/td>\n<td style=\"width: 35.0414%;text-align: left;height: 24px\">angelpablo@adersa2.com<\/td>\n<\/tr>\n<tr style=\"height: 24px\">\n<td style=\"width: 27.9338%;text-align: left;height: 24px\" width=\"441\"><em>Madres\/Padres\/Tutores<\/em><\/td>\n<td style=\"width: 36.6943%;text-align: left;height: 24px\" width=\"461\">Fern\u00e1ndez \u00c1lvarez, Carmen<\/td>\n<td style=\"width: 35.0414%;text-align: left;height: 24px\">carmen@adersa2.com<\/td>\n<\/tr>\n<tr style=\"height: 24px\">\n<td style=\"width: 27.9338%;text-align: left;height: 24px\" width=\"441\">&nbsp;<\/td>\n<td style=\"width: 36.6943%;text-align: left;height: 24px\" width=\"461\">G\u00f3mez Moreno, Manuel Severiano<\/td>\n<td style=\"width: 35.0414%;text-align: left;height: 24px\">manuelseveriano@adersa2.com<\/td>\n<\/tr>\n<tr style=\"height: 24px\">\n<td style=\"width: 27.9338%;text-align: left;height: 24px\" width=\"441\">&nbsp;<\/td>\n<td style=\"width: 36.6943%;text-align: left;height: 24px\" width=\"461\">Gonz\u00e1lez Gonz\u00e1lez, Eulalio<\/td>\n<td style=\"width: 35.0414%;text-align: left;height: 24px\">eulalio@adersa2.com<\/td>\n<\/tr>\n<tr style=\"height: 24px\">\n<td style=\"width: 27.9338%;text-align: left;height: 24px\" width=\"441\">&nbsp;<\/td>\n<td style=\"width: 36.6943%;text-align: left;height: 24px\" width=\"461\">Guzm\u00e1n Dom\u00ednguez, Omar<\/td>\n<td style=\"width: 35.0414%;text-align: left;height: 24px\">omar@adersa2.com<\/td>\n<\/tr>\n<tr style=\"height: 24px\">\n<td style=\"width: 27.9338%;text-align: left;height: 24px\" width=\"441\">&nbsp;<\/td>\n<td style=\"width: 36.6943%;text-align: left;height: 24px\" width=\"461\">Moya V\u00e1zquez, Luisa Fern\u00e1nda<\/td>\n<td style=\"width: 35.0414%;text-align: left;height: 24px\">luisafernanda@adersa2.com<\/td>\n<\/tr>\n<tr style=\"height: 24px\">\n<td style=\"width: 27.9338%;text-align: left;height: 24px\" width=\"441\">&nbsp;<\/td>\n<td style=\"width: 36.6943%;text-align: left;height: 24px\" width=\"461\">Niza Arias, Yolanda<\/td>\n<td style=\"width: 35.0414%;text-align: left;height: 24px\">yolanda@adersa2.com<\/td>\n<\/tr>\n<tr style=\"height: 24px\">\n<td style=\"width: 27.9338%;text-align: left;height: 24px\" width=\"441\">&nbsp;<\/td>\n<td style=\"width: 36.6943%;text-align: left;height: 24px\" width=\"461\">Sep\u00falveda Gonz\u00e1lez, Sara Mar\u00eda<\/td>\n<td style=\"width: 35.0414%;text-align: left;height: 24px\">saramaria@adersa2.com<\/td>\n<\/tr>\n<tr style=\"height: 24px\">\n<td style=\"width: 27.9338%;text-align: left;height: 24px\" width=\"441\"><em><em>Alumnado<\/em><\/em><\/td>\n<td style=\"width: 36.6943%;text-align: left;height: 24px\" width=\"461\">Dom\u00ednguez Garc\u00eda, Aurora<\/td>\n<td style=\"width: 35.0414%;text-align: left;height: 24px\">&nbsp;<\/td>\n<\/tr>\n<tr style=\"height: 48px\">\n<td style=\"width: 27.9338%;text-align: left;height: 48px\" width=\"441\"><em>Personal Adm\u00f3n. y Servicios<\/em><\/td>\n<td style=\"width: 36.6943%;text-align: left;height: 48px\" width=\"461\">Dom\u00ednguez V\u00e1zquez, Jos\u00e9 Mar\u00eda<\/td>\n<td style=\"width: 35.0414%;text-align: left;height: 48px\">josemaria@adersa2.com<\/td>\n<\/tr>\n<tr>\n<td style=\"width: 27.9338%;text-align: left\"><em>Ayuntamiento &#8211; Representante del Ayuntamiento de los 3 municipios<\/em><\/td>\n<td style=\"width: 36.6943%;text-align: left\">Castilleja Romero, M\u00aa del Mar ()<\/td>\n<td style=\"width: 35.0414%;text-align: left\">&nbsp;<\/td>\n<\/tr>\n<\/tbody>\n<\/table>\n<p><strong>El Consejo escolar es un \u00f3rgano colegiado de Participaci\u00f3n de la comunidad educativa en el gobierno del Colegio P\u00fablico Rural ADERSA II<\/strong>. La Constituci\u00f3n Espa\u00f1ola, en su art\u00edculo 27, establece que \u00abLos profesores, los padres y, en su caso, los alumnos intervendr\u00e1n en el control y gesti\u00f3n de todos los centros sostenidos por la Administraci\u00f3n con fondos p\u00fablicos\u00bb; este principio de participaci\u00f3n constituye el principal instrumento para que toda la comunidad educativa pueda implicarse directamente en la toma de decisiones del mismo.&nbsp;<\/p>\n","protected":false},"excerpt":{"rendered":"<p>Sector Miembro Email Equipo Directivo Barrero S\u00e1nchez, Clara Isabel (DIRECTOR\/A) clara@adersa2.com &nbsp; Gonz\u00e1lez Murillo, Carolina (JEFE\/A DE ESTUDIOS) carolina@adersa2.com &nbsp; Parrilla Bueno, Marcos Manuel (SECRETARIO\/A) marcos@adersa2.com Profesorado (Impulsor de medidas de Igualdad) Dana S\u00e1nchez,&#46;&#46;&#46;<\/p>\n","protected":false},"author":4530,"featured_media":0,"parent":0,"menu_order":0,"comment_status":"closed","ping_status":"closed","template":"","meta":{"ngg_post_thumbnail":0,"footnotes":"","_mc_calendar":[]},"aioseo_notices":[],"_links":{"self":[{"href":"https:\/\/blogsaverroes.juntadeandalucia.es\/adersa2\/wp-json\/wp\/v2\/pages\/4959"}],"collection":[{"href":"https:\/\/blogsaverroes.juntadeandalucia.es\/adersa2\/wp-json\/wp\/v2\/pages"}],"about":[{"href":"https:\/\/blogsaverroes.juntadeandalucia.es\/adersa2\/wp-json\/wp\/v2\/types\/page"}],"author":[{"embeddable":true,"href":"https:\/\/blogsaverroes.juntadeandalucia.es\/adersa2\/wp-json\/wp\/v2\/users\/4530"}],"replies":[{"embeddable":true,"href":"https:\/\/blogsaverroes.juntadeandalucia.es\/adersa2\/wp-json\/wp\/v2\/comments?post=4959"}],"version-history":[{"count":15,"href":"https:\/\/blogsaverroes.juntadeandalucia.es\/adersa2\/wp-json\/wp\/v2\/pages\/4959\/revisions"}],"predecessor-version":[{"id":6986,"href":"https:\/\/blogsaverroes.juntadeandalucia.es\/adersa2\/wp-json\/wp\/v2\/pages\/4959\/revisions\/6986"}],"wp:attachment":[{"href":"https:\/\/blogsaverroes.juntadeandalucia.es\/adersa2\/wp-json\/wp\/v2\/media?parent=4959"}],"curies":[{"name":"wp","href":"https:\/\/api.w.org\/{rel}","templated":true}]}}