{"id":5951,"date":"2022-04-22T10:17:40","date_gmt":"2022-04-22T10:17:40","guid":{"rendered":"https:\/\/blogsaverroes.juntadeandalucia.es\/adersa2\/?page_id=5951"},"modified":"2022-04-22T10:17:40","modified_gmt":"2022-04-22T10:17:40","slug":"nuestra-mascota-de-biblioteca","status":"publish","type":"page","link":"https:\/\/blogsaverroes.juntadeandalucia.es\/adersa2\/nuestra-mascota-de-biblioteca\/","title":{"rendered":"Nuestra mascota de biblioteca"},"content":{"rendered":"<h3>As\u00ed, en mitad del oleaje, entre la espuma del mar y las corrientes de agua, Taruba ha llegado a nuestra embarcaci\u00f3n. Con sus mejores galas, un extenso equipaje y multitud de sue\u00f1os por alcanzar.<\/h3>\n<p>No ha necesitado salvavidas. Contaba que, entre el vaiv\u00e9n de las olas, una extra\u00f1a sensaci\u00f3n la acompa\u00f1aba. Miles de peque\u00f1as manitas sujetaban su diminuto velero, haci\u00e9ndoles de br\u00fajula, ense\u00f1\u00e1ndoles su destino.<\/p>\n<p>Entre sus manos, un cuaderno de anotaciones, proyectos y retos que superar.<\/p>\n<p>Ella tambi\u00e9n persigue la Paz. Nos cuenta que ha conocido a Malala, y nos ense\u00f1a sus libros, sus mensajes. Alent\u00e1ndonos a no silenciar nuestras voces.<\/p>\n<p>Quer\u00eda pasear, conocer nuestros senderos, llenarlos de color, de bonitos mensajes que trasciendan en el tiempo, que promuevan la bondad y dibujen una sonrisa en quien los encuentre.<\/p>\n<p>Le gusta jugar. Al escondite, porque as\u00ed tambi\u00e9n se pueden encontrar los sue\u00f1os. A las carreras, porque siempre persiguen una meta. Al veo veo, porque si no est\u00e1 lo puedes imaginar.<\/p>\n<p>Le gustan las risas, la uni\u00f3n, el cari\u00f1o, el respeto&#8230; le gusta la comunidad unidad.<\/p>\n<p>&nbsp;\u00a1Y ha llegado al mejor lugar!<\/p>\n<p>\u00abLa paz no es algo que deseas&#8230; es algo que creas, algo que haces, algo que eres y algo que regalas\u00bb<\/p>\n<p>\u00a1Bienvenida a tu cole Taruba!<\/p>\nngg_shortcode_0_placeholder\n","protected":false},"excerpt":{"rendered":"<p>As\u00ed, en mitad del oleaje, entre la espuma del mar y las corrientes de agua, Taruba ha llegado a nuestra embarcaci\u00f3n. Con sus mejores galas, un extenso equipaje y multitud de sue\u00f1os por alcanzar.&#46;&#46;&#46;<\/p>\n","protected":false},"author":4530,"featured_media":0,"parent":0,"menu_order":0,"comment_status":"closed","ping_status":"closed","template":"","meta":{"ngg_post_thumbnail":0,"footnotes":"","_mc_calendar":[]},"aioseo_notices":[],"_links":{"self":[{"href":"https:\/\/blogsaverroes.juntadeandalucia.es\/adersa2\/wp-json\/wp\/v2\/pages\/5951"}],"collection":[{"href":"https:\/\/blogsaverroes.juntadeandalucia.es\/adersa2\/wp-json\/wp\/v2\/pages"}],"about":[{"href":"https:\/\/blogsaverroes.juntadeandalucia.es\/adersa2\/wp-json\/wp\/v2\/types\/page"}],"author":[{"embeddable":true,"href":"https:\/\/blogsaverroes.juntadeandalucia.es\/adersa2\/wp-json\/wp\/v2\/users\/4530"}],"replies":[{"embeddable":true,"href":"https:\/\/blogsaverroes.juntadeandalucia.es\/adersa2\/wp-json\/wp\/v2\/comments?post=5951"}],"version-history":[{"count":1,"href":"https:\/\/blogsaverroes.juntadeandalucia.es\/adersa2\/wp-json\/wp\/v2\/pages\/5951\/revisions"}],"predecessor-version":[{"id":5969,"href":"https:\/\/blogsaverroes.juntadeandalucia.es\/adersa2\/wp-json\/wp\/v2\/pages\/5951\/revisions\/5969"}],"wp:attachment":[{"href":"https:\/\/blogsaverroes.juntadeandalucia.es\/adersa2\/wp-json\/wp\/v2\/media?parent=5951"}],"curies":[{"name":"wp","href":"https:\/\/api.w.org\/{rel}","templated":true}]}}