{"id":6974,"date":"2023-10-17T08:22:09","date_gmt":"2023-10-17T08:22:09","guid":{"rendered":"https:\/\/blogsaverroes.juntadeandalucia.es\/adersa2\/?page_id=6974"},"modified":"2023-12-22T08:30:32","modified_gmt":"2023-12-22T08:30:32","slug":"6974-2","status":"publish","type":"page","link":"https:\/\/blogsaverroes.juntadeandalucia.es\/adersa2\/6974-2\/","title":{"rendered":"Tutores, especialistas y coordinaciones"},"content":{"rendered":"<h3><strong>La relaci\u00f3n de tutores y tutoras de las diferentes unidades para el curso 2023\/2024 que queda de la siguiente manera:<\/strong><\/h3>\n<ul>\n<li><strong>PM1<\/strong>: D. \u00c1ngel Gonz\u00e1lez Lao.<\/li>\n<li><strong>PM2<\/strong>: D. Roberto Medayo Pinto.<\/li>\n<li><strong>PM3<\/strong>: D. Roberto Medayo Pinto tutor oficial y desdoble D\u00f1a. Clara Dana S\u00e1nchez.<\/li>\n<li><strong>PM4<\/strong>: D. Antonio Jos\u00e9 P\u00e9rez Dom\u00ednguez.<\/li>\n<li><strong>CO1<\/strong>: D. Pablo Gonz\u00e1lez Gallego.<\/li>\n<li><strong>CO2<\/strong>: D\u00f1a. Beatriz \u00c1lvarez Amor.<\/li>\n<li><strong>LM1<\/strong>: D\u00f1a. Elisabeth Moya Gonz\u00e1lez.<\/li>\n<li><strong>LM2<\/strong>: D. Jes\u00fas Romero Colorado.<\/li>\n<li><strong>LM3<\/strong>: D. Jos\u00e9 Antonio Nieto Jim\u00e9nez.<\/li>\n<li><strong>LM4<\/strong>: D. Rafael Federico Sales Delgado.<\/li>\n<\/ul>\n<h3><strong>Profesorado especialista:<\/strong><\/h3>\n<ul>\n<li>D\u00f1a. Clara Isabel Barrero S\u00e1nchez &#8211; <strong>Ingl\u00e9s ESO<\/strong><\/li>\n<li>D. Marcos Manuel Parrilla Bueno &#8211; <strong>M\u00fasica ESO<\/strong><\/li>\n<li>D. Jes\u00fas Romero Colorado &#8211;&nbsp; <strong>M\u00fasica primaria.<\/strong><\/li>\n<li>D\u00f1a. Mar\u00eda de Carmen&nbsp; Rom\u00e1n S\u00e1nchez &#8211; <strong>Ingl\u00e9s primaria.<\/strong><\/li>\n<li>D\u00f1a. Mar\u00eda Fern\u00e1ndez Delgado &#8211; <strong>Pedagog\u00eda Terap\u00e9utica.<\/strong><\/li>\n<li>D\u00f1a. Carolina Gonz\u00e1lez Murillo &#8211; <strong>Matem\u00e1ticas ESO.<\/strong><\/li>\n<li>D. Francisco Javier Carmona Carranza &#8211; <strong>Educaci\u00f3n f\u00edsica ESO.<\/strong><\/li>\n<li>D\u00f1a. M\u00aa del Pilar Romero y D\u00f1a. Mar\u00eda Teresa Mart\u00edn &#8211;<strong> Religi\u00f3n primaria<\/strong><\/li>\n<li>D\u00f1a. Ana de la Cuadra Dom\u00ednguez &#8211; <strong>Religi\u00f3n secundaria.<\/strong><\/li>\n<li>Mar\u00eda Jes\u00fas Arroyo Arias &#8211; <strong>Audici\u00f3n y lenguaje.<\/strong><\/li>\n<\/ul>\n<h3><strong>Se exponen los coordinadores de los diferentes ciclos:<\/strong><\/h3>\n<ul>\n<li><strong>Coordinador de ciclo de Primaria<\/strong>: D. Pablo Gonz\u00e1lez Gallego.<\/li>\n<li><strong>Coordinador de ciclo de Secundaria<\/strong>: D. Antonio Jos\u00e9 P\u00e9rez Dom\u00ednguez.<\/li>\n<li><strong>Coordinadora del EOA<\/strong>: D\u00f1a. Mar\u00eda Fern\u00e1ndez Delgado.<\/li>\n<li><strong>Coordinadora ETCP<\/strong>: D\u00f1a. Mar\u00eda Fern\u00e1ndez Delgado.<\/li>\n<\/ul>\n<h3><strong>Los coordinadores\/as de los distintos planes y programas ser\u00e1n:<\/strong><\/h3>\n<ul>\n<li><strong>Plan de lectura y biblioteca<\/strong>: D. Fco. Javier Carmona Carranza.<\/li>\n<li><strong>Plan de igualdad de g\u00e9nero en educaci\u00f3n<\/strong>: D\u00f1a. Clara Dana S\u00e1nchez.<\/li>\n<li><strong>Plan de h\u00e1bitos de vida saludable<\/strong>: D. Roberto Medayo Pinto.<\/li>\n<li><strong>Plan de Salud Laboral y P.R.L.<\/strong>: D\u00f1a. Carolina Gonz\u00e1lez Murillo.<\/li>\n<li><strong>Coordinador TDE y Compdigedu<\/strong>: D. Marcos Manuel Parrilla Bueno.<\/li>\n<li><strong>Plan de formaci\u00f3n<\/strong>: D\u00f1a. Clara Isabel Barrero S\u00e1nchez.<\/li>\n<li><strong>Escuela Espacio de Paz<\/strong>: D. Pablo Gonz\u00e1lez Gallego.<\/li>\n<li><strong>Escuelas deportivas<\/strong>: D. Francisco Javier Carmona Carranza.<\/li>\n<li><strong>Programa aldea<\/strong>: D. Antonio Jos\u00e9 P\u00e9rez Dom\u00ednguez.<\/li>\n<\/ul>\n<h3><strong>&nbsp;Por \u00faltimo, se nombran a los coordinadores de cada localidad que son:<\/strong><\/h3>\n<ul>\n<li><strong>Los Marines<\/strong>: D\u00f1a. Elisabeth Moya Gonz\u00e1lez.<\/li>\n<li><strong>Cortelazor la Real<\/strong>: D. Pablo Gonz\u00e1lez Gallego.<\/li>\n<li><strong>Puerto Moral<\/strong>: D. Antonio Jos\u00e9 P\u00e9rez Dom\u00ednguez.<\/li>\n<\/ul>\n","protected":false},"excerpt":{"rendered":"<p>La relaci\u00f3n de tutores y tutoras de las diferentes unidades para el curso 2023\/2024 que queda de la siguiente manera: PM1: D. \u00c1ngel Gonz\u00e1lez Lao. PM2: D. Roberto Medayo Pinto. PM3: D. Roberto Medayo&#46;&#46;&#46;<\/p>\n","protected":false},"author":4530,"featured_media":0,"parent":0,"menu_order":0,"comment_status":"closed","ping_status":"closed","template":"","meta":{"ngg_post_thumbnail":0,"footnotes":"","_mc_calendar":[]},"aioseo_notices":[],"_links":{"self":[{"href":"https:\/\/blogsaverroes.juntadeandalucia.es\/adersa2\/wp-json\/wp\/v2\/pages\/6974"}],"collection":[{"href":"https:\/\/blogsaverroes.juntadeandalucia.es\/adersa2\/wp-json\/wp\/v2\/pages"}],"about":[{"href":"https:\/\/blogsaverroes.juntadeandalucia.es\/adersa2\/wp-json\/wp\/v2\/types\/page"}],"author":[{"embeddable":true,"href":"https:\/\/blogsaverroes.juntadeandalucia.es\/adersa2\/wp-json\/wp\/v2\/users\/4530"}],"replies":[{"embeddable":true,"href":"https:\/\/blogsaverroes.juntadeandalucia.es\/adersa2\/wp-json\/wp\/v2\/comments?post=6974"}],"version-history":[{"count":8,"href":"https:\/\/blogsaverroes.juntadeandalucia.es\/adersa2\/wp-json\/wp\/v2\/pages\/6974\/revisions"}],"predecessor-version":[{"id":7366,"href":"https:\/\/blogsaverroes.juntadeandalucia.es\/adersa2\/wp-json\/wp\/v2\/pages\/6974\/revisions\/7366"}],"wp:attachment":[{"href":"https:\/\/blogsaverroes.juntadeandalucia.es\/adersa2\/wp-json\/wp\/v2\/media?parent=6974"}],"curies":[{"name":"wp","href":"https:\/\/api.w.org\/{rel}","templated":true}]}}