{"id":871,"date":"2017-01-09T10:25:46","date_gmt":"2017-01-09T10:25:46","guid":{"rendered":"http:\/\/blogsaverroes.juntadeandalucia.es\/pre\/ceip\/?page_id=106"},"modified":"2022-04-05T10:42:36","modified_gmt":"2022-04-05T10:42:36","slug":"actividades-extraescolares","status":"publish","type":"page","link":"https:\/\/blogsaverroes.juntadeandalucia.es\/adersa2\/actividades-extraescolares\/","title":{"rendered":"Actividades extraescolares"},"content":{"rendered":"<p style=\"text-align: left\"><a href=\"http:\/\/blogsaverroes.juntadeandalucia.es\/adersa2\/files\/2015\/03\/talleres.jpg\"><img loading=\"lazy\" decoding=\"async\" class=\"aligncenter wp-image-228 \" src=\"http:\/\/blogsaverroes.juntadeandalucia.es\/adersa2\/files\/2015\/03\/talleres.jpg\" alt=\"\" width=\"456\" height=\"306\"><\/a><\/p>\n<h4>Informaci\u00f3n sobre las actividades extraescolares<\/h4>\n<p style=\"text-align: left\">Actualmente el centro oferta actividades deportivas \u00abEscuelas deportivas\u00bb y <strong>Plan de Acompa\u00f1amiento en Lengua Extrajera (PALE)<\/strong>, adem\u00e1s de otros tipos de actividades&nbsp; en coordinaci\u00f3n con los respectivos Ayuntamientos.<\/p>\n<p>El alumnado puede disfrutar de una gran variedad en actividades deportivas como:<\/p>\n<ul>\n<li>Patinaje, gimnasia r\u00edtmica, futbol, baloncesto&#8230;<\/li>\n<\/ul>\n<p>&nbsp;<\/p>\n<p>Para hacer posible la realizaci\u00f3n de estas actividades fuera del horario lectivo, los centros pueden abrir sus instalaciones hasta las 18.00 todos los d\u00edas lectivos con excepci\u00f3n de los viernes, en los que el cierre se establece a las 16.00.<\/p>\n<p>&nbsp;<\/p>\n","protected":false},"excerpt":{"rendered":"<p>Informaci\u00f3n sobre las actividades extraescolares Actualmente el centro oferta actividades deportivas \u00abEscuelas deportivas\u00bb y Plan de Acompa\u00f1amiento en Lengua Extrajera (PALE), adem\u00e1s de otros tipos de actividades&nbsp; en coordinaci\u00f3n con los respectivos Ayuntamientos. El&#46;&#46;&#46;<\/p>\n","protected":false},"author":1,"featured_media":0,"parent":0,"menu_order":0,"comment_status":"closed","ping_status":"open","template":"","meta":{"ngg_post_thumbnail":0,"footnotes":"","_mc_calendar":[]},"aioseo_notices":[],"_links":{"self":[{"href":"https:\/\/blogsaverroes.juntadeandalucia.es\/adersa2\/wp-json\/wp\/v2\/pages\/871"}],"collection":[{"href":"https:\/\/blogsaverroes.juntadeandalucia.es\/adersa2\/wp-json\/wp\/v2\/pages"}],"about":[{"href":"https:\/\/blogsaverroes.juntadeandalucia.es\/adersa2\/wp-json\/wp\/v2\/types\/page"}],"author":[{"embeddable":true,"href":"https:\/\/blogsaverroes.juntadeandalucia.es\/adersa2\/wp-json\/wp\/v2\/users\/1"}],"replies":[{"embeddable":true,"href":"https:\/\/blogsaverroes.juntadeandalucia.es\/adersa2\/wp-json\/wp\/v2\/comments?post=871"}],"version-history":[{"count":8,"href":"https:\/\/blogsaverroes.juntadeandalucia.es\/adersa2\/wp-json\/wp\/v2\/pages\/871\/revisions"}],"predecessor-version":[{"id":5584,"href":"https:\/\/blogsaverroes.juntadeandalucia.es\/adersa2\/wp-json\/wp\/v2\/pages\/871\/revisions\/5584"}],"wp:attachment":[{"href":"https:\/\/blogsaverroes.juntadeandalucia.es\/adersa2\/wp-json\/wp\/v2\/media?parent=871"}],"curies":[{"name":"wp","href":"https:\/\/api.w.org\/{rel}","templated":true}]}}