{"id":36,"date":"2021-01-22T12:24:03","date_gmt":"2021-01-22T12:24:03","guid":{"rendered":"https:\/\/blogsaverroes.juntadeandalucia.es\/administrandot\/?page_id=36"},"modified":"2021-07-27T10:54:37","modified_gmt":"2021-07-27T09:54:37","slug":"cfgs-admon-y-finanzas","status":"publish","type":"page","link":"https:\/\/blogsaverroes.juntadeandalucia.es\/administrandot\/cfgs-admon-y-finanzas\/","title":{"rendered":"CFGS Adm\u00f3n y Finanzas"},"content":{"rendered":"<p>El ciclo formativo de Administraci\u00f3n y Finanzas se compone de los siguientes m\u00f3dulos profesionales:<\/p>\n<p><strong>PRIMER CURSO<\/strong><\/p>\n<ul class=\"n8H08c UVNKR\">\n<li class=\"TYR86d wXCUfe zfr3Q\">\n<p class=\"CDt4Ke zfr3Q\" dir=\"ltr\"><a title=\"Gesti\u00f3n de la Documentaci\u00f3n Jur\u00eddica y Empresarial\" href=\"https:\/\/blogsaverroes.juntadeandalucia.es\/administrandot\/cfgs-admon-y-finanzas\/gestion-de-la-documentacion-juridica-y-empresarial\/\">Gesti\u00f3n de la Documentaci\u00f3n Jur\u00eddica y Empresarial.<\/a><\/p>\n<\/li>\n<li class=\"TYR86d wXCUfe zfr3Q\">\n<p class=\"CDt4Ke zfr3Q\" dir=\"ltr\"><a href=\"https:\/\/blogsaverroes.juntadeandalucia.es\/administrandot\/cfgs-admon-y-finanzas\/recursos-humanos-y-rsc\/\">Recursos Humanos y Responsabilidad Social Corporativa.<\/a><\/p>\n<\/li>\n<li class=\"TYR86d wXCUfe zfr3Q\">\n<p class=\"CDt4Ke zfr3Q\" dir=\"ltr\">Ofim\u00e1tica y Proceso de la Informaci\u00f3n.<\/p>\n<\/li>\n<li class=\"TYR86d wXCUfe zfr3Q\">\n<p class=\"CDt4Ke zfr3Q\" dir=\"ltr\"><a href=\"https:\/\/blogsaverroes.juntadeandalucia.es\/administrandot\/cfgs-admon-y-finanzas\/proceso-integral-de-la-actividad-comercial\/\">Proceso Integral de la Actividad Comercial.<\/a><\/p>\n<\/li>\n<li class=\"TYR86d wXCUfe zfr3Q\">\n<p class=\"CDt4Ke zfr3Q\" dir=\"ltr\">Comunicaci\u00f3n y Atenci\u00f3n al Cliente.<\/p>\n<\/li>\n<li class=\"TYR86d wXCUfe zfr3Q\">\n<p class=\"CDt4Ke zfr3Q\" dir=\"ltr\">Ingl\u00e9s.<\/p>\n<\/li>\n<li class=\"TYR86d wXCUfe zfr3Q\">\n<p class=\"CDt4Ke zfr3Q\" dir=\"ltr\">Formaci\u00f3n y Orientaci\u00f3n Laboral.<\/p>\n<\/li>\n<\/ul>\n<div id=\"h.qioi696gh8xu\" class=\"GV3q8e aP9Z7e\">&nbsp;<\/div>\n<div class=\"CjVfdc\">\n<p><strong>SEGUNDO CURSO<\/strong><\/p>\n<\/div>\n<ul class=\"n8H08c UVNKR\" style=\"list-style-type: square\">\n<li class=\"TYR86d wXCUfe zfr3Q\">\n<p class=\"CDt4Ke zfr3Q\" dir=\"ltr\"><a href=\"https:\/\/blogsaverroes.juntadeandalucia.es\/administrandot\/cfgs-admon-y-finanzas\/gestion-rrhh\/\">Gesti\u00f3n de Recursos Humanos.<\/a><\/p>\n<\/li>\n<li class=\"TYR86d wXCUfe zfr3Q\">\n<p class=\"CDt4Ke zfr3Q\" dir=\"ltr\"><a title=\"Gesti\u00f3n Financiera\" href=\"https:\/\/blogsaverroes.juntadeandalucia.es\/administrandot\/cfgs-admon-y-finanzas\/gestion-financiera\/\">Gesti\u00f3n Financiera<\/a>.<\/p>\n<\/li>\n<li class=\"TYR86d wXCUfe zfr3Q\">\n<p class=\"CDt4Ke zfr3Q\" dir=\"ltr\"><a href=\"https:\/\/blogsaverroes.juntadeandalucia.es\/administrandot\/cfgs-admon-y-finanzas\/contabilidad-y-fiscalidad\/\">Contabilidad y Fiscalidad.<\/a><\/p>\n<\/li>\n<li class=\"TYR86d wXCUfe zfr3Q\">\n<p class=\"CDt4Ke zfr3Q\" dir=\"ltr\">Gesti\u00f3n Log\u00edstica y Comercial.<\/p>\n<\/li>\n<li class=\"TYR86d wXCUfe zfr3Q\">\n<p class=\"CDt4Ke zfr3Q\" dir=\"ltr\"><a href=\"https:\/\/blogsaverroes.juntadeandalucia.es\/administrandot\/cfgs-admon-y-finanzas\/simulacion-empresarial\/\">Simulaci\u00f3n Empresarial.<\/a><\/p>\n<\/li>\n<li class=\"TYR86d wXCUfe zfr3Q\">\n<p class=\"CDt4Ke zfr3Q\" dir=\"ltr\">Horas de Libre Configuraci\u00f3n.<\/p>\n<\/li>\n<li class=\"TYR86d wXCUfe zfr3Q\">\n<p class=\"CDt4Ke zfr3Q\" dir=\"ltr\">Proyecto de Administraci\u00f3n y Finanzas.<\/p>\n<\/li>\n<li class=\"TYR86d wXCUfe zfr3Q\">\n<p class=\"CDt4Ke zfr3Q\" dir=\"ltr\">Formaci\u00f3n en Centros de Trabajo: 360 horas de pr\u00e1cticas en empresas.<\/p>\n<\/li>\n<\/ul>\n<p>&nbsp;<\/p>\n","protected":false},"excerpt":{"rendered":"<p>El ciclo formativo de Administraci\u00f3n y Finanzas se compone de los siguientes m\u00f3dulos profesionales: PRIMER CURSO Gesti\u00f3n de la Documentaci\u00f3n Jur\u00eddica y Empresarial. Recursos Humanos y Responsabilidad Social Corporativa. Ofim\u00e1tica y Proceso de la Informaci\u00f3n. Proceso Integral de la Actividad&#46;&#46;&#46;<\/p>\n","protected":false},"author":10364,"featured_media":0,"parent":0,"menu_order":0,"comment_status":"closed","ping_status":"closed","template":"","meta":{"ngg_post_thumbnail":0,"footnotes":""},"aioseo_notices":[],"_links":{"self":[{"href":"https:\/\/blogsaverroes.juntadeandalucia.es\/administrandot\/wp-json\/wp\/v2\/pages\/36"}],"collection":[{"href":"https:\/\/blogsaverroes.juntadeandalucia.es\/administrandot\/wp-json\/wp\/v2\/pages"}],"about":[{"href":"https:\/\/blogsaverroes.juntadeandalucia.es\/administrandot\/wp-json\/wp\/v2\/types\/page"}],"author":[{"embeddable":true,"href":"https:\/\/blogsaverroes.juntadeandalucia.es\/administrandot\/wp-json\/wp\/v2\/users\/10364"}],"replies":[{"embeddable":true,"href":"https:\/\/blogsaverroes.juntadeandalucia.es\/administrandot\/wp-json\/wp\/v2\/comments?post=36"}],"version-history":[{"count":7,"href":"https:\/\/blogsaverroes.juntadeandalucia.es\/administrandot\/wp-json\/wp\/v2\/pages\/36\/revisions"}],"predecessor-version":[{"id":575,"href":"https:\/\/blogsaverroes.juntadeandalucia.es\/administrandot\/wp-json\/wp\/v2\/pages\/36\/revisions\/575"}],"wp:attachment":[{"href":"https:\/\/blogsaverroes.juntadeandalucia.es\/administrandot\/wp-json\/wp\/v2\/media?parent=36"}],"curies":[{"name":"wp","href":"https:\/\/api.w.org\/{rel}","templated":true}]}}