{"id":512,"date":"2021-07-24T13:22:35","date_gmt":"2021-07-24T12:22:35","guid":{"rendered":"https:\/\/blogsaverroes.juntadeandalucia.es\/administrandot\/?page_id=512"},"modified":"2022-02-09T22:19:46","modified_gmt":"2022-02-09T21:19:46","slug":"tecnica-contable","status":"publish","type":"page","link":"https:\/\/blogsaverroes.juntadeandalucia.es\/administrandot\/cfgm-gestion-administrativa\/tecnica-contable\/","title":{"rendered":"T\u00e9cnica contable"},"content":{"rendered":"<table style=\"width: 100%;border-collapse: collapse;border-color: #000000;background-color: #cf2c2;border-style: none\">\n<tbody>\n<tr>\n<td style=\"width: 100%;background-color: #cfc2c2;border-color: #000000;border-style: none;text-align: center\">Ir al<span style=\"color: #000080\"> <a style=\"color: #000080\" href=\"https:\/\/blogsaverroes.juntadeandalucia.es\/administrandot\/category\/contabilidad\">Blog: Contabilidad<\/a><\/span><\/td>\n<\/tr>\n<\/tbody>\n<\/table>\n<p>&nbsp;<br \/>\nEste m\u00f3dulo tiene 5 Resultados de Aprendizaje que podemos agrupar en 5 bloques de contenido:<\/p>\n<table style=\"height: 232px;width: 100%;border-collapse: collapse\">\n<tbody>\n<tr style=\"height: 47px\">\n<td style=\"width: 33.3333%;text-align: center;height: 47px\"><span style=\"font-family: georgia, palatino, serif\"><strong>Resultado de Aprendizaje<\/strong><\/span><\/td>\n<td style=\"width: 33.3333%;text-align: center;height: 47px\"><span style=\"font-family: georgia, palatino, serif\"><strong>Bloque tem\u00e1tico<\/strong><\/span><\/td>\n<td style=\"width: 33.3333%;text-align: center;height: 47px\"><span style=\"font-family: georgia, palatino, serif\"><strong>Unidades de Trabajo<\/strong><\/span><\/td>\n<\/tr>\n<tr style=\"height: 168px\">\n<td style=\"width: 33.3333%;height: 125px;text-align: left\"><span style=\"font-family: georgia, palatino, serif\">RA 1. Reconoce los elementos que integran el patrimonio de una organizaci\u00f3n econ\u00f3mica clasific\u00e1ndolos en masas patrimoniales.<\/span><\/td>\n<td style=\"width: 33.3333%;height: 125px;text-align: left\"><span style=\"font-family: georgia, palatino, serif\">Introducci\u00f3n contable<\/span><\/td>\n<td style=\"height: 125px;text-align: left\"><span style=\"font-family: georgia, palatino, serif\">UT 1. Econom\u00eda, empresa y contabilidad<\/span><\/p>\n<p><span style=\"font-family: georgia, palatino, serif\">UT 2. El patrimonio empresarial<\/span><\/td>\n<\/tr>\n<tr style=\"height: 24px\">\n<td style=\"width: 33.3333%;height: 16px;text-align: left\"><span style=\"font-family: georgia, palatino, serif\">RA2. Reconoce la metodolog\u00eda contable analizando la terminolog\u00eda y los instrumentos contables utilizados en la empresa.<\/span><\/td>\n<td style=\"width: 33.3333%;height: 16px;text-align: left\"><span style=\"font-family: georgia, palatino, serif\">Metodolog\u00eda contable<\/span><\/td>\n<td style=\"height: 16px;text-align: left\"><span style=\"font-family: georgia, palatino, serif\"> UT 3. El m\u00e9todo contable<\/span><\/p>\n<p><span style=\"font-family: georgia, palatino, serif\">UT 4. El ciclo contable<\/span><\/td>\n<\/tr>\n<tr style=\"height: 336px\">\n<td style=\"width: 33.3333%;height: 10px;text-align: left\"><span style=\"font-family: georgia, palatino, serif\">RA3. Identifica el contenido b\u00e1sico del Plan General de Contabilidad PYME (PGC- PYME) interpretando su estructura.<\/span><\/td>\n<td style=\"width: 33.3333%;height: 10px;text-align: left\"><span style=\"font-family: georgia, palatino, serif\">PGC-PYME<\/span><\/td>\n<td style=\"height: 10px;text-align: left\"><span style=\"font-family: georgia, palatino, serif\"> UT 5. El plan general de contabilidad de PYMES<\/span><\/td>\n<\/tr>\n<tr style=\"height: 24px\">\n<td style=\"width: 33.3333%;height: 10px;text-align: left\"><span style=\"font-family: georgia, palatino, serif\">RA4. Clasifica contablemente hechos econ\u00f3micos b\u00e1sicos, aplicando la metodolog\u00eda contable y los criterios del Plan General de Contabilidad PYME.<\/span><\/td>\n<td style=\"width: 33.3333%;height: 10px;text-align: left\"><span style=\"font-family: georgia, palatino, serif\">Operaciones contables<\/span><\/td>\n<td style=\"height: 10px;text-align: left\"><span style=\"font-family: georgia, palatino, serif\">UT 6. Existencias. Compras y ventas.<\/span><\/p>\n<p><span style=\"font-family: georgia, palatino, serif\">UT 7. Otros ingresos y gastos de gesti\u00f3n<\/span><\/p>\n<p><span style=\"font-family: georgia, palatino, serif\">UT 8. Activo no corriente<\/span><\/p>\n<p><span style=\"font-family: georgia, palatino, serif\">UT 9. Financiaci\u00f3n empresarial<\/span><\/p>\n<p><span style=\"font-family: georgia, palatino, serif\">UT 10. Cierre del ejercicio<\/span><\/td>\n<\/tr>\n<tr style=\"height: 24px\">\n<td style=\"width: 33.3333%;height: 24px;text-align: left\"><span style=\"font-family: georgia, palatino, serif\">RA5. Realiza operaciones de contabilizaci\u00f3n mediante del uso aplicaciones inform\u00e1ticas espec\u00edficas valorando la eficiencia de \u00e9stas en la gesti\u00f3n del plan de cuentas.<\/span><\/td>\n<td style=\"width: 33.3333%;height: 24px;text-align: left\"><span style=\"font-family: georgia, palatino, serif\">Aplicaciones inform\u00e1ticas de contabilidad<\/span><\/td>\n<td style=\"height: 24px;text-align: left\"><span style=\"font-family: georgia, palatino, serif\"> UT 11. Contabilidad informatizada. ContaSOL<\/span><\/td>\n<\/tr>\n<\/tbody>\n<\/table>\n<p><em>Seg\u00fan el curr\u00edculo andaluz, basado en la Orden de 21 de febrero de 2011, por la que se desarrolla el curr\u00edculo correspondiente al t\u00edtulo de T\u00e9cnico en Gesti\u00f3n Administrativa.<\/em><\/p>\n<hr>\n<p>El temario propuesto se basa en el libro de Jos\u00e9 Sande y Cristina Fern\u00e1ndez Mara\u00f1\u00e9s que ha sido modificado por m\u00ed para incluir actividades y otros apuntes.<\/p>\n<p><a href=\"https:\/\/blogsaverroes.juntadeandalucia.es\/administrandot\/files\/2021\/07\/Tecnica-contable-Libro.pdf\">T\u00e9cnica contable &#8211; Libro<\/a><\/p>\n<hr>\n<p>&nbsp;<\/p>\n<p>&nbsp;<\/p>\n","protected":false},"excerpt":{"rendered":"<p>Ir al Blog: Contabilidad &nbsp; Este m\u00f3dulo tiene 5 Resultados de Aprendizaje que podemos agrupar en 5 bloques de contenido: Resultado de Aprendizaje Bloque tem\u00e1tico Unidades de Trabajo RA 1. Reconoce los elementos que integran el patrimonio de una organizaci\u00f3n&#46;&#46;&#46;<\/p>\n","protected":false},"author":10364,"featured_media":0,"parent":39,"menu_order":0,"comment_status":"closed","ping_status":"closed","template":"","meta":{"ngg_post_thumbnail":0,"footnotes":""},"aioseo_notices":[],"_links":{"self":[{"href":"https:\/\/blogsaverroes.juntadeandalucia.es\/administrandot\/wp-json\/wp\/v2\/pages\/512"}],"collection":[{"href":"https:\/\/blogsaverroes.juntadeandalucia.es\/administrandot\/wp-json\/wp\/v2\/pages"}],"about":[{"href":"https:\/\/blogsaverroes.juntadeandalucia.es\/administrandot\/wp-json\/wp\/v2\/types\/page"}],"author":[{"embeddable":true,"href":"https:\/\/blogsaverroes.juntadeandalucia.es\/administrandot\/wp-json\/wp\/v2\/users\/10364"}],"replies":[{"embeddable":true,"href":"https:\/\/blogsaverroes.juntadeandalucia.es\/administrandot\/wp-json\/wp\/v2\/comments?post=512"}],"version-history":[{"count":6,"href":"https:\/\/blogsaverroes.juntadeandalucia.es\/administrandot\/wp-json\/wp\/v2\/pages\/512\/revisions"}],"predecessor-version":[{"id":936,"href":"https:\/\/blogsaverroes.juntadeandalucia.es\/administrandot\/wp-json\/wp\/v2\/pages\/512\/revisions\/936"}],"up":[{"embeddable":true,"href":"https:\/\/blogsaverroes.juntadeandalucia.es\/administrandot\/wp-json\/wp\/v2\/pages\/39"}],"wp:attachment":[{"href":"https:\/\/blogsaverroes.juntadeandalucia.es\/administrandot\/wp-json\/wp\/v2\/media?parent=512"}],"curies":[{"name":"wp","href":"https:\/\/api.w.org\/{rel}","templated":true}]}}