{"id":62,"date":"2020-04-22T12:44:00","date_gmt":"2020-04-22T10:44:00","guid":{"rendered":"https:\/\/blogsaverroes.juntadeandalucia.es\/aeceipsantaana\/?page_id=62"},"modified":"2020-05-06T13:28:34","modified_gmt":"2020-05-06T11:28:34","slug":"nuestras-fotos","status":"publish","type":"page","link":"https:\/\/blogsaverroes.juntadeandalucia.es\/aeceipsantaana\/","title":{"rendered":"Aula Espec\u00edfica CEIP Santa Ana"},"content":{"rendered":"<p class=\"p1\"><span class=\"s1\" style=\"font-family: verdana, geneva, sans-serif;font-size: 14pt;color: #ff00ff\">Este es un espacio para que \u201cpesqu\u00e9is\u201d con vuestros hijos e hijas. Pero no olvid\u00e9is que <span style=\"color: #339966\">en el r\u00edo de la vida lo importante no es pescar por los dem\u00e1s sino ense\u00f1ar a pescar<\/span>. Espero que disfrut\u00e9is aprendiendo de esos grandes valientes que son vuestros hijos. A m\u00ed me<span class=\"Apple-converted-space\">&nbsp; <\/span>ense\u00f1an todos los d\u00edas.<\/span><\/p>\n<p style=\"text-align: center\">&nbsp;<\/p>\n<p><a href=\"https:\/\/blogsaverroes.juntadeandalucia.es\/aeceipsantaana\/files\/2020\/04\/IMG_8178-e1587658757310.jpg\"><img loading=\"lazy\" decoding=\"async\" class=\" wp-image-139 aligncenter\" src=\"https:\/\/blogsaverroes.juntadeandalucia.es\/aeceipsantaana\/files\/2020\/04\/IMG_8178-e1587658757310.jpg\" alt=\"\" width=\"405\" height=\"540\" srcset=\"https:\/\/blogsaverroes.juntadeandalucia.es\/aeceipsantaana\/files\/2020\/04\/IMG_8178-e1587658757310.jpg 480w, https:\/\/blogsaverroes.juntadeandalucia.es\/aeceipsantaana\/files\/2020\/04\/IMG_8178-e1587658757310-225x300.jpg 225w, https:\/\/blogsaverroes.juntadeandalucia.es\/aeceipsantaana\/files\/2020\/04\/IMG_8178-e1587658757310-18x24.jpg 18w, https:\/\/blogsaverroes.juntadeandalucia.es\/aeceipsantaana\/files\/2020\/04\/IMG_8178-e1587658757310-27x36.jpg 27w, https:\/\/blogsaverroes.juntadeandalucia.es\/aeceipsantaana\/files\/2020\/04\/IMG_8178-e1587658757310-36x48.jpg 36w\" sizes=\"(max-width: 405px) 100vw, 405px\" \/><\/a><\/p>\n","protected":false},"excerpt":{"rendered":"<p>Este es un espacio para que \u201cpesqu\u00e9is\u201d con vuestros hijos e hijas. Pero no olvid\u00e9is que en el r\u00edo de la vida lo importante no es pescar por los dem\u00e1s sino ense\u00f1ar a pescar.&#46;&#46;&#46;<\/p>\n","protected":false},"author":5816,"featured_media":0,"parent":0,"menu_order":0,"comment_status":"closed","ping_status":"closed","template":"","meta":{"ngg_post_thumbnail":0,"footnotes":""},"aioseo_notices":[],"_links":{"self":[{"href":"https:\/\/blogsaverroes.juntadeandalucia.es\/aeceipsantaana\/wp-json\/wp\/v2\/pages\/62"}],"collection":[{"href":"https:\/\/blogsaverroes.juntadeandalucia.es\/aeceipsantaana\/wp-json\/wp\/v2\/pages"}],"about":[{"href":"https:\/\/blogsaverroes.juntadeandalucia.es\/aeceipsantaana\/wp-json\/wp\/v2\/types\/page"}],"author":[{"embeddable":true,"href":"https:\/\/blogsaverroes.juntadeandalucia.es\/aeceipsantaana\/wp-json\/wp\/v2\/users\/5816"}],"replies":[{"embeddable":true,"href":"https:\/\/blogsaverroes.juntadeandalucia.es\/aeceipsantaana\/wp-json\/wp\/v2\/comments?post=62"}],"version-history":[{"count":12,"href":"https:\/\/blogsaverroes.juntadeandalucia.es\/aeceipsantaana\/wp-json\/wp\/v2\/pages\/62\/revisions"}],"predecessor-version":[{"id":326,"href":"https:\/\/blogsaverroes.juntadeandalucia.es\/aeceipsantaana\/wp-json\/wp\/v2\/pages\/62\/revisions\/326"}],"wp:attachment":[{"href":"https:\/\/blogsaverroes.juntadeandalucia.es\/aeceipsantaana\/wp-json\/wp\/v2\/media?parent=62"}],"curies":[{"name":"wp","href":"https:\/\/api.w.org\/{rel}","templated":true}]}}