{"id":280,"date":"2024-05-06T10:28:55","date_gmt":"2024-05-06T08:28:55","guid":{"rendered":"https:\/\/agenciaeducativaespacialandalucia.wordpress.com\/?page_id=280"},"modified":"2024-05-13T08:56:40","modified_gmt":"2024-05-13T08:56:40","slug":"detectives-del-clima","status":"publish","type":"page","link":"https:\/\/blogsaverroes.juntadeandalucia.es\/aeea\/detectives-del-clima\/","title":{"rendered":"Detectives del clima"},"content":{"rendered":"<p>La ESA invita al profesorado y alumnado de entre 8 y 19 a\u00f1os a formar un equipo y unirse al proyecto escolar <a href=\"https:\/\/climatedetectives.esa.int\/\">Climate Detectives<\/a>, que comienza en septiembre y se extiende durante todo el curso escolar. En este proyecto los estudiantes adoptar\u00e1n el papel de Detectives Clim\u00e1ticos mientras aprenden sobre el medio ambiente de la Tierra. Para ello identificar\u00e1n un problema clim\u00e1tico local, lo investigar\u00e1n utilizando im\u00e1genes de sat\u00e9lite reales o sus propias medidas terrestres, y finalmente propondr\u00e1n acciones para ayudar a reducir o monitorear el problema. Al final, los equipos compartir\u00e1n sus resultados con la comunidad de Detectives Clim\u00e1ticos de la ESA en la plataforma del proyecto. De esta forma, otros podr\u00e1n aprender de su trabajo y los estudiantes tambi\u00e9n pueden crear conciencia sobre el problema que han investigado.<\/p>\n<p><strong>Ideas estrella:<\/strong><\/p>\n<p>Primaria:<\/p>\n<ul>\n<li>\n<p><a href=\"https:\/\/educacionadistancia.juntadeandalucia.es\/profesorado\/pluginfile.php\/1600974\/mod_folder\/content\/0\/26%20Observaci%C3%B3n%20de%20la%20Tierra.%20La%20Tierra%20a%20cubierto.pdf\" target=\"_blank\" rel=\"noopener\">La tierra a cubierto<\/a><\/p>\n<\/li>\n<li>\n<p><a href=\"https:\/\/educacionadistancia.juntadeandalucia.es\/profesorado\/pluginfile.php\/1600974\/mod_folder\/content\/0\/27%20Observaci%C3%B3n%20de%20la%20Tierra.%20Centinela%20incansable.pdf\" target=\"_blank\" rel=\"noopener\">Centinela incansable<\/a><\/p>\n<\/li>\n<li>\n<p><a href=\"https:\/\/educacionadistancia.juntadeandalucia.es\/profesorado\/pluginfile.php\/1600974\/mod_folder\/content\/0\/28%20Observaci%C3%B3n%20de%20la%20Tierra.%20Un%20a%C3%B1o%20en%20la%20Tierra.pdf\" target=\"_blank\" rel=\"noopener\">Un a\u00f1o en la tierra<\/a><\/p>\n<\/li>\n<li>\n<p><a href=\"https:\/\/educacionadistancia.juntadeandalucia.es\/profesorado\/pluginfile.php\/1600974\/mod_folder\/content\/0\/29%20Observaci%C3%B3n%20de%20la%20Tierra.%20Pixela%20tu%20espacio.pdf\" target=\"_blank\" rel=\"noopener\">Pixela tu espacio<\/a><\/p>\n<\/li>\n<li>\n<p><a href=\"https:\/\/educacionadistancia.juntadeandalucia.es\/profesorado\/pluginfile.php\/1600974\/mod_folder\/content\/0\/30%20Observaci%C3%B3n%20de%20la%20Tierra.%20Arriba%20en%20las%20alturas.pdf\" target=\"_blank\" rel=\"noopener\">Arriba en las alturas<\/a><\/p>\n<\/li>\n<li>\n<p><a href=\"https:\/\/educacionadistancia.juntadeandalucia.es\/profesorado\/pluginfile.php\/1600974\/mod_folder\/content\/0\/31%20Observaci%C3%B3n%20de%20la%20Tierra.%20Los%20hielos%20se%20est%C3%A1n%20fundiendo.pdf\" target=\"_blank\" rel=\"noopener\">Los hielos se est\u00e1n fundiendo<\/a><\/p>\n<\/li>\n<\/ul>\n<p>Secundaria:<\/p>\n<ul>\n<li>\n<p><a href=\"https:\/\/educacionadistancia.juntadeandalucia.es\/profesorado\/pluginfile.php\/1600974\/mod_folder\/content\/0\/32%20Observaci%C3%B3n%20de%20la%20Tierra.%20El%20efecto%20invernadero%20y%20sus%20consecuencias.pdf\" target=\"_blank\" rel=\"noopener\">El efecto invernadero<\/a><\/p>\n<\/li>\n<li>\n<p><a href=\"https:\/\/educacionadistancia.juntadeandalucia.es\/profesorado\/pluginfile.php\/1600974\/mod_folder\/content\/0\/33%20Observaci%C3%B3n%20de%20la%20Tierra.%20Despu%C3%A9s%20de%20la%20tormenta.pdf\" target=\"_blank\" rel=\"noopener\">Despu\u00e9s de la atm\u00f3sfera<\/a><\/p>\n<\/li>\n<li>\n<p><a href=\"https:\/\/educacionadistancia.juntadeandalucia.es\/profesorado\/pluginfile.php\/1600974\/mod_folder\/content\/0\/34%20Observaci%C3%B3n%20de%20la%20Tierra.%20Autopistas%20oce%C3%A1nicas.pdf\" target=\"_blank\" rel=\"noopener\">Autopistas oce\u00e1nicas<\/a><\/p>\n<\/li>\n<li>\n<p><a href=\"https:\/\/educacionadistancia.juntadeandalucia.es\/profesorado\/pluginfile.php\/1600974\/mod_folder\/content\/0\/35%20Observaci%C3%B3n%20de%20la%20Tierra.%20Obtenci%C3%B3n%20de%20una%20c%C3%A1mara%20web%20infrarroja.pdf\" target=\"_blank\" rel=\"noopener\">Obtenci\u00f3n de una c\u00e1mara web infrarroja<\/a><\/p>\n<\/li>\n<li>\n<p><a href=\"https:\/\/educacionadistancia.juntadeandalucia.es\/profesorado\/pluginfile.php\/1600974\/mod_folder\/content\/0\/36%20Observaci%C3%B3n%20de%20la%20Tierra.%20El%20hielo%20marino%20desde%20el%20espacio.pdf\" target=\"_blank\" rel=\"noopener\">El hielo marino desde el espacio<\/a><\/p>\n<\/li>\n<\/ul>\n<p>&nbsp;<\/p>\n","protected":false},"excerpt":{"rendered":"<p>La ESA invita al profesorado y alumnado de entre 8 y 19 a\u00f1os a formar un equipo y unirse al proyecto escolar Climate Detectives, que comienza en septiembre y se extiende durante todo el curso escolar. En este proyecto los estudiantes adoptar\u00e1n el papel de Detectives Clim\u00e1ticos mientras aprenden sobre el medio ambiente de la &hellip; <a href=\"https:\/\/blogsaverroes.juntadeandalucia.es\/aeea\/detectives-del-clima\/\" class=\"more-link\">Sigue leyendo <span class=\"screen-reader-text\">Detectives del clima<\/span><\/a><\/p>\n","protected":false},"author":3767,"featured_media":317,"parent":0,"menu_order":0,"comment_status":"closed","ping_status":"closed","template":"","meta":{"ngg_post_thumbnail":0,"footnotes":""},"aioseo_notices":[],"_links":{"self":[{"href":"https:\/\/blogsaverroes.juntadeandalucia.es\/aeea\/wp-json\/wp\/v2\/pages\/280"}],"collection":[{"href":"https:\/\/blogsaverroes.juntadeandalucia.es\/aeea\/wp-json\/wp\/v2\/pages"}],"about":[{"href":"https:\/\/blogsaverroes.juntadeandalucia.es\/aeea\/wp-json\/wp\/v2\/types\/page"}],"author":[{"embeddable":true,"href":"https:\/\/blogsaverroes.juntadeandalucia.es\/aeea\/wp-json\/wp\/v2\/users\/3767"}],"replies":[{"embeddable":true,"href":"https:\/\/blogsaverroes.juntadeandalucia.es\/aeea\/wp-json\/wp\/v2\/comments?post=280"}],"version-history":[{"count":2,"href":"https:\/\/blogsaverroes.juntadeandalucia.es\/aeea\/wp-json\/wp\/v2\/pages\/280\/revisions"}],"predecessor-version":[{"id":683,"href":"https:\/\/blogsaverroes.juntadeandalucia.es\/aeea\/wp-json\/wp\/v2\/pages\/280\/revisions\/683"}],"wp:featuredmedia":[{"embeddable":true,"href":"https:\/\/blogsaverroes.juntadeandalucia.es\/aeea\/wp-json\/wp\/v2\/media\/317"}],"wp:attachment":[{"href":"https:\/\/blogsaverroes.juntadeandalucia.es\/aeea\/wp-json\/wp\/v2\/media?parent=280"}],"curies":[{"name":"wp","href":"https:\/\/api.w.org\/{rel}","templated":true}]}}