{"id":409,"date":"2024-05-06T10:46:06","date_gmt":"2024-05-06T08:46:06","guid":{"rendered":"https:\/\/agenciaeducativaespacialandalucia.wordpress.com\/?page_id=409"},"modified":"2024-05-12T19:45:33","modified_gmt":"2024-05-12T19:45:33","slug":"introduccion-3","status":"publish","type":"page","link":"https:\/\/blogsaverroes.juntadeandalucia.es\/aeea\/","title":{"rendered":"Introducci\u00f3n"},"content":{"rendered":"\r\n\r\n\r\n<figure class=\"wp-block-image size-large\">Te damos la bienvenida al blog de la Agencia espacial escolar andaluza. Esta iniciativa ha agrupado a centros y docentes de Andaluc\u00eda con el apoyo de la Consejer\u00eda de Desarrollo Educativo y Formaci\u00f3n Profesional a trav\u00e9s del Proyecto de innovaci\u00f3n educativa 093\/23.<\/figure>\r\n<p>&nbsp;<\/p>\r\n","protected":false},"excerpt":{"rendered":"<p>Te damos la bienvenida al blog de la Agencia espacial escolar andaluza. Esta iniciativa ha agrupado a centros y docentes de Andaluc\u00eda con el apoyo de la Consejer\u00eda de Desarrollo Educativo y Formaci\u00f3n Profesional a trav\u00e9s del Proyecto de innovaci\u00f3n educativa 093\/23. &nbsp;<\/p>\n","protected":false},"author":3767,"featured_media":134,"parent":0,"menu_order":0,"comment_status":"closed","ping_status":"closed","template":"","meta":{"ngg_post_thumbnail":0,"footnotes":""},"aioseo_notices":[],"_links":{"self":[{"href":"https:\/\/blogsaverroes.juntadeandalucia.es\/aeea\/wp-json\/wp\/v2\/pages\/409"}],"collection":[{"href":"https:\/\/blogsaverroes.juntadeandalucia.es\/aeea\/wp-json\/wp\/v2\/pages"}],"about":[{"href":"https:\/\/blogsaverroes.juntadeandalucia.es\/aeea\/wp-json\/wp\/v2\/types\/page"}],"author":[{"embeddable":true,"href":"https:\/\/blogsaverroes.juntadeandalucia.es\/aeea\/wp-json\/wp\/v2\/users\/3767"}],"replies":[{"embeddable":true,"href":"https:\/\/blogsaverroes.juntadeandalucia.es\/aeea\/wp-json\/wp\/v2\/comments?post=409"}],"version-history":[{"count":3,"href":"https:\/\/blogsaverroes.juntadeandalucia.es\/aeea\/wp-json\/wp\/v2\/pages\/409\/revisions"}],"predecessor-version":[{"id":662,"href":"https:\/\/blogsaverroes.juntadeandalucia.es\/aeea\/wp-json\/wp\/v2\/pages\/409\/revisions\/662"}],"wp:featuredmedia":[{"embeddable":true,"href":"https:\/\/blogsaverroes.juntadeandalucia.es\/aeea\/wp-json\/wp\/v2\/media\/134"}],"wp:attachment":[{"href":"https:\/\/blogsaverroes.juntadeandalucia.es\/aeea\/wp-json\/wp\/v2\/media?parent=409"}],"curies":[{"name":"wp","href":"https:\/\/api.w.org\/{rel}","templated":true}]}}