{"id":418,"date":"2024-05-06T10:55:07","date_gmt":"2024-05-06T08:55:07","guid":{"rendered":"https:\/\/agenciaeducativaespacialandalucia.wordpress.com\/?page_id=418"},"modified":"2024-05-13T08:57:24","modified_gmt":"2024-05-13T08:57:24","slug":"guias-motivadoras","status":"publish","type":"page","link":"https:\/\/blogsaverroes.juntadeandalucia.es\/aeea\/guias-motivadoras\/","title":{"rendered":"Gu\u00edas motivadoras"},"content":{"rendered":"\r\n<p>&nbsp;<\/p>\r\n\r\n\r\n\r\n<p>La Diputaci\u00f3n Foral de Gipuzkoa y Elhuyar ponen a nuestra disposici\u00f3n una colecci\u00f3n de gu\u00edas para inspirar a los y las j\u00f3venes en las profesiones relacionadas con la ciencia y la tecnolog\u00eda.<\/p>\r\n\r\n\r\n<div class=\"wp-block-image\">\r\n<figure class=\"aligncenter size-large\"><img loading=\"lazy\" decoding=\"async\" width=\"547\" height=\"415\" class=\"wp-image-451 aligncenter\" src=\"https:\/\/blogsaverroes.juntadeandalucia.es\/aeea\/files\/2024\/05\/educacion.png?w=547\" alt=\"\" srcset=\"https:\/\/blogsaverroes.juntadeandalucia.es\/aeea\/files\/2024\/05\/educacion.png 547w, https:\/\/blogsaverroes.juntadeandalucia.es\/aeea\/files\/2024\/05\/educacion-300x228.png 300w\" sizes=\"(max-width: 547px) 100vw, 547px\" \/><\/figure><\/div>\r\n\r\n\r\n<p><a href=\"https:\/\/zientzia.eus\/media\/pdf_alea\/STEAM_hezkuntza_eta_STEM_profesioak_liburua_GAZT_2.pdf\">EDUCACI\u00d3N STEAM Y PROFESIONES STEM, PARA INSPIRAR J\u00d3VENES<\/a><\/p>\r\n\r\n\r\n<div class=\"wp-block-image\">\r\n<figure class=\"aligncenter size-large\"><img loading=\"lazy\" decoding=\"async\" width=\"544\" height=\"393\" class=\"wp-image-456 aligncenter\" src=\"https:\/\/blogsaverroes.juntadeandalucia.es\/aeea\/files\/2024\/05\/ideas.png?w=544\" alt=\"\" srcset=\"https:\/\/blogsaverroes.juntadeandalucia.es\/aeea\/files\/2024\/05\/ideas.png 544w, https:\/\/blogsaverroes.juntadeandalucia.es\/aeea\/files\/2024\/05\/ideas-300x217.png 300w\" sizes=\"(max-width: 544px) 100vw, 544px\" \/><\/figure><\/div>\r\n\r\n\r\n<p><a href=\"https:\/\/zientzia.eus\/media\/pdf_alea\/STEAM_proiektugintza_GAZT_1.pdf\">IDEAS Y PROYECTOS STEAM PARA INSPIRAR A JOVENES<\/a><\/p>\r\n\r\n\r\n<div class=\"wp-block-image\">\r\n<figure class=\"aligncenter size-large\"><img loading=\"lazy\" decoding=\"async\" width=\"544\" height=\"393\" class=\"wp-image-459 aligncenter\" src=\"https:\/\/blogsaverroes.juntadeandalucia.es\/aeea\/files\/2024\/05\/profesionales.png?w=544\" alt=\"\" srcset=\"https:\/\/blogsaverroes.juntadeandalucia.es\/aeea\/files\/2024\/05\/profesionales.png 544w, https:\/\/blogsaverroes.juntadeandalucia.es\/aeea\/files\/2024\/05\/profesionales-300x217.png 300w\" sizes=\"(max-width: 544px) 100vw, 544px\" \/><\/figure><\/div>\r\n\r\n\r\n<p><a href=\"https:\/\/zientzia.eus\/media\/pdf_alea\/STEM_profesionalak_GAZT.pdf\">PROFESIONALES STEM PARA INSPIRAR A JOVENES<\/a><\/p>\r\n\r\n\r\n\r\n<p>&nbsp;<\/p>\r\n","protected":false},"excerpt":{"rendered":"<p>&nbsp; La Diputaci\u00f3n Foral de Gipuzkoa y Elhuyar ponen a nuestra disposici\u00f3n una colecci\u00f3n de gu\u00edas para inspirar a los y las j\u00f3venes en las profesiones relacionadas con la ciencia y la tecnolog\u00eda. EDUCACI\u00d3N STEAM Y PROFESIONES STEM, PARA INSPIRAR J\u00d3VENES IDEAS Y PROYECTOS STEAM PARA INSPIRAR A JOVENES PROFESIONALES STEM PARA INSPIRAR A JOVENES &hellip; <a href=\"https:\/\/blogsaverroes.juntadeandalucia.es\/aeea\/guias-motivadoras\/\" class=\"more-link\">Sigue leyendo <span class=\"screen-reader-text\">Gu\u00edas motivadoras<\/span><\/a><\/p>\n","protected":false},"author":3767,"featured_media":0,"parent":0,"menu_order":0,"comment_status":"closed","ping_status":"closed","template":"","meta":{"ngg_post_thumbnail":0,"footnotes":""},"aioseo_notices":[],"_links":{"self":[{"href":"https:\/\/blogsaverroes.juntadeandalucia.es\/aeea\/wp-json\/wp\/v2\/pages\/418"}],"collection":[{"href":"https:\/\/blogsaverroes.juntadeandalucia.es\/aeea\/wp-json\/wp\/v2\/pages"}],"about":[{"href":"https:\/\/blogsaverroes.juntadeandalucia.es\/aeea\/wp-json\/wp\/v2\/types\/page"}],"author":[{"embeddable":true,"href":"https:\/\/blogsaverroes.juntadeandalucia.es\/aeea\/wp-json\/wp\/v2\/users\/3767"}],"replies":[{"embeddable":true,"href":"https:\/\/blogsaverroes.juntadeandalucia.es\/aeea\/wp-json\/wp\/v2\/comments?post=418"}],"version-history":[{"count":2,"href":"https:\/\/blogsaverroes.juntadeandalucia.es\/aeea\/wp-json\/wp\/v2\/pages\/418\/revisions"}],"predecessor-version":[{"id":688,"href":"https:\/\/blogsaverroes.juntadeandalucia.es\/aeea\/wp-json\/wp\/v2\/pages\/418\/revisions\/688"}],"wp:attachment":[{"href":"https:\/\/blogsaverroes.juntadeandalucia.es\/aeea\/wp-json\/wp\/v2\/media?parent=418"}],"curies":[{"name":"wp","href":"https:\/\/api.w.org\/{rel}","templated":true}]}}