{"id":566,"date":"2024-04-29T11:04:17","date_gmt":"2024-04-29T09:04:17","guid":{"rendered":"https:\/\/agenciaeducativaespacialandalucia.wordpress.com\/?page_id=23"},"modified":"2024-04-29T11:04:17","modified_gmt":"2024-04-29T09:04:17","slug":"las-ferias-divulgativas","status":"publish","type":"page","link":"https:\/\/blogsaverroes.juntadeandalucia.es\/aeea\/las-ferias-divulgativas\/","title":{"rendered":"Las  ferias divulgativas"},"content":{"rendered":"\n<div class=\"wp-block-group alignfull is-content-justification-center is-layout-constrained wp-block-group-is-layout-constrained\" style=\"margin-top:0;margin-bottom:0;padding-top:calc( 0.5 * var(--wp--style--root--padding-right, var(--wp--custom--gap--horizontal)));padding-right:var(--wp--style--root--padding-right, var(--wp--custom--gap--horizontal));padding-bottom:calc( 0.5 * var(--wp--style--root--padding-right, var(--wp--custom--gap--horizontal)));padding-left:var(--wp--style--root--padding-left, var(--wp--custom--gap--horizontal))\"><div class=\"wp-block-group__inner-container\">\n<div style=\"height:calc( 0.25 * var(--wp--style--root--padding-right, var(--wp--custom--gap--horizontal)))\" aria-hidden=\"true\" class=\"wp-block-spacer\"><\/div>\n\n\n\n<div style=\"height:calc( 0.25 * var(--wp--style--root--padding-right, var(--wp--custom--gap--horizontal)))\" aria-hidden=\"true\" class=\"wp-block-spacer\"><\/div>\n<\/div><\/div>\n\n\n\n<div class=\"wp-block-group alignfull is-content-justification-center is-layout-constrained wp-block-group-is-layout-constrained\" style=\"margin-top:0;margin-bottom:0;padding-top:calc( 0.5 * var(--wp--style--root--padding-right, var(--wp--custom--gap--horizontal)));padding-right:var(--wp--style--root--padding-right, var(--wp--custom--gap--horizontal));padding-bottom:calc( 0.5 * var(--wp--style--root--padding-right, var(--wp--custom--gap--horizontal)));padding-left:var(--wp--style--root--padding-left, var(--wp--custom--gap--horizontal))\"><div class=\"wp-block-group__inner-container\">\n<div style=\"height:calc( 0.25 * var(--wp--style--root--padding-right, var(--wp--custom--gap--horizontal)))\" aria-hidden=\"true\" class=\"wp-block-spacer\"><\/div>\n\n\n\n<div class=\"wp-block-columns alignwide is-layout-flex wp-container-core-columns-layout-1 wp-block-columns-is-layout-flex\">\n<div class=\"wp-block-column is-layout-flow wp-block-column-is-layout-flow\">\n<h3 class=\"wp-block-heading has-text-align-center has-primary-color has-pale-cyan-blue-background-color has-text-color has-background has-link-color wp-elements-9c1efd43e430fe9dfb2c57a8890e4503\" style=\"font-size:2rem;font-style:normal;font-weight:800;text-transform:uppercase\"><strong>\u00bfQu\u00e9 son?<\/strong><\/h3>\n\n\n\n<p class=\"has-black-color has-text-color has-link-color has-small-font-size wp-elements-4c95397d09b602b14fdfcc59e5ed8059\" style=\"font-style:italic;font-weight:400\">Existe vida m\u00e1s all\u00e1 de los muros de los centros, ya sean colegios o institutos.<\/p>\n\n\n\n<p class=\"has-black-color has-text-color has-link-color has-small-font-size wp-elements-3eee8fc2cbe97dfd08ed4ab778952fd6\" style=\"font-style:italic;font-weight:400\">La participaci\u00f3n en eventos divulgativos puede ser una estupenda idea para poner en pr\u00e1ctica lo aprendido, difundirlo y crear nuevas relaciones.<\/p>\n\n\n\n<p class=\"has-black-color has-text-color has-link-color has-small-font-size wp-elements-c35ce2736ab9779bc3019bd7a0e57380\" style=\"font-style:italic;font-weight:400\">Existen eventos de todo tipo, se pueden clasificar en f\u00edsicos y virtuales. La participaci\u00f3n en estos, a diferencia de los que se pueda realizar en el propio centro exigen menos coordinaci\u00f3n, supone un extra de implicaci\u00f3n del alumnado que parte con una motivaci\u00f3n muy alta de antemano, facilita mucha visibilidad al centro y nos pone en contacto con personas con inquietudes similares.<\/p>\n\n\n\n<p class=\"has-black-color has-text-color has-link-color has-small-font-size wp-elements-95512965991974d2c763f2c1dd0b08b1\" style=\"font-style:italic;font-weight:400\">Se proponen en las siguientes l\u00edneas algunos eventos con cierta tradici\u00f3n y solera en nuestra comunidad.<\/p>\n\n\n\n<figure class=\"wp-block-image size-large\"><img decoding=\"async\" src=\"https:\/\/agenciaeducativaespacialandalucia.files.wordpress.com\/2024\/04\/imagen.png?w=1024\" alt=\"\" class=\"wp-image-32\" \/><\/figure>\n<\/div>\n<\/div>\n\n\n\n<div style=\"height:calc( 0.25 * var(--wp--style--root--padding-right, var(--wp--custom--gap--horizontal)))\" aria-hidden=\"true\" class=\"wp-block-spacer\"><\/div>\n<\/div><\/div>\n\n\n\n<div class=\"wp-block-group alignfull is-content-justification-center is-layout-constrained wp-block-group-is-layout-constrained\" style=\"margin-top:0;margin-bottom:0;padding-top:calc( 0.5 * var(--wp--style--root--padding-right, var(--wp--custom--gap--horizontal)));padding-right:var(--wp--style--root--padding-right, var(--wp--custom--gap--horizontal));padding-bottom:calc( 0.5 * var(--wp--style--root--padding-right, var(--wp--custom--gap--horizontal)));padding-left:var(--wp--style--root--padding-left, var(--wp--custom--gap--horizontal))\"><div class=\"wp-block-group__inner-container\">\n<div style=\"height:calc( 0.25 * var(--wp--style--root--padding-right, var(--wp--custom--gap--horizontal)))\" aria-hidden=\"true\" class=\"wp-block-spacer\"><\/div>\n\n\n\n<div style=\"height:calc( 0.25 * var(--wp--style--root--padding-right, var(--wp--custom--gap--horizontal)))\" aria-hidden=\"true\" class=\"wp-block-spacer\"><\/div>\n<\/div><\/div>\n\n\n\n<div class=\"wp-block-group alignfull is-content-justification-center is-layout-constrained wp-block-group-is-layout-constrained\" style=\"margin-top:0;margin-bottom:0;padding-top:calc( 0.5 * var(--wp--style--root--padding-right, var(--wp--custom--gap--horizontal)));padding-right:var(--wp--style--root--padding-right, var(--wp--custom--gap--horizontal));padding-bottom:calc( 0.5 * var(--wp--style--root--padding-right, var(--wp--custom--gap--horizontal)));padding-left:var(--wp--style--root--padding-left, var(--wp--custom--gap--horizontal))\"><div class=\"wp-block-group__inner-container\">\n<div style=\"height:calc( 0.25 * var(--wp--style--root--padding-right, var(--wp--custom--gap--horizontal)))\" aria-hidden=\"true\" class=\"wp-block-spacer\"><\/div>\n\n\n\n<div class=\"wp-block-columns alignwide is-layout-flex wp-container-core-columns-layout-2 wp-block-columns-is-layout-flex\">\n<div class=\"wp-block-column is-vertically-aligned-bottom is-layout-flow wp-block-column-is-layout-flow\">\n<figure class=\"wp-block-image size-large\"><img decoding=\"async\" src=\"https:\/\/colegioalemansevilla.com\/files\/articles\/thumb\/1525338847-fc.jpg\" alt=\"\" style=\"aspect-ratio:1;object-fit:cover\" \/><\/figure>\n<\/div>\n\n\n\n<div class=\"wp-block-column is-vertically-aligned-center is-layout-flow wp-block-column-is-layout-flow\">\n<h2 class=\"wp-block-heading\">Feria de la ciencia Sevilla<\/h2>\n\n\n\n<p class=\"has-black-color has-text-color has-link-color wp-elements-c13f809767564811c506303407ff405c\">La Feria de la Ciencia de Sevilla se celebra&nbsp; ininterrumpidamente desde 2003, siendo la feria m\u00e1s antigua de cuantas se celebran en Andaluc\u00eda y la mayor de las que se celebran en Espa\u00f1a.&nbsp;<\/p>\n\n\n\n<p class=\"has-black-color has-text-color has-link-color wp-elements-f8669d72b6152f34061bf7b60b72e645\">Tiene doble modalidad: edici\u00f3n presencial y virtual en 2022. Feria de la ciencia tradicional celebrada en un espacio cerrado: estudiantes divulgadores muestran al p\u00fablico general sus proyectos de investigaci\u00f3n en un&nbsp; pabell\u00f3n de congresos.<\/p>\n\n\n\n<ul id=\"yui_3_17_2_1_1714129790936_1040\">\n<li><strong>Fecha<\/strong>: mes de mayo<\/li>\n<\/ul>\n\n\n\n<div class=\"wp-block-buttons is-layout-flex wp-block-buttons-is-layout-flex\">\n<div class=\"wp-block-button\"><a class=\"wp-block-button__link wp-element-button\" href=\"https:\/\/www.feriadelaciencia.org\/\"><strong>+ info<\/strong><\/a><\/div>\n<\/div>\n<\/div>\n<\/div>\n\n\n\n<div style=\"height:calc( 0.25 * var(--wp--style--root--padding-right, var(--wp--custom--gap--horizontal)))\" aria-hidden=\"true\" class=\"wp-block-spacer\"><\/div>\n<\/div><\/div>\n\n\n\n<div class=\"wp-block-group alignfull is-content-justification-center is-layout-constrained wp-block-group-is-layout-constrained\" style=\"margin-top:0;margin-bottom:0;padding-top:calc( 0.5 * var(--wp--style--root--padding-right, var(--wp--custom--gap--horizontal)));padding-right:var(--wp--style--root--padding-right, var(--wp--custom--gap--horizontal));padding-bottom:calc( 0.5 * var(--wp--style--root--padding-right, var(--wp--custom--gap--horizontal)));padding-left:var(--wp--style--root--padding-left, var(--wp--custom--gap--horizontal))\"><div class=\"wp-block-group__inner-container\">\n<div style=\"height:calc( 0.25 * var(--wp--style--root--padding-right, var(--wp--custom--gap--horizontal)))\" aria-hidden=\"true\" class=\"wp-block-spacer\"><\/div>\n\n\n\n<div class=\"wp-block-columns alignwide is-layout-flex wp-container-core-columns-layout-3 wp-block-columns-is-layout-flex\">\n<div class=\"wp-block-column is-vertically-aligned-bottom is-layout-flow wp-block-column-is-layout-flow\">\n<h2 class=\"wp-block-heading\">Paseo por la Ciencia de C\u00f3rdoba<\/h2>\n\n\n\n<p class=\"has-black-color has-text-color has-link-color wp-elements-b8e6067c6dbd85956ba9c9f5dafe215b\">La actividad \u201cPaseo por la Ciencia\u201d se ha convertido, en estos \u00faltimos a\u00f1os, en un referente cultural y educativo de la ciudad de C\u00f3rdoba. Se trata de una feria cient\u00edfica en la calle, es decir, un lugar de encuentro de los ciudadanos y ciudadanas de todas las edades con las Ciencias, en torno a la realizaci\u00f3n de experiencias pr\u00e1cticas, bajo la supervisi\u00f3n de alumnado y profesorado de diferentes centros educativos de la provincia.<\/p>\n\n\n\n<p class=\"has-black-color has-text-color has-link-color wp-elements-3b20ac01208801e6c33444f9942334a6\">En ediciones anteriores ha consistido en una feria tradicional que se celebra en un recinto abierto. El alumnado y profesorado de los centros participantes muestra sus proyectos de divulgaci\u00f3n y realiza demostraciones y experiencias (m\u00f3dulos experimentales) en stands instalados en el lugar de celebraci\u00f3n.<\/p>\n\n\n\n<ul>\n<li><strong>Fecha<\/strong>: mes de mayo<\/li>\n<\/ul>\n\n\n\n<div class=\"wp-block-buttons is-layout-flex wp-block-buttons-is-layout-flex\">\n<div class=\"wp-block-button\"><a class=\"wp-block-button__link wp-element-button\" href=\"http:\/\/apccc.es\/category\/paseo-por-la-ciencia\"><strong>+ info<\/strong><\/a><\/div>\n<\/div>\n<\/div>\n\n\n\n<div class=\"wp-block-column is-vertically-aligned-center is-layout-flow wp-block-column-is-layout-flow\">\n<figure class=\"wp-block-image size-large\"><img decoding=\"async\" src=\"https:\/\/www.eldiadecordoba.es\/2023\/04\/15\/cordoba\/Paseo-Ciencia-Cordoba-imagenes_1784232131_182112440_1024x682.jpg\" alt=\"\" \/><\/figure>\n<\/div>\n<\/div>\n\n\n\n<div style=\"height:calc( 0.25 * var(--wp--style--root--padding-right, var(--wp--custom--gap--horizontal)))\" aria-hidden=\"true\" class=\"wp-block-spacer\"><\/div>\n<\/div><\/div>\n\n\n\n<div class=\"wp-block-columns alignwide is-layout-flex wp-container-core-columns-layout-4 wp-block-columns-is-layout-flex\">\n<div class=\"wp-block-column is-vertically-aligned-bottom is-layout-flow wp-block-column-is-layout-flow\">\n<figure class=\"wp-block-image size-large\"><img decoding=\"async\" src=\"https:\/\/agrupacionastronomicamagallanes.wordpress.com\/wp-content\/uploads\/2015\/04\/feria_ciencia_4_20150415.jpg\" alt=\"\" style=\"aspect-ratio:1;object-fit:cover\" \/><\/figure>\n<\/div>\n\n\n\n<div class=\"wp-block-column is-vertically-aligned-center is-layout-flow wp-block-column-is-layout-flow\">\n<h2 class=\"wp-block-heading\">Feria de la Ciencia en la Calle de Jerez (C\u00e1diz)<\/h2>\n\n\n\n<p class=\"has-black-color has-text-color has-link-color wp-elements-92a307cbc1dda04fbf17f5e0ecbf6f10\">La Feria de la Ciencia en la Calle de Jerez asume el compromiso de favorecer la promoci\u00f3n de las vocaciones cient\u00edficas en el alumnado, la participaci\u00f3n ciudadana en el proceso cient\u00edfico y el desarrollo de modelos de ense\u00f1anza-aprendizaje basados en la investigaci\u00f3n, la experimentaci\u00f3n y la puesta en valor de la utilidad social y econ\u00f3mica de la ciencia y de la tecnolog\u00eda.<\/p>\n\n\n\n<p class=\"has-black-color has-text-color has-link-color wp-elements-5e2b6dce7ba9e000e75473169628eaa0\" id=\"yui_3_17_2_1_1714131133872_1040\">En ediciones anteriores el formato ha sido el de feria de la ciencia tradicional: estudiantes divulgadores muestran al p\u00fablico general sus proyectos de investigaci\u00f3n en un espacio p\u00fablico.<\/p>\n\n\n\n<ul id=\"yui_3_17_2_1_1714129790936_1040\">\n<li><strong>Fecha<\/strong>: abril-mayo<\/li>\n<\/ul>\n\n\n\n<div class=\"wp-block-buttons is-layout-flex wp-block-buttons-is-layout-flex\">\n<div class=\"wp-block-button\"><a class=\"wp-block-button__link wp-element-button\" href=\"https:\/\/www.feriadelacienciacepjerez.es\/\"><strong>+ info<\/strong><\/a><\/div>\n<\/div>\n<\/div>\n<\/div>\n\n\n\n<p><\/p>\n\n\n\n<p><\/p>\n\n\n\n<div class=\"wp-block-columns alignwide is-layout-flex wp-container-core-columns-layout-5 wp-block-columns-is-layout-flex\">\n<div class=\"wp-block-column is-vertically-aligned-bottom is-layout-flow wp-block-column-is-layout-flow\">\n<h2 class=\"wp-block-heading\">Feria de la Ciencia de \u00dabeda (Ja\u00e9n)<\/h2>\n\n\n\n<p class=\"has-black-color has-text-color has-link-color wp-elements-266f48baf9233594be84ff28b53f34cf\">Desde hace varios a\u00f1os, la asociaci\u00f3n cultural Renaciencia, con la colaboraci\u00f3n de la Fundaci\u00f3n Espa\u00f1ola para la Ciencia y la Tecnolog\u00eda-Ministerio de Ciencia e Innovaci\u00f3n, organiza y coordina las Jornadas de Ciencia para tod@s. Este gran evento de divulgaci\u00f3n cient\u00edfica pretende ofrecer un espacio dedicado a compartir las experiencias que hemos ido desarrollando desde nuestras aulas, expuestas por el alumnado y como consecuencia de actividades de formaci\u00f3n espec\u00edfica del profesorado implicado. En la presente edici\u00f3n, la organizaci\u00f3n ha optado por mantener la estructura de este gran encuentro, pero adapt\u00e1ndola a una versi\u00f3n de Feria Semipresencial que posibilite su desarrollo y el mantenimiento de todas las medidas preventivas necesarias.<\/p>\n\n\n\n<ul>\n<li><strong>Fecha<\/strong>: mes de abril<\/li>\n<\/ul>\n\n\n\n<div class=\"wp-block-buttons is-layout-flex wp-block-buttons-is-layout-flex\">\n<div class=\"wp-block-button\"><a class=\"wp-block-button__link wp-element-button\" href=\"https:\/\/aaquarks.com\"><strong>+ info<\/strong><\/a><\/div>\n<\/div>\n<\/div>\n\n\n\n<div class=\"wp-block-column is-vertically-aligned-center is-layout-flow wp-block-column-is-layout-flow\">\n<figure class=\"wp-block-image size-large\"><img decoding=\"async\" src=\"https:\/\/www.fundacioncrj.es\/wp-content\/uploads\/2019\/04\/image_content_13841391_20190410163507.jpg\" alt=\"\" \/><\/figure>\n<\/div>\n<\/div>\n\n\n\n<p><\/p>\n\n\n\n<div class=\"wp-block-columns alignwide is-layout-flex wp-container-core-columns-layout-6 wp-block-columns-is-layout-flex\">\n<div class=\"wp-block-column is-vertically-aligned-bottom is-layout-flow wp-block-column-is-layout-flow\">\n<figure class=\"wp-block-image size-large\"><img decoding=\"async\" src=\"https:\/\/www.elegirhoy.com\/uploads\/fichas-eventos-imagenes\/ATARFE.jpg\" alt=\"\" style=\"aspect-ratio:1;object-fit:cover\" \/><\/figure>\n<\/div>\n\n\n\n<div class=\"wp-block-column is-vertically-aligned-center is-layout-flow wp-block-column-is-layout-flow\">\n<h2 class=\"wp-block-heading\">Feria de la Ciencia de Atarfe (Granada)<\/h2>\n\n\n\n<p class=\"has-black-color has-text-color has-link-color wp-elements-761ef131da37d78cbe3abe07057cd4d6\">Este proyecto surge de la iniciativa de algunos maestros con mucha experiencia en la realizaci\u00f3n de ferias de la ciencia, como Francisco Jim\u00e9nez Molina (CEIP Jim\u00e9nez Rueda) y Amparo Castro Pinos (CEIP Atalaya). Poco a poco se unieron a otros maestros de la localidad, para conseguir la participaci\u00f3n de los diferentes centros que hay en ella.&nbsp;<\/p>\n\n\n\n<p class=\"has-black-color has-text-color has-link-color wp-elements-e9ebc6b6e51ee57b1ef7b412b78b9481\">La finalidad de esta feria es dar a conocer y que comprendan, los or\u00edgenes de la compleja sociedad en la que se desenvuelven hoy d\u00eda. Los valores prosociales que se transmiten en el proyecto son, entre otros, Responsabilidad, Colaboraci\u00f3n, Compromiso, Cooperaci\u00f3n, Tolerancia, Respeto, Solidaridad&#8230;etc. definidos en el Seminario Internacional de Ed. Ambiental de Belgrado. 1975.<\/p>\n\n\n\n<ul id=\"yui_3_17_2_1_1714129790936_1040\">\n<li><strong>Fecha<\/strong>: abril<\/li>\n<\/ul>\n\n\n\n<div class=\"wp-block-buttons is-layout-flex wp-block-buttons-is-layout-flex\">\n<div class=\"wp-block-button\"><a class=\"wp-block-button__link wp-element-button\" href=\"https:\/\/feriacienciaatarfe.blogspot.com\/\"><strong>+ info<\/strong><\/a><\/div>\n<\/div>\n<\/div>\n<\/div>\n\n\n\n<p><\/p>\n\n\n\n<p><\/p>\n\n\n\n<div class=\"wp-block-columns alignwide is-layout-flex wp-container-core-columns-layout-7 wp-block-columns-is-layout-flex\">\n<div class=\"wp-block-column is-vertically-aligned-bottom is-layout-flow wp-block-column-is-layout-flow\">\n<h2 class=\"wp-block-heading\">Feria de la Ciencia de Almer\u00eda<\/h2>\n\n\n\n<p class=\"has-black-color has-text-color has-link-color wp-elements-ed2b241e9b7b39b27031346fa0243e32\">La Feria de la Ciencia es un espacio expositivo en el que se encuentran el mundo de la investigaci\u00f3n, los centros educativos, las empresas, la universidad y la ciudadan\u00eda en general, que tiene como objetivo el intercambio, la divulgaci\u00f3n y la comunicaci\u00f3n de conocimientos cient\u00edficos, t\u00e9cnicos y de medio ambiente. Esta Feria de la Ciencia se abre a toda la provincia de Almer\u00eda y forma parte de la Red de Ferias de la Ciencia y la Innovaci\u00f3n de Andaluc\u00eda coordinada por la Fundaci\u00f3n Descubre, desarroll\u00e1ndose en esta segunda edici\u00f3n en modalidad presencial. El alumnado de los centros educativos tiene un protagonismo principal en la feria, mostrando sus proyectos y experiencias de ciencias desarrolladas en sus aulas al p\u00fablico.<\/p>\n\n\n\n<ul>\n<li><strong>Fecha<\/strong>: mes de mayo<\/li>\n<\/ul>\n\n\n\n<div class=\"wp-block-buttons is-layout-flex wp-block-buttons-is-layout-flex\">\n<div class=\"wp-block-button\"><a class=\"wp-block-button__link wp-element-button\" href=\"https:\/\/www.juntadeandalucia.es\/educacion\/portals\/web\/cep-almeria\/novedades\/-\/contenidos\/detalle\/novedades-feria-de-la-ciencia-de-almeria-una-ventana-abierta-a-la-ciencia\"><strong>+ info<\/strong><\/a><\/div>\n<\/div>\n<\/div>\n\n\n\n<div class=\"wp-block-column is-vertically-aligned-center is-layout-flow wp-block-column-is-layout-flow\">\n<figure class=\"wp-block-image size-large\"><img decoding=\"async\" src=\"https:\/\/fundaciondescubre.es\/wp-content\/uploads\/2023\/05\/Fotos_Mayo-04-2023_Inauguracion-Feria-de-la-Ciencia-6_1683208495-800x533.jpeg\" alt=\"\" \/><\/figure>\n<\/div>\n<\/div>\n\n\n\n<div class=\"wp-block-columns alignwide is-layout-flex wp-container-core-columns-layout-8 wp-block-columns-is-layout-flex\">\n<div class=\"wp-block-column is-vertically-aligned-bottom is-layout-flow wp-block-column-is-layout-flow\">\n<figure class=\"wp-block-image size-large is-resized\"><img decoding=\"async\" src=\"https:\/\/blogsaverroes.juntadeandalucia.es\/gbellasartesmalaga\/files\/2024\/03\/CARTEL_FANTEC.jpg\" alt=\"\" style=\"aspect-ratio:1;object-fit:cover;width:487px;height:auto\" \/><\/figure>\n<\/div>\n\n\n\n<div class=\"wp-block-column is-vertically-aligned-center is-layout-flow wp-block-column-is-layout-flow\">\n<h2 class=\"wp-block-heading\">FANTEC (M\u00e1laga)<\/h2>\n\n\n\n<p class=\"has-black-color has-text-color has-link-color has-small-font-size wp-elements-049ac883fbd917998e179c8a44ec40e2\" id=\"yui_3_17_2_1_1714734998738_1049\">La Feria Andaluza de Tecnolog\u00eda es un encuentro de car\u00e1cter anual donde el alumnado tiene la oportunidad de mostrar el trabajo que en el \u00e1mbito cient\u00edfico-tecnol\u00f3gico han desarrollado durante el curso escolar. Un trabajo fruto del esfuerzo colectivo que potencia la colaboraci\u00f3n entre grupos de estudiantes para el desarrollo de proyectos que favorezcan la cultura del emprendimiento, el esfuerzo, la creatividad y la innovaci\u00f3n.<\/p>\n\n\n\n<p class=\"has-black-color has-text-color has-link-color has-small-font-size wp-elements-9039aa92852f90df8c05c1a861987a51\">La Feria se constituye en un entorno donde compartir experiencias e inquietudes, conocer nuevas v\u00edas para desarrollar sus actitudes e intereses y reconocer el trabajo realizado por los estudiantes. Todo ello en un ambiente donde se fomenta el acercamiento del conocimiento cient\u00edfico-tecnol\u00f3gico, incentivando el emprendimiento y la innovaci\u00f3n mediante la participaci\u00f3n y colaboraci\u00f3n de las diferentes instituciones, las escuelas t\u00e9cnicas y facultades, la universidad, las empresas y asociaciones, as\u00ed como, con la participaci\u00f3n del alumnado, profesorado y personal investigador que colaboran en el desarrollo del evento.<\/p>\n\n\n\n<p class=\"has-black-color has-text-color has-link-color has-small-font-size wp-elements-976348c3799eab83b8c6147d70e63e65\">Los participantes muestran sus artefactos y proyectos f\u00edsicos o digitales durante el desarrollo de la muestra, compartiendo experiencias y conocimiento con el resto de asistentes y visitantes.<\/p>\n\n\n\n<p class=\"has-black-color has-text-color has-link-color has-small-font-size wp-elements-b94c496a358e71ac9b7c4266b0ce439a\">En definitiva se trata de reconocer su trabajo y mostrarles las posibilidades que se les presentan si contin\u00faan desarrollando su potencial en el \u00e1mbito STEM (Ciencias, Tecnolog\u00edas, Matem\u00e1ticas e Ingenier\u00edas).<\/p>\n\n\n\n<ul id=\"yui_3_17_2_1_1714129790936_1040\">\n<li><strong>Fecha<\/strong>: mayo<\/li>\n<\/ul>\n\n\n\n<div class=\"wp-block-buttons is-layout-flex wp-block-buttons-is-layout-flex\">\n<div class=\"wp-block-button\"><a class=\"wp-block-button__link wp-element-button\" href=\"https:\/\/www.feriadetecnologia.com\/\"><strong>+ info<\/strong><\/a><\/div>\n<\/div>\n<\/div>\n<\/div>\n\n\n\n<p><\/p>\n\n\n\n<p><\/p>\n\n\n\n<p><\/p>\n","protected":false},"excerpt":{"rendered":"<p>\u00bfQu\u00e9 son? Existe vida m\u00e1s all\u00e1 de los muros de los centros, ya sean colegios o institutos. La participaci\u00f3n en eventos divulgativos puede ser una estupenda idea para poner en pr\u00e1ctica lo aprendido, difundirlo y crear nuevas relaciones. Existen eventos de todo tipo, se pueden clasificar en f\u00edsicos y virtuales. La participaci\u00f3n en estos, a &hellip; <a href=\"https:\/\/blogsaverroes.juntadeandalucia.es\/aeea\/las-ferias-divulgativas\/\" class=\"more-link\">Sigue leyendo <span class=\"screen-reader-text\">Las  ferias divulgativas<\/span><\/a><\/p>\n","protected":false},"author":3767,"featured_media":0,"parent":0,"menu_order":0,"comment_status":"closed","ping_status":"closed","template":"","meta":{"ngg_post_thumbnail":0,"footnotes":""},"aioseo_notices":[],"_links":{"self":[{"href":"https:\/\/blogsaverroes.juntadeandalucia.es\/aeea\/wp-json\/wp\/v2\/pages\/566"}],"collection":[{"href":"https:\/\/blogsaverroes.juntadeandalucia.es\/aeea\/wp-json\/wp\/v2\/pages"}],"about":[{"href":"https:\/\/blogsaverroes.juntadeandalucia.es\/aeea\/wp-json\/wp\/v2\/types\/page"}],"author":[{"embeddable":true,"href":"https:\/\/blogsaverroes.juntadeandalucia.es\/aeea\/wp-json\/wp\/v2\/users\/3767"}],"replies":[{"embeddable":true,"href":"https:\/\/blogsaverroes.juntadeandalucia.es\/aeea\/wp-json\/wp\/v2\/comments?post=566"}],"version-history":[{"count":0,"href":"https:\/\/blogsaverroes.juntadeandalucia.es\/aeea\/wp-json\/wp\/v2\/pages\/566\/revisions"}],"wp:attachment":[{"href":"https:\/\/blogsaverroes.juntadeandalucia.es\/aeea\/wp-json\/wp\/v2\/media?parent=566"}],"curies":[{"name":"wp","href":"https:\/\/api.w.org\/{rel}","templated":true}]}}