{"id":568,"date":"2024-04-26T13:35:44","date_gmt":"2024-04-26T11:35:44","guid":{"rendered":"https:\/\/agenciaeducativaespacialandalucia.wordpress.com\/?page_id=41"},"modified":"2024-05-12T19:06:12","modified_gmt":"2024-05-12T19:06:12","slug":"guias-didacticas","status":"publish","type":"page","link":"https:\/\/blogsaverroes.juntadeandalucia.es\/aeea\/guias-didacticas\/","title":{"rendered":"Gu\u00edas did\u00e1cticas de ESERO"},"content":{"rendered":"\n<p><\/p>\n\n\n\n<div class=\"wp-block-group alignfull is-content-justification-center is-layout-constrained wp-container-core-group-layout-1 wp-block-group-is-layout-constrained\" style=\"margin-top:0;margin-bottom:0;padding-top:calc( 0.5 * var(--wp--style--root--padding-right, var(--wp--custom--gap--horizontal)));padding-right:var(--wp--style--root--padding-right, var(--wp--custom--gap--horizontal));padding-bottom:calc( 0.5 * var(--wp--style--root--padding-right, var(--wp--custom--gap--horizontal)));padding-left:var(--wp--style--root--padding-left, var(--wp--custom--gap--horizontal))\"><div class=\"wp-block-group__inner-container\">\n<div style=\"height:calc( 0.25 * var(--wp--style--root--padding-right, var(--wp--custom--gap--horizontal)))\" aria-hidden=\"true\" class=\"wp-block-spacer\"><\/div>\n\n\n<div class=\"wp-block-image\">\n<figure class=\"aligncenter size-full is-resized\"><img decoding=\"async\" src=\"https:\/\/agenciaeducativaespacialandalucia.files.wordpress.com\/2024\/04\/imagen-02_obtencion_camara_infrarroja.jpg\" alt=\"\" class=\"wp-image-46\" style=\"width:376px;height:auto\" \/><\/figure><\/div>\n\n\n<div style=\"height:0px\" aria-hidden=\"true\" class=\"wp-block-spacer\"><\/div>\n\n\n\n<h2 class=\"wp-block-heading has-text-align-center has-medium-font-size\">\u00bfQ\u00daE OFRECEN?<\/h2>\n\n\n\n<div style=\"height:var(--wp--preset--spacing--50)\" aria-hidden=\"true\" class=\"wp-block-spacer\"><\/div>\n<\/div><\/div>\n\n\n\n<div class=\"wp-block-group alignfull is-content-justification-center is-layout-constrained wp-block-group-is-layout-constrained\" style=\"margin-top:0;margin-bottom:0;padding-top:calc( 0.5 * var(--wp--style--root--padding-right, var(--wp--custom--gap--horizontal)));padding-right:var(--wp--style--root--padding-right, var(--wp--custom--gap--horizontal));padding-bottom:calc( 0.5 * var(--wp--style--root--padding-right, var(--wp--custom--gap--horizontal)));padding-left:var(--wp--style--root--padding-left, var(--wp--custom--gap--horizontal))\"><div class=\"wp-block-group__inner-container\">\n<div class=\"wp-block-columns alignwide is-layout-flex wp-container-core-columns-layout-1 wp-block-columns-is-layout-flex\" style=\"padding-top:var(--wp--preset--spacing--10);padding-bottom:var(--wp--preset--spacing--10)\">\n<div class=\"wp-block-column is-layout-flow wp-block-column-is-layout-flow\">\n<p>Las <a href=\"https:\/\/esero.es\/tipo-recurso\/guia\">gu\u00edas did\u00e1cticas<\/a> ofrecen la posibilidad de trabajar un centro de inter\u00e9s aeroespacial de forma estructurada. Todas ellas cuentan con un apartado de planteamiento did\u00e1ctico para el docente, y otra preparada para utilizar directamente con el alumnado.<\/p>\n\n\n\n<p>Est\u00e1n clasificadas por nivel y disciplina, si bien son adaptables a otros niveles, utilizando los mismos centros de inter\u00e9s y planteamiento did\u00e1ctico:<\/p>\n\n\n\n<p><\/p>\n\n\n\n<p>Especialmente recomendables para adaptar a los primeros niveles de la Educaci\u00f3n Secundaria, son:<\/p>\n\n\n\n<ul>\n<li><a href=\"https:\/\/esero.es\/recurso\/lanzamiento-de-cohetes\/\" target=\"_blank\" rel=\"noreferrer noopener\">Lanzamiento de cohetes<\/a>, en la que el alumnado investiga c\u00f3mo dise\u00f1ar el mejor cohete con materiales a su alcance.<\/li>\n\n\n\n<li><a href=\"https:\/\/esero.es\/recurso\/la-constitucion-lunar\/\" target=\"_blank\" rel=\"noreferrer noopener\">La constituci\u00f3n lunar<\/a>, porque da una perspectiva de c\u00f3mo la investigaci\u00f3n aeroespacial tiene tambi\u00e9n impacto en las disciplinas de las Ciencias Sociales.<\/li>\n\n\n\n<li><a href=\"https:\/\/esero.es\/recurso\/mano-bionica\/\" target=\"_blank\" rel=\"noreferrer noopener\">La mano bi\u00f3nica<\/a>, que convierte al alumnado en ingenieros con materiales simples pero efectivos.<\/li>\n<\/ul>\n<\/div>\n<\/div>\n<\/div><\/div>\n\n\n\n<div class=\"wp-block-group alignfull is-content-justification-center is-layout-constrained wp-block-group-is-layout-constrained\" style=\"margin-top:0;margin-bottom:0;padding-top:calc( 0.5 * var(--wp--style--root--padding-right, var(--wp--custom--gap--horizontal)));padding-right:var(--wp--style--root--padding-right, var(--wp--custom--gap--horizontal));padding-bottom:calc( 0.5 * var(--wp--style--root--padding-right, var(--wp--custom--gap--horizontal)));padding-left:var(--wp--style--root--padding-left, var(--wp--custom--gap--horizontal))\"><div class=\"wp-block-group__inner-container\">\n<div style=\"height:calc( 0.25 * var(--wp--style--root--padding-right, var(--wp--custom--gap--horizontal)))\" aria-hidden=\"true\" class=\"wp-block-spacer\"><\/div>\n\n\n\n<div style=\"height:var(--wp--preset--spacing--30)\" aria-hidden=\"true\" class=\"wp-block-spacer\"><\/div>\n<\/div><\/div>\n","protected":false},"excerpt":{"rendered":"<p>\u00bfQ\u00daE OFRECEN? Las gu\u00edas did\u00e1cticas ofrecen la posibilidad de trabajar un centro de inter\u00e9s aeroespacial de forma estructurada. Todas ellas cuentan con un apartado de planteamiento did\u00e1ctico para el docente, y otra preparada para utilizar directamente con el alumnado. Est\u00e1n clasificadas por nivel y disciplina, si bien son adaptables a otros niveles, utilizando los mismos &hellip; <a href=\"https:\/\/blogsaverroes.juntadeandalucia.es\/aeea\/guias-didacticas\/\" class=\"more-link\">Sigue leyendo <span class=\"screen-reader-text\">Gu\u00edas did\u00e1cticas de ESERO<\/span><\/a><\/p>\n","protected":false},"author":3767,"featured_media":0,"parent":0,"menu_order":0,"comment_status":"closed","ping_status":"closed","template":"","meta":{"ngg_post_thumbnail":0,"footnotes":""},"aioseo_notices":[],"_links":{"self":[{"href":"https:\/\/blogsaverroes.juntadeandalucia.es\/aeea\/wp-json\/wp\/v2\/pages\/568"}],"collection":[{"href":"https:\/\/blogsaverroes.juntadeandalucia.es\/aeea\/wp-json\/wp\/v2\/pages"}],"about":[{"href":"https:\/\/blogsaverroes.juntadeandalucia.es\/aeea\/wp-json\/wp\/v2\/types\/page"}],"author":[{"embeddable":true,"href":"https:\/\/blogsaverroes.juntadeandalucia.es\/aeea\/wp-json\/wp\/v2\/users\/3767"}],"replies":[{"embeddable":true,"href":"https:\/\/blogsaverroes.juntadeandalucia.es\/aeea\/wp-json\/wp\/v2\/comments?post=568"}],"version-history":[{"count":1,"href":"https:\/\/blogsaverroes.juntadeandalucia.es\/aeea\/wp-json\/wp\/v2\/pages\/568\/revisions"}],"predecessor-version":[{"id":632,"href":"https:\/\/blogsaverroes.juntadeandalucia.es\/aeea\/wp-json\/wp\/v2\/pages\/568\/revisions\/632"}],"wp:attachment":[{"href":"https:\/\/blogsaverroes.juntadeandalucia.es\/aeea\/wp-json\/wp\/v2\/media?parent=568"}],"curies":[{"name":"wp","href":"https:\/\/api.w.org\/{rel}","templated":true}]}}