{"id":575,"date":"2024-05-03T13:28:14","date_gmt":"2024-05-03T11:28:14","guid":{"rendered":"https:\/\/agenciaeducativaespacialandalucia.wordpress.com\/?page_id=235"},"modified":"2024-05-03T13:28:14","modified_gmt":"2024-05-03T11:28:14","slug":"astro-pi","status":"publish","type":"page","link":"https:\/\/blogsaverroes.juntadeandalucia.es\/aeea\/astro-pi\/","title":{"rendered":"Astro pi"},"content":{"rendered":"\n<div class=\"wp-block-group alignfull is-content-justification-center is-layout-constrained wp-block-group-is-layout-constrained\" style=\"margin-top:0;margin-bottom:0;padding-top:calc( 0.5 * var(--wp--style--root--padding-right, var(--wp--custom--gap--horizontal)));padding-right:var(--wp--style--root--padding-right, var(--wp--custom--gap--horizontal));padding-bottom:calc( 0.5 * var(--wp--style--root--padding-right, var(--wp--custom--gap--horizontal)));padding-left:var(--wp--style--root--padding-left, var(--wp--custom--gap--horizontal))\"><div class=\"wp-block-group__inner-container\">\n<div style=\"height:var(--wp--preset--spacing--20)\" aria-hidden=\"true\" class=\"wp-block-spacer\"><\/div>\n\n\n\n<div class=\"wp-block-columns alignwide is-layout-flex wp-container-core-columns-layout-1 wp-block-columns-is-layout-flex\" style=\"margin-top:var(--wp--preset--spacing--30);margin-bottom:var(--wp--preset--spacing--30)\">\n<div class=\"wp-block-column is-layout-flow wp-block-column-is-layout-flow\">\n<p>ASTRO PI<\/p>\n\n\n\n<p>Astro Pi es un proyecto de ESA Education en colaboraci\u00f3n con la Fundaci\u00f3n Raspberry Pi. El proyecto Astro Pi ofrece a estudiantes la incre\u00edble oportunidad de realizar investigaciones cient\u00edficas en el espacio, escribiendo programas inform\u00e1ticos que se ejecutan en computadoras Raspberry Pi a bordo de la Estaci\u00f3n Espacial Internacional.<\/p>\n\n\n\n<p>Astro Pi se compone de dos niveles de complejidad: Mission Zero y Mission Space Lab.<\/p>\n\n\n\n<figure class=\"wp-block-image size-large\"><img decoding=\"async\" src=\"https:\/\/blogsaverroes.juntadeandalucia.es\/aeea\/files\/2024\/05\/imagen-1.png?w=1024\" alt=\"\" class=\"wp-image-251\" \/><\/figure>\n\n\n\n<p><strong>1. Mission Zero<\/strong><br><\/p>\n\n\n\n<p>Mission Zero es un reto de programaci\u00f3n sencillo para enviar un mensaje a astronautas de la Estaci\u00f3n Espacial Internacional (ISS). Es ideal para principiantes y se puede completar en una sesi\u00f3n de 60 minutos. Todos los participantes recibir\u00e1n un certificado de que su programa se ha ejecutado en la ISS.<\/p>\n\n\n\n<p id=\"yui_3_17_2_1_1714735092860_1044\">El desaf\u00edo es escribir un programa para que el Astro Pi muestre un mensaje por la pantalla de LEDs y lea la humedad. \u00a1Todos los participantes tambi\u00e9n recibir\u00e1n un certificado especial en el que se indica d\u00f3nde estaba exactamente la ISS cuando se ejecuta el c\u00f3digo!<\/p>\n\n\n\n<p><\/p>\n\n\n\n<p><\/p>\n\n\n\n<p><strong><img loading=\"lazy\" decoding=\"async\" width=\"600\" height=\"600\" src=\"https:\/\/lh7-us.googleusercontent.com\/QIAfdMs2V0hr2NP_UeFoVehlwCq58emCsK_gO_v6yQ6Iz90e5LNHX6zHRh_o2ZCuwlZDdFYNpq90NN_lk0DT6mPYyXMFII69OY8-qYGupP47LfNbIwtzb8qiy1fguFuG8LKnPhK3k2zN0_y8qI4XzPU\"><\/strong><\/p>\n\n\n\n<ul>\n<li><strong>Participantes: <\/strong>Individual o por equipos de hasta 4 estudiantes<\/li>\n\n\n\n<li><strong>Nivel de complejidad:\u00a0<\/strong>Principiantes<\/li>\n\n\n\n<li><strong>Herramienta<\/strong>: Simulador trinket Astro Pi \u2013 Zero<\/li>\n\n\n\n<li><strong>Rango de edad:\u00a0<\/strong>Hasta 19 a\u00f1os<\/li>\n\n\n\n<li><strong>Inscripciones:\u00a0<\/strong>Hasta el 17 de marzo de 2023<\/li>\n\n\n\n<li><strong>Gu\u00eda paso a paso:<\/strong> <a href=\"https:\/\/projects.raspberrypi.org\/es-ES\/projects\/astro-pi-mission-zero\/0\" target=\"_blank\" rel=\"noreferrer noopener\">Gu\u00eda Misi\u00f3n Zero<\/a><\/li>\n<\/ul>\n\n\n\n<p id=\"yui_3_17_2_1_1714735092860_1044\">2. Mission Space Lab<\/p>\n\n\n\n<p>Mission Space Lab ofrece la oportunidad de realizar experimentos cient\u00edficos a bordo de la Estaci\u00f3n Espacial Internacional (ISS). Este proyecto se desarrolla a lo largo de todo el curso en cuatro fases, desde el registro de ideas hasta el an\u00e1lisis de datos.<\/p>\n\n\n\n<p>El desaf\u00edo es dise\u00f1ar y escribir un programa para un experimento cient\u00edfico que mejore nuestra comprensi\u00f3n de la vida en la Tierra o la vida en el espacio. Las ideas seleccionadas se ejecutar\u00e1n en los Astro Pi de la ISS y los equipos tendr\u00e1n la oportunidad de analizar e informar sobre sus resultados.<\/p>\n\n\n\n<figure class=\"wp-block-image size-large\"><img loading=\"lazy\" decoding=\"async\" width=\"600\" height=\"600\" src=\"https:\/\/blogsaverroes.juntadeandalucia.es\/aeea\/files\/2024\/05\/imagen-2.png?w=600\" alt=\"\" class=\"wp-image-275\" srcset=\"https:\/\/blogsaverroes.juntadeandalucia.es\/aeea\/files\/2024\/05\/imagen-2.png 600w, https:\/\/blogsaverroes.juntadeandalucia.es\/aeea\/files\/2024\/05\/imagen-2-300x300.png 300w, https:\/\/blogsaverroes.juntadeandalucia.es\/aeea\/files\/2024\/05\/imagen-2-150x150.png 150w\" sizes=\"(max-width: 600px) 100vw, 600px\" \/><\/figure>\n<\/div>\n<\/div>\n\n\n\n<div style=\"height:var(--wp--preset--spacing--20)\" aria-hidden=\"true\" class=\"wp-block-spacer\"><\/div>\n\n\n\n<div class=\"wp-block-group alignfull is-layout-constrained wp-block-group-is-layout-constrained\" style=\"margin-top:var(--wp--preset--spacing--30);margin-bottom:var(--wp--preset--spacing--30);padding-top:var(--wp--preset--spacing--10);padding-right:var(--wp--preset--spacing--40);padding-bottom:var(--wp--preset--spacing--10);padding-left:var(--wp--preset--spacing--40)\"><div class=\"wp-block-group__inner-container\">\n<div class=\"wp-block-columns alignwide is-layout-flex wp-container-core-columns-layout-2 wp-block-columns-is-layout-flex\">\n<div class=\"wp-block-column is-layout-flow wp-block-column-is-layout-flow\" style=\"flex-basis:66.66%\"><\/div>\n<\/div>\n<\/div><\/div>\n\n\n\n<div style=\"height:0\" aria-hidden=\"true\" class=\"wp-block-spacer\"><\/div>\n<\/div><\/div>\n\n\n\n<ul>\n<li><strong>Participantes:\u00a0<\/strong>Por equipos de 2 a 6 estudiantes<\/li>\n\n\n\n<li><strong>Nivel de complejidad:\u00a0<\/strong>Intermedio<\/li>\n\n\n\n<li><strong>Herramienta<\/strong>: Simulador trinket Astro Pi y Astro Pi kit<\/li>\n\n\n\n<li><strong>Rango de edad:\u00a0<\/strong>Hasta 19 a\u00f1os<\/li>\n\n\n\n<li><strong>Inscripciones:\u00a0<\/strong>Ideas hasta el 28 de octubre de 2022<\/li>\n\n\n\n<li><strong>Gu\u00eda paso a paso:<\/strong>\u00a0<a href=\"https:\/\/projects.raspberrypi.org\/en\/projects\/code-for-your-astro-pi-mission-space-lab-experiment\" target=\"_blank\" rel=\"noreferrer noopener\">Gu\u00eda Misi\u00f3n Space Lab<\/a> (solo en ingl\u00e9s)<\/li>\n<\/ul>\n\n\n\n<p><strong>Ideas estrella:<\/strong><\/p>\n\n\n\n<p>No olvides consultar las gu\u00edas asociadas en PDF (m\u00f3dulo 3)<\/p>\n\n\n\n<ul>\n<li><a href=\"https:\/\/educacionadistancia.juntadeandalucia.es\/profesorado\/pluginfile.php\/1600974\/mod_folder\/content\/0\/25%20Gu%C3%ADa%20did%C3%A1ctica%20Astro%20Pi.%20Ponte%20en%20marcha%20con%20Astro%20Pi.pdf\" target=\"_blank\" rel=\"noreferrer noopener\">Ponte en marcha con Astro Pi<\/a><\/li>\n\n\n\n<li><a href=\"https:\/\/educacionadistancia.juntadeandalucia.es\/profesorado\/pluginfile.php\/1600974\/mod_folder\/content\/0\/23%20Gu%C3%ADa%20did%C3%A1ctica%20Astro%20Pi.%20Recopila%20datos%20con%20Astro%20Pi.pdf\" target=\"_blank\" rel=\"noreferrer noopener\">Recopila datos con Astro Pi<\/a><\/li>\n\n\n\n<li><a href=\"https:\/\/educacionadistancia.juntadeandalucia.es\/profesorado\/pluginfile.php\/1600974\/mod_folder\/content\/0\/22%20Gu%C3%ADa%20did%C3%A1ctica%20Astro%20Pi.%20Conoce%20la%20placa%20Sense%20HAT.pdf\" target=\"_blank\" rel=\"noreferrer noopener\">Conoce la placa Sense HAT<\/a><\/li>\n\n\n\n<li><a href=\"https:\/\/educacionadistancia.juntadeandalucia.es\/profesorado\/pluginfile.php\/1600974\/mod_folder\/content\/0\/24%20Gu%C3%ADa%20did%C3%A1ctica%20Astro%20Pi.%20Conoce%20las%20c%C3%A1maras%20de%20Astro%20Pi.pdf\" target=\"_blank\" rel=\"noreferrer noopener\">Conoce las c\u00e1maras de Astro Pi<\/a><\/li>\n<\/ul>\n\n\n\n<p><\/p>\n","protected":false},"excerpt":{"rendered":"<p>ASTRO PI Astro Pi es un proyecto de ESA Education en colaboraci\u00f3n con la Fundaci\u00f3n Raspberry Pi. El proyecto Astro Pi ofrece a estudiantes la incre\u00edble oportunidad de realizar investigaciones cient\u00edficas en el espacio, escribiendo programas inform\u00e1ticos que se ejecutan en computadoras Raspberry Pi a bordo de la Estaci\u00f3n Espacial Internacional. Astro Pi se compone &hellip; <a href=\"https:\/\/blogsaverroes.juntadeandalucia.es\/aeea\/astro-pi\/\" class=\"more-link\">Sigue leyendo <span class=\"screen-reader-text\">Astro pi<\/span><\/a><\/p>\n","protected":false},"author":3767,"featured_media":0,"parent":0,"menu_order":0,"comment_status":"closed","ping_status":"closed","template":"","meta":{"ngg_post_thumbnail":0,"footnotes":""},"aioseo_notices":[],"_links":{"self":[{"href":"https:\/\/blogsaverroes.juntadeandalucia.es\/aeea\/wp-json\/wp\/v2\/pages\/575"}],"collection":[{"href":"https:\/\/blogsaverroes.juntadeandalucia.es\/aeea\/wp-json\/wp\/v2\/pages"}],"about":[{"href":"https:\/\/blogsaverroes.juntadeandalucia.es\/aeea\/wp-json\/wp\/v2\/types\/page"}],"author":[{"embeddable":true,"href":"https:\/\/blogsaverroes.juntadeandalucia.es\/aeea\/wp-json\/wp\/v2\/users\/3767"}],"replies":[{"embeddable":true,"href":"https:\/\/blogsaverroes.juntadeandalucia.es\/aeea\/wp-json\/wp\/v2\/comments?post=575"}],"version-history":[{"count":1,"href":"https:\/\/blogsaverroes.juntadeandalucia.es\/aeea\/wp-json\/wp\/v2\/pages\/575\/revisions"}],"predecessor-version":[{"id":677,"href":"https:\/\/blogsaverroes.juntadeandalucia.es\/aeea\/wp-json\/wp\/v2\/pages\/575\/revisions\/677"}],"wp:attachment":[{"href":"https:\/\/blogsaverroes.juntadeandalucia.es\/aeea\/wp-json\/wp\/v2\/media?parent=575"}],"curies":[{"name":"wp","href":"https:\/\/api.w.org\/{rel}","templated":true}]}}