{"id":634,"date":"2024-05-12T19:16:32","date_gmt":"2024-05-12T19:16:32","guid":{"rendered":"https:\/\/blogsaverroes.juntadeandalucia.es\/aeea\/?page_id=634"},"modified":"2024-05-13T08:47:58","modified_gmt":"2024-05-13T08:47:58","slug":"cansat","status":"publish","type":"page","link":"https:\/\/blogsaverroes.juntadeandalucia.es\/aeea\/cansat\/","title":{"rendered":"Cansat"},"content":{"rendered":"<p>El desaf\u00edo <a href=\"https:\/\/esero.es\/cansat-2\/\">CanSat<\/a> es una iniciativa de la Agencia Espacial Europea que desaf\u00eda a estudiantes de toda Europa a construir y lanzar un mini sat\u00e9lite del tama\u00f1o de una lata de refresco. Un CanSat es una simulaci\u00f3n de un sat\u00e9lite real, integrado dentro del volumen y la forma de una lata de refresco. El desaf\u00edo para los estudiantes es adaptar todos los subsistemas principales que se encuentran en un sat\u00e9lite, como la energ\u00eda, los sensores y un sistema de comunicaci\u00f3n, dentro de este espacio tan reducido \u00a1No olvides incluir el paraca\u00eddas! El CanSat debe recuperarse sano y salvo.<img loading=\"lazy\" decoding=\"async\" class=\"size-medium wp-image-636 aligncenter\" src=\"https:\/\/blogsaverroes.juntadeandalucia.es\/aeea\/files\/2024\/05\/2021-cansat-spain-1157x1440-1-241x300.png\" alt=\"\" width=\"241\" height=\"300\" srcset=\"https:\/\/blogsaverroes.juntadeandalucia.es\/aeea\/files\/2024\/05\/2021-cansat-spain-1157x1440-1-241x300.png 241w, https:\/\/blogsaverroes.juntadeandalucia.es\/aeea\/files\/2024\/05\/2021-cansat-spain-1157x1440-1-823x1024.png 823w, https:\/\/blogsaverroes.juntadeandalucia.es\/aeea\/files\/2024\/05\/2021-cansat-spain-1157x1440-1-768x956.png 768w, https:\/\/blogsaverroes.juntadeandalucia.es\/aeea\/files\/2024\/05\/2021-cansat-spain-1157x1440-1.png 1157w\" sizes=\"(max-width: 241px) 100vw, 241px\" \/><\/p>\n<p>Cuando el CanSat est\u00e1 listo, se introduce en un cohete, que lanza hasta una altitud de aproximadamente un kil\u00f3metro. Entonces comienza su misi\u00f3n. Durante la ca\u00edda se realiza un experimento cient\u00edfico y \/ o una demostraci\u00f3n tecnol\u00f3gica adem\u00e1s de lograr un aterrizaje seguro y analizar los datos recopilados.<\/p>\n<p>Recursos:<\/p>\n<p>Curso en abierto del Aula virtual formaci\u00f3n&nbsp; del profesor Pepe Alcaide: <a href=\"https:\/\/educacionadistancia.juntadeandalucia.es\/aulavirtual\/course\/view.php?id=1477\">EL CONCURSO CANSAT<\/a><\/p>\n<p>&nbsp;<a href=\"https:\/\/clubroboticagranada.github.io\/democratizandoCansat\/index.html\">Democratizando Cansat<\/a>.&nbsp; Documentaci\u00f3n desarrollada por <em>Pedro Ruiz<\/em>, siendo probada y puesta en pr\u00e1ctica por <em>Jos\u00e9 Luis Bueno<\/em> y el equipo CANSAT <em>\u00abVegaSteam\u00bb<\/em> del <em>IES Federico Garc\u00eda Lorca<\/em> de <em>Churriana de la Vega<\/em> (<em>Granada<\/em>).<\/p>\n<article id=\"id43\" class=\"iDevice_wrapper textIdevice\">\n<div class=\"iDevice emphasis0\">\n<div id=\"ta43_121_2\" class=\"block iDevice_content\">\n<div class=\"exe-text\">\n<ul>\n<li>Correcciones y ampliaci\u00f3n de documentaci\u00f3n sobre comunicaciones LoRa por <em>Jose Mar\u00eda Fern\u00e1ndez<\/em>.<\/li>\n<li>C\u00e1lculo de dise\u00f1o de paracaidas hemiesf\u00e9rico basado en la informaci\u00f3n pasada por <em>Pepe Alcaide<\/em>.<\/li>\n<li>Dise\u00f1o de estructura 3D de emisor CANSAT por&nbsp;equipo CANSAT \u00ab<em>VegaSteam<\/em>\u00bb del <em>IES Federico Garc\u00eda Lorca de Churriana de la Vega<\/em> (<em>Granada<\/em>).<\/li>\n<\/ul>\n<\/div>\n<\/div>\n<\/div>\n<\/article>\n","protected":false},"excerpt":{"rendered":"<p>El desaf\u00edo CanSat es una iniciativa de la Agencia Espacial Europea que desaf\u00eda a estudiantes de toda Europa a construir y lanzar un mini sat\u00e9lite del tama\u00f1o de una lata de refresco. Un CanSat es una simulaci\u00f3n de un sat\u00e9lite real, integrado dentro del volumen y la forma de una lata de refresco. El desaf\u00edo &hellip; <a href=\"https:\/\/blogsaverroes.juntadeandalucia.es\/aeea\/cansat\/\" class=\"more-link\">Sigue leyendo <span class=\"screen-reader-text\">Cansat<\/span><\/a><\/p>\n","protected":false},"author":3767,"featured_media":0,"parent":0,"menu_order":0,"comment_status":"closed","ping_status":"closed","template":"","meta":{"ngg_post_thumbnail":0,"footnotes":""},"aioseo_notices":[],"_links":{"self":[{"href":"https:\/\/blogsaverroes.juntadeandalucia.es\/aeea\/wp-json\/wp\/v2\/pages\/634"}],"collection":[{"href":"https:\/\/blogsaverroes.juntadeandalucia.es\/aeea\/wp-json\/wp\/v2\/pages"}],"about":[{"href":"https:\/\/blogsaverroes.juntadeandalucia.es\/aeea\/wp-json\/wp\/v2\/types\/page"}],"author":[{"embeddable":true,"href":"https:\/\/blogsaverroes.juntadeandalucia.es\/aeea\/wp-json\/wp\/v2\/users\/3767"}],"replies":[{"embeddable":true,"href":"https:\/\/blogsaverroes.juntadeandalucia.es\/aeea\/wp-json\/wp\/v2\/comments?post=634"}],"version-history":[{"count":4,"href":"https:\/\/blogsaverroes.juntadeandalucia.es\/aeea\/wp-json\/wp\/v2\/pages\/634\/revisions"}],"predecessor-version":[{"id":679,"href":"https:\/\/blogsaverroes.juntadeandalucia.es\/aeea\/wp-json\/wp\/v2\/pages\/634\/revisions\/679"}],"wp:attachment":[{"href":"https:\/\/blogsaverroes.juntadeandalucia.es\/aeea\/wp-json\/wp\/v2\/media?parent=634"}],"curies":[{"name":"wp","href":"https:\/\/api.w.org\/{rel}","templated":true}]}}