{"id":694,"date":"2024-05-16T10:34:02","date_gmt":"2024-05-16T10:34:02","guid":{"rendered":"https:\/\/blogsaverroes.juntadeandalucia.es\/aeea\/?page_id=694"},"modified":"2024-05-16T10:34:20","modified_gmt":"2024-05-16T10:34:20","slug":"ia-machine-learning-y-atencion-domiciliaria","status":"publish","type":"page","link":"https:\/\/blogsaverroes.juntadeandalucia.es\/aeea\/ia-machine-learning-y-atencion-domiciliaria\/","title":{"rendered":"IA , Machine learning y atenci\u00f3n domiciliaria"},"content":{"rendered":"<p>Jos\u00e9 Manuel Linares comparte su experiencia trabajando con Learning ML la&nbsp; tem\u00e1tica aeroespacial , para un alumno de atenci\u00f3n domiciliaria de 4\u00ba ESO<\/p>\n<p><iframe loading=\"lazy\" src=\"\/\/www.youtube.com\/embed\/EOyT0xCpZzQ\" width=\"560\" height=\"314\"><\/iframe><\/p>\n","protected":false},"excerpt":{"rendered":"<p>Jos\u00e9 Manuel Linares comparte su experiencia trabajando con Learning ML la&nbsp; tem\u00e1tica aeroespacial , para un alumno de atenci\u00f3n domiciliaria de 4\u00ba ESO<\/p>\n","protected":false},"author":3767,"featured_media":0,"parent":0,"menu_order":0,"comment_status":"closed","ping_status":"closed","template":"","meta":{"ngg_post_thumbnail":0,"footnotes":""},"aioseo_notices":[],"_links":{"self":[{"href":"https:\/\/blogsaverroes.juntadeandalucia.es\/aeea\/wp-json\/wp\/v2\/pages\/694"}],"collection":[{"href":"https:\/\/blogsaverroes.juntadeandalucia.es\/aeea\/wp-json\/wp\/v2\/pages"}],"about":[{"href":"https:\/\/blogsaverroes.juntadeandalucia.es\/aeea\/wp-json\/wp\/v2\/types\/page"}],"author":[{"embeddable":true,"href":"https:\/\/blogsaverroes.juntadeandalucia.es\/aeea\/wp-json\/wp\/v2\/users\/3767"}],"replies":[{"embeddable":true,"href":"https:\/\/blogsaverroes.juntadeandalucia.es\/aeea\/wp-json\/wp\/v2\/comments?post=694"}],"version-history":[{"count":2,"href":"https:\/\/blogsaverroes.juntadeandalucia.es\/aeea\/wp-json\/wp\/v2\/pages\/694\/revisions"}],"predecessor-version":[{"id":697,"href":"https:\/\/blogsaverroes.juntadeandalucia.es\/aeea\/wp-json\/wp\/v2\/pages\/694\/revisions\/697"}],"wp:attachment":[{"href":"https:\/\/blogsaverroes.juntadeandalucia.es\/aeea\/wp-json\/wp\/v2\/media?parent=694"}],"curies":[{"name":"wp","href":"https:\/\/api.w.org\/{rel}","templated":true}]}}