{"id":715,"date":"2024-11-04T15:59:39","date_gmt":"2024-11-04T15:59:39","guid":{"rendered":"https:\/\/blogsaverroes.juntadeandalucia.es\/aeea\/?page_id=715"},"modified":"2024-11-04T15:59:39","modified_gmt":"2024-11-04T15:59:39","slug":"propuesta-de-proyectos-integrados-para-mi-ies","status":"publish","type":"page","link":"https:\/\/blogsaverroes.juntadeandalucia.es\/aeea\/propuesta-de-proyectos-integrados-para-mi-ies\/","title":{"rendered":"Propuesta de proyectos integrados para mi IES"},"content":{"rendered":"<p><img loading=\"lazy\" decoding=\"async\" class=\"alignnone wp-image-716 size-full\" src=\"https:\/\/blogsaverroes.juntadeandalucia.es\/aeea\/files\/2024\/11\/Twitter-Post-Photo-Collage-2.jpg\" alt=\"\" width=\"1024\" height=\"512\" srcset=\"https:\/\/blogsaverroes.juntadeandalucia.es\/aeea\/files\/2024\/11\/Twitter-Post-Photo-Collage-2.jpg 1024w, https:\/\/blogsaverroes.juntadeandalucia.es\/aeea\/files\/2024\/11\/Twitter-Post-Photo-Collage-2-300x150.jpg 300w, https:\/\/blogsaverroes.juntadeandalucia.es\/aeea\/files\/2024\/11\/Twitter-Post-Photo-Collage-2-768x384.jpg 768w\" sizes=\"(max-width: 1024px) 100vw, 1024px\" \/><\/p>\n<p>&nbsp;<\/p>\n<p>Se han dise\u00f1ado <a href=\"https:\/\/docs.google.com\/document\/d\/1CnjgWLbdwGn1cjPTeHRJMHye4iQlJvnQlkrOhlOTjBk\/edit?usp=sharing\">7 propuestas<\/a> para incluir en el Proyecto de centro la tem\u00e1tica espacial de forma integral, curricular y participativa.<\/p>\n<ul>\n<li>\u00bfY si empezamos de cero? ODS espaciales<\/li>\n<li>Actividad para el plan de lectura.<\/li>\n<li>Climograma. Terraformando Marte.<\/li>\n<li>\u00bfQu\u00e9 ves?<\/li>\n<li>Esto ya ha pasado<\/li>\n<li>Moda y arquitectura.<\/li>\n<li>Volamos.<\/li>\n<\/ul>\n<h2>\u00bfY si empezamos de cero? ODS espaciales?<\/h2>\n<p><strong>Propuesta de trabajar la convivencia y prevenci\u00f3n de conflictos.&nbsp; Debate y elaboraci\u00f3n de una propuesta de Constituci\u00f3n lunar \/ Marte.<\/strong><\/p>\n<p>Orientaci\u00f3n: la inclusi\u00f3n, con traducci\u00f3n a braille, principios DUA, y los ODS. Mediaci\u00f3n.<\/p>\n<p>Geograf\u00eda e Historia: \u00bfqu\u00e9 fallos hemos cometido antes? \u00bfCu\u00e1ndo hemos colonizado?<\/p>\n<p>Biolog\u00eda y Geolog\u00eda:&nbsp; el ejemplo de la Ant\u00e1rtida. Virus, bacterias, vida. \u00bfQu\u00e9 enfermedades hemos llevado y tra\u00eddo de vuelta?<\/p>\n<p>Filosof\u00eda: \u00bfderecho natural o positivo? \u00bfA qui\u00e9n pertenece la Luna? \u00bfQu\u00e9 ciudadan\u00eda tendremos?<\/p>\n<p>Religi\u00f3n cat\u00f3lica y evang\u00e9lica: \u00bfecumenismo? \u00bflibertad de culto? \u00bfBio\u00e9tica&nbsp; y derechos animales?<\/p>\n<p>Fol \/ Econom\u00eda: \u00bfqu\u00e9 hemos aprendido del derecho mar\u00edtimo?<\/p>\n<h2>Actividad para el plan de lectura.<\/h2>\n<p><strong>Propuesta de lectura de libros steam.<\/strong><\/p>\n<p>Taurus. Salvar la Tierra (Premio Ja\u00e9n de Narrativa Juvenil 2021)<\/p>\n<p>De la tierra a la Luna.<\/p>\n<p>Franc\u00e9s: 20.000 leguas de viaje submarino: Cap\u00edtulo del Cesio para producir electricidad.<\/p>\n<h2>Climograma. Terraformando Marte.<\/h2>\n<p><strong>Conocer nuestro entorno como forma de aprender a conocer otros planetas.<\/strong><\/p>\n<p>Tutor\u00edas: con placas Microbit, el alumnado saldr\u00e1 a medir temperaturas en distintos puntos del centro. Se har\u00e1 un climograma, una peque\u00f1a base de datos y se comprobar\u00e1 la importancia de los \u00e1rboles en la lucha contra el cambio clim\u00e1tico y su importancia en otros planetas.&nbsp; Se recopilan datos de la estaci\u00f3n meteorol\u00f3gica de la que ya disponemos.<\/p>\n<p>Biolog\u00eda y Geolog\u00eda:&nbsp; acompa\u00f1a el reto estudiando la viabilidad de terraformar Marte. \u00bfPuede un \u00e1rbol crecer fuera de la tierra? \u00bfEs viable vivir all\u00ed?<\/p>\n<p>Inform\u00e1tica: uso de sensores de humedad, C02, etc. Instalaci\u00f3n y explotaci\u00f3n de datos de una estaci\u00f3n meteorol\u00f3gica.<\/p>\n<h2>\u00bfQu\u00e9 ves?<\/h2>\n<p><strong>Uso de im\u00e1genes satelitales de manera transversal.<\/strong><\/p>\n<p>Geograf\u00eda e Historia \/Econom\u00eda : usando im\u00e1genes por sat\u00e9lite se fomentar\u00e1 su uso en alumnado de Humanidades y Ciencias sociales. Casos de uso: detecci\u00f3n de yacimientos arqueol\u00f3gicos con LIDAR, usos del suelo, evoluci\u00f3n del Aljarafe a lo largo de los a\u00f1os , peso de la construcci\u00f3n en el PIB (vuelo americano &#8211; hasta el presente),&nbsp; estimaci\u00f3n de renta en base a la contaminaci\u00f3n lum\u00ednica\u2026.<\/p>\n<p>Biolog\u00eda y Geolog\u00eda:&nbsp; cambios en Do\u00f1ana, con especial inter\u00e9s en los problemas de sequ\u00eda y su concienciaci\u00f3n.<\/p>\n<p>Franc\u00e9s: importancia hist\u00f3rica de Francia en la carrera espacial: su peso en la ESA, bases de lanzamiento, cohetes Ariane, Toulouse como polo aeroespacial.<\/p>\n<h2>Esto ya ha pasado<\/h2>\n<p><strong>Conocer como en el pasado se han abordado aspectos aeroespaciales, astron\u00f3micos y cient\u00edficos.<\/strong><\/p>\n<p>F\u00edsica y Matem\u00e1ticas: medici\u00f3n del tiempo. <a href=\"https:\/\/drive.google.com\/file\/d\/1Gm9WmlJ6Ni0udV0X1xgpA0ReQd8IoizN\/view?usp=drive_link\">Construcci\u00f3n de un reloj de sol en papel.<\/a> <a href=\"https:\/\/www.youtube.com\/watch?v=pdrjUf_K1Ks\">Construcci\u00f3n de un P\u00e9ndulo de Foucault<\/a><\/p>\n<p>Inform\u00e1tica: impresi\u00f3n de modelo de <a href=\"https:\/\/cults3d.com\/es\/modelo-3d\/variado\/digital-sundial-nzmatthew\">reloj solar en 3D<\/a>.<\/p>\n<p>Geograf\u00eda e Historia: <a href=\"https:\/\/pares.mcu.es\/ParesBusquedas20\/catalogo\/show\/20853?nm\">Archiv\u00edstica cient\u00edfica con Pares<\/a>. IbnFirmas, paracaidista cordob\u00e9s del siglo IX. La importancia hist\u00f3rica de la determinaci\u00f3n de la longitud y latitud. Meridiano de la isla del Hierro. Cient\u00edficos ilustres: Jorge Juan y Antonio de Ulloa.<\/p>\n<p>Relojes de sol. Gimkana 7 relojes de la Catedral de Sevilla. Uso de reloj solar, al menos dos veces al a\u00f1o, coincidiendo con el cambio al horario de invierno y verano. \u00bfA qu\u00e9 hora est\u00e1 el sol m\u00e1s alto?<\/p>\n<p>Religi\u00f3n cat\u00f3lica y evang\u00e9lica:&nbsp; Pascua cristiana y equinoccio de primavera.<\/p>\n<p>Ingl\u00e9s y Franc\u00e9s: cient\u00edficos relevantes.<\/p>\n<p>Lat\u00edn y Griego: Bautizando planetas. Mitolog\u00eda y constelaciones. Cambio de astrolog\u00eda a Astronom\u00eda.&nbsp; Juego de cartas sobre planetas.<\/p>\n<h2>Moda y arquitectura<\/h2>\n<p><strong>Dise\u00f1o art\u00edstico y t\u00e9cnico de mobiliario, espacios, s\u00edmbolos.<\/strong><\/p>\n<p>Dibujo: dise\u00f1o de parches de astronautas, colores, logos, espacios como el interior de una casa en Marte.<\/p>\n<p>Tutor\u00eda: \u00bfc\u00f3mo organizar espacios? \u00bfQu\u00e9 importancia tienen las zonas comunes?<\/p>\n<p>Religi\u00f3n cat\u00f3lica y evang\u00e9lica: \u00bftemplos s\u00ed o no?<\/p>\n<p>Biolog\u00eda y Geolog\u00eda: estudio de casos de \u00e9xito: la Ant\u00e1rtida. Adaptaci\u00f3n al invierno austral.<\/p>\n<p>Se valorar\u00e1 la visita al <a href=\"https:\/\/fablabsevilla.us.es\/\">Fablab de la Universidad de Sevilla<\/a>, facultad de Arquitectura.&nbsp;<\/p>\n<p>&nbsp;<\/p>\n<h2><strong>Volamos<\/strong><\/h2>\n<p>Construcci\u00f3n de sat\u00e9lite Cansat.<\/p>\n<p><img loading=\"lazy\" decoding=\"async\" class=\"alignnone  wp-image-636\" src=\"https:\/\/blogsaverroes.juntadeandalucia.es\/aeea\/files\/2024\/05\/2021-cansat-spain-1157x1440-1-241x300.png\" alt=\"\" width=\"428\" height=\"533\" srcset=\"https:\/\/blogsaverroes.juntadeandalucia.es\/aeea\/files\/2024\/05\/2021-cansat-spain-1157x1440-1-241x300.png 241w, https:\/\/blogsaverroes.juntadeandalucia.es\/aeea\/files\/2024\/05\/2021-cansat-spain-1157x1440-1-823x1024.png 823w, https:\/\/blogsaverroes.juntadeandalucia.es\/aeea\/files\/2024\/05\/2021-cansat-spain-1157x1440-1-768x956.png 768w, https:\/\/blogsaverroes.juntadeandalucia.es\/aeea\/files\/2024\/05\/2021-cansat-spain-1157x1440-1.png 1157w\" sizes=\"(max-width: 428px) 100vw, 428px\" \/><\/p>\n<p>https:\/\/clubroboticagranada.github.io\/democratizandocansat2\/index.html<\/p>\n<p>El lanzamiento de globos al espacio desde el Aljarafe est\u00e1 limitado por las restricciones de espacio a\u00e9reo de la base militar del Copero y el aeropuerto de Sevilla. Por eso se propone sumarse a iniciativas ya existentes, en este caso Cansat.<\/p>\n<p>Ser\u00eda viable tratar de realizar una transmisi\u00f3n de datos intercentros, usando los componentes del sat\u00e9lite Cansat e incluso usar el globo aerost\u00e1tico de la Cartuja y la azotea de Torre Sevilla para una comunicaci\u00f3n en altura.<\/p>\n<p>El IES Antonio Gala de Palma del R\u00edo es un referente nacional con <a href=\"https:\/\/www.galasat.com\/\">Galasat<\/a>.<\/p>\n<p><img loading=\"lazy\" decoding=\"async\" class=\"alignnone  wp-image-721\" src=\"https:\/\/blogsaverroes.juntadeandalucia.es\/aeea\/files\/2024\/11\/Captura-desde-2024-11-04-16-58-42-300x67.png\" alt=\"\" width=\"667\" height=\"149\" srcset=\"https:\/\/blogsaverroes.juntadeandalucia.es\/aeea\/files\/2024\/11\/Captura-desde-2024-11-04-16-58-42-300x67.png 300w, https:\/\/blogsaverroes.juntadeandalucia.es\/aeea\/files\/2024\/11\/Captura-desde-2024-11-04-16-58-42-1024x230.png 1024w, https:\/\/blogsaverroes.juntadeandalucia.es\/aeea\/files\/2024\/11\/Captura-desde-2024-11-04-16-58-42-768x172.png 768w, https:\/\/blogsaverroes.juntadeandalucia.es\/aeea\/files\/2024\/11\/Captura-desde-2024-11-04-16-58-42.png 1084w\" sizes=\"(max-width: 667px) 100vw, 667px\" \/><\/p>\n<p>&nbsp;<\/p>\n","protected":false},"excerpt":{"rendered":"<p>&nbsp; Se han dise\u00f1ado 7 propuestas para incluir en el Proyecto de centro la tem\u00e1tica espacial de forma integral, curricular y participativa. \u00bfY si empezamos de cero? ODS espaciales Actividad para el plan de lectura. Climograma. Terraformando Marte. \u00bfQu\u00e9 ves? Esto ya ha pasado Moda y arquitectura. Volamos. \u00bfY si empezamos de cero? ODS espaciales? &hellip; <a href=\"https:\/\/blogsaverroes.juntadeandalucia.es\/aeea\/propuesta-de-proyectos-integrados-para-mi-ies\/\" class=\"more-link\">Sigue leyendo <span class=\"screen-reader-text\">Propuesta de proyectos integrados para mi IES<\/span><\/a><\/p>\n","protected":false},"author":3767,"featured_media":0,"parent":0,"menu_order":0,"comment_status":"closed","ping_status":"closed","template":"","meta":{"ngg_post_thumbnail":0,"footnotes":""},"aioseo_notices":[],"_links":{"self":[{"href":"https:\/\/blogsaverroes.juntadeandalucia.es\/aeea\/wp-json\/wp\/v2\/pages\/715"}],"collection":[{"href":"https:\/\/blogsaverroes.juntadeandalucia.es\/aeea\/wp-json\/wp\/v2\/pages"}],"about":[{"href":"https:\/\/blogsaverroes.juntadeandalucia.es\/aeea\/wp-json\/wp\/v2\/types\/page"}],"author":[{"embeddable":true,"href":"https:\/\/blogsaverroes.juntadeandalucia.es\/aeea\/wp-json\/wp\/v2\/users\/3767"}],"replies":[{"embeddable":true,"href":"https:\/\/blogsaverroes.juntadeandalucia.es\/aeea\/wp-json\/wp\/v2\/comments?post=715"}],"version-history":[{"count":5,"href":"https:\/\/blogsaverroes.juntadeandalucia.es\/aeea\/wp-json\/wp\/v2\/pages\/715\/revisions"}],"predecessor-version":[{"id":722,"href":"https:\/\/blogsaverroes.juntadeandalucia.es\/aeea\/wp-json\/wp\/v2\/pages\/715\/revisions\/722"}],"wp:attachment":[{"href":"https:\/\/blogsaverroes.juntadeandalucia.es\/aeea\/wp-json\/wp\/v2\/media?parent=715"}],"curies":[{"name":"wp","href":"https:\/\/api.w.org\/{rel}","templated":true}]}}