{"id":728,"date":"2025-02-08T08:05:08","date_gmt":"2025-02-08T08:05:08","guid":{"rendered":"https:\/\/blogsaverroes.juntadeandalucia.es\/aeea\/?page_id=728"},"modified":"2025-02-08T08:05:08","modified_gmt":"2025-02-08T08:05:08","slug":"libelulas","status":"publish","type":"page","link":"https:\/\/blogsaverroes.juntadeandalucia.es\/aeea\/libelulas\/","title":{"rendered":"L\u00edbelulas"},"content":{"rendered":"<p>Angy Slva, del CEIP Santo Domingo de Silos, de Bormujos propone estas tareas STEAM usando una<a href=\"https:\/\/blogsaverroes.juntadeandalucia.es\/aeea\/files\/2025\/02\/Libelula.pdf\"> lib\u00e9lula como hilo argumental.<\/a><\/p>\n<p><a href=\"https:\/\/blogsaverroes.juntadeandalucia.es\/aeea\/files\/2025\/02\/Libelula.pdf\"><img loading=\"lazy\" decoding=\"async\" class=\"size-medium wp-image-729 aligncenter\" src=\"https:\/\/blogsaverroes.juntadeandalucia.es\/aeea\/files\/2025\/02\/cartel-libelula-300x277.png\" alt=\"\" width=\"300\" height=\"277\" srcset=\"https:\/\/blogsaverroes.juntadeandalucia.es\/aeea\/files\/2025\/02\/cartel-libelula-300x277.png 300w, https:\/\/blogsaverroes.juntadeandalucia.es\/aeea\/files\/2025\/02\/cartel-libelula-768x708.png 768w, https:\/\/blogsaverroes.juntadeandalucia.es\/aeea\/files\/2025\/02\/cartel-libelula.png 874w\" sizes=\"(max-width: 300px) 100vw, 300px\" \/><\/a><\/p>\n<p>En primer lugar, debes saber que las naves espaciales est\u00e1n construidas con&nbsp; materiales \u201cno magn\u00e9ticos\u201d, \u00bfsabes por qu\u00e9?, pues porque de otra manera atraer\u00edan basura espacial, ya que en el universo tambi\u00e9n hay<br \/>\nrestos de objetos met\u00e1licos flotando. Imag\u00ednate si la nave fuese magn\u00e9tica, acabar\u00eda con un aspecto parecido a un palito de pescado rebozado.<br \/>\nPero para explicarte este concepto mejor, te contar\u00e9 algo m\u00e1s sobre esta fuerza y algunos ejemplos pr\u00e1cticos.<br \/>\nLa fuerza magn\u00e9tica es una fuerza invisible que puede<br \/>\n&nbsp;traer o repeler ciertos objetos. Esta fuerza la tienen los imanes, que son materiales especiales que pueden atraer cosas de metal, como clavos, tornillos o clips.<br \/>\nEjemplo 1: Los imanes y los clips Imagina que tienes un im\u00e1n en una mano y un clip en la otra. Si acercas el im\u00e1n al clip, \u00a1ver\u00e1s c\u00f3mo el clip se pega al im\u00e1n! Esto pasa porque el im\u00e1n tiene una fuerza magn\u00e9tica que atrae al clip. Si alejas el im\u00e1n del clip, el clip caer\u00e1 porque ya no puede sentir esa fuerza.<br \/>\nEjemplo 2: Los imanes en la nevera \u00bfHas visto alguna vez imanes pegados en la puerta de la nevera? Esos imanes son muy buenos para sostener<br \/>\ncosas como dibujos, notas o listas. El im\u00e1n atrae a la superficie met\u00e1lica de la nevera y se queda pegado ah\u00ed gracias a la fuerza magn\u00e9tica.<br \/>\nEjemplo 3: El juego de imanes Si tienes dos imanes y los acercas por un lado en el que los dos tienen el mismo \u00abpolo\u00bb (por ejemplo, dos polos norte), notar\u00e1s que los imanes se repelen. Si los pones de manera que los polos sean opuestos (un polo norte y un polo sur), entonces los imanes se atraen. \u00a1Es como un juego de empujar y tirar!<\/p>\n<p>\u00bfC\u00f3mo funciona esta fuerza?<br \/>\nEl im\u00e1n tiene algo llamado \u00abpolos\u00bb, que son como los extremos de la fuerza magn\u00e9tica. Un im\u00e1n tiene dos polos: uno llamado \u00abnorte\u00bb y otro llamado \u00absur\u00bb. Si pones los polos opuestos juntos, se atraen, pero si pones los polos iguales, se repelen.<br \/>\nEs como si tuviera una magia que hace que se repelan o atraigan seg\u00fan c\u00f3mo los pongas. \u00a1Y lo mejor es que esta fuerza funciona incluso cuando no puedes verla!<br \/>\n.<br \/>\nEn resumen:<br \/>\nLa fuerza magn\u00e9tica es como una especie de magia invisible que hace que los imanes puedan atraer o repeler objetos de metal. Puedes ver esta magia cuando juegas con imanes y notas c\u00f3mo se pegan o se separan.<br \/>\nDicho esto, vamos a usar la fuerza magn\u00e9tica como si usaramos magia. \u00bfsabr\u00edas c\u00f3mo hacer que una lib\u00e9lula se desplace por una superficie?<br \/>\n\u00a1Dale al coco! Venga vale&#8230;te dejo algunas ideas para que te inspires:<\/p>\n<p>Paso 1<br \/>\nDise\u00f1a tu lib\u00e9lula, puedes usar materiales reciclados.<\/p>\n<p><img loading=\"lazy\" decoding=\"async\" class=\"aligncenter wp-image-734 size-full\" src=\"https:\/\/blogsaverroes.juntadeandalucia.es\/aeea\/files\/2025\/02\/ejemplo-libelula.png\" alt=\"\" width=\"990\" height=\"527\" srcset=\"https:\/\/blogsaverroes.juntadeandalucia.es\/aeea\/files\/2025\/02\/ejemplo-libelula.png 990w, https:\/\/blogsaverroes.juntadeandalucia.es\/aeea\/files\/2025\/02\/ejemplo-libelula-300x160.png 300w, https:\/\/blogsaverroes.juntadeandalucia.es\/aeea\/files\/2025\/02\/ejemplo-libelula-768x409.png 768w\" sizes=\"(max-width: 990px) 100vw, 990px\" \/><\/p>\n<p>Paso 2<br \/>\nColoca un im\u00e1n en la base de tu lib\u00e9lula, aseg\u00farate de que queda bien sujeto.<br \/>\nPaso 3<br \/>\nGuarda un im\u00e1n del polo opuesto para ocultarlo bajo la superficie por la que queremos que se desplace nuestra lib\u00e9lula. Ten en cuenta que la potencia del im\u00e1n ser\u00e1 importante si la superficie es muy gruesa<\/p>\n<p>MUCHA SUERTE A TOD@S!!!<\/p>\n<p>&nbsp;<\/p>\n","protected":false},"excerpt":{"rendered":"<p>Angy Slva, del CEIP Santo Domingo de Silos, de Bormujos propone estas tareas STEAM usando una lib\u00e9lula como hilo argumental. En primer lugar, debes saber que las naves espaciales est\u00e1n construidas con&nbsp; materiales \u201cno magn\u00e9ticos\u201d, \u00bfsabes por qu\u00e9?, pues porque de otra manera atraer\u00edan basura espacial, ya que en el universo tambi\u00e9n hay restos de &hellip; <a href=\"https:\/\/blogsaverroes.juntadeandalucia.es\/aeea\/libelulas\/\" class=\"more-link\">Sigue leyendo <span class=\"screen-reader-text\">L\u00edbelulas<\/span><\/a><\/p>\n","protected":false},"author":3767,"featured_media":729,"parent":0,"menu_order":0,"comment_status":"closed","ping_status":"closed","template":"","meta":{"ngg_post_thumbnail":0,"footnotes":""},"aioseo_notices":[],"_links":{"self":[{"href":"https:\/\/blogsaverroes.juntadeandalucia.es\/aeea\/wp-json\/wp\/v2\/pages\/728"}],"collection":[{"href":"https:\/\/blogsaverroes.juntadeandalucia.es\/aeea\/wp-json\/wp\/v2\/pages"}],"about":[{"href":"https:\/\/blogsaverroes.juntadeandalucia.es\/aeea\/wp-json\/wp\/v2\/types\/page"}],"author":[{"embeddable":true,"href":"https:\/\/blogsaverroes.juntadeandalucia.es\/aeea\/wp-json\/wp\/v2\/users\/3767"}],"replies":[{"embeddable":true,"href":"https:\/\/blogsaverroes.juntadeandalucia.es\/aeea\/wp-json\/wp\/v2\/comments?post=728"}],"version-history":[{"count":4,"href":"https:\/\/blogsaverroes.juntadeandalucia.es\/aeea\/wp-json\/wp\/v2\/pages\/728\/revisions"}],"predecessor-version":[{"id":735,"href":"https:\/\/blogsaverroes.juntadeandalucia.es\/aeea\/wp-json\/wp\/v2\/pages\/728\/revisions\/735"}],"wp:featuredmedia":[{"embeddable":true,"href":"https:\/\/blogsaverroes.juntadeandalucia.es\/aeea\/wp-json\/wp\/v2\/media\/729"}],"wp:attachment":[{"href":"https:\/\/blogsaverroes.juntadeandalucia.es\/aeea\/wp-json\/wp\/v2\/media?parent=728"}],"curies":[{"name":"wp","href":"https:\/\/api.w.org\/{rel}","templated":true}]}}