{"id":847,"date":"2025-05-21T10:15:33","date_gmt":"2025-05-21T10:15:33","guid":{"rendered":"https:\/\/blogsaverroes.juntadeandalucia.es\/aeea\/?page_id=847"},"modified":"2025-05-21T10:15:33","modified_gmt":"2025-05-21T10:15:33","slug":"proyecto-medio-ambiente-microbit-en-1o-de-la-eso","status":"publish","type":"page","link":"https:\/\/blogsaverroes.juntadeandalucia.es\/aeea\/proyecto-medio-ambiente-microbit-en-1o-de-la-eso\/","title":{"rendered":"Proyecto Medio ambiente. Microbit en 1\u00ba de la ESO"},"content":{"rendered":"<p>Manuel Dom\u00ednguez, del IES Rodrigo Caro, ha dise\u00f1ado esta actividad para el alumnado de 1\u00ba ESO, en Rob\u00f3tica. <strong>Proyecto: Medio Ambiente <\/strong><strong>En tus manos est\u00e1 proteger y conservar el medio ambiente.<\/strong><\/p>\n<p><img loading=\"lazy\" decoding=\"async\" class=\"aligncenter size-full wp-image-849\" src=\"https:\/\/blogsaverroes.juntadeandalucia.es\/aeea\/files\/2025\/05\/climograma.png\" alt=\"\" width=\"511\" height=\"739\" srcset=\"https:\/\/blogsaverroes.juntadeandalucia.es\/aeea\/files\/2025\/05\/climograma.png 511w, https:\/\/blogsaverroes.juntadeandalucia.es\/aeea\/files\/2025\/05\/climograma-207x300.png 207w\" sizes=\"(max-width: 511px) 100vw, 511px\" \/><\/p>\n<p>Se programar\u00e1 la placa MicroBit para que mida: la temperatura, el nivel de luz y el nivel de sonido, y se crear\u00e1 el climograma correspondiente.&nbsp; Con los datos adquiridos se plantean estas preguntas:<\/p>\n<p>1.- \u00bfD\u00f3nde hace m\u00e1s calor?<\/p>\n<p>2.- \u00bfD\u00f3nde hace m\u00e1s fr\u00edo?<\/p>\n<p>3.-\u00bfD\u00f3nde hay m\u00e1s silencio?<\/p>\n<p>4.-\u00bfD\u00f3nde hay m\u00e1s ruido?<\/p>\n<p>5.- \u00bfD\u00f3nde hay m\u00e1s luz?<\/p>\n<p>6.- \u00bfD\u00f3nde hay m\u00e1s oscuridad?<\/p>\n<p>Adjuntamos<a href=\"https:\/\/drive.google.com\/file\/d\/11jPSC8b2o4ZZI6LjfHB4deo5aipfd7Qk\/view?usp=sharing\"> la tarea completa<\/a> y la <a href=\"https:\/\/drive.google.com\/file\/d\/1038FkjBq1YeMb53q0qeAII14eZldcM4z\/view?usp=sharing\">ficha de toma de datos y reflexi\u00f3n<\/a>, que esperamos sean de utilidad.<\/p>\nngg_shortcode_0_placeholder\n","protected":false},"excerpt":{"rendered":"<p>Manuel Dom\u00ednguez, del IES Rodrigo Caro, ha dise\u00f1ado esta actividad para el alumnado de 1\u00ba ESO, en Rob\u00f3tica. Proyecto: Medio Ambiente En tus manos est\u00e1 proteger y conservar el medio ambiente. Se programar\u00e1 la placa MicroBit para que mida: la temperatura, el nivel de luz y el nivel de sonido, y se crear\u00e1 el climograma &hellip; <a href=\"https:\/\/blogsaverroes.juntadeandalucia.es\/aeea\/proyecto-medio-ambiente-microbit-en-1o-de-la-eso\/\" class=\"more-link\">Sigue leyendo <span class=\"screen-reader-text\">Proyecto Medio ambiente. Microbit en 1\u00ba de la ESO<\/span><\/a><\/p>\n","protected":false},"author":3767,"featured_media":0,"parent":0,"menu_order":0,"comment_status":"closed","ping_status":"closed","template":"","meta":{"ngg_post_thumbnail":0,"footnotes":""},"aioseo_notices":[],"_links":{"self":[{"href":"https:\/\/blogsaverroes.juntadeandalucia.es\/aeea\/wp-json\/wp\/v2\/pages\/847"}],"collection":[{"href":"https:\/\/blogsaverroes.juntadeandalucia.es\/aeea\/wp-json\/wp\/v2\/pages"}],"about":[{"href":"https:\/\/blogsaverroes.juntadeandalucia.es\/aeea\/wp-json\/wp\/v2\/types\/page"}],"author":[{"embeddable":true,"href":"https:\/\/blogsaverroes.juntadeandalucia.es\/aeea\/wp-json\/wp\/v2\/users\/3767"}],"replies":[{"embeddable":true,"href":"https:\/\/blogsaverroes.juntadeandalucia.es\/aeea\/wp-json\/wp\/v2\/comments?post=847"}],"version-history":[{"count":3,"href":"https:\/\/blogsaverroes.juntadeandalucia.es\/aeea\/wp-json\/wp\/v2\/pages\/847\/revisions"}],"predecessor-version":[{"id":857,"href":"https:\/\/blogsaverroes.juntadeandalucia.es\/aeea\/wp-json\/wp\/v2\/pages\/847\/revisions\/857"}],"wp:attachment":[{"href":"https:\/\/blogsaverroes.juntadeandalucia.es\/aeea\/wp-json\/wp\/v2\/media?parent=847"}],"curies":[{"name":"wp","href":"https:\/\/api.w.org\/{rel}","templated":true}]}}