{"id":874,"date":"2025-05-24T14:15:17","date_gmt":"2025-05-24T14:15:17","guid":{"rendered":"https:\/\/blogsaverroes.juntadeandalucia.es\/aeea\/?page_id=874"},"modified":"2025-05-23T14:15:42","modified_gmt":"2025-05-23T14:15:42","slug":"proyecto-constitucion-escolar-lunar-visita-a-la-aeea","status":"publish","type":"page","link":"https:\/\/blogsaverroes.juntadeandalucia.es\/aeea\/proyecto-constitucion-escolar-lunar-visita-a-la-aeea\/","title":{"rendered":"Proyecto Constituci\u00f3n Escolar Lunar &#8211; Visita a la AEEA"},"content":{"rendered":"<p><img loading=\"lazy\" decoding=\"async\" class=\"aligncenter size-full wp-image-875\" src=\"https:\/\/blogsaverroes.juntadeandalucia.es\/aeea\/files\/2025\/05\/proyecto-alemania.png\" alt=\"\" width=\"472\" height=\"679\" srcset=\"https:\/\/blogsaverroes.juntadeandalucia.es\/aeea\/files\/2025\/05\/proyecto-alemania.png 472w, https:\/\/blogsaverroes.juntadeandalucia.es\/aeea\/files\/2025\/05\/proyecto-alemania-209x300.png 209w\" sizes=\"(max-width: 472px) 100vw, 472px\" \/><\/p>\n<p>El CEIP San Ignacio del Viar nos&nbsp; presenta el proyecto <a href=\"https:\/\/drive.google.com\/file\/d\/1IJ8BtvMFv19Kc4jUS3zHV8P9-lbwnkOa\/view?usp=sharing\">\u00abConstituci\u00f3n Escolar Lunar &#8211; Conocer la Agencia Espacial Europea\u00bb,<\/a> una iniciativa que desde su implementaci\u00f3n el pasado curso escolar ha generado un notable impacto en nuestra comunidad educativa, fomentando el empoderamiento y la participaci\u00f3n activa de todos sus integrantes.<\/p>\n<p>Este proyecto se ha desarrollado gracias a la colaboraci\u00f3n indispensable de toda la comunidad educativa, cuyo compromiso y esfuerzo han sido fundamentales para su \u00e9xito.<\/p>\n<p>El proyecto se enmarca dentro de una estrategia m\u00e1s amplia de innovaci\u00f3n&nbsp; educativa: la Agencia Espacial Escolar Andaluza (AEEA). El centro forma parte de esta red de colegios de educaci\u00f3n primaria y secundaria de toda Andaluc\u00eda, cuyo objetivo principal es promover la colaboraci\u00f3n y el intercambio de experiencias relacionadas con las \u00e1reas STEM (Ciencia, Tecnolog\u00eda, Ingenier\u00eda y Matem\u00e1ticas). La AEEA tambi\u00e9n proporciona apoyo para la creaci\u00f3n y desarrollo de iniciativas educativas innovadoras como la nuestra.<\/p>\n<p>La Constituci\u00f3n Escolar Lunar se nutre de la singularidad del colegio y se sustenta en un conjunto de actuaciones educativas de \u00e9xito orientadas a la transformaci\u00f3n social y educativa. Este modelo educativo est\u00e1 alineado con teor\u00edas cient\u00edficas reconocidas a nivel internacional que destacan dos factores clave para el aprendizaje en la sociedad contempor\u00e1nea: las interacciones y la participaci\u00f3n activa de la comunidad. El motivo de esta iniciativa radica en el contexto de exploraci\u00f3n espacial que vivimos actualmente.<\/p>\n<p>Desde el CEIP San Ignacio del Viar (Alcal\u00e1 del R\u00edo, Sevilla) y en el marco curricular del desarrollo de competencias educativas recomendadas por la Uni\u00f3n Europea,&nbsp; se aporta su granito de arena para reivindicar el derecho de la infancia y la adolescencia a participar en el dise\u00f1o de futuras leyes espaciales. Este enfoque constituye una plataforma activa y reflexiva infantil, dise\u00f1ada para fomentar el inter\u00e9s por el espacio, la ciencia y la tecnolog\u00eda.<\/p>\n<p>Esperamos que sea de inter\u00e9s.<\/p>\n","protected":false},"excerpt":{"rendered":"<p>El CEIP San Ignacio del Viar nos&nbsp; presenta el proyecto \u00abConstituci\u00f3n Escolar Lunar &#8211; Conocer la Agencia Espacial Europea\u00bb, una iniciativa que desde su implementaci\u00f3n el pasado curso escolar ha generado un notable impacto en nuestra comunidad educativa, fomentando el empoderamiento y la participaci\u00f3n activa de todos sus integrantes. Este proyecto se ha desarrollado gracias &hellip; <a href=\"https:\/\/blogsaverroes.juntadeandalucia.es\/aeea\/proyecto-constitucion-escolar-lunar-visita-a-la-aeea\/\" class=\"more-link\">Sigue leyendo <span class=\"screen-reader-text\">Proyecto Constituci\u00f3n Escolar Lunar &#8211; Visita a la AEEA<\/span><\/a><\/p>\n","protected":false},"author":3767,"featured_media":0,"parent":0,"menu_order":0,"comment_status":"closed","ping_status":"closed","template":"","meta":{"ngg_post_thumbnail":0,"footnotes":""},"aioseo_notices":[],"_links":{"self":[{"href":"https:\/\/blogsaverroes.juntadeandalucia.es\/aeea\/wp-json\/wp\/v2\/pages\/874"}],"collection":[{"href":"https:\/\/blogsaverroes.juntadeandalucia.es\/aeea\/wp-json\/wp\/v2\/pages"}],"about":[{"href":"https:\/\/blogsaverroes.juntadeandalucia.es\/aeea\/wp-json\/wp\/v2\/types\/page"}],"author":[{"embeddable":true,"href":"https:\/\/blogsaverroes.juntadeandalucia.es\/aeea\/wp-json\/wp\/v2\/users\/3767"}],"replies":[{"embeddable":true,"href":"https:\/\/blogsaverroes.juntadeandalucia.es\/aeea\/wp-json\/wp\/v2\/comments?post=874"}],"version-history":[{"count":1,"href":"https:\/\/blogsaverroes.juntadeandalucia.es\/aeea\/wp-json\/wp\/v2\/pages\/874\/revisions"}],"predecessor-version":[{"id":876,"href":"https:\/\/blogsaverroes.juntadeandalucia.es\/aeea\/wp-json\/wp\/v2\/pages\/874\/revisions\/876"}],"wp:attachment":[{"href":"https:\/\/blogsaverroes.juntadeandalucia.es\/aeea\/wp-json\/wp\/v2\/media?parent=874"}],"curies":[{"name":"wp","href":"https:\/\/api.w.org\/{rel}","templated":true}]}}