{"id":840,"date":"2020-12-18T08:38:52","date_gmt":"2020-12-18T07:38:52","guid":{"rendered":"https:\/\/blogsaverroes.juntadeandalucia.es\/pre\/plantilla-pencil\/?page_id=840"},"modified":"2021-09-15T08:50:22","modified_gmt":"2021-09-15T07:50:22","slug":"ampa","status":"publish","type":"page","link":"https:\/\/blogsaverroes.juntadeandalucia.es\/aelius\/ampa\/","title":{"rendered":"AMPA"},"content":{"rendered":"<div>\n<div>\n<div><u><b>REPRESENTANTES AMPA<\/b><\/u><b>:<\/p>\n<p><\/b><\/div>\n<\/div>\n<div><u><b>Presidenta:<br \/>\n<\/b><\/u><\/div>\n<ul>\n<li>D\u00f1a. Margarita Guerrero C\u00f3rdoba.<\/li>\n<\/ul>\n<p><u><b>Tesorera:<\/b><\/u><\/p>\n<ul>\n<li>Gloria Tenorio Rodr\u00edguez.<\/li>\n<\/ul>\n<p><u><b><\/b><\/u><u><b>Vocales:<\/b><\/u><\/p>\n<ul>\n<li>Lourdes Gonz\u00e1lez Tenorio.<\/li>\n<\/ul>\n<ul>\n<li>Francisca G\u00f3mez Nadales.<\/li>\n<\/ul>\n<ul>\n<li>Ana Palmero Moreno<\/li>\n<\/ul>\n<\/div>\n<div><strong>Consejos para la educaci\u00f3n de nuestros hijos<\/strong><\/p>\n<p>&nbsp;&nbsp; &nbsp;&nbsp;&nbsp; &nbsp;&nbsp;&nbsp; &nbsp;En muchas ocasiones nos preguntamos c\u00f3mo tenemos que actuar para educar adecuadamente a nuestros hijos y a nuestras hijas, por ello, para facilitar algo m\u00e1s la complicada tarea de educar, hemos encontrado&nbsp; este enlace que resulta ser bastante interesante para nuestra labor como padres.<br \/>\n<a href=\"http:\/\/www.guiainfantil.com\/educacion\/educacion.htm\" target=\"_blank\" rel=\"nofollow noopener noreferrer\">Gu\u00eda para padres y madres.<\/a><\/div>\n","protected":false},"excerpt":{"rendered":"<p>REPRESENTANTES AMPA: Presidenta: D\u00f1a. Margarita Guerrero C\u00f3rdoba. Tesorera: Gloria Tenorio Rodr\u00edguez. Vocales: Lourdes Gonz\u00e1lez Tenorio. Francisca G\u00f3mez Nadales. Ana Palmero Moreno Consejos para la educaci\u00f3n de nuestros hijos &nbsp;&nbsp; &nbsp;&nbsp;&nbsp; &nbsp;&nbsp;&nbsp; &nbsp;En muchas ocasiones nos preguntamos c\u00f3mo tenemos que actuar para educar adecuadamente a nuestros hijos y a nuestras hijas, por ello, para facilitar algo [&hellip;]<\/p>\n","protected":false},"author":7051,"featured_media":0,"parent":0,"menu_order":0,"comment_status":"closed","ping_status":"closed","template":"","meta":{"_et_pb_use_builder":"off","_et_pb_old_content":"","_et_gb_content_width":"","ngg_post_thumbnail":0,"footnotes":""},"aioseo_notices":[],"_links":{"self":[{"href":"https:\/\/blogsaverroes.juntadeandalucia.es\/aelius\/wp-json\/wp\/v2\/pages\/840"}],"collection":[{"href":"https:\/\/blogsaverroes.juntadeandalucia.es\/aelius\/wp-json\/wp\/v2\/pages"}],"about":[{"href":"https:\/\/blogsaverroes.juntadeandalucia.es\/aelius\/wp-json\/wp\/v2\/types\/page"}],"author":[{"embeddable":true,"href":"https:\/\/blogsaverroes.juntadeandalucia.es\/aelius\/wp-json\/wp\/v2\/users\/7051"}],"replies":[{"embeddable":true,"href":"https:\/\/blogsaverroes.juntadeandalucia.es\/aelius\/wp-json\/wp\/v2\/comments?post=840"}],"version-history":[{"count":3,"href":"https:\/\/blogsaverroes.juntadeandalucia.es\/aelius\/wp-json\/wp\/v2\/pages\/840\/revisions"}],"predecessor-version":[{"id":994,"href":"https:\/\/blogsaverroes.juntadeandalucia.es\/aelius\/wp-json\/wp\/v2\/pages\/840\/revisions\/994"}],"wp:attachment":[{"href":"https:\/\/blogsaverroes.juntadeandalucia.es\/aelius\/wp-json\/wp\/v2\/media?parent=840"}],"curies":[{"name":"wp","href":"https:\/\/api.w.org\/{rel}","templated":true}]}}