{"id":853,"date":"2020-12-18T08:50:47","date_gmt":"2020-12-18T07:50:47","guid":{"rendered":"https:\/\/blogsaverroes.juntadeandalucia.es\/pre\/plantilla-pencil\/?page_id=853"},"modified":"2021-05-13T10:32:20","modified_gmt":"2021-05-13T09:32:20","slug":"nuestra-historia","status":"publish","type":"page","link":"https:\/\/blogsaverroes.juntadeandalucia.es\/aelius\/nuestra-historia\/","title":{"rendered":"Nuestra Historia"},"content":{"rendered":"<p>[et_pb_section fb_built=&#8221;1&#8243; _builder_version=&#8221;3.22&#8243;][et_pb_row _builder_version=&#8221;3.25&#8243; background_size=&#8221;initial&#8221; background_position=&#8221;top_left&#8221; background_repeat=&#8221;repeat&#8221;][et_pb_column type=&#8221;4_4&#8243; _builder_version=&#8221;3.25&#8243; custom_padding=&#8221;|||&#8221; custom_padding__hover=&#8221;|||&#8221;][et_pb_image src=&#8221;https:\/\/blogsaverroes.juntadeandalucia.es\/aelius\/files\/2020\/02\/elcentro.png&#8221; title_text=&#8221;elcentro&#8221; admin_label=&#8221;Imagen de la portada&#8221; _builder_version=&#8221;4.5.0&#8243; z_index_tablet=&#8221;500&#8243; box_shadow_horizontal_tablet=&#8221;0px&#8221; box_shadow_vertical_tablet=&#8221;0px&#8221; box_shadow_blur_tablet=&#8221;40px&#8221; box_shadow_spread_tablet=&#8221;0px&#8221;][\/et_pb_image][et_pb_text admin_label=&#8221;Texto descriptivo&#8221; _builder_version=&#8221;3.27.4&#8243; z_index_tablet=&#8221;500&#8243; text_text_shadow_horizontal_length_tablet=&#8221;0px&#8221; text_text_shadow_vertical_length_tablet=&#8221;0px&#8221; text_text_shadow_blur_strength_tablet=&#8221;1px&#8221; link_text_shadow_horizontal_length_tablet=&#8221;0px&#8221; link_text_shadow_vertical_length_tablet=&#8221;0px&#8221; link_text_shadow_blur_strength_tablet=&#8221;1px&#8221; ul_text_shadow_horizontal_length_tablet=&#8221;0px&#8221; ul_text_shadow_vertical_length_tablet=&#8221;0px&#8221; ul_text_shadow_blur_strength_tablet=&#8221;1px&#8221; ol_text_shadow_horizontal_length_tablet=&#8221;0px&#8221; ol_text_shadow_vertical_length_tablet=&#8221;0px&#8221; ol_text_shadow_blur_strength_tablet=&#8221;1px&#8221; quote_text_shadow_horizontal_length_tablet=&#8221;0px&#8221; quote_text_shadow_vertical_length_tablet=&#8221;0px&#8221; quote_text_shadow_blur_strength_tablet=&#8221;1px&#8221; header_text_shadow_horizontal_length_tablet=&#8221;0px&#8221; header_text_shadow_vertical_length_tablet=&#8221;0px&#8221; header_text_shadow_blur_strength_tablet=&#8221;1px&#8221; header_2_text_shadow_horizontal_length_tablet=&#8221;0px&#8221; header_2_text_shadow_vertical_length_tablet=&#8221;0px&#8221; header_2_text_shadow_blur_strength_tablet=&#8221;1px&#8221; header_3_text_shadow_horizontal_length_tablet=&#8221;0px&#8221; header_3_text_shadow_vertical_length_tablet=&#8221;0px&#8221; header_3_text_shadow_blur_strength_tablet=&#8221;1px&#8221; header_4_text_shadow_horizontal_length_tablet=&#8221;0px&#8221; header_4_text_shadow_vertical_length_tablet=&#8221;0px&#8221; header_4_text_shadow_blur_strength_tablet=&#8221;1px&#8221; header_5_text_shadow_horizontal_length_tablet=&#8221;0px&#8221; header_5_text_shadow_vertical_length_tablet=&#8221;0px&#8221; header_5_text_shadow_blur_strength_tablet=&#8221;1px&#8221; header_6_text_shadow_horizontal_length_tablet=&#8221;0px&#8221; header_6_text_shadow_vertical_length_tablet=&#8221;0px&#8221; header_6_text_shadow_blur_strength_tablet=&#8221;1px&#8221; box_shadow_horizontal_tablet=&#8221;0px&#8221; box_shadow_vertical_tablet=&#8221;0px&#8221; box_shadow_blur_tablet=&#8221;40px&#8221; box_shadow_spread_tablet=&#8221;0px&#8221;]<\/p>\n<h2>\u00a0\u00a0 Nuestra Historia<\/h2>\n<p>&nbsp;<\/p>\n<div dir=\"ltr\">\n<div style=\"text-align: justify\">\n<p><small style=\"font-family: trebuchet ms,sans-serif;color: #000000\"><span style=\"font-weight: bold\"><big><big><big>N<\/big><\/big><\/big>uestro Colegio es el segundo m\u00e1s antiguo de la localidad.\u00a0 Su historia podemos decir que comienza el 4 de Enero de 1946 cuando D. Lu\u00eds Mozo Carrancio, por aquel tiempo Alcalde de Villamart\u00edn, comunica a la Junta Provincial de B<\/span><span style=\"font-weight: bold\">eneficiencia que la casa n\u00ba 6 y 8 de la c\/. Artillero <\/span><\/small><span style=\"font-family: trebuchet ms,sans-serif;color: #000000\"><span style=\"font-weight: bold\"><small>Perea Pav\u00f3n (antes Mesones y actualmente de los Hierros), donada en 1932 al Ayuntamiento por D. Antonio Valle Mu\u00f1oz,\u00a0 se destinase a Escuela P\u00fablica.<\/small><\/span><\/span><\/p>\n<div style=\"margin: 5px 10px 0pt 0pt;float: left\"><a href=\"https:\/\/sites.google.com\/site\/colegionebrija\/historia\/micros.carnero.jpg?attredirects=0\"><img loading=\"lazy\" decoding=\"async\" src=\"https:\/\/sites.google.com\/site\/colegionebrija\/_\/rsrc\/1304092476309\/historia\/micros.carnero.jpg?height=144&amp;width=400\" width=\"400\" height=\"144\" border=\"0\" \/><\/a><\/div>\n<p><span style=\"font-family: trebuchet ms,sans-serif;color: #000000\"><span style=\"font-weight: bold\"><\/span><\/span><\/p>\n<p><span style=\"font-family: trebuchet ms,sans-serif;color: #000000\"><span style=\"font-weight: bold\"><small>De esta manera comenzaron a funcionar tres de las cuatro escuelas unitarias de ni\u00f1os existentes en la villa, siendo conocidas como las escuelas del Zopapo. Tambi\u00e9n, durante esta \u00e9poca, exist\u00edan unas microescuelas en el Cerro del Carnero, en el lugar que actualmente ocupa nuestro Colegio. El edificio del Zopapo fue demolido en la d\u00e9cada de los a\u00f1os 70.\u00a0 En su lugar se construy\u00f3 el edificio de Correos y Tel\u00e9grafos.<\/small>\u00a0 <\/span><\/span><\/p>\n<p><br style=\"font-family: trebuchet ms,sans-serif;color: #000000;font-weight: bold\" \/> <span style=\"font-family: trebuchet ms,sans-serif;color: #000000\">\u00a0\u00a0 \u00a0<\/span><span style=\"font-family: trebuchet ms,sans-serif;color: #000000;font-weight: bold\"><small>En 1959 el Ministerio de Educaci\u00f3n acuerda la construcci\u00f3n<\/small><\/span><small style=\"font-family: trebuchet ms,sans-serif;color: #000000\"><span style=\"font-weight: bold\"> d<\/span><span style=\"font-weight: bold\">e un grupo escolar de <\/span><span style=\"font-weight: bold\">s<\/span><span style=\"font-weight: bold\">eis secciones y siete viviendas para maestros en el sitio de Los Ruedos, en la actual Avda. de Guadalete (anterior Carrero Blanco). Las obras se inician en el a\u00f1o 1961. Se inaugura en el a\u00f1o 1962 con la denominaci\u00f3n: Grupo Escolar &#8220;Elio Antonio<\/span><span style=\"font-weight: bold\"> de Nebrija&#8221; y all\u00ed estuvo ubicado hasta que en el curso 1971\/72 se traslada a un edificio construido en un solar\u00a0 de 15.000 m<\/span><sup style=\"font-weight: bold\"><sub>2<\/sub><\/sup><span style=\"font-weight: bold\"> cedidos por el Ayuntamiento el 28 de diciembre de 1970.\u00a0 El edificio de Los Ruedos conocido como &#8220;Nebrija Viejo&#8221; continu\u00f3 anexo hasta que en 1988 se rehabilita para viviendas.\u00a0\u00a0 En 1973 funcionaban en el Colegio Nebrija 20 unid<\/span><span style=\"font-weight: bold\">ades de Educaci\u00f3n\u00a0 General B\u00e1sica y dos aulas de alfabetizaci\u00f3n.<\/span><\/small><\/p>\n<div style=\"margin: 5px 10px;float: right\"><a href=\"https:\/\/sites.google.com\/site\/colegionebrija\/historia\/nebrija_viejo.jpg?attredirects=0\"><img decoding=\"async\" src=\"https:\/\/sites.google.com\/site\/colegionebrija\/_\/rsrc\/1304092596688\/historia\/nebrija_viejo.jpg\" border=\"0\" \/><\/a><\/div>\n<p><br style=\"font-family: trebuchet ms,sans-serif;color: #000000\" \/> <small style=\"font-family: trebuchet ms,sans-serif;color: #000000\"><span style=\"font-weight: bold\"> <\/span><\/small><span style=\"font-family: trebuchet ms,sans-serif;color: #000000\">\u00a0\u00a0 \u00a0<\/span><small style=\"font-family: trebuchet ms,sans-serif;color: #000000\"><span style=\"font-weight: bold\">El aumento considerable del\u00a0 alumnado, hace nacesaria la realizaci\u00f3n de nuevas construcciones escolares.\u00a0 De esta forma a mediados\u00a0 de la d\u00e9cada de los 70 se construye en la zona de Torrevieja un nuevo edificio\u00a0 (<\/span><span style=\"font-style: italic;font-weight: bold\">que actualmente tiene el Colegio Torrevieja dedicado a la Educaci\u00f3n Infantil<\/span><span style=\"font-weight: bold\">) para atender la demanda de la zona alta de la localidad.\u00a0 Nuestro colegio, por esas fechas dispon\u00eda de tres edificios:\u00a0 El edificio actual en el Cerro del Carnero con doce unidades, el de los Ruedos (Nebrija Viejo) con seis y el del Torrevieja con ocho clases.\u00a0 La demanda de alumnado era tal que estuvimos algunos a\u00f1os en situaci\u00f3n de desdoblamiento de la 2\u00ba Etapa de EGB en el edificio de Torrevieja.\u00a0 En el a\u00f1o 1978 se termina la construcci\u00f3n de seis unidades de parvulario, anexo\u00a0 a las\u00a0 doce unidades existentes en el edificio principal.<\/span><\/small><\/p>\n<p><br style=\"font-family: trebuchet ms,sans-serif;color: #000000;font-weight: bold\" \/> <small style=\"font-family: trebuchet ms,sans-serif;color: #000000\"> <\/small><span style=\"font-family: trebuchet ms,sans-serif;color: #000000\">\u00a0\u00a0 \u00a0<\/span><small style=\"font-family: trebuchet ms,sans-serif;color: #000000\"><span style=\"font-weight: bold\">Hasta el a\u00f1o 1980, cuando se pone en funcionamiento el Colegio Torrevieja, el Colegio Nebrija\u00a0 y el Colegio Ntra. Sra de las Monta\u00f1as atendieron a la totalidad de la poblaci\u00f3n escolar de Villamart\u00edn: cerca de dos mil alumnos\/as. \u00a0\u00a0 A partir de la construcci\u00f3n de Torrevieja, la tendencia era centralizar la poblaci\u00f3n escolar en zonas m\u00e1s reducidas.\u00a0 El Colegio &#8220;Elio Antonio de Nebrija&#8221; cede a Torrevieja el edificio de la 2\u00aa etapa que es utlizado como parvulario.\u00a0\u00a0 Ello no quita el desdoblamiento de unidades en 2\u00aa Etapa. Estuvimos algunos a\u00f1os manteniendo esta situaci\u00f3n en el edificio de los Ruedos que, a finales de la d\u00e9cada de los 80, sufre un desplome en su fachada principal que nos obliga a desalojarlo y a desdoblar los cursos mayores de la Primera y la 2\u00aa Etapa de EGB. \u00a0 A\u00f1os antes se hab\u00edan producido unas grietas de cierta consideraci\u00f3n en las doce unidades del edificio Central que motiv\u00f3 su desalojo, teniendo que impartir clases en los s\u00f3tanos del antiguo Centro Libre Adoptado &#8220;Men\u00e9ndez Pelayo&#8221; (<\/span><span style=\"font-style: italic;font-weight: bold\">actual edificio de la Mancomunidad de Municipios de la Sierra de C\u00e1diz<\/span><span style=\"font-weight: bold\">) y en la Casa de la Cultura (<\/span><span style=\"font-style: italic;font-weight: bold\">actual Museo Hist\u00f3rico<\/span><span style=\"font-weight: bold\">).<\/span><\/small><\/p>\n<p><br style=\"font-family: trebuchet ms,sans-serif;color: #000000\" \/> <small style=\"font-family: trebuchet ms,sans-serif;color: #000000\"><span style=\"font-weight: bold\"> <\/span><\/small><span style=\"font-family: trebuchet ms,sans-serif;color: #000000\">\u00a0\u00a0 \u00a0<\/span><small style=\"font-family: trebuchet ms,sans-serif;color: #000000\"><span style=\"font-weight: bold\">Con los a\u00f1os el C.P. Nebrija desarrolla una intensa labor educativa hacia el exterior a trav\u00e9s de sus trabajos, sus m\u00e9todos y el af\u00e1n de su profesorado que le dar\u00edan numerosos laureles traducidos en premios a nivel provincial\u00a0 <\/span><span style=\"font-style: italic;font-weight: bold\">(Primer p<\/span><span style=\"font-style: italic;font-weight: bold\">remio &#8220;Concurso Educaci\u00f3n vial&#8221; 1985), <\/span><span style=\"font-style: italic;font-weight: bold\">Primer premio &#8220;Mantenga Limpia Espa\u00f1a&#8221; del Ministerio de Informaci\u00f3n y Turismo, Primer pr<\/span><span style=\"font-style: italic;font-weight: bold\">emio de la Agencia de Medio Ambiente\u00a0 (1984\/85), <\/span><span style=\"font-style: italic;font-weight: bold\">Primer premio &#8220;Trabajos art\u00edsticos&#8221; (2002)..etc.)<\/span><span style=\"font-weight: bold\">, a nivel regional <\/span><span style=\"font-style: italic;font-weight: bold\">( <\/span><span style=\"font-style: italic;font-weight: bold\">Primer premio &#8220;A\u00f1o Europeo del Turismo 1989\/90)<\/span><span style=\"font-weight: bold\"> y nacional <\/span><span style=\"font-style: italic;font-weight: bold\">( <\/span><span style=\"font-style: italic;font-weight: bold\">Premio Nacional de Mutualidades y Cotos Escolares (1980), <\/span><span style=\"font-weight: bold\"><span style=\"font-style: italic\">Primer premio Nacional &#8220;D\u00eda del Libro&#8221; (1982) , Segundo Premio &#8220;donantes de \u00f3rganos en la escuela&#8221; (1984)<\/span>,<\/span><span style=\"font-style: italic;font-weight: bold\"> Primer premio &#8220;Alimentos de Espa\u00f1a&#8221; (1993). <\/span><span style=\"font-style: italic;font-weight: bold\">Primer premio de la Comunidad Andaluza &#8220;Escuela y Naturaleza&#8221; convocado por el Ministerio de Educaci\u00f3n y Ciencia (1998),&#8230;etc.)<\/span><\/small><\/p>\n<p><br style=\"font-family: trebuchet ms,sans-serif;color: #000000\" \/> <small style=\"font-family: trebuchet ms,sans-serif;color: #000000\"><span style=\"font-style: italic;font-weight: bold\"> <\/span><\/small><span style=\"font-family: trebuchet ms,sans-serif;color: #000000\">\u00a0\u00a0 \u00a0<\/span><small style=\"font-family: trebuchet ms,sans-serif;color: #000000\"><span style=\"font-weight: bold\">En la actualidad atiende a un total de 501 alumnos\/as de Educaci\u00f3n Infantil y\u00a0 Educaci\u00f3n Primaria Obligatoria.<\/span><\/small><\/p>\n<\/div>\n<\/div>\n<p>&nbsp;<\/p>\n<p>&nbsp;<\/p>\n<p>[\/et_pb_text][\/et_pb_column][\/et_pb_row][et_pb_row column_structure=&#8221;1_3,1_3,1_3&#8243; _builder_version=&#8221;3.25&#8243; background_size=&#8221;initial&#8221; background_position=&#8221;top_left&#8221; background_repeat=&#8221;repeat&#8221;][et_pb_column type=&#8221;1_3&#8243; _builder_version=&#8221;3.25&#8243; custom_padding=&#8221;|||&#8221; custom_padding__hover=&#8221;|||&#8221;][et_pb_blurb title=&#8221;Innovaci\u00f3n&#8221; use_icon=&#8221;on&#8221; font_icon=&#8221;%%121%%&#8221; use_circle=&#8221;on&#8221; circle_color=&#8221;#5d58ef&#8221; admin_label=&#8221;Informaci\u00f3n innovaci\u00f3n (icono, titulo y texto)&#8221; _builder_version=&#8221;3.23.3&#8243; text_orientation=&#8221;center&#8221; z_index_tablet=&#8221;500&#8243; header_text_shadow_horizontal_length_tablet=&#8221;0px&#8221; header_text_shadow_vertical_length_tablet=&#8221;0px&#8221; header_text_shadow_blur_strength_tablet=&#8221;1px&#8221; body_text_shadow_horizontal_length_tablet=&#8221;0px&#8221; body_text_shadow_vertical_length_tablet=&#8221;0px&#8221; body_text_shadow_blur_strength_tablet=&#8221;1px&#8221; body_link_text_shadow_horizontal_length_tablet=&#8221;0px&#8221; body_link_text_shadow_vertical_length_tablet=&#8221;0px&#8221; body_link_text_shadow_blur_strength_tablet=&#8221;1px&#8221; body_ul_text_shadow_horizontal_length_tablet=&#8221;0px&#8221; body_ul_text_shadow_vertical_length_tablet=&#8221;0px&#8221; body_ul_text_shadow_blur_strength_tablet=&#8221;1px&#8221; body_ol_text_shadow_horizontal_length_tablet=&#8221;0px&#8221; body_ol_text_shadow_vertical_length_tablet=&#8221;0px&#8221; body_ol_text_shadow_blur_strength_tablet=&#8221;1px&#8221; body_quote_text_shadow_horizontal_length_tablet=&#8221;0px&#8221; body_quote_text_shadow_vertical_length_tablet=&#8221;0px&#8221; body_quote_text_shadow_blur_strength_tablet=&#8221;1px&#8221; box_shadow_horizontal_tablet=&#8221;0px&#8221; box_shadow_vertical_tablet=&#8221;0px&#8221; box_shadow_blur_tablet=&#8221;40px&#8221; box_shadow_spread_tablet=&#8221;0px&#8221; box_shadow_horizontal_image_tablet=&#8221;0px&#8221; box_shadow_vertical_image_tablet=&#8221;0px&#8221; box_shadow_blur_image_tablet=&#8221;40px&#8221; box_shadow_spread_image_tablet=&#8221;0px&#8221; text_shadow_horizontal_length_tablet=&#8221;0px&#8221; text_shadow_vertical_length_tablet=&#8221;0px&#8221; text_shadow_blur_strength_tablet=&#8221;1px&#8221;]<\/p>\n<p>Nuevas tecnolog\u00edas en el centro<\/p>\n<p>[\/et_pb_blurb][\/et_pb_column][et_pb_column type=&#8221;1_3&#8243; _builder_version=&#8221;3.25&#8243; custom_padding=&#8221;|||&#8221; custom_padding__hover=&#8221;|||&#8221;][et_pb_blurb title=&#8221;centro biling\u00fce&#8221; use_icon=&#8221;on&#8221; font_icon=&#8221;%%289%%&#8221; use_circle=&#8221;on&#8221; circle_color=&#8221;#ff236c&#8221; admin_label=&#8221;Informaci\u00f3n centro biling\u00fce (icono, titulo y texto)&#8221; _builder_version=&#8221;3.23.3&#8243; text_orientation=&#8221;center&#8221; z_index_tablet=&#8221;500&#8243; header_text_shadow_horizontal_length_tablet=&#8221;0px&#8221; header_text_shadow_vertical_length_tablet=&#8221;0px&#8221; header_text_shadow_blur_strength_tablet=&#8221;1px&#8221; body_text_shadow_horizontal_length_tablet=&#8221;0px&#8221; body_text_shadow_vertical_length_tablet=&#8221;0px&#8221; body_text_shadow_blur_strength_tablet=&#8221;1px&#8221; body_link_text_shadow_horizontal_length_tablet=&#8221;0px&#8221; body_link_text_shadow_vertical_length_tablet=&#8221;0px&#8221; body_link_text_shadow_blur_strength_tablet=&#8221;1px&#8221; body_ul_text_shadow_horizontal_length_tablet=&#8221;0px&#8221; body_ul_text_shadow_vertical_length_tablet=&#8221;0px&#8221; body_ul_text_shadow_blur_strength_tablet=&#8221;1px&#8221; body_ol_text_shadow_horizontal_length_tablet=&#8221;0px&#8221; body_ol_text_shadow_vertical_length_tablet=&#8221;0px&#8221; body_ol_text_shadow_blur_strength_tablet=&#8221;1px&#8221; body_quote_text_shadow_horizontal_length_tablet=&#8221;0px&#8221; body_quote_text_shadow_vertical_length_tablet=&#8221;0px&#8221; body_quote_text_shadow_blur_strength_tablet=&#8221;1px&#8221; box_shadow_horizontal_tablet=&#8221;0px&#8221; box_shadow_vertical_tablet=&#8221;0px&#8221; box_shadow_blur_tablet=&#8221;40px&#8221; box_shadow_spread_tablet=&#8221;0px&#8221; box_shadow_horizontal_image_tablet=&#8221;0px&#8221; box_shadow_vertical_image_tablet=&#8221;0px&#8221; box_shadow_blur_image_tablet=&#8221;40px&#8221; box_shadow_spread_image_tablet=&#8221;0px&#8221; text_shadow_horizontal_length_tablet=&#8221;0px&#8221; text_shadow_vertical_length_tablet=&#8221;0px&#8221; text_shadow_blur_strength_tablet=&#8221;1px&#8221;]<\/p>\n<p>Impartimos las materias en Ingl\u00e9s y Castellano<\/p>\n<p>[\/et_pb_blurb][\/et_pb_column][et_pb_column type=&#8221;1_3&#8243; _builder_version=&#8221;3.25&#8243; custom_padding=&#8221;|||&#8221; custom_padding__hover=&#8221;|||&#8221;][et_pb_blurb title=&#8221;Contacta&#8221; use_icon=&#8221;on&#8221; font_icon=&#8221;%%153%%&#8221; use_circle=&#8221;on&#8221; circle_color=&#8221;#ffc259&#8243; admin_label=&#8221;Informaci\u00f3n de contacto (icono, titulo y texto)&#8221; _builder_version=&#8221;3.23.3&#8243; text_orientation=&#8221;center&#8221; z_index_tablet=&#8221;500&#8243; header_text_shadow_horizontal_length_tablet=&#8221;0px&#8221; header_text_shadow_vertical_length_tablet=&#8221;0px&#8221; header_text_shadow_blur_strength_tablet=&#8221;1px&#8221; body_text_shadow_horizontal_length_tablet=&#8221;0px&#8221; body_text_shadow_vertical_length_tablet=&#8221;0px&#8221; body_text_shadow_blur_strength_tablet=&#8221;1px&#8221; body_link_text_shadow_horizontal_length_tablet=&#8221;0px&#8221; body_link_text_shadow_vertical_length_tablet=&#8221;0px&#8221; body_link_text_shadow_blur_strength_tablet=&#8221;1px&#8221; body_ul_text_shadow_horizontal_length_tablet=&#8221;0px&#8221; body_ul_text_shadow_vertical_length_tablet=&#8221;0px&#8221; body_ul_text_shadow_blur_strength_tablet=&#8221;1px&#8221; body_ol_text_shadow_horizontal_length_tablet=&#8221;0px&#8221; body_ol_text_shadow_vertical_length_tablet=&#8221;0px&#8221; body_ol_text_shadow_blur_strength_tablet=&#8221;1px&#8221; body_quote_text_shadow_horizontal_length_tablet=&#8221;0px&#8221; body_quote_text_shadow_vertical_length_tablet=&#8221;0px&#8221; body_quote_text_shadow_blur_strength_tablet=&#8221;1px&#8221; box_shadow_horizontal_tablet=&#8221;0px&#8221; box_shadow_vertical_tablet=&#8221;0px&#8221; box_shadow_blur_tablet=&#8221;40px&#8221; box_shadow_spread_tablet=&#8221;0px&#8221; box_shadow_horizontal_image_tablet=&#8221;0px&#8221; box_shadow_vertical_image_tablet=&#8221;0px&#8221; box_shadow_blur_image_tablet=&#8221;40px&#8221; box_shadow_spread_image_tablet=&#8221;0px&#8221; text_shadow_horizontal_length_tablet=&#8221;0px&#8221; text_shadow_vertical_length_tablet=&#8221;0px&#8221; text_shadow_blur_strength_tablet=&#8221;1px&#8221;]<\/p>\n<p>Tenemos abierto nuestro buz\u00f3n de sugerencias<\/p>\n<p>[\/et_pb_blurb][\/et_pb_column][\/et_pb_row][\/et_pb_section]<\/p>\n","protected":false},"excerpt":{"rendered":"<p>\u00a0\u00a0 Nuestra Historia &nbsp; Nuestro Colegio es el segundo m\u00e1s antiguo de la localidad.\u00a0 Su historia podemos decir que comienza el 4 de Enero de 1946 cuando D. Lu\u00eds Mozo Carrancio, por aquel tiempo Alcalde de Villamart\u00edn, comunica a la Junta Provincial de Beneficiencia que la casa n\u00ba 6 y 8 de la c\/. Artillero [&hellip;]<\/p>\n","protected":false},"author":7051,"featured_media":0,"parent":0,"menu_order":0,"comment_status":"closed","ping_status":"closed","template":"","meta":{"_et_pb_use_builder":"on","_et_pb_old_content":"","_et_gb_content_width":"","ngg_post_thumbnail":0,"footnotes":""},"aioseo_notices":[],"_links":{"self":[{"href":"https:\/\/blogsaverroes.juntadeandalucia.es\/aelius\/wp-json\/wp\/v2\/pages\/853"}],"collection":[{"href":"https:\/\/blogsaverroes.juntadeandalucia.es\/aelius\/wp-json\/wp\/v2\/pages"}],"about":[{"href":"https:\/\/blogsaverroes.juntadeandalucia.es\/aelius\/wp-json\/wp\/v2\/types\/page"}],"author":[{"embeddable":true,"href":"https:\/\/blogsaverroes.juntadeandalucia.es\/aelius\/wp-json\/wp\/v2\/users\/7051"}],"replies":[{"embeddable":true,"href":"https:\/\/blogsaverroes.juntadeandalucia.es\/aelius\/wp-json\/wp\/v2\/comments?post=853"}],"version-history":[{"count":2,"href":"https:\/\/blogsaverroes.juntadeandalucia.es\/aelius\/wp-json\/wp\/v2\/pages\/853\/revisions"}],"predecessor-version":[{"id":961,"href":"https:\/\/blogsaverroes.juntadeandalucia.es\/aelius\/wp-json\/wp\/v2\/pages\/853\/revisions\/961"}],"wp:attachment":[{"href":"https:\/\/blogsaverroes.juntadeandalucia.es\/aelius\/wp-json\/wp\/v2\/media?parent=853"}],"curies":[{"name":"wp","href":"https:\/\/api.w.org\/{rel}","templated":true}]}}