{"id":867,"date":"2020-12-18T08:55:13","date_gmt":"2020-12-18T07:55:13","guid":{"rendered":"https:\/\/blogsaverroes.juntadeandalucia.es\/pre\/plantilla-pencil\/?page_id=867"},"modified":"2021-09-17T08:33:22","modified_gmt":"2021-09-17T07:33:22","slug":"idiomas","status":"publish","type":"page","link":"https:\/\/blogsaverroes.juntadeandalucia.es\/aelius\/idiomas\/","title":{"rendered":"Idiomas"},"content":{"rendered":"<p>El C.E.I.P. Elio Antonio de Nebrija pretende preparar al alumnado para que pueda interactuar aut\u00f3nomamente en la sociedad. Vivimos en una sociedad global y conectada y, debido a estas caracter\u00edsticas, la formaci\u00f3n en otros idiomas es fundamental.<\/p>\n<p>Dominar otros idiomas resulta fundamental para garantizar la correcta comunicaci\u00f3n. Nuestro centro presta especial atenci\u00f3n al idioma del ingl\u00e9s e inicia al alumnado que cursa el 3\u00ba Ciclo de Educaci\u00f3n Primaria en franc\u00e9s.<\/p>\n","protected":false},"excerpt":{"rendered":"<p>El C.E.I.P. Elio Antonio de Nebrija pretende preparar al alumnado para que pueda interactuar aut\u00f3nomamente en la sociedad. Vivimos en una sociedad global y conectada y, debido a estas caracter\u00edsticas, la formaci\u00f3n en otros idiomas es fundamental. Dominar otros idiomas resulta fundamental para garantizar la correcta comunicaci\u00f3n. Nuestro centro presta especial atenci\u00f3n al idioma del [&hellip;]<\/p>\n","protected":false},"author":7051,"featured_media":0,"parent":0,"menu_order":0,"comment_status":"closed","ping_status":"closed","template":"","meta":{"_et_pb_use_builder":"off","_et_pb_old_content":"","_et_gb_content_width":"","ngg_post_thumbnail":0,"footnotes":""},"aioseo_notices":[],"_links":{"self":[{"href":"https:\/\/blogsaverroes.juntadeandalucia.es\/aelius\/wp-json\/wp\/v2\/pages\/867"}],"collection":[{"href":"https:\/\/blogsaverroes.juntadeandalucia.es\/aelius\/wp-json\/wp\/v2\/pages"}],"about":[{"href":"https:\/\/blogsaverroes.juntadeandalucia.es\/aelius\/wp-json\/wp\/v2\/types\/page"}],"author":[{"embeddable":true,"href":"https:\/\/blogsaverroes.juntadeandalucia.es\/aelius\/wp-json\/wp\/v2\/users\/7051"}],"replies":[{"embeddable":true,"href":"https:\/\/blogsaverroes.juntadeandalucia.es\/aelius\/wp-json\/wp\/v2\/comments?post=867"}],"version-history":[{"count":3,"href":"https:\/\/blogsaverroes.juntadeandalucia.es\/aelius\/wp-json\/wp\/v2\/pages\/867\/revisions"}],"predecessor-version":[{"id":1017,"href":"https:\/\/blogsaverroes.juntadeandalucia.es\/aelius\/wp-json\/wp\/v2\/pages\/867\/revisions\/1017"}],"wp:attachment":[{"href":"https:\/\/blogsaverroes.juntadeandalucia.es\/aelius\/wp-json\/wp\/v2\/media?parent=867"}],"curies":[{"name":"wp","href":"https:\/\/api.w.org\/{rel}","templated":true}]}}