{"id":154,"date":"2021-02-28T12:36:53","date_gmt":"2021-02-28T12:36:53","guid":{"rendered":"https:\/\/blogsaverroes.juntadeandalucia.es\/aferrartealpatrimonio\/?page_id=154"},"modified":"2021-03-05T07:51:15","modified_gmt":"2021-03-05T07:51:15","slug":"contacto","status":"publish","type":"page","link":"https:\/\/blogsaverroes.juntadeandalucia.es\/aferrartealpatrimonio\/contacto\/","title":{"rendered":"Contacto"},"content":{"rendered":"<p>La oficina de turismo ALMERAYA est\u00e1 dise\u00f1ada para atender al usuario online, ofreci\u00e9ndole toda la informaci\u00f3n que \u00e9ste pueda demandar en relaci\u00f3n a Almer\u00eda y su provincia, con la calidad y profesionalidad que se exige, a la vez que intenta divulgar y promocionar nuestra historia y cultura.<\/p>\n<p>Si desean contactar con nosotros, pueden hacerlo a trav\u00e9s de correo electr\u00f3nico: <a href=\"oficinaturismo.almeraya@gmail.com\">oficinaturismo.almeraya@gmail.com<\/a> o por medio de nuestros perfiles en Facebook, Twitter o Instagram.<\/p>\n","protected":false},"excerpt":{"rendered":"<p>La oficina de turismo ALMERAYA est\u00e1 dise\u00f1ada para atender al usuario online, ofreci\u00e9ndole toda la informaci\u00f3n que \u00e9ste pueda demandar en relaci\u00f3n a Almer\u00eda y su provincia, con la calidad y profesionalidad que se&#46;&#46;&#46;<\/p>\n","protected":false},"author":11304,"featured_media":0,"parent":0,"menu_order":0,"comment_status":"closed","ping_status":"closed","template":"","meta":{"ngg_post_thumbnail":0,"footnotes":""},"aioseo_notices":[],"_links":{"self":[{"href":"https:\/\/blogsaverroes.juntadeandalucia.es\/aferrartealpatrimonio\/wp-json\/wp\/v2\/pages\/154"}],"collection":[{"href":"https:\/\/blogsaverroes.juntadeandalucia.es\/aferrartealpatrimonio\/wp-json\/wp\/v2\/pages"}],"about":[{"href":"https:\/\/blogsaverroes.juntadeandalucia.es\/aferrartealpatrimonio\/wp-json\/wp\/v2\/types\/page"}],"author":[{"embeddable":true,"href":"https:\/\/blogsaverroes.juntadeandalucia.es\/aferrartealpatrimonio\/wp-json\/wp\/v2\/users\/11304"}],"replies":[{"embeddable":true,"href":"https:\/\/blogsaverroes.juntadeandalucia.es\/aferrartealpatrimonio\/wp-json\/wp\/v2\/comments?post=154"}],"version-history":[{"count":3,"href":"https:\/\/blogsaverroes.juntadeandalucia.es\/aferrartealpatrimonio\/wp-json\/wp\/v2\/pages\/154\/revisions"}],"predecessor-version":[{"id":168,"href":"https:\/\/blogsaverroes.juntadeandalucia.es\/aferrartealpatrimonio\/wp-json\/wp\/v2\/pages\/154\/revisions\/168"}],"wp:attachment":[{"href":"https:\/\/blogsaverroes.juntadeandalucia.es\/aferrartealpatrimonio\/wp-json\/wp\/v2\/media?parent=154"}],"curies":[{"name":"wp","href":"https:\/\/api.w.org\/{rel}","templated":true}]}}