{"id":165,"date":"2021-03-05T07:39:43","date_gmt":"2021-03-05T07:39:43","guid":{"rendered":"https:\/\/blogsaverroes.juntadeandalucia.es\/aferrartealpatrimonio\/?page_id=165"},"modified":"2021-11-14T17:44:56","modified_gmt":"2021-11-14T17:44:56","slug":"comunicacion","status":"publish","type":"page","link":"https:\/\/blogsaverroes.juntadeandalucia.es\/aferrartealpatrimonio\/comunicacion\/","title":{"rendered":"Comunicaci\u00f3n"},"content":{"rendered":"<p style=\"text-align: justify\">Este espacio est\u00e1 destinado a presentar todas las actividades que el alumnado realiza a lo largo del curso para promocionar el proyecto. Del mismo modo, expondremos la repercusi\u00f3n obtenida en algunos medios de comunicaci\u00f3n. S\u00edrvase como ejemplo el art\u00edculo publicado el 15 de marzo de 2020 en la revista <a href=\"https:\/\/www.juntadeandalucia.es\/educacion\/portals\/web\/revista-andalucia-educativa\/contenidos\/-\/contenidos\/detalle\/aferr-arte-al-patrimonio\">Andaluc\u00eda Educativa&nbsp;<\/a><\/p>\n<p><img loading=\"lazy\" decoding=\"async\" class=\"size-medium wp-image-229 aligncenter\" src=\"https:\/\/blogsaverroes.juntadeandalucia.es\/aferrartealpatrimonio\/files\/2021\/04\/aferr-arte-ppal-300x240.jpg\" alt=\"\" width=\"300\" height=\"240\" srcset=\"https:\/\/blogsaverroes.juntadeandalucia.es\/aferrartealpatrimonio\/files\/2021\/04\/aferr-arte-ppal-300x240.jpg 300w, https:\/\/blogsaverroes.juntadeandalucia.es\/aferrartealpatrimonio\/files\/2021\/04\/aferr-arte-ppal.jpg 375w\" sizes=\"(max-width: 300px) 100vw, 300px\" \/><\/p>\n","protected":false},"excerpt":{"rendered":"<p>Este espacio est\u00e1 destinado a presentar todas las actividades que el alumnado realiza a lo largo del curso para promocionar el proyecto. Del mismo modo, expondremos la repercusi\u00f3n obtenida en algunos medios de comunicaci\u00f3n.&#46;&#46;&#46;<\/p>\n","protected":false},"author":11489,"featured_media":229,"parent":0,"menu_order":0,"comment_status":"closed","ping_status":"closed","template":"","meta":{"ngg_post_thumbnail":0,"footnotes":""},"aioseo_notices":[],"_links":{"self":[{"href":"https:\/\/blogsaverroes.juntadeandalucia.es\/aferrartealpatrimonio\/wp-json\/wp\/v2\/pages\/165"}],"collection":[{"href":"https:\/\/blogsaverroes.juntadeandalucia.es\/aferrartealpatrimonio\/wp-json\/wp\/v2\/pages"}],"about":[{"href":"https:\/\/blogsaverroes.juntadeandalucia.es\/aferrartealpatrimonio\/wp-json\/wp\/v2\/types\/page"}],"author":[{"embeddable":true,"href":"https:\/\/blogsaverroes.juntadeandalucia.es\/aferrartealpatrimonio\/wp-json\/wp\/v2\/users\/11489"}],"replies":[{"embeddable":true,"href":"https:\/\/blogsaverroes.juntadeandalucia.es\/aferrartealpatrimonio\/wp-json\/wp\/v2\/comments?post=165"}],"version-history":[{"count":4,"href":"https:\/\/blogsaverroes.juntadeandalucia.es\/aferrartealpatrimonio\/wp-json\/wp\/v2\/pages\/165\/revisions"}],"predecessor-version":[{"id":531,"href":"https:\/\/blogsaverroes.juntadeandalucia.es\/aferrartealpatrimonio\/wp-json\/wp\/v2\/pages\/165\/revisions\/531"}],"wp:featuredmedia":[{"embeddable":true,"href":"https:\/\/blogsaverroes.juntadeandalucia.es\/aferrartealpatrimonio\/wp-json\/wp\/v2\/media\/229"}],"wp:attachment":[{"href":"https:\/\/blogsaverroes.juntadeandalucia.es\/aferrartealpatrimonio\/wp-json\/wp\/v2\/media?parent=165"}],"curies":[{"name":"wp","href":"https:\/\/api.w.org\/{rel}","templated":true}]}}