{"id":56,"date":"2021-01-01T13:03:36","date_gmt":"2021-01-01T13:03:36","guid":{"rendered":"https:\/\/blogsaverroes.juntadeandalucia.es\/aferrartealpatrimonio\/?page_id=56"},"modified":"2022-03-05T09:58:04","modified_gmt":"2022-03-05T09:58:04","slug":"ruta-flamenca","status":"publish","type":"page","link":"https:\/\/blogsaverroes.juntadeandalucia.es\/aferrartealpatrimonio\/ruta-flamenca\/","title":{"rendered":"Ruta flamenca"},"content":{"rendered":"<p style=\"text-align: justify\">Almer\u00eda, esa gran olvidada del Flamenco por muchos \u201centendidos\u201d, ha sido la cuna madre de uno de los estilos del Flamenco m\u00e1s prol\u00edferos, el Taranto. Este cante es un derivado de los cantes por Fandangos, y es un cante que los mineros de la zona de las Alpujarras Almeriense cantaban en la mina para hacer el trabajo m\u00e1s llevadero. La tem\u00e1tica siempre era triste y en referencia a la mina:<\/p>\n<p style=\"text-align: center\"><strong><em>\u201cYo estaba en las Menas de Ser\u00f3n,<\/em><\/strong><\/p>\n<p style=\"text-align: center\"><strong><em>Siete a\u00f1os encerrao, en las Menas de Ser\u00f3n.<\/em><\/strong><\/p>\n<p style=\"text-align: center\"><strong><em>Los dos brazos me han cortao,<\/em><\/strong><\/p>\n<p style=\"text-align: center\"><strong><em>Al empujar un vag\u00f3n,<\/em><\/strong><\/p>\n<p style=\"text-align: center\"><strong><em>Esa pensi\u00f3n a mi me ha quedao\u201d<\/em><\/strong><\/p>\n<p style=\"text-align: justify\">El Taranto es el palo ra\u00edz de los que posteriormente se ha conocido como los cantes de las minas, o cantes mineros, que son un suced\u00e1neo del mismo: Tarantas, Mineras, Levant\u00edcas, Mineras de La Uni\u00f3n (Cartagena-La Uni\u00f3n), Cartageneras, Murcianas, Lorquianas y Fandangos Mineros. As\u00ed que, el Flamenco le debe mucho a Almer\u00eda, sin embargo, como la historia la escriben los vencedores, hay \u201centendidos\u201d que aseguran que el Taranto es un derivado de la Taranta, pero todo ello se desmonta en las declaraciones de unos de los maestros de los cantes mineros, Don Antonio Pi\u00f1ana, el cual en la grabaci\u00f3n del documental Rito y Geograf\u00eda del cante Flamenco, explica que el desarrollo de los cantes mineros en Cartagena-La Uni\u00f3n toma como referencia el cante del Taranto:<\/p>\n<p style=\"text-align: justify\"><strong><em>\u201cLa Taranta est\u00e1 basada en los Tarantos que los mineros de Almer\u00eda tra\u00edan y, que posteriormente di\u00f3 lugar a los cantes de madrug\u00e1, que no eran tales cantes, y que cantaores como el Rojo el Alpargatero definieron bien, y para distinguirlo del Taranto, le pusieron Taranta\u201d. <\/em><\/strong><\/p>\n<p style=\"text-align: justify\">Adem\u00e1s, hay escritos que demuestran la presencia en Almer\u00eda de explotaciones mineras, antes que en ciudades como, por ejemplo, Ja\u00e9n, lo cual no deja duda de la creaci\u00f3n del Taranto en Almer\u00eda y todo su posterior devenir.<\/p>\n<p style=\"text-align: justify\">Pero\u2026 \u00bfDe d\u00f3nde procede la palabra Taranto? Hay varias teor\u00edas, aunque la m\u00e1s aceptada es que proviene de la aspiraci\u00f3n de la expresi\u00f3n \u00bfestar\u00e1n todos? Pregunta que se hac\u00edan los trabajadores despu\u00e9s de salir de las minas, refiri\u00e9ndose a los que formaban las collas mineras. Como la tendencia del andalucismo es el de aspirar palabras, la expresi\u00f3n qued\u00f3 en;<strong><em> \u201c\u00bfTar\u00e1n t\u00f3s?\u201d<\/em><\/strong><em>.<\/em><\/p>\n<p style=\"text-align: justify\">Si quieres comprobar todo lo que el Flamenco le debe a Almer\u00eda, echa un ojo al Festival Flamenco de Las Minas, un reclamo tur\u00edstico internacional que genera miles de puestos de trabajo, y que deja un impacto econ\u00f3mico de millones de euros en Cartagena-La Uni\u00f3n cada mes de agosto. Que sepas que el devenir de ese festival se debe a nuestra tierra y a nuestro Taranto, y todo lo que se ha generado entorno \u00e9l. Ahora que sabes que es tu herencia cultural, cu\u00eddalo, esc\u00fachalo y defi\u00e9ndelo, que es tuyo.<\/p>\n<p style=\"text-align: justify\"><img loading=\"lazy\" decoding=\"async\" class=\"size-medium wp-image-213 aligncenter\" src=\"https:\/\/blogsaverroes.juntadeandalucia.es\/aferrartealpatrimonio\/files\/2021\/04\/20-sin-t\u00edtulo_20201116175326123632674-e1617297299155-279x300.png\" alt=\"\" width=\"279\" height=\"300\" srcset=\"https:\/\/blogsaverroes.juntadeandalucia.es\/aferrartealpatrimonio\/files\/2021\/04\/20-sin-t\u00edtulo_20201116175326123632674-e1617297299155-279x300.png 279w, https:\/\/blogsaverroes.juntadeandalucia.es\/aferrartealpatrimonio\/files\/2021\/04\/20-sin-t\u00edtulo_20201116175326123632674-e1617297299155-768x827.png 768w, https:\/\/blogsaverroes.juntadeandalucia.es\/aferrartealpatrimonio\/files\/2021\/04\/20-sin-t\u00edtulo_20201116175326123632674-e1617297299155.png 900w\" sizes=\"(max-width: 279px) 100vw, 279px\" \/><\/p>\n<p>&nbsp;<\/p>\n<p style=\"text-align: center\"><span style=\"font-size: 10pt\">Cristo Heredia, dibujo de una de sus actuaciones realizado por Anina Arg\u00fcelles<\/span><\/p>\n<p style=\"text-align: center\">&nbsp;<\/p>\n<p style=\"text-align: center\"><iframe loading=\"lazy\" src=\"https:\/\/www.google.com\/maps\/d\/u\/0\/embed?mid=1Hst3tFdwzfDEOYE8gMUBx6EiyD6lRXG9&amp;ehbc=2E312F\" width=\"640\" height=\"480\"><\/iframe>&nbsp;<\/p>\n<p style=\"text-align: center\"><span style=\"font-size: 10pt\">Mapa del Flamenco en Almer\u00eda en continua \u00abconstrucci\u00f3n\u00bb<\/span><\/p>\n<p><span style=\"font-size: 10pt\"><em><img loading=\"lazy\" decoding=\"async\" class=\"alignnone wp-image-291\" src=\"https:\/\/blogsaverroes.juntadeandalucia.es\/aferrartealpatrimonio\/files\/2021\/04\/foto-carnet-Cristo-220x300.jpg\" alt=\"\" width=\"27\" height=\"37\" srcset=\"https:\/\/blogsaverroes.juntadeandalucia.es\/aferrartealpatrimonio\/files\/2021\/04\/foto-carnet-Cristo-220x300.jpg 220w, https:\/\/blogsaverroes.juntadeandalucia.es\/aferrartealpatrimonio\/files\/2021\/04\/foto-carnet-Cristo.jpg 329w\" sizes=\"(max-width: 27px) 100vw, 27px\" \/>Autor: Cristo Heredia, estudiante de 1\u00ba de Agencias de Viajes&nbsp; y Gesti\u00f3n de Eventos y cantaor de Flamenco de Almer\u00eda<\/em><\/span><\/p>\n","protected":false},"excerpt":{"rendered":"<p>Almer\u00eda, esa gran olvidada del Flamenco por muchos \u201centendidos\u201d, ha sido la cuna madre de uno de los estilos del Flamenco m\u00e1s prol\u00edferos, el Taranto. Este cante es un derivado de los cantes por&#46;&#46;&#46;<\/p>\n","protected":false},"author":11489,"featured_media":0,"parent":0,"menu_order":0,"comment_status":"closed","ping_status":"closed","template":"","meta":{"ngg_post_thumbnail":0,"footnotes":""},"aioseo_notices":[],"_links":{"self":[{"href":"https:\/\/blogsaverroes.juntadeandalucia.es\/aferrartealpatrimonio\/wp-json\/wp\/v2\/pages\/56"}],"collection":[{"href":"https:\/\/blogsaverroes.juntadeandalucia.es\/aferrartealpatrimonio\/wp-json\/wp\/v2\/pages"}],"about":[{"href":"https:\/\/blogsaverroes.juntadeandalucia.es\/aferrartealpatrimonio\/wp-json\/wp\/v2\/types\/page"}],"author":[{"embeddable":true,"href":"https:\/\/blogsaverroes.juntadeandalucia.es\/aferrartealpatrimonio\/wp-json\/wp\/v2\/users\/11489"}],"replies":[{"embeddable":true,"href":"https:\/\/blogsaverroes.juntadeandalucia.es\/aferrartealpatrimonio\/wp-json\/wp\/v2\/comments?post=56"}],"version-history":[{"count":9,"href":"https:\/\/blogsaverroes.juntadeandalucia.es\/aferrartealpatrimonio\/wp-json\/wp\/v2\/pages\/56\/revisions"}],"predecessor-version":[{"id":760,"href":"https:\/\/blogsaverroes.juntadeandalucia.es\/aferrartealpatrimonio\/wp-json\/wp\/v2\/pages\/56\/revisions\/760"}],"wp:attachment":[{"href":"https:\/\/blogsaverroes.juntadeandalucia.es\/aferrartealpatrimonio\/wp-json\/wp\/v2\/media?parent=56"}],"curies":[{"name":"wp","href":"https:\/\/api.w.org\/{rel}","templated":true}]}}