{"id":1040,"date":"2021-04-17T20:49:55","date_gmt":"2021-04-17T20:49:55","guid":{"rendered":"https:\/\/blogsaverroes.juntadeandalucia.es\/agcdibujotecnico\/?page_id=1040"},"modified":"2025-09-18T09:02:37","modified_gmt":"2025-09-18T09:02:37","slug":"proyectos-2d-3d","status":"publish","type":"page","link":"https:\/\/blogsaverroes.juntadeandalucia.es\/agcdibujotecnico\/proyectos-2d-3d\/","title":{"rendered":"PROYECTOS 2D\/3D"},"content":{"rendered":"<h2>PROYECTOS 3D<\/h2>\n<p><a href=\"https:\/\/blogsaverroes.juntadeandalucia.es\/agcdibujotecnico\/files\/2020\/07\/Captura-de-pantalla-2020-07-09-a-las-13.46.14.png\"><img loading=\"lazy\" decoding=\"async\" class=\"aligncenter size-full wp-image-851\" src=\"https:\/\/blogsaverroes.juntadeandalucia.es\/agcdibujotecnico\/files\/2020\/07\/Captura-de-pantalla-2020-07-09-a-las-13.46.14.png\" alt=\"\" width=\"1264\" height=\"1246\" srcset=\"https:\/\/blogsaverroes.juntadeandalucia.es\/agcdibujotecnico\/files\/2020\/07\/Captura-de-pantalla-2020-07-09-a-las-13.46.14.png 1264w, https:\/\/blogsaverroes.juntadeandalucia.es\/agcdibujotecnico\/files\/2020\/07\/Captura-de-pantalla-2020-07-09-a-las-13.46.14-300x296.png 300w, https:\/\/blogsaverroes.juntadeandalucia.es\/agcdibujotecnico\/files\/2020\/07\/Captura-de-pantalla-2020-07-09-a-las-13.46.14-768x757.png 768w, https:\/\/blogsaverroes.juntadeandalucia.es\/agcdibujotecnico\/files\/2020\/07\/Captura-de-pantalla-2020-07-09-a-las-13.46.14-1024x1009.png 1024w, https:\/\/blogsaverroes.juntadeandalucia.es\/agcdibujotecnico\/files\/2020\/07\/Captura-de-pantalla-2020-07-09-a-las-13.46.14-100x100.png 100w, https:\/\/blogsaverroes.juntadeandalucia.es\/agcdibujotecnico\/files\/2020\/07\/Captura-de-pantalla-2020-07-09-a-las-13.46.14-24x24.png 24w, https:\/\/blogsaverroes.juntadeandalucia.es\/agcdibujotecnico\/files\/2020\/07\/Captura-de-pantalla-2020-07-09-a-las-13.46.14-36x36.png 36w, https:\/\/blogsaverroes.juntadeandalucia.es\/agcdibujotecnico\/files\/2020\/07\/Captura-de-pantalla-2020-07-09-a-las-13.46.14-48x48.png 48w\" sizes=\"(max-width: 1264px) 100vw, 1264px\" \/><\/a><\/p>\n<p>En estas p\u00e1ginas puedes encontrar los recursos necesarios para poder realizar los proyectos 3D propuestos para cada nivel y trimestre. Estos proyectos se entregar\u00e1n en las tareas correspondientes de Classroom, siguiendo las instrucciones publicadas y en las fechas requeridas.<\/p>\n<p>&nbsp;<\/p>\n<p><strong><a title=\"PROYECTOS 3D \u2013 NIVEL I\" href=\"https:\/\/blogsaverroes.juntadeandalucia.es\/agcdibujotecnico\/proyectos-3d\/proyectos-3d-nivel-i\/\" target=\"_blank\" rel=\"noopener noreferrer\">PROYECTOS 3D &#8211; NIVEL I (1\u00ba DE BACHILLERATO)<\/a><\/strong><\/p>\n<p><strong><a title=\"PROYECTOS 3D \u2013 NIVEL II\" href=\"https:\/\/blogsaverroes.juntadeandalucia.es\/agcdibujotecnico\/proyectos-3d\/proyectos-3d-nivel-ii\/\" target=\"_blank\" rel=\"noopener noreferrer\">PROYECTOS 3D &#8211; NIVEL II (2\u00ba DE BACHILLERATO)<\/a><\/strong><\/p>\n<p>A continuaci\u00f3n aparecen algunos enlaces de utilidad a aplicaciones que facilitar\u00e1n la creaci\u00f3n de los modelos propuestos en cada proyecto.<\/p>\n<h2>APLICACIONES PARA DISE\u00d1O 3D<\/h2>\n<p style=\"padding-left: 40px\"><a href=\"https:\/\/www.sketchup.com\/es\/plans-and-pricing\/sketchup-free\" target=\"_blank\" rel=\"noopener noreferrer\"><strong>SKETCHUP WEB<\/strong><\/a><\/p>\n<p style=\"padding-left: 40px\"><a href=\"https:\/\/www.dropbox.com\/sh\/rjf9ka05r3n2n9y\/AAD-DHZiSuW_2gtHBLcRyQX1a?dl=0\" target=\"_blank\" rel=\"noopener noreferrer\"><strong>SKETCHUP MAKE 2017 (para instalar en Windows y Mac)<\/strong><\/a><\/p>\n<p style=\"padding-left: 40px\"><a href=\"https:\/\/www.shapr3d.com\" target=\"_blank\" rel=\"noopener noreferrer\"><strong>SHAPR 3D<\/strong><\/a><\/p>\n<p style=\"padding-left: 40px\"><a href=\"https:\/\/www.tinkercad.com\" target=\"_blank\" rel=\"noopener noreferrer\"><strong>THINKERCAD<\/strong><\/a><\/p>\n<p style=\"padding-left: 40px\"><a href=\"https:\/\/www.autodesk.es\/products\/fusion-360\/subscribe?plc=F360&amp;term=1-YEAR&amp;support=ADVANCED&amp;quantity=1#0\" target=\"_blank\" rel=\"noopener noreferrer\"><strong>FUSION 360\u00ba<\/strong><\/a><\/p>\n<p style=\"padding-left: 40px\"><a href=\"https:\/\/www.blender.org\/download\/\" target=\"_blank\" rel=\"noopener noreferrer\"><strong>BLENDER<\/strong><\/a><\/p>\n","protected":false},"excerpt":{"rendered":"<p>PROYECTOS 3D En estas p\u00e1ginas puedes encontrar los recursos necesarios para poder realizar los proyectos 3D propuestos para cada nivel y trimestre. Estos proyectos se entregar\u00e1n en las tareas correspondientes de Classroom, siguiendo las&#46;&#46;&#46;<\/p>\n","protected":false},"author":2852,"featured_media":0,"parent":0,"menu_order":0,"comment_status":"closed","ping_status":"closed","template":"","meta":{"ngg_post_thumbnail":0,"footnotes":""},"aioseo_notices":[],"_links":{"self":[{"href":"https:\/\/blogsaverroes.juntadeandalucia.es\/agcdibujotecnico\/wp-json\/wp\/v2\/pages\/1040"}],"collection":[{"href":"https:\/\/blogsaverroes.juntadeandalucia.es\/agcdibujotecnico\/wp-json\/wp\/v2\/pages"}],"about":[{"href":"https:\/\/blogsaverroes.juntadeandalucia.es\/agcdibujotecnico\/wp-json\/wp\/v2\/types\/page"}],"author":[{"embeddable":true,"href":"https:\/\/blogsaverroes.juntadeandalucia.es\/agcdibujotecnico\/wp-json\/wp\/v2\/users\/2852"}],"replies":[{"embeddable":true,"href":"https:\/\/blogsaverroes.juntadeandalucia.es\/agcdibujotecnico\/wp-json\/wp\/v2\/comments?post=1040"}],"version-history":[{"count":23,"href":"https:\/\/blogsaverroes.juntadeandalucia.es\/agcdibujotecnico\/wp-json\/wp\/v2\/pages\/1040\/revisions"}],"predecessor-version":[{"id":2680,"href":"https:\/\/blogsaverroes.juntadeandalucia.es\/agcdibujotecnico\/wp-json\/wp\/v2\/pages\/1040\/revisions\/2680"}],"wp:attachment":[{"href":"https:\/\/blogsaverroes.juntadeandalucia.es\/agcdibujotecnico\/wp-json\/wp\/v2\/media?parent=1040"}],"curies":[{"name":"wp","href":"https:\/\/api.w.org\/{rel}","templated":true}]}}