{"id":1125,"date":"2021-05-12T17:47:11","date_gmt":"2021-05-12T17:47:11","guid":{"rendered":"https:\/\/blogsaverroes.juntadeandalucia.es\/agcdibujotecnico\/?page_id=1125"},"modified":"2021-05-14T11:07:26","modified_gmt":"2021-05-14T11:07:26","slug":"videotutoriales-normalizacion-y-acotacion","status":"publish","type":"page","link":"https:\/\/blogsaverroes.juntadeandalucia.es\/agcdibujotecnico\/videotutoriales\/videotutoriales-normalizacion-y-acotacion\/","title":{"rendered":"VIDEOTUTORIALES: NORMALIZACI\u00d3N Y ACOTACI\u00d3N."},"content":{"rendered":"<h2>NORMALIZACI\u00d3N Y ACOTACI\u00d3N<\/h2>\n<p><iframe loading=\"lazy\" title=\"Clase de ACOTACI\u00d3N por el m\u00e9todo de las 4 fases.\" width=\"500\" height=\"281\" src=\"https:\/\/www.youtube.com\/embed\/NwTh_tiB3YQ?feature=oembed&#038;wmode=opaque\" frameborder=\"0\" allow=\"accelerometer; autoplay; clipboard-write; encrypted-media; gyroscope; picture-in-picture\" allowfullscreen><\/iframe><\/p>\n<h4>LISTA DE REPRODUCCI\u00d3N DEL CANAL ARTURO GEOMETR\u00cdA SOBRE NORMALIZACI\u00d3N Y ACOTACI\u00d3N.<\/h4>\n<p><iframe loading=\"lazy\" title=\"Normalizaci\u00f3n: Acotaci\u00f3n, cortes y secciones\" width=\"500\" height=\"281\" src=\"https:\/\/www.youtube.com\/embed\/videoseries?list=PLgZEwwjOo0OpdEYD2QsYiaEVQe7c7S0Dw\" frameborder=\"0\" allow=\"accelerometer; autoplay; clipboard-write; encrypted-media; gyroscope; picture-in-picture\" allowfullscreen><\/iframe><\/p>\n<h4>AMPLIACI\u00d3N DE NORMAS B\u00c1SICAS.<\/h4>\n<p><iframe loading=\"lazy\" title=\"Tama\u00f1o y posici\u00f3n de las Cifras de cota (Acotaci\u00f3n-Normalizaci\u00f3n)\" width=\"500\" height=\"281\" src=\"https:\/\/www.youtube.com\/embed\/WF3m4rzPIJo?feature=oembed&#038;wmode=opaque\" frameborder=\"0\" allow=\"accelerometer; autoplay; clipboard-write; encrypted-media; gyroscope; picture-in-picture\" allowfullscreen><\/iframe><\/p>\n<p>&nbsp;<\/p>\n<p><iframe loading=\"lazy\" title=\"Tipos de Flechas de cota (Acotaci\u00f3n-Normalizaci\u00f3n)\" width=\"500\" height=\"281\" src=\"https:\/\/www.youtube.com\/embed\/bjE7YeLsa7U?feature=oembed&#038;wmode=opaque\" frameborder=\"0\" allow=\"accelerometer; autoplay; clipboard-write; encrypted-media; gyroscope; picture-in-picture\" allowfullscreen><\/iframe><\/p>\n<p><iframe loading=\"lazy\" title=\"C\u00f3mo acotar Dimensiones Peque\u00f1as (Acotaci\u00f3n Normalizaci\u00f3n)\" width=\"500\" height=\"281\" src=\"https:\/\/www.youtube.com\/embed\/t9s6K1a87cY?feature=oembed&#038;wmode=opaque\" frameborder=\"0\" allow=\"accelerometer; autoplay; clipboard-write; encrypted-media; gyroscope; picture-in-picture\" allowfullscreen><\/iframe><\/p>\n<h4>&nbsp;<\/h4>\n<p><iframe loading=\"lazy\" title=\"C\u00f3mo acotar Radios (Acotaci\u00f3n-Normalizaci\u00f3n)\" width=\"500\" height=\"281\" src=\"https:\/\/www.youtube.com\/embed\/h1c37Wy995Y?feature=oembed&#038;wmode=opaque\" frameborder=\"0\" allow=\"accelerometer; autoplay; clipboard-write; encrypted-media; gyroscope; picture-in-picture\" allowfullscreen><\/iframe><\/p>\n<h4>&nbsp;<\/h4>\n<p><iframe loading=\"lazy\" title=\"C\u00f3mo acotar Di\u00e1metros en piezas y figuras (Acotaci\u00f3n-Normalizaci\u00f3n) de revoluci\u00f3n\" width=\"500\" height=\"281\" src=\"https:\/\/www.youtube.com\/embed\/UQ7UF9KOq94?feature=oembed&#038;wmode=opaque\" frameborder=\"0\" allow=\"accelerometer; autoplay; clipboard-write; encrypted-media; gyroscope; picture-in-picture\" allowfullscreen><\/iframe><\/p>\n<h4>&nbsp;<\/h4>\n<p><iframe loading=\"lazy\" title=\"C\u00f3mo acotar Esferas (Acotaci\u00f3n-Normalizaci\u00f3n)\" width=\"500\" height=\"281\" src=\"https:\/\/www.youtube.com\/embed\/lhRijcMZm7A?feature=oembed&#038;wmode=opaque\" frameborder=\"0\" allow=\"accelerometer; autoplay; clipboard-write; encrypted-media; gyroscope; picture-in-picture\" allowfullscreen><\/iframe><\/p>\n<h4>&nbsp;<\/h4>\n<p><iframe loading=\"lazy\" title=\"C\u00f3mo dibujar las L\u00edneas de cota y las l\u00edneas auxiliares - Errores comunes\" width=\"500\" height=\"281\" src=\"https:\/\/www.youtube.com\/embed\/EQvZKDdGSDc?feature=oembed&#038;wmode=opaque\" frameborder=\"0\" allow=\"accelerometer; autoplay; clipboard-write; encrypted-media; gyroscope; picture-in-picture\" allowfullscreen><\/iframe><\/p>\n<h4>&nbsp;<\/h4>\n<p><iframe loading=\"lazy\" title=\"Tipos de acotaci\u00f3n (en Serie, en Paralelo y Combinada)\" width=\"500\" height=\"281\" src=\"https:\/\/www.youtube.com\/embed\/hMnJuYuZ504?feature=oembed&#038;wmode=opaque\" frameborder=\"0\" allow=\"accelerometer; autoplay; clipboard-write; encrypted-media; gyroscope; picture-in-picture\" allowfullscreen><\/iframe><\/p>\n<h4>&nbsp;<\/h4>\n<p><iframe loading=\"lazy\" title=\"C\u00f3mo acotar Formas Circulares\" width=\"500\" height=\"281\" src=\"https:\/\/www.youtube.com\/embed\/UA2WAKFAC8A?feature=oembed&#038;wmode=opaque\" frameborder=\"0\" allow=\"accelerometer; autoplay; clipboard-write; encrypted-media; gyroscope; picture-in-picture\" allowfullscreen><\/iframe><\/p>\n<h4>&nbsp;<\/h4>\n<p><iframe loading=\"lazy\" title=\"C\u00f3mo acotar Formas Repetidas\" width=\"500\" height=\"281\" src=\"https:\/\/www.youtube.com\/embed\/HA5zS14e1wg?feature=oembed&#038;wmode=opaque\" frameborder=\"0\" allow=\"accelerometer; autoplay; clipboard-write; encrypted-media; gyroscope; picture-in-picture\" allowfullscreen><\/iframe><\/p>\n<h4>&nbsp;<\/h4>\n<p><iframe loading=\"lazy\" title=\"Cu\u00e1ntas cotas necesito para acotar correctamente un objeto?\" width=\"500\" height=\"281\" src=\"https:\/\/www.youtube.com\/embed\/lJjptzZwu04?feature=oembed&#038;wmode=opaque\" frameborder=\"0\" allow=\"accelerometer; autoplay; clipboard-write; encrypted-media; gyroscope; picture-in-picture\" allowfullscreen><\/iframe><\/p>\n<h4>&nbsp;<\/h4>\n<h4>&nbsp;<\/h4>\n<p><iframe loading=\"lazy\" title=\"Acotaci\u00f3n de Semicortes y Medias vistas (Normalizaci\u00f3n)\" width=\"500\" height=\"281\" src=\"https:\/\/www.youtube.com\/embed\/Np2WGA04O_g?feature=oembed&#038;wmode=opaque\" frameborder=\"0\" allow=\"accelerometer; autoplay; clipboard-write; encrypted-media; gyroscope; picture-in-picture\" allowfullscreen><\/iframe><\/p>\n<h4>&nbsp;<\/h4>\n<h4>EJEMPLOS PASO A PASO DE ACOTACI\u00d3N DE DIFERENTES PIEZAS.<\/h4>\n<p><iframe loading=\"lazy\" title=\"Corte y acotaci\u00f3n de una pieza (Normalizaci\u00f3n)\" width=\"500\" height=\"281\" src=\"https:\/\/www.youtube.com\/embed\/Ms_IDRIrz38?feature=oembed&#038;wmode=opaque\" frameborder=\"0\" allow=\"accelerometer; autoplay; clipboard-write; encrypted-media; gyroscope; picture-in-picture\" allowfullscreen><\/iframe><\/p>\n<p>&nbsp;<\/p>\n<p><iframe loading=\"lazy\" title=\"Semicorte y acotaci\u00f3n de una pieza (Normalizaci\u00f3n)\" width=\"500\" height=\"281\" src=\"https:\/\/www.youtube.com\/embed\/0bI_vW_dpXw?feature=oembed&#038;wmode=opaque\" frameborder=\"0\" allow=\"accelerometer; autoplay; clipboard-write; encrypted-media; gyroscope; picture-in-picture\" allowfullscreen><\/iframe><\/p>\n<p>&nbsp;<\/p>\n<p>&nbsp;<\/p>\n","protected":false},"excerpt":{"rendered":"<p>NORMALIZACI\u00d3N Y ACOTACI\u00d3N LISTA DE REPRODUCCI\u00d3N DEL CANAL ARTURO GEOMETR\u00cdA SOBRE NORMALIZACI\u00d3N Y ACOTACI\u00d3N. AMPLIACI\u00d3N DE NORMAS B\u00c1SICAS. &nbsp; &nbsp; &nbsp; &nbsp; &nbsp; &nbsp; &nbsp; &nbsp; &nbsp; &nbsp; &nbsp; &nbsp; EJEMPLOS PASO A PASO&#46;&#46;&#46;<\/p>\n","protected":false},"author":2852,"featured_media":0,"parent":686,"menu_order":0,"comment_status":"closed","ping_status":"closed","template":"","meta":{"ngg_post_thumbnail":0,"footnotes":""},"aioseo_notices":[],"_links":{"self":[{"href":"https:\/\/blogsaverroes.juntadeandalucia.es\/agcdibujotecnico\/wp-json\/wp\/v2\/pages\/1125"}],"collection":[{"href":"https:\/\/blogsaverroes.juntadeandalucia.es\/agcdibujotecnico\/wp-json\/wp\/v2\/pages"}],"about":[{"href":"https:\/\/blogsaverroes.juntadeandalucia.es\/agcdibujotecnico\/wp-json\/wp\/v2\/types\/page"}],"author":[{"embeddable":true,"href":"https:\/\/blogsaverroes.juntadeandalucia.es\/agcdibujotecnico\/wp-json\/wp\/v2\/users\/2852"}],"replies":[{"embeddable":true,"href":"https:\/\/blogsaverroes.juntadeandalucia.es\/agcdibujotecnico\/wp-json\/wp\/v2\/comments?post=1125"}],"version-history":[{"count":3,"href":"https:\/\/blogsaverroes.juntadeandalucia.es\/agcdibujotecnico\/wp-json\/wp\/v2\/pages\/1125\/revisions"}],"predecessor-version":[{"id":1159,"href":"https:\/\/blogsaverroes.juntadeandalucia.es\/agcdibujotecnico\/wp-json\/wp\/v2\/pages\/1125\/revisions\/1159"}],"up":[{"embeddable":true,"href":"https:\/\/blogsaverroes.juntadeandalucia.es\/agcdibujotecnico\/wp-json\/wp\/v2\/pages\/686"}],"wp:attachment":[{"href":"https:\/\/blogsaverroes.juntadeandalucia.es\/agcdibujotecnico\/wp-json\/wp\/v2\/media?parent=1125"}],"curies":[{"name":"wp","href":"https:\/\/api.w.org\/{rel}","templated":true}]}}