{"id":1131,"date":"2021-05-12T17:55:21","date_gmt":"2021-05-12T17:55:21","guid":{"rendered":"https:\/\/blogsaverroes.juntadeandalucia.es\/agcdibujotecnico\/?page_id=1131"},"modified":"2022-06-01T06:48:54","modified_gmt":"2022-06-01T06:48:54","slug":"videotutoriales-sistema-axonometrico","status":"publish","type":"page","link":"https:\/\/blogsaverroes.juntadeandalucia.es\/agcdibujotecnico\/videotutoriales\/videotutoriales-sistema-axonometrico\/","title":{"rendered":"VIDEOTUTORIALES: SISTEMA AXONOM\u00c9TRICO."},"content":{"rendered":"<h2>&nbsp;<\/h2>\n<h2>SISTEMA AXONOM\u00c9TRICO Y PERSPECTIVA CABALLERA.<\/h2>\n<p><iframe loading=\"lazy\" title=\"Escalas. Conversi\u00f3n de escalas\" width=\"500\" height=\"281\" src=\"https:\/\/www.youtube.com\/embed\/6jvrEkchx6U?feature=oembed&#038;wmode=opaque\" frameborder=\"0\" allow=\"accelerometer; autoplay; clipboard-write; encrypted-media; gyroscope; picture-in-picture\" allowfullscreen><\/iframe><\/p>\n<p>&nbsp;<\/p>\n<p><iframe loading=\"lazy\" title=\"Croquizado de perspectivas a partir de las vistas de un objeto\" width=\"500\" height=\"281\" src=\"https:\/\/www.youtube.com\/embed\/EUwE9WpcHcE?feature=oembed&#038;wmode=opaque\" frameborder=\"0\" allow=\"accelerometer; autoplay; clipboard-write; encrypted-media; gyroscope; picture-in-picture\" allowfullscreen><\/iframe><\/p>\n<p>&nbsp;<\/p>\n<p><iframe loading=\"lazy\" title=\"CROQUIZADO DE PERSPECTIVAS CON MI ACETATO MEDIATRIZEO\" width=\"500\" height=\"281\" src=\"https:\/\/www.youtube.com\/embed\/lfsuPran21w?feature=oembed&#038;wmode=opaque\" frameborder=\"0\" allow=\"accelerometer; autoplay; clipboard-write; encrypted-media; gyroscope; picture-in-picture\" allowfullscreen><\/iframe><\/p>\n<p>&nbsp;<\/p>\n<p><iframe loading=\"lazy\" title=\"Croquizado de perspectiva EBAU ANDALUC\u00cdA, CEUTA Y MELILLA 2019, usando el acetato.\" width=\"500\" height=\"375\" src=\"https:\/\/www.youtube.com\/embed\/jcjLP70bmGc?feature=oembed&#038;wmode=opaque\" frameborder=\"0\" allow=\"accelerometer; autoplay; clipboard-write; encrypted-media; gyroscope; picture-in-picture\" allowfullscreen><\/iframe><\/p>\n<p>&nbsp;<\/p>\n<p><iframe loading=\"lazy\" title=\"Perspectiva axonom\u00e9trica con escalas y coeficiente de reducci\u00f3n. EBAU Andaluc\u00eda 2021.\" width=\"500\" height=\"281\" src=\"https:\/\/www.youtube.com\/embed\/DFcuZTNTi_w?feature=oembed&#038;wmode=opaque\" frameborder=\"0\" allow=\"accelerometer; autoplay; clipboard-write; encrypted-media; gyroscope; picture-in-picture\" allowfullscreen><\/iframe><\/p>\n<p>&nbsp;<\/p>\n<p><iframe loading=\"lazy\" title=\"Circunferencia en isom\u00e9trico como elipse. Metodo Afinidad\" width=\"500\" height=\"375\" src=\"https:\/\/www.youtube.com\/embed\/UNrjZn8Yt8M?feature=oembed&#038;wmode=opaque\" frameborder=\"0\" allow=\"accelerometer; autoplay; clipboard-write; encrypted-media; gyroscope; picture-in-picture\" allowfullscreen><\/iframe><\/p>\n","protected":false},"excerpt":{"rendered":"<p>&nbsp; SISTEMA AXONOM\u00c9TRICO Y PERSPECTIVA CABALLERA. &nbsp; &nbsp; &nbsp; &nbsp; &nbsp;<\/p>\n","protected":false},"author":2852,"featured_media":0,"parent":686,"menu_order":0,"comment_status":"closed","ping_status":"closed","template":"","meta":{"ngg_post_thumbnail":0,"footnotes":""},"aioseo_notices":[],"_links":{"self":[{"href":"https:\/\/blogsaverroes.juntadeandalucia.es\/agcdibujotecnico\/wp-json\/wp\/v2\/pages\/1131"}],"collection":[{"href":"https:\/\/blogsaverroes.juntadeandalucia.es\/agcdibujotecnico\/wp-json\/wp\/v2\/pages"}],"about":[{"href":"https:\/\/blogsaverroes.juntadeandalucia.es\/agcdibujotecnico\/wp-json\/wp\/v2\/types\/page"}],"author":[{"embeddable":true,"href":"https:\/\/blogsaverroes.juntadeandalucia.es\/agcdibujotecnico\/wp-json\/wp\/v2\/users\/2852"}],"replies":[{"embeddable":true,"href":"https:\/\/blogsaverroes.juntadeandalucia.es\/agcdibujotecnico\/wp-json\/wp\/v2\/comments?post=1131"}],"version-history":[{"count":6,"href":"https:\/\/blogsaverroes.juntadeandalucia.es\/agcdibujotecnico\/wp-json\/wp\/v2\/pages\/1131\/revisions"}],"predecessor-version":[{"id":1529,"href":"https:\/\/blogsaverroes.juntadeandalucia.es\/agcdibujotecnico\/wp-json\/wp\/v2\/pages\/1131\/revisions\/1529"}],"up":[{"embeddable":true,"href":"https:\/\/blogsaverroes.juntadeandalucia.es\/agcdibujotecnico\/wp-json\/wp\/v2\/pages\/686"}],"wp:attachment":[{"href":"https:\/\/blogsaverroes.juntadeandalucia.es\/agcdibujotecnico\/wp-json\/wp\/v2\/media?parent=1131"}],"curies":[{"name":"wp","href":"https:\/\/api.w.org\/{rel}","templated":true}]}}