{"id":1217,"date":"2021-06-18T07:28:33","date_gmt":"2021-06-18T07:28:33","guid":{"rendered":"https:\/\/blogsaverroes.juntadeandalucia.es\/agcdibujotecnico\/?page_id=1217"},"modified":"2024-11-23T13:33:15","modified_gmt":"2024-11-23T13:33:15","slug":"documentos-del-departamento","status":"publish","type":"page","link":"https:\/\/blogsaverroes.juntadeandalucia.es\/agcdibujotecnico\/documentos-del-departamento\/","title":{"rendered":"DOCUMENTOS DEL DEPARTAMENTO"},"content":{"rendered":"<h3>PROGRAMACI\u00d3N DID\u00c1CTICA DEL DEPARTAMENTO DE DIBUJO DEL IES ALHAKEN II DE C\u00d3RDOBA.<\/h3>\n<h5>Archivos pdf con la programaci\u00f3n did\u00e1ctica completa de la asignatura de Dibujo T\u00e9cnico impartida por el profesorado del departamento did\u00e1ctico en ESO y Bachillerato.<\/h5>\n<p><a title=\"PROGRAMACI\u00d3N DID\u00c1CTICA DT 4\u00ba ESO\" href=\"https:\/\/blogsaverroes.juntadeandalucia.es\/agcdibujotecnico\/programacion-didactica-dt-4o-eso\/\" target=\"_blank\" rel=\"noopener\">PROGRAMACI\u00d3N DE LA ASIGNATURA DE DIBUJO T\u00c9CNICO PARA 4\u00ba ESO (4\u00ba ESO LOMLOE).<\/a><\/p>\n<p><a title=\"PROGRAMACI\u00d3N DE DIBUJO T\u00c9CNICO I (1\u00ba BACHILLERATO LOMLOE)\" href=\"https:\/\/blogsaverroes.juntadeandalucia.es\/agcdibujotecnico\/programacion-de-dibujo-tecnico-i-1o-bachillerato-lomloe9\/\" target=\"_blank\" rel=\"noopener noreferrer\">PROGRAMACI\u00d3N DE LA ASIGNATURA DE DIBUJO T\u00c9CNICO I (1\u00ba DE BACHILLERATO LOMLOE).<\/a><\/p>\n<p><a title=\"PROGRAMACI\u00d3N DE DIBUJO T\u00c9CNICO II (2\u00ba BACHILLERATO LOMCE).\" href=\"https:\/\/blogsaverroes.juntadeandalucia.es\/agcdibujotecnico\/programacion-de-dibujo-tecnico-ii-2o-bachillerato-lomloe\/\" target=\"_blank\" rel=\"noopener noreferrer\">PROGRAMACI\u00d3N DE LA ASIGNATURA DE DIBUJO T\u00c9CNICO II (2\u00ba DE BACHILLERATO LOMLOE).<\/a><\/p>\n","protected":false},"excerpt":{"rendered":"<p>PROGRAMACI\u00d3N DID\u00c1CTICA DEL DEPARTAMENTO DE DIBUJO DEL IES ALHAKEN II DE C\u00d3RDOBA. Archivos pdf con la programaci\u00f3n did\u00e1ctica completa de la asignatura de Dibujo T\u00e9cnico impartida por el profesorado del departamento did\u00e1ctico en ESO&#46;&#46;&#46;<\/p>\n","protected":false},"author":2852,"featured_media":0,"parent":0,"menu_order":0,"comment_status":"closed","ping_status":"closed","template":"","meta":{"ngg_post_thumbnail":0,"footnotes":""},"aioseo_notices":[],"_links":{"self":[{"href":"https:\/\/blogsaverroes.juntadeandalucia.es\/agcdibujotecnico\/wp-json\/wp\/v2\/pages\/1217"}],"collection":[{"href":"https:\/\/blogsaverroes.juntadeandalucia.es\/agcdibujotecnico\/wp-json\/wp\/v2\/pages"}],"about":[{"href":"https:\/\/blogsaverroes.juntadeandalucia.es\/agcdibujotecnico\/wp-json\/wp\/v2\/types\/page"}],"author":[{"embeddable":true,"href":"https:\/\/blogsaverroes.juntadeandalucia.es\/agcdibujotecnico\/wp-json\/wp\/v2\/users\/2852"}],"replies":[{"embeddable":true,"href":"https:\/\/blogsaverroes.juntadeandalucia.es\/agcdibujotecnico\/wp-json\/wp\/v2\/comments?post=1217"}],"version-history":[{"count":12,"href":"https:\/\/blogsaverroes.juntadeandalucia.es\/agcdibujotecnico\/wp-json\/wp\/v2\/pages\/1217\/revisions"}],"predecessor-version":[{"id":2609,"href":"https:\/\/blogsaverroes.juntadeandalucia.es\/agcdibujotecnico\/wp-json\/wp\/v2\/pages\/1217\/revisions\/2609"}],"wp:attachment":[{"href":"https:\/\/blogsaverroes.juntadeandalucia.es\/agcdibujotecnico\/wp-json\/wp\/v2\/media?parent=1217"}],"curies":[{"name":"wp","href":"https:\/\/api.w.org\/{rel}","templated":true}]}}