{"id":1624,"date":"2022-11-21T20:39:12","date_gmt":"2022-11-21T20:39:12","guid":{"rendered":"https:\/\/blogsaverroes.juntadeandalucia.es\/agcdibujotecnico\/?page_id=1624"},"modified":"2025-10-27T21:11:56","modified_gmt":"2025-10-27T21:11:56","slug":"geometria-plana-mongge","status":"publish","type":"page","link":"https:\/\/blogsaverroes.juntadeandalucia.es\/agcdibujotecnico\/paso-a-paso-con-mongge\/geometria-plana-mongge\/","title":{"rendered":"GEOMETR\u00cdA PLANA (Mongge)"},"content":{"rendered":"<h4>SECCI\u00d3N CON ANIMACIONES MONGGE SOBRE TEMAS DE GEOMETR\u00cdA PLANA<\/h4>\n<ol>\n<li><a title=\"CONSTRUCCIONES GEOM\u00c9TRICAS FUNDAMENTALES (MONGGE)\" href=\"https:\/\/blogsaverroes.juntadeandalucia.es\/agcdibujotecnico\/construcciones-geometricas-fundamentales\/\" target=\"_blank\" rel=\"noopener noreferrer\">CONSTRUCCIONES GEOM\u00c9TRICAS FUNDAMENTALES.<\/a><\/li>\n<li><a title=\"PROPORCIONALIDAD (MONGGE)\" href=\"https:\/\/blogsaverroes.juntadeandalucia.es\/agcdibujotecnico\/proporcionalidad-mongge\/\" target=\"_blank\" rel=\"noopener noreferrer\">PROPORCIONALIDAD.<\/a><\/li>\n<li><a title=\"TRI\u00c1NGULOS (Mongge)\" href=\"https:\/\/blogsaverroes.juntadeandalucia.es\/agcdibujotecnico\/paso-a-paso-con-mongge\/triangulos-mongge\/\" target=\"_blank\" rel=\"noopener noreferrer\">TRI\u00c1NGULOS.<\/a><\/li>\n<li><a title=\"CUADRIL\u00c1TEROS (Mongge)\" href=\"https:\/\/blogsaverroes.juntadeandalucia.es\/agcdibujotecnico\/paso-a-paso-con-mongge\/cuadrilateros-mongge\/\" target=\"_blank\" rel=\"noopener noreferrer\">CUADRIL\u00c1TEROS.<\/a><\/li>\n<li><a href=\"https:\/\/blogsaverroes.juntadeandalucia.es\/agcdibujotecnico\/paso-a-paso-con-mongge\/geometria-plana-mongge\/poligonos-regulares-mongge\/\" target=\"_blank\" rel=\"noopener\">POL\u00cdGONOS REGULARES.<\/a><\/li>\n<li><a href=\"https:\/\/blogsaverroes.juntadeandalucia.es\/agcdibujotecnico\/transformaciones-mongge\/\" target=\"_blank\" rel=\"noopener\">TRANSFORMACIONES<\/a>.<\/li>\n<li><a title=\"HOMOLOG\u00cdA (MONGGE)\" href=\"https:\/\/blogsaverroes.juntadeandalucia.es\/agcdibujotecnico\/paso-a-paso-con-mongge\/homologia-mongge\/\" target=\"_blank\" rel=\"noopener noreferrer\">HOMOLOG\u00cdA.<\/a><\/li>\n<li><a title=\"EQUIVALENCIAS (MONGGE)\" href=\"https:\/\/blogsaverroes.juntadeandalucia.es\/agcdibujotecnico\/paso-a-paso-con-mongge\/equivalencias-mongge\/\" target=\"_blank\" rel=\"noopener noreferrer\">EQUIVALENCIAS.<\/a><\/li>\n<li><a title=\"TANGENCIAS (Mongge)\" href=\"https:\/\/blogsaverroes.juntadeandalucia.es\/agcdibujotecnico\/paso-a-paso-con-mongge\/tangencias-mongge\/\" target=\"_blank\" rel=\"noopener noreferrer\">TANGENCIAS.<\/a><\/li>\n<li><a title=\"CURVAS C\u00d3NICAS (Mongge)\" href=\"https:\/\/blogsaverroes.juntadeandalucia.es\/agcdibujotecnico\/curvas-conicas-mongge\/\" target=\"_blank\" rel=\"noopener noreferrer\">CURVAS C\u00d3NICAS.<\/a><\/li>\n<li><a title=\"CURVAS T\u00c9CNICAS (Mongge)\" href=\"https:\/\/blogsaverroes.juntadeandalucia.es\/agcdibujotecnico\/curvas-tecnicas-mongge\/\" target=\"_blank\" rel=\"noopener noreferrer\">CURVAS T\u00c9CNICAS.<\/a><\/li>\n<li><a href=\"https:\/\/blogsaverroes.juntadeandalucia.es\/agcdibujotecnico\/paso-a-paso-con-mongge\/geometria-plana-mongge\/paso-a-paso-con-mongge-rectificacion-de-curvas\/\" target=\"_blank\" rel=\"noopener\">RECTIFICACI\u00d3N DE CURVAS.<\/a><\/li>\n<\/ol>\n","protected":false},"excerpt":{"rendered":"<p>SECCI\u00d3N CON ANIMACIONES MONGGE SOBRE TEMAS DE GEOMETR\u00cdA PLANA CONSTRUCCIONES GEOM\u00c9TRICAS FUNDAMENTALES. PROPORCIONALIDAD. TRI\u00c1NGULOS. CUADRIL\u00c1TEROS. POL\u00cdGONOS REGULARES. TRANSFORMACIONES. HOMOLOG\u00cdA. EQUIVALENCIAS. TANGENCIAS. CURVAS C\u00d3NICAS. CURVAS T\u00c9CNICAS. RECTIFICACI\u00d3N DE CURVAS.<\/p>\n","protected":false},"author":2852,"featured_media":0,"parent":987,"menu_order":0,"comment_status":"closed","ping_status":"closed","template":"","meta":{"ngg_post_thumbnail":0,"footnotes":""},"aioseo_notices":[],"_links":{"self":[{"href":"https:\/\/blogsaverroes.juntadeandalucia.es\/agcdibujotecnico\/wp-json\/wp\/v2\/pages\/1624"}],"collection":[{"href":"https:\/\/blogsaverroes.juntadeandalucia.es\/agcdibujotecnico\/wp-json\/wp\/v2\/pages"}],"about":[{"href":"https:\/\/blogsaverroes.juntadeandalucia.es\/agcdibujotecnico\/wp-json\/wp\/v2\/types\/page"}],"author":[{"embeddable":true,"href":"https:\/\/blogsaverroes.juntadeandalucia.es\/agcdibujotecnico\/wp-json\/wp\/v2\/users\/2852"}],"replies":[{"embeddable":true,"href":"https:\/\/blogsaverroes.juntadeandalucia.es\/agcdibujotecnico\/wp-json\/wp\/v2\/comments?post=1624"}],"version-history":[{"count":7,"href":"https:\/\/blogsaverroes.juntadeandalucia.es\/agcdibujotecnico\/wp-json\/wp\/v2\/pages\/1624\/revisions"}],"predecessor-version":[{"id":2920,"href":"https:\/\/blogsaverroes.juntadeandalucia.es\/agcdibujotecnico\/wp-json\/wp\/v2\/pages\/1624\/revisions\/2920"}],"up":[{"embeddable":true,"href":"https:\/\/blogsaverroes.juntadeandalucia.es\/agcdibujotecnico\/wp-json\/wp\/v2\/pages\/987"}],"wp:attachment":[{"href":"https:\/\/blogsaverroes.juntadeandalucia.es\/agcdibujotecnico\/wp-json\/wp\/v2\/media?parent=1624"}],"curies":[{"name":"wp","href":"https:\/\/api.w.org\/{rel}","templated":true}]}}