{"id":1632,"date":"2022-11-21T20:58:40","date_gmt":"2022-11-21T20:58:40","guid":{"rendered":"https:\/\/blogsaverroes.juntadeandalucia.es\/agcdibujotecnico\/?page_id=1632"},"modified":"2022-11-21T20:58:40","modified_gmt":"2022-11-21T20:58:40","slug":"sistemas-de-representacion-mongge","status":"publish","type":"page","link":"https:\/\/blogsaverroes.juntadeandalucia.es\/agcdibujotecnico\/paso-a-paso-con-mongge\/sistemas-de-representacion-mongge\/","title":{"rendered":"SISTEMAS DE REPRESENTACI\u00d3N (Mongge)"},"content":{"rendered":"<h3>SECCI\u00d3N DEDICADA A LOS SISTEMAS DE REPRESENTACI\u00d3N ESPACIAL CON ANIMACIONES EN MONGGE.<\/h3>\n<ol>\n<li><a title=\"SISTEMA ACOTADO\" href=\"https:\/\/blogsaverroes.juntadeandalucia.es\/agcdibujotecnico\/sistema-acotado\/\" target=\"_blank\" rel=\"noopener noreferrer\">SISTEMA ACOTADO.<\/a><\/li>\n<li><a title=\"SISTEMA DI\u00c9DRICO (Paralelismo, perpendicularidad, distancias, \u00e1ngulos).\" href=\"https:\/\/blogsaverroes.juntadeandalucia.es\/agcdibujotecnico\/sistema-diedrico-paralelismo-perpendicularidad-distancias-angulos\/\" target=\"_blank\" rel=\"noopener noreferrer\">SISTEMA DI\u00c9DRICO (ELEMENTOS).<\/a><\/li>\n<li><a title=\"SISTEMA DI\u00c9DRICO (OPERATIVIDAD)\" href=\"https:\/\/blogsaverroes.juntadeandalucia.es\/agcdibujotecnico\/paso-a-paso-con-mongge\/sistema-diedrico-operatividad\/\" target=\"_blank\" rel=\"noopener noreferrer\">SISTEMA DI\u00c9DRICO (OPERATIVIDAD).<\/a><\/li>\n<li><a title=\"SISTEMA DI\u00c9DRICO (Superficies poli\u00e9dricas).\" href=\"https:\/\/blogsaverroes.juntadeandalucia.es\/agcdibujotecnico\/paso-a-paso-con-mongge\/superficies-poliedricas-representacion-situacion-secciones-planas-desarrollos-transformadas-e-intersecciones-con-rectas\/\" target=\"_blank\" rel=\"noopener noreferrer\">SISTEMA DI\u00c9DRICO (POLIEDROS).<\/a><\/li>\n<li><a title=\"SISTEMA DI\u00c9DRICO (Superficies radiadas).\" href=\"https:\/\/blogsaverroes.juntadeandalucia.es\/agcdibujotecnico\/sistema-diedrico-superficies-radiadas\/\" target=\"_blank\" rel=\"noopener noreferrer\">SISTEMA DI\u00c9DRICO (SUPERFICIES RADIADAS).<\/a><\/li>\n<li><a title=\"SISTEMA AXONOM\u00c9TRICO (Perspectiva isom\u00e9trica de formas planas y vol\u00famenes)\" href=\"https:\/\/blogsaverroes.juntadeandalucia.es\/agcdibujotecnico\/paso-a-paso-con-mongge\/sistema-axonometrico-perspectiva-isometrica-de-formas-planas-y-volumenes\/\" target=\"_blank\" rel=\"noopener noreferrer\">SISTEMA AXONOM\u00c9TRICO.<\/a><\/li>\n<li>SISTEMA C\u00d3NICO.<\/li>\n<\/ol>\n","protected":false},"excerpt":{"rendered":"<p>SECCI\u00d3N DEDICADA A LOS SISTEMAS DE REPRESENTACI\u00d3N ESPACIAL CON ANIMACIONES EN MONGGE. SISTEMA ACOTADO. SISTEMA DI\u00c9DRICO (ELEMENTOS). SISTEMA DI\u00c9DRICO (OPERATIVIDAD). SISTEMA DI\u00c9DRICO (POLIEDROS). SISTEMA DI\u00c9DRICO (SUPERFICIES RADIADAS). SISTEMA AXONOM\u00c9TRICO. SISTEMA C\u00d3NICO.<\/p>\n","protected":false},"author":2852,"featured_media":0,"parent":987,"menu_order":0,"comment_status":"closed","ping_status":"closed","template":"","meta":{"ngg_post_thumbnail":0,"footnotes":""},"aioseo_notices":[],"_links":{"self":[{"href":"https:\/\/blogsaverroes.juntadeandalucia.es\/agcdibujotecnico\/wp-json\/wp\/v2\/pages\/1632"}],"collection":[{"href":"https:\/\/blogsaverroes.juntadeandalucia.es\/agcdibujotecnico\/wp-json\/wp\/v2\/pages"}],"about":[{"href":"https:\/\/blogsaverroes.juntadeandalucia.es\/agcdibujotecnico\/wp-json\/wp\/v2\/types\/page"}],"author":[{"embeddable":true,"href":"https:\/\/blogsaverroes.juntadeandalucia.es\/agcdibujotecnico\/wp-json\/wp\/v2\/users\/2852"}],"replies":[{"embeddable":true,"href":"https:\/\/blogsaverroes.juntadeandalucia.es\/agcdibujotecnico\/wp-json\/wp\/v2\/comments?post=1632"}],"version-history":[{"count":1,"href":"https:\/\/blogsaverroes.juntadeandalucia.es\/agcdibujotecnico\/wp-json\/wp\/v2\/pages\/1632\/revisions"}],"predecessor-version":[{"id":1633,"href":"https:\/\/blogsaverroes.juntadeandalucia.es\/agcdibujotecnico\/wp-json\/wp\/v2\/pages\/1632\/revisions\/1633"}],"up":[{"embeddable":true,"href":"https:\/\/blogsaverroes.juntadeandalucia.es\/agcdibujotecnico\/wp-json\/wp\/v2\/pages\/987"}],"wp:attachment":[{"href":"https:\/\/blogsaverroes.juntadeandalucia.es\/agcdibujotecnico\/wp-json\/wp\/v2\/media?parent=1632"}],"curies":[{"name":"wp","href":"https:\/\/api.w.org\/{rel}","templated":true}]}}