{"id":2301,"date":"2023-11-19T19:27:21","date_gmt":"2023-11-19T19:27:21","guid":{"rendered":"https:\/\/blogsaverroes.juntadeandalucia.es\/agcdibujotecnico\/?page_id=2301"},"modified":"2025-09-18T09:04:09","modified_gmt":"2025-09-18T09:04:09","slug":"proyectos-3d-nivel-i","status":"publish","type":"page","link":"https:\/\/blogsaverroes.juntadeandalucia.es\/agcdibujotecnico\/proyectos-2d-3d\/proyectos-3d-nivel-i\/","title":{"rendered":"PROYECTOS 3D &#8211; NIVEL I"},"content":{"rendered":"<h2>PROYECTOS 3D &#8211; NIVEL I. (1\u00ba BACHILLERATO)<\/h2>\n<h3>Documentaci\u00f3n sobre los proyectos propuestos.<\/h3>\n<p style=\"padding-left: 40px\"><strong>Modelo de r\u00fabrica de evaluaci\u00f3n de los proyectos<\/strong><\/p>\n<p style=\"padding-left: 40px\"><a href=\"https:\/\/blogsaverroes.juntadeandalucia.es\/agcdibujotecnico\/files\/2023\/07\/Rubrica_-_DTI_PROYECTO_3D_SKETCHUP.pdf\">Rubrica_-_DTI_PROYECTO_3D_(SKETCHUP)<\/a><\/p>\n<h3>PRIMER TRIMESTRE:<\/h3>\n<h4 style=\"padding-left: 40px\"><strong>PROYECTO 1: THE BOX PUZZLE (PUZZLE 3D)<\/strong><\/h4>\n<p style=\"padding-left: 40px\">En este proyecto vamos a comenzar a utilizar el programa Sketchup de modelado 3D de forma b\u00e1sica para dise\u00f1ar y construir un Puzzle tridimensional a partir de un ejemplo con el aspecto del objeto. inicialmente debes acceder a la aplicaci\u00f3n Sketchup y abrir el archivo que puedes descargar desde el enlace adjunto con extensi\u00f3n skp. En este archivo aparece un cubo decorado con sus seis caras formadas por piezas de un puzzle de diferentes colores y con una forma concreta que encaja con las caras adyacentes. La tarea consistir\u00e1 en crear las piezas del puzzle a partir de una plantilla plana cuadriculada de 5&#215;5 cuadrados de 10 mm de lado cada uno. Tendr\u00e1s que utilizar las herramientas del programa para rotar el cubo y recrear cada cara desde la plantilla. Sigue las instrucciones que el profesor explicar\u00e1 en clase. En los materiales del enlace hay una imagen con la secuencia de creaci\u00f3n de una pieza del puzzle desde la plantilla plana hasta la pieza en volumen con grosor de 10 mm.<\/p>\n<p style=\"padding-left: 40px\">Despu\u00e9s de crear todas las piezas, se duplicar\u00e1n para rotarlas y situarlas en la posici\u00f3n adecuada, haci\u00e9ndolas encajar para formar el cubo final. Sigue el v\u00eddeo de iniciaci\u00f3n sobre el programa Sketchup web para familiarizarte con la aplicaci\u00f3n y sus funciones. En clase se explicar\u00e1 tambi\u00e9n el uso de algunas de las herramientas del programa.<\/p>\n<p style=\"padding-left: 40px\">Se realizar\u00e1 adem\u00e1s una l\u00e1mina con las vistas isom\u00e9tricas de cada pieza y el puzzle completo, para lo que se utilizar\u00e1 la hoja \u00abplantilla isom\u00e9trica\u00bb de los materiales del enlace adjunto. Se pueden organizar de forma libre las seis piezas y el cubo sobre la plantilla y se decorar\u00e1n en color utilizando una t\u00e9cnica adecuada (rotulador o l\u00e1pices de color). La l\u00e1mina se entregar\u00e1 en mano al profesor y se digitalizar\u00e1 en pdf para entregarla junto con el archivo de Sketchup en esta tarea.<\/p>\n<p style=\"padding-left: 80px\"><a href=\"https:\/\/www.youtube.com\/watch?v=K1LYfmeN_2E&amp;authuser=2\">P3D01_V\u00eddeo 1<\/a><\/p>\n<p style=\"padding-left: 80px\"><a href=\"https:\/\/www.youtube.com\/watch?v=60Onk9Eh69c&amp;authuser=2\">P3D01_V\u00eddeo 2<\/a><\/p>\n<p style=\"padding-left: 80px\"><a href=\"https:\/\/www.youtube.com\/watch?v=8ARf9Q1wG8s&amp;authuser=2\" target=\"_blank\" rel=\"noopener noreferrer\">P3D01_V\u00eddeo 3<\/a><\/p>\n<p style=\"padding-left: 80px\"><strong><a href=\"https:\/\/www.dropbox.com\/sh\/b8rcqjd2r8lk38z\/AACVFY7EjcpmdF0hT9erNC1Fa?dl=0\" target=\"_blank\" rel=\"noopener noreferrer\">PROYECTO 1: THE BOX PUZZLE (RECURSOS)<\/a><\/strong><\/p>\n<p>&nbsp;<\/p>\n<h4 style=\"padding-left: 40px\"><strong>PROYECTO 2: MODELOS DE PIEZAS EN VISTAS DI\u00c9DRICAS (PIEZAS G1)<\/strong><\/h4>\n<p style=\"padding-left: 40px\">En este proyecto se construir\u00e1n ocho piezas mecanizadas a partir de sus vistas di\u00e9dricas en planta, alzado y perfil. En este primer grupo de piezas el volumen ocupado no sobrepasa el de un hexaedro de 100 mm de arista. Las referencias de tama\u00f1o en las vistas se consiguen a partir de una red modular cuadrada en lugar de cotas.<\/p>\n<p style=\"padding-left: 40px\">Se situar\u00e1n las proyecciones de cada una de las vistas de forma paralela a las caras del cubo, separadas por 25 mm del objeto en 3D. Para facilitar la tarea se clonar\u00e1 una estructura gu\u00eda formada por los tres planos di\u00e9dricos, que servir\u00e1 para colocar las piezas construidas. Cada modelo se separar\u00e1 del resto por una distancia m\u00ednima de 100 mm y se distribuir\u00e1n de forma libre por el plano horizontal principal. Para la construcci\u00f3n de cada pieza se importar\u00e1n las vistas que habr\u00e1 que situar en la estructura gu\u00eda tal y como se observa en las im\u00e1genes adjuntas del modelo de ejemplo. El proyecto se completar\u00e1 con la construcci\u00f3n de 8 de las 16 piezas propuestas.<\/p>\n<p style=\"padding-left: 40px\">Se proceder\u00e1 a la construcci\u00f3n de cada modelo utilizando las herramientas adecuadas. Los modelos est\u00e1n disponibles en carpetas individuales con los archivos png de las tres vistas. En un archivo pdf, distribuidas en l\u00e1minas por parejas, aparecen las piezas en forma de ejercicios evaluables para imprimir y trazar o para construirlos en formato digital utilizando LibreCad.<\/p>\n<p style=\"padding-left: 40px\">&#8211; Para importar las im\u00e1genes de las vistas se utilizar\u00e1n las carpetas de cada modelo.<br \/>\n&#8211; Para realizar los modelos como l\u00e1minas de trazado se utilizar\u00e1 el formato pdf adjunto.<br \/>\n&#8211; Las l\u00e1minas evaluables son de elaboraci\u00f3n voluntaria y se contabilizar\u00e1n un m\u00e1ximo de 4 entregadas al n\u00famero de l\u00e1minas totales de la evaluaci\u00f3n.<\/p>\n<p style=\"padding-left: 40px\">Se valorar\u00e1 la situaci\u00f3n correcta de todos los elementos del proyecto, si forman grupo o componente, etc. Se deja a libre elecci\u00f3n el tratamiento de las superficies, pudiendo imitarse los colores del modelo o hacer cambios o mejoras en el aspecto, que se valorar\u00e1n tambi\u00e9n dentro de la gu\u00eda de evaluaci\u00f3n.<\/p>\n<p style=\"padding-left: 40px\">La entrega del proyecto se realizar\u00e1 de la forma habitual antes de la fecha l\u00edmite fijada. Se utilizar\u00e1 la r\u00fabrica de evaluaci\u00f3n para este tipo de proyectos, que puede consultarse en la gu\u00eda de evaluaci\u00f3n adjunta.<\/p>\n<p style=\"padding-left: 80px\"><a href=\"https:\/\/www.youtube.com\/watch?v=cWSpZl7OQOM&amp;authuser=2\" target=\"_blank\" rel=\"noopener noreferrer\">P3D02_V\u00eddeo 1<\/a><\/p>\n<p style=\"padding-left: 80px\"><a href=\"https:\/\/www.youtube.com\/watch?v=JBiE59KVXbg&amp;authuser=2\" target=\"_blank\" rel=\"noopener noreferrer\">P3D02_V\u00eddeo 2<\/a><\/p>\n<p style=\"padding-left: 80px\"><a href=\"https:\/\/www.youtube.com\/watch?v=OJmYB1oieSk&amp;authuser=2\" target=\"_blank\" rel=\"noopener noreferrer\">P3D02_V\u00eddeo 3<\/a><\/p>\n<p style=\"padding-left: 80px\"><strong><a href=\"https:\/\/www.dropbox.com\/sh\/62aypghr8ze7gn0\/AAD0i_LvtIkWcvgXpbSnU-31a?dl=0\" target=\"_blank\" rel=\"noopener noreferrer\">PROYECTO 2: PIEZAS G1 (RECURSOS)<\/a><\/strong><\/p>\n<h3>&nbsp;<\/h3>\n<h3>SEGUNDO TRIMESTRE:<\/h3>\n<h4 style=\"padding-left: 40px\"><strong>PROYECTO 3: CUBO SOMA<\/strong><\/h4>\n<p style=\"padding-left: 40px\">En este proyecto se construir\u00e1n las piezas del cubo soma, puzzle en 3 dimensiones formado por siete piezas de cubos agrupados en el espacio de modo que forman un cubo mayor de 3x3x3, al estilo del cubo de Rubik. En el material adjunto al proyecto aparece una imagen con la disposici\u00f3n de los elementos y r\u00f3tulos que deben crearse en Sketchup. Para comenzar hay que construir una jaula c\u00fabica de 90 mm de arista formada por 27 cubos de 30 mm de arista en forma de estructura de alambre, que se multiplicar\u00e1 para ubicar cada una de las siete piezas, dejando una de ellas vac\u00eda. Tambi\u00e9n se realizar\u00e1 una copia de cada pieza del puzzle para colocar en su posici\u00f3n adecuada dentro de la jaula correspondiente. En resumen, habr\u00e1 que dise\u00f1ar un total de tres unidades por cada pieza: una para exponerla de forma exenta sobre el suelo del proyecto, la segunda para colocarla en su jaula correspondiente y la tercera ser\u00e1 la que forme el puzzle final. Las jaulas necesarias ser\u00e1n en total 9, una para exhibirla vac\u00eda, otras siete para exponer las piezas solas y una m\u00e1s para albergar todas las piezas del puzzle.<\/p>\n<p style=\"padding-left: 40px\">La situaci\u00f3n en el plano del proyecto de estas piezas aparece sugerida en la imagen adjunta, pero hay libertad para la presentaci\u00f3n final. La decoraci\u00f3n de las superficies, separaci\u00f3n entre objetos y tama\u00f1o de los r\u00f3tulos 3D tambi\u00e9n es libre, pero debe ser ordenada. Las cotas que aparecen en la imagen referidas al tama\u00f1o de jaulas y piezas deben respetarse, pero las de separaci\u00f3n y organizaci\u00f3n son libres.<\/p>\n<p style=\"padding-left: 40px\">Se valorar\u00e1 la situaci\u00f3n correcta de todos los elementos del proyecto, si forman grupo o componente, etc.Como se ha comentado se deja a libre elecci\u00f3n el tratamiento de las superficies, pudiendo imitarse los colores del modelo o hacer cambios o mejoras en el aspecto, que se valorar\u00e1n tambi\u00e9n dentro de la gu\u00eda de evaluaci\u00f3n.<\/p>\n<p style=\"padding-left: 40px\">La entrega del proyecto se realizar\u00e1 de la forma habitual antes de la fecha l\u00edmite fijada. Se utilizar\u00e1 la r\u00fabrica de evaluaci\u00f3n para este tipo de proyectos, que puede consultarse en la gu\u00eda de evaluaci\u00f3n adjunta.<\/p>\n<p style=\"padding-left: 40px\">El v\u00eddeo con instrucciones est\u00e1 en el enlace de recursos.<\/p>\n<p style=\"padding-left: 80px\"><strong><a href=\"https:\/\/www.dropbox.com\/sh\/yti1s6gssqg5glb\/AABGBYM9H1LzNXMXhvijtAsna?dl=0\" target=\"_blank\" rel=\"noopener noreferrer\">PROYECTO 3: CUBO SOMA &nbsp;(RECURSOS)<\/a><\/strong><\/p>\n<p>&nbsp;<\/p>\n<h3>TERCER TRIMESTRE:<\/h3>\n<h4 style=\"padding-left: 40px\"><strong>PROYECTO 4: CREACI\u00d3N DE PIEZAS MECANIZADAS (PIEZAS G2)<\/strong><\/h4>\n<p style=\"padding-left: 40px\">En este proyecto se construir\u00e1n tres piezas mecanizadas a partir de sus vistas di\u00e9dricas en planta, alzado y perfil. En este grupo de piezas se dan las vistas necesarias (dos o tres seg\u00fan la pieza) acotadas en escala 1:1.<\/p>\n<p style=\"padding-left: 40px\">Se situar\u00e1n las proyecciones de cada una de las vistas de forma paralela a las caras de la pieza, separadas del objeto en 3D una distancia suficiente. Cada modelo se separar\u00e1 del resto por una distancia m\u00ednima de 100 mm y se distribuir\u00e1n de forma libre por el plano horizontal principal. Para la construcci\u00f3n de cada pieza se importar\u00e1n las vistas desde los enlaces adjuntos.<\/p>\n<p style=\"padding-left: 40px\">Se proceder\u00e1 a la construcci\u00f3n de cada modelo utilizando las herramientas adecuadas. Los modelos est\u00e1n disponibles en carpetas individuales con los archivos png de las vistas.<\/p>\n<ul>\n<li style=\"list-style-type: none\">\n<ul>\n<li>Para importar las im\u00e1genes de las vistas se utilizar\u00e1n las carpetas de cada modelo.<\/li>\n<li>Al importar las vistas en Sketchup hay que colocarlas a la escala 1:1. Se utilizar\u00e1 el proceso de los v\u00eddeos adjuntos, donde se explica un ejemplo de construcci\u00f3n de una de las piezas.<\/li>\n<li>En pdf se encuentran las l\u00e1minas de donde proceden las piezas y el aspecto de las piezas acabadas para facilitar la visualizaci\u00f3n de los vol\u00famenes.<\/li>\n<\/ul>\n<\/li>\n<\/ul>\n<p style=\"padding-left: 40px\">Se valorar\u00e1 la situaci\u00f3n correcta de todos los elementos del proyecto, si forman grupo o componente, etc. Se deja a libre elecci\u00f3n el tratamiento de las superficies, pudiendo imitarse los colores del modelo o hacer cambios o mejoras en el aspecto, que se valorar\u00e1n tambi\u00e9n dentro de la gu\u00eda de evaluaci\u00f3n.<\/p>\n<p style=\"padding-left: 40px\">La entrega del proyecto se realizar\u00e1 de la forma habitual antes de la fecha l\u00edmite fijada. Se utilizar\u00e1 la r\u00fabrica de evaluaci\u00f3n para este tipo de proyectos, que puede consultarse en la gu\u00eda de evaluaci\u00f3n adjunta.<\/p>\n<p style=\"padding-left: 40px\">Para la entrega se adjuntar\u00e1 un enlace al proyecto desde Sketchup web, accediendo al men\u00fa de opciones (tres lineas horizontales en esquina superior izquierda de la app) y eligiendo compartir. Tambi\u00e9n aparece el icono compartir al lado del nombre del proyecto una vez abierto. Aparecer\u00e1 un cuadro de di\u00e1logo donde debes activar el enlace creado y copiarlo. Luego accede a la tarea de Classroom, adjunta el enlace y realiza la entrega. No utilizad la versi\u00f3n Sketchup for Schools porque no permite compartir externamente.<\/p>\n<p style=\"padding-left: 40px\">Usa el enlace para acceder a la aplicaci\u00f3n (<a href=\"https:\/\/id.trimble.com\/ui\/sign_in.html?state=eyJhbGciOiJSUzI1NiIsImtpZCI6IjEiLCJ0eXAiOiJKV1QifQ.eyJvYXV0aF9wYXJhbWV0ZXJzIjp7ImNsaWVudF9pZCI6ImM5MTNhOTBjLTRkY2YtNGFmYi1iM2RiLTYzN2JlMzc3NDZiZiIsInJlZGlyZWN0X3VyaSI6Imh0dHBzOi8vbG9naW4uc2tldGNodXAuY29tL2xvZ2luL3RyaW1ibGVpZC9jYWxsYmFjayIsInJlc3BvbnNlX3R5cGUiOiJjb2RlIiwic2NvcGUiOiJvcGVuaWQgc2tldGNodXAtbG9naW4tcHJvZC1WMiIsInN0YXRlIjoiUVhWMGFFdGxlU0JtTWpVd05tVmtNeTFtTkRJNExUUTBOMkl0WVdZME15MWxNalUzWW1OaVlUVTFOeklfIn0sImV4dHJhX3BhcmFtZXRlcnMiOnsibGFuZyI6ImVuIn0sImludGVybmFsX3BhcmFtZXRlcnMiOnt9fQ.j_ZOg6dO8V7k8A1cmpCIABpWzTOeq1CEvRmEVmA355XXBxoRJ61vSnVlfRGim0uFQ5TVpaSBy2jrZrz9eY3uPZWU4z7B3KDNEPUhb4HFdXKLiFjhQblADNMZVeM-hUsrMdOWcir7Pm7XwO5K7sakagf9WwAiO1cx9Z5AprQU2IK5_WMvaGsiUcvUMRroZhrMw7GwWT-Rvc-O5F_WXNO6sUeUAljYeqMQtbGGn2-Y9EUtPrULme8XillXqtjp06iqdp6MOa0do1n_OwVrpkGKFuYskm-G9HNEvsRehGszphevm6tjH6zzVREenhCr_icJvoIucgSpH919lf7xOJGvqA&amp;authuser=2\" target=\"_blank\" rel=\"noopener noreferrer\">Trimble Identity<\/a>).<\/p>\n<p style=\"padding-left: 80px\">Enlaces directos a los v\u00eddeos (copia y pega la url en tu navegador).<\/p>\n<p style=\"padding-left: 80px\">P3D04_V\u00eddeo 1. <a href=\"https:\/\/youtu.be\/Glbk3c7fQEM\">https:\/\/youtu.be\/Glbk3c7fQEM<\/a><br \/>\nP3D04_V\u00eddeo 2. <a href=\"https:\/\/youtu.be\/vhYEA32zNRQ\" target=\"_blank\" rel=\"noopener noreferrer\">https:\/\/youtu.be\/vhYEA32zNRQ<\/a><br \/>\nP3D04_V\u00eddeo 3. <a href=\"https:\/\/youtu.be\/2RnF4sJh1ug\" target=\"_blank\" rel=\"noopener noreferrer\">https:\/\/youtu.be\/2RnF4sJh1ug<\/a><br \/>\nP3D04_V\u00eddeo 4. <a href=\"https:\/\/youtu.be\/C-aBYSUH-Zg\" target=\"_blank\" rel=\"noopener noreferrer\">https:\/\/youtu.be\/C-aBYSUH-Zg<\/a><br \/>\nP3D04_V\u00eddeo 5. <a href=\"https:\/\/youtu.be\/ExowmArw1Fw\" target=\"_blank\" rel=\"noopener noreferrer\">https:\/\/youtu.be\/ExowmArw1Fw<\/a><\/p>\n<p style=\"padding-left: 80px\"><strong><a href=\"https:\/\/www.dropbox.com\/sh\/mh0fcl2jv39cjpq\/AADx0VJOlhJ3-ODQ4c9o7IB2a?dl=0\" target=\"_blank\" rel=\"noopener noreferrer\">PROYECTO 4: PIEZAS G2 (RECURSOS)<\/a><\/strong><\/p>\n<p>&nbsp;<\/p>\n<p style=\"padding-left: 40px\"><a href=\"https:\/\/blogsaverroes.juntadeandalucia.es\/agcdibujotecnico\/files\/2023\/07\/seccion_transversal.jpg\"><img loading=\"lazy\" decoding=\"async\" class=\"aligncenter size-full wp-image-1861\" src=\"https:\/\/blogsaverroes.juntadeandalucia.es\/agcdibujotecnico\/files\/2023\/07\/seccion_transversal.jpg\" alt=\"\" width=\"1600\" height=\"1131\" srcset=\"https:\/\/blogsaverroes.juntadeandalucia.es\/agcdibujotecnico\/files\/2023\/07\/seccion_transversal.jpg 1600w, https:\/\/blogsaverroes.juntadeandalucia.es\/agcdibujotecnico\/files\/2023\/07\/seccion_transversal-300x212.jpg 300w, https:\/\/blogsaverroes.juntadeandalucia.es\/agcdibujotecnico\/files\/2023\/07\/seccion_transversal-1024x724.jpg 1024w, https:\/\/blogsaverroes.juntadeandalucia.es\/agcdibujotecnico\/files\/2023\/07\/seccion_transversal-768x543.jpg 768w, https:\/\/blogsaverroes.juntadeandalucia.es\/agcdibujotecnico\/files\/2023\/07\/seccion_transversal-1536x1086.jpg 1536w\" sizes=\"(max-width: 1600px) 100vw, 1600px\" \/><\/a><\/p>\n<p>&nbsp;<\/p>\n<h2>&nbsp;<\/h2>\n","protected":false},"excerpt":{"rendered":"<p>PROYECTOS 3D &#8211; NIVEL I. (1\u00ba BACHILLERATO) Documentaci\u00f3n sobre los proyectos propuestos. Modelo de r\u00fabrica de evaluaci\u00f3n de los proyectos Rubrica_-_DTI_PROYECTO_3D_(SKETCHUP) PRIMER TRIMESTRE: PROYECTO 1: THE BOX PUZZLE (PUZZLE 3D) En este proyecto vamos&#46;&#46;&#46;<\/p>\n","protected":false},"author":2852,"featured_media":0,"parent":1040,"menu_order":0,"comment_status":"closed","ping_status":"closed","template":"","meta":{"ngg_post_thumbnail":0,"footnotes":""},"aioseo_notices":[],"_links":{"self":[{"href":"https:\/\/blogsaverroes.juntadeandalucia.es\/agcdibujotecnico\/wp-json\/wp\/v2\/pages\/2301"}],"collection":[{"href":"https:\/\/blogsaverroes.juntadeandalucia.es\/agcdibujotecnico\/wp-json\/wp\/v2\/pages"}],"about":[{"href":"https:\/\/blogsaverroes.juntadeandalucia.es\/agcdibujotecnico\/wp-json\/wp\/v2\/types\/page"}],"author":[{"embeddable":true,"href":"https:\/\/blogsaverroes.juntadeandalucia.es\/agcdibujotecnico\/wp-json\/wp\/v2\/users\/2852"}],"replies":[{"embeddable":true,"href":"https:\/\/blogsaverroes.juntadeandalucia.es\/agcdibujotecnico\/wp-json\/wp\/v2\/comments?post=2301"}],"version-history":[{"count":2,"href":"https:\/\/blogsaverroes.juntadeandalucia.es\/agcdibujotecnico\/wp-json\/wp\/v2\/pages\/2301\/revisions"}],"predecessor-version":[{"id":2681,"href":"https:\/\/blogsaverroes.juntadeandalucia.es\/agcdibujotecnico\/wp-json\/wp\/v2\/pages\/2301\/revisions\/2681"}],"up":[{"embeddable":true,"href":"https:\/\/blogsaverroes.juntadeandalucia.es\/agcdibujotecnico\/wp-json\/wp\/v2\/pages\/1040"}],"wp:attachment":[{"href":"https:\/\/blogsaverroes.juntadeandalucia.es\/agcdibujotecnico\/wp-json\/wp\/v2\/media?parent=2301"}],"curies":[{"name":"wp","href":"https:\/\/api.w.org\/{rel}","templated":true}]}}