{"id":2580,"date":"2024-10-22T20:32:00","date_gmt":"2024-10-22T20:32:00","guid":{"rendered":"https:\/\/blogsaverroes.juntadeandalucia.es\/agcdibujotecnico\/?page_id=2580"},"modified":"2025-10-27T21:18:38","modified_gmt":"2025-10-27T21:18:38","slug":"transformaciones-mongge","status":"publish","type":"page","link":"https:\/\/blogsaverroes.juntadeandalucia.es\/agcdibujotecnico\/transformaciones-mongge\/","title":{"rendered":"TRANSFORMACIONES (Mongge)"},"content":{"rendered":"<h2>TRANSFORMACIONES GEOM\u00c9TRICAS B\u00c1SICAS<\/h2>\n<h4>IGUALDAD<\/h4>\n<ul>\n<li><a href=\"https:\/\/www.mongge.com\/es\/ejercicios\/44914\" target=\"_blank\" rel=\"noopener\">Igualdad por triangulaci\u00f3n.<\/a><\/li>\n<li><a href=\"https:\/\/www.mongge.com\/es\/ejercicios\/44915\" target=\"_blank\" rel=\"noopener\">Igualdad por radiaci\u00f3n.<\/a><\/li>\n<li><a href=\"https:\/\/www.mongge.com\/es\/ejercicios\/44918\" target=\"_blank\" rel=\"noopener\">Igualdad por coordenadas.<\/a><\/li>\n<\/ul>\n<h4>TRASLACI\u00d3N<\/h4>\n<ul>\n<li><a href=\"https:\/\/www.mongge.com\/es\/ejercicios\/44939\" target=\"_blank\" rel=\"noopener\">Traslaci\u00f3n (aplicaci\u00f3n del concepto de vector de traslaci\u00f3n).<\/a><\/li>\n<\/ul>\n<h4>SIMETR\u00cdA AXIAL<\/h4>\n<ul>\n<li><a href=\"https:\/\/www.mongge.com\/es\/ejercicios\/47040\" target=\"_blank\" rel=\"noopener\">Simetr\u00eda axial de una figura que no tiene puntos comunes con el eje de simetr\u00eda.<\/a><\/li>\n<li><a href=\"https:\/\/www.mongge.com\/es\/ejercicios\/37499\" target=\"_blank\" rel=\"noopener\">Simetr\u00eda axial de una figura que tiene puntos comunes con el eje de simetr\u00eda.<\/a><\/li>\n<\/ul>\n<h4>SIMETR\u00cdA CENTRAL<\/h4>\n<ul>\n<li><a href=\"https:\/\/www.mongge.com\/es\/ejercicios\/5174\" target=\"_blank\" rel=\"noopener\">Simetr\u00eda central de una figura cuyo centro es exterior.<\/a><\/li>\n<li><a href=\"https:\/\/www.mongge.com\/es\/ejercicios\/93487\" target=\"_blank\" rel=\"noopener\">Simetr\u00eda central de una figura con centro en su interior.<\/a><\/li>\n<li><a href=\"https:\/\/www.mongge.com\/es\/ejercicios\/93489\" target=\"_blank\" rel=\"noopener\">Simetr\u00eda central de una figura cuyo centro es uno de los v\u00e9rtices de la figura.<\/a><\/li>\n<\/ul>\n<h4>HOMOTECIA (SEMEJANZA)<\/h4>\n<ul>\n<li><a href=\"https:\/\/www.mongge.com\/es\/ejercicios\/44931\" target=\"_blank\" rel=\"noopener\">Homotecia positiva (0&lt;K&lt;1; p.e. K= 7\/3).<\/a><\/li>\n<li><a href=\"https:\/\/www.mongge.com\/es\/ejercicios\/44920\" target=\"_blank\" rel=\"noopener\">Homotecia positiva (K&gt;1; p.e. K= 3\/5).<\/a><\/li>\n<li><a href=\"https:\/\/www.mongge.com\/es\/ejercicios\/44923\" target=\"_blank\" rel=\"noopener\">Homotecia negativa (-1&gt;K&gt;0; p.e. K= -3\/7).<\/a><\/li>\n<li>Homotecia negativa (-1&lt;K); p.e. K= -11\/7).<\/li>\n<\/ul>\n<h4>GIRO<\/h4>\n<ul>\n<li><a href=\"https:\/\/www.mongge.com\/es\/ejercicios\/45215\" target=\"_blank\" rel=\"noopener\">Giro de una figura si el centro es exterior a la figura.<\/a><\/li>\n<li>Giro de una figura si el centro es interior a la figura.<\/li>\n<li>Giro de una figura si el centro es un v\u00e9rtice de la figura.<\/li>\n<\/ul>\n<p>&nbsp;<\/p>\n","protected":false},"excerpt":{"rendered":"<p>TRANSFORMACIONES GEOM\u00c9TRICAS B\u00c1SICAS IGUALDAD Igualdad por triangulaci\u00f3n. Igualdad por radiaci\u00f3n. Igualdad por coordenadas. TRASLACI\u00d3N Traslaci\u00f3n (aplicaci\u00f3n del concepto de vector de traslaci\u00f3n). SIMETR\u00cdA AXIAL Simetr\u00eda axial de una figura que no tiene puntos comunes&#46;&#46;&#46;<\/p>\n","protected":false},"author":2852,"featured_media":0,"parent":0,"menu_order":0,"comment_status":"closed","ping_status":"closed","template":"","meta":{"ngg_post_thumbnail":0,"footnotes":""},"aioseo_notices":[],"_links":{"self":[{"href":"https:\/\/blogsaverroes.juntadeandalucia.es\/agcdibujotecnico\/wp-json\/wp\/v2\/pages\/2580"}],"collection":[{"href":"https:\/\/blogsaverroes.juntadeandalucia.es\/agcdibujotecnico\/wp-json\/wp\/v2\/pages"}],"about":[{"href":"https:\/\/blogsaverroes.juntadeandalucia.es\/agcdibujotecnico\/wp-json\/wp\/v2\/types\/page"}],"author":[{"embeddable":true,"href":"https:\/\/blogsaverroes.juntadeandalucia.es\/agcdibujotecnico\/wp-json\/wp\/v2\/users\/2852"}],"replies":[{"embeddable":true,"href":"https:\/\/blogsaverroes.juntadeandalucia.es\/agcdibujotecnico\/wp-json\/wp\/v2\/comments?post=2580"}],"version-history":[{"count":7,"href":"https:\/\/blogsaverroes.juntadeandalucia.es\/agcdibujotecnico\/wp-json\/wp\/v2\/pages\/2580\/revisions"}],"predecessor-version":[{"id":2921,"href":"https:\/\/blogsaverroes.juntadeandalucia.es\/agcdibujotecnico\/wp-json\/wp\/v2\/pages\/2580\/revisions\/2921"}],"wp:attachment":[{"href":"https:\/\/blogsaverroes.juntadeandalucia.es\/agcdibujotecnico\/wp-json\/wp\/v2\/media?parent=2580"}],"curies":[{"name":"wp","href":"https:\/\/api.w.org\/{rel}","templated":true}]}}