{"id":2605,"date":"2024-11-23T13:32:28","date_gmt":"2024-11-23T13:32:28","guid":{"rendered":"https:\/\/blogsaverroes.juntadeandalucia.es\/agcdibujotecnico\/?page_id=2605"},"modified":"2024-11-23T13:32:28","modified_gmt":"2024-11-23T13:32:28","slug":"programacion-didactica-dt-4o-eso","status":"publish","type":"page","link":"https:\/\/blogsaverroes.juntadeandalucia.es\/agcdibujotecnico\/programacion-didactica-dt-4o-eso\/","title":{"rendered":"PROGRAMACI\u00d3N DID\u00c1CTICA DT 4\u00ba ESO"},"content":{"rendered":"<h3 class=\"fittexted_for_content_h3\">PROGRAMACI\u00d3N DE DIBUJO T\u00c9CNICO (4\u00ba ESO LOMLOE).<\/h3>\n<p>Programaci\u00f3n publicada a trav\u00e9s de S\u00e9neca (actualizada para curso 2024\/2025).<\/p>\n<p><a href=\"https:\/\/blogsaverroes.juntadeandalucia.es\/agcdibujotecnico\/files\/2024\/11\/Programacion_DT_4oESO.pdf\">Programacio\u0301n_DT_4\u00baESO<\/a><\/p>\n","protected":false},"excerpt":{"rendered":"<p>PROGRAMACI\u00d3N DE DIBUJO T\u00c9CNICO (4\u00ba ESO LOMLOE). Programaci\u00f3n publicada a trav\u00e9s de S\u00e9neca (actualizada para curso 2024\/2025). Programacio\u0301n_DT_4\u00baESO<\/p>\n","protected":false},"author":2852,"featured_media":0,"parent":0,"menu_order":0,"comment_status":"closed","ping_status":"closed","template":"","meta":{"ngg_post_thumbnail":0,"footnotes":""},"aioseo_notices":[],"_links":{"self":[{"href":"https:\/\/blogsaverroes.juntadeandalucia.es\/agcdibujotecnico\/wp-json\/wp\/v2\/pages\/2605"}],"collection":[{"href":"https:\/\/blogsaverroes.juntadeandalucia.es\/agcdibujotecnico\/wp-json\/wp\/v2\/pages"}],"about":[{"href":"https:\/\/blogsaverroes.juntadeandalucia.es\/agcdibujotecnico\/wp-json\/wp\/v2\/types\/page"}],"author":[{"embeddable":true,"href":"https:\/\/blogsaverroes.juntadeandalucia.es\/agcdibujotecnico\/wp-json\/wp\/v2\/users\/2852"}],"replies":[{"embeddable":true,"href":"https:\/\/blogsaverroes.juntadeandalucia.es\/agcdibujotecnico\/wp-json\/wp\/v2\/comments?post=2605"}],"version-history":[{"count":2,"href":"https:\/\/blogsaverroes.juntadeandalucia.es\/agcdibujotecnico\/wp-json\/wp\/v2\/pages\/2605\/revisions"}],"predecessor-version":[{"id":2608,"href":"https:\/\/blogsaverroes.juntadeandalucia.es\/agcdibujotecnico\/wp-json\/wp\/v2\/pages\/2605\/revisions\/2608"}],"wp:attachment":[{"href":"https:\/\/blogsaverroes.juntadeandalucia.es\/agcdibujotecnico\/wp-json\/wp\/v2\/media?parent=2605"}],"curies":[{"name":"wp","href":"https:\/\/api.w.org\/{rel}","templated":true}]}}