{"id":404,"date":"2018-10-31T16:43:06","date_gmt":"2018-10-31T16:43:06","guid":{"rendered":"https:\/\/blogsaverroes.juntadeandalucia.es\/agcdibujotecnico\/?page_id=404"},"modified":"2021-06-03T21:36:07","modified_gmt":"2021-06-03T21:36:07","slug":"recursos_extra","status":"publish","type":"page","link":"https:\/\/blogsaverroes.juntadeandalucia.es\/agcdibujotecnico\/recursos_extra\/","title":{"rendered":"RECURSOS EXTRA"},"content":{"rendered":"<p>En esta secci\u00f3n encontrar\u00e1s informaci\u00f3n tomada de diversas fuentes clasificadas en tres bloques tem\u00e1ticos.<\/p>\n<h3>RECURSOS EXTRA SOBRE GEOMETR\u00cdA PLANA<\/h3>\n<p><a href=\"https:\/\/www.dropbox.com\/s\/1q7xqv1lp0jza7m\/TRI%C3%81NGULOS_PALENCIA.pdf?dl=0\" target=\"_blank\" rel=\"noopener noreferrer\">TRI\u00c1NGULOS (M. Gonz\u00e1lez &#8211; J. Palencia).<\/a><\/p>\n<p><a href=\"http:\/\/vishub.org\/officedocs\/5732.pdf\" target=\"_blank\" rel=\"noopener noreferrer\">TRANSFORMACIONES: INVERSI\u00d3N (Ed. Sandoval).<\/a><\/p>\n<p><a href=\"http:\/\/ciclicas.joseantoniocuadrado.com\" target=\"_blank\" rel=\"noopener noreferrer\">CURVAS T\u00c9CNICAS Y C\u00cdCLICAS. (Aplicaci\u00f3n online de Jos\u00e9 Antonio Cuadrado).<\/a><\/p>\n<p><a href=\"https:\/\/www.dropbox.com\/sh\/4m4tfq11kr3vwoi\/AAAaCJJd-RfY3goyVPFRvQXqa?dl=0\" target=\"_blank\" rel=\"noopener noreferrer\">APUNTES SOBRE CURVAS C\u00cdCLICAS<\/a><\/p>\n<p><a href=\"https:\/\/www.dropbox.com\/s\/wmdstgct9yjeeve\/B07.pdf?dl=0\" target=\"_blank\" rel=\"noopener noreferrer\">APUNTES SOBRE CUADRIL\u00c1TEROS (Ed. Alarc\u00f3n)<\/a><\/p>\n<p><a href=\"https:\/\/www.profesordedibujo.com\/geometria-plana\/poligonos\/teoria-y-clasificacion-de-poligonos\/#.XdroCS1DlTY\" target=\"_blank\" rel=\"noopener noreferrer\">APUNTES SOBRE POL\u00cdGONOS ESTRELLADOS (Web Profesor de Dibujo)<\/a><\/p>\n<p><a href=\"http:\/\/www.mheducation.es\/bcv\/guide\/capitulo\/8448148924.pdf\" target=\"_blank\" rel=\"noopener noreferrer\">APUNTES SOBRE CURVAS GEOM\u00c9TRICAS (mheducaci\u00f3n)<\/a><\/p>\n<h3>&nbsp;<\/h3>\n<h3>RECURSOS EXTRA SOBRE GEOMETR\u00cdA DESCRIPTIVA<\/h3>\n<p>&nbsp;<\/p>\n<h3>RECURSOS EXTRA SOBRE NORMALIZACI\u00d3N Y DOCUMENTACI\u00d3N DE PROYECTOS.<\/h3>\n<p>Acotaci\u00f3n b\u00e1sica (formato PowerPoint).<\/p>\n<p><iframe loading=\"lazy\" src=\"https:\/\/onedrive.live.com\/embed?cid=68FA9E4F5CCC047C&amp;resid=68FA9E4F5CCC047C%21106&amp;authkey=AF0eA_DI9pfolqk&amp;em=2&amp;wdAr=1.3333333333333333&amp;wdEaa=1\" width=\"350px\" height=\"286px\" frameborder=\"0\">Esto es un documento de &amp;amp;lt;a target=\u00bb_blank\u00bb href=\u00bbhttps:\/\/office.com\u00bb&amp;amp;gt;Microsoft Office&amp;amp;lt;\/a&amp;amp;gt; incrustado con tecnolog\u00eda de &amp;amp;lt;a target=\u00bb_blank\u00bb href=\u00bbhttps:\/\/office.com\/webapps\u00bb&amp;amp;gt;Office&amp;amp;lt;\/a&amp;amp;gt;.<\/iframe>&nbsp;<\/p>\n<p><a href=\"https:\/\/blogsaverroes.juntadeandalucia.es\/agcdibujotecnico\/files\/2021\/06\/acotabas.pps\" target=\"_blank\" rel=\"noopener noreferrer\">Acotaci\u00f3n b\u00e1sica<\/a><\/p>\n<p>Acotaci\u00f3n: normas generales (formato PowerPoint).<\/p>\n<p><iframe loading=\"lazy\" src=\"https:\/\/onedrive.live.com\/embed?cid=68FA9E4F5CCC047C&amp;resid=68FA9E4F5CCC047C%21107&amp;authkey=AJIGFrf-k65S77k&amp;em=2&amp;wdAr=1.3333333333333333&amp;wdEaa=1\" width=\"350px\" height=\"286px\" frameborder=\"0\">Esto es un documento de &amp;lt;a target=\u00bb_blank\u00bb href=\u00bbhttps:\/\/office.com\u00bb&amp;gt;Microsoft Office&amp;lt;\/a&amp;gt; incrustado con tecnolog\u00eda de &amp;lt;a target=\u00bb_blank\u00bb href=\u00bbhttps:\/\/office.com\/webapps\u00bb&amp;gt;Office&amp;lt;\/a&amp;gt;.<\/iframe>&nbsp;<\/p>\n<p><a href=\"https:\/\/blogsaverroes.juntadeandalucia.es\/agcdibujotecnico\/files\/2021\/06\/acotaciones2.pps\">Acotaci\u00f3n: normas generales.<\/a><\/p>\n","protected":false},"excerpt":{"rendered":"<p>En esta secci\u00f3n encontrar\u00e1s informaci\u00f3n tomada de diversas fuentes clasificadas en tres bloques tem\u00e1ticos. RECURSOS EXTRA SOBRE GEOMETR\u00cdA PLANA TRI\u00c1NGULOS (M. Gonz\u00e1lez &#8211; J. Palencia). TRANSFORMACIONES: INVERSI\u00d3N (Ed. Sandoval). CURVAS T\u00c9CNICAS Y C\u00cdCLICAS. (Aplicaci\u00f3n&#46;&#46;&#46;<\/p>\n","protected":false},"author":2852,"featured_media":0,"parent":0,"menu_order":0,"comment_status":"closed","ping_status":"closed","template":"","meta":{"ngg_post_thumbnail":0,"footnotes":""},"aioseo_notices":[],"_links":{"self":[{"href":"https:\/\/blogsaverroes.juntadeandalucia.es\/agcdibujotecnico\/wp-json\/wp\/v2\/pages\/404"}],"collection":[{"href":"https:\/\/blogsaverroes.juntadeandalucia.es\/agcdibujotecnico\/wp-json\/wp\/v2\/pages"}],"about":[{"href":"https:\/\/blogsaverroes.juntadeandalucia.es\/agcdibujotecnico\/wp-json\/wp\/v2\/types\/page"}],"author":[{"embeddable":true,"href":"https:\/\/blogsaverroes.juntadeandalucia.es\/agcdibujotecnico\/wp-json\/wp\/v2\/users\/2852"}],"replies":[{"embeddable":true,"href":"https:\/\/blogsaverroes.juntadeandalucia.es\/agcdibujotecnico\/wp-json\/wp\/v2\/comments?post=404"}],"version-history":[{"count":15,"href":"https:\/\/blogsaverroes.juntadeandalucia.es\/agcdibujotecnico\/wp-json\/wp\/v2\/pages\/404\/revisions"}],"predecessor-version":[{"id":1208,"href":"https:\/\/blogsaverroes.juntadeandalucia.es\/agcdibujotecnico\/wp-json\/wp\/v2\/pages\/404\/revisions\/1208"}],"wp:attachment":[{"href":"https:\/\/blogsaverroes.juntadeandalucia.es\/agcdibujotecnico\/wp-json\/wp\/v2\/media?parent=404"}],"curies":[{"name":"wp","href":"https:\/\/api.w.org\/{rel}","templated":true}]}}