{"id":429,"date":"2018-11-09T06:24:18","date_gmt":"2018-11-09T06:24:18","guid":{"rendered":"https:\/\/blogsaverroes.juntadeandalucia.es\/agcdibujotecnico\/?page_id=429"},"modified":"2018-11-30T17:23:58","modified_gmt":"2018-11-30T17:23:58","slug":"paso-a-paso-con-geogebra","status":"publish","type":"page","link":"https:\/\/blogsaverroes.juntadeandalucia.es\/agcdibujotecnico\/paso-a-paso-con-geogebra\/","title":{"rendered":"PASO A PASO CON GEOGEBRA"},"content":{"rendered":"<p>En esta secci\u00f3n aparecen construcciones organizadas por categor\u00edas con ejercicios descritos paso a paso y elaborados con Geogebra. Las construcciones se visualizar\u00e1n en un applet mediante una ventana en la misma p\u00e1gina, con algunas opciones de control sobre el mismo, como la barra de navegaci\u00f3n o aplicar zoom sobre la construcci\u00f3n.<\/p>\n<p>Para acceder a las secciones utiliza el men\u00fa desplegable directamente en la parte superior de la p\u00e1gina.<\/p>\n","protected":false},"excerpt":{"rendered":"<p>En esta secci\u00f3n aparecen construcciones organizadas por categor\u00edas con ejercicios descritos paso a paso y elaborados con Geogebra. Las construcciones se visualizar\u00e1n en un applet mediante una ventana en la misma p\u00e1gina, con algunas&#46;&#46;&#46;<\/p>\n","protected":false},"author":2852,"featured_media":0,"parent":0,"menu_order":0,"comment_status":"closed","ping_status":"closed","template":"","meta":{"ngg_post_thumbnail":0,"footnotes":""},"aioseo_notices":[],"_links":{"self":[{"href":"https:\/\/blogsaverroes.juntadeandalucia.es\/agcdibujotecnico\/wp-json\/wp\/v2\/pages\/429"}],"collection":[{"href":"https:\/\/blogsaverroes.juntadeandalucia.es\/agcdibujotecnico\/wp-json\/wp\/v2\/pages"}],"about":[{"href":"https:\/\/blogsaverroes.juntadeandalucia.es\/agcdibujotecnico\/wp-json\/wp\/v2\/types\/page"}],"author":[{"embeddable":true,"href":"https:\/\/blogsaverroes.juntadeandalucia.es\/agcdibujotecnico\/wp-json\/wp\/v2\/users\/2852"}],"replies":[{"embeddable":true,"href":"https:\/\/blogsaverroes.juntadeandalucia.es\/agcdibujotecnico\/wp-json\/wp\/v2\/comments?post=429"}],"version-history":[{"count":9,"href":"https:\/\/blogsaverroes.juntadeandalucia.es\/agcdibujotecnico\/wp-json\/wp\/v2\/pages\/429\/revisions"}],"predecessor-version":[{"id":525,"href":"https:\/\/blogsaverroes.juntadeandalucia.es\/agcdibujotecnico\/wp-json\/wp\/v2\/pages\/429\/revisions\/525"}],"wp:attachment":[{"href":"https:\/\/blogsaverroes.juntadeandalucia.es\/agcdibujotecnico\/wp-json\/wp\/v2\/media?parent=429"}],"curies":[{"name":"wp","href":"https:\/\/api.w.org\/{rel}","templated":true}]}}