{"id":686,"date":"2019-05-10T05:58:25","date_gmt":"2019-05-10T05:58:25","guid":{"rendered":"https:\/\/blogsaverroes.juntadeandalucia.es\/agcdibujotecnico\/?page_id=686"},"modified":"2021-05-12T18:54:19","modified_gmt":"2021-05-12T18:54:19","slug":"videotutoriales","status":"publish","type":"page","link":"https:\/\/blogsaverroes.juntadeandalucia.es\/agcdibujotecnico\/videotutoriales\/","title":{"rendered":"VIDEOTUTORIALES"},"content":{"rendered":"<h3><a title=\"VIDEOTUTORIALES: SISTEMA DE PLANOS ACOTADOS.\" href=\"https:\/\/blogsaverroes.juntadeandalucia.es\/agcdibujotecnico\/videotutoriales\/videotutoriales-sistema-de-planos-acotados\/\" target=\"_blank\" rel=\"noopener noreferrer\"><strong>SISTEMA DE PLANOS ACOTADOS<\/strong><\/a><\/h3>\n<h3><a title=\"VIDEOTUTORIALES: SISTEMA DI\u00c9DRICO.\" href=\"https:\/\/blogsaverroes.juntadeandalucia.es\/agcdibujotecnico\/videotutoriales\/videotutoriales-sistema-diedrico\/\" target=\"_blank\" rel=\"noopener noreferrer\"><strong>SISTEMA DI\u00c9DRICO<\/strong><\/a><\/h3>\n<h3><a title=\"VIDEOTUTORIALES: SISTEMA AXONOM\u00c9TRICO.\" href=\"https:\/\/blogsaverroes.juntadeandalucia.es\/agcdibujotecnico\/videotutoriales\/videotutoriales-sistema-axonometrico\/\" target=\"_blank\" rel=\"noopener noreferrer\"><strong>SISTEMA AXONOM\u00c9TRICO Y PERSPECTIVA CABALLERA<\/strong><\/a><\/h3>\n<h3><a title=\"VIDEOTUTORIALES: SISTEMA C\u00d3NICO.\" href=\"https:\/\/blogsaverroes.juntadeandalucia.es\/agcdibujotecnico\/videotutoriales\/videotutoriales-sistema-conico\/\" target=\"_blank\" rel=\"noopener noreferrer\"><strong>SISTEMA C\u00d3NICO<\/strong><\/a><\/h3>\n<h3><a title=\"VIDEOTUTORIALES: NORMALIZACI\u00d3N Y ACOTACI\u00d3N.\" href=\"https:\/\/blogsaverroes.juntadeandalucia.es\/agcdibujotecnico\/videotutoriales\/videotutoriales-normalizacion-y-acotacion\/\" target=\"_blank\" rel=\"noopener noreferrer\"><strong>NORMALIZACI\u00d3N Y ACOTACI\u00d3N<\/strong><\/a><\/h3>\n<h3>&nbsp;<\/h3>\n<p>&nbsp;<\/p>\n","protected":false},"excerpt":{"rendered":"<p>SISTEMA DE PLANOS ACOTADOS SISTEMA DI\u00c9DRICO SISTEMA AXONOM\u00c9TRICO Y PERSPECTIVA CABALLERA SISTEMA C\u00d3NICO NORMALIZACI\u00d3N Y ACOTACI\u00d3N &nbsp; &nbsp;<\/p>\n","protected":false},"author":2852,"featured_media":0,"parent":0,"menu_order":0,"comment_status":"closed","ping_status":"closed","template":"","meta":{"ngg_post_thumbnail":0,"footnotes":""},"aioseo_notices":[],"_links":{"self":[{"href":"https:\/\/blogsaverroes.juntadeandalucia.es\/agcdibujotecnico\/wp-json\/wp\/v2\/pages\/686"}],"collection":[{"href":"https:\/\/blogsaverroes.juntadeandalucia.es\/agcdibujotecnico\/wp-json\/wp\/v2\/pages"}],"about":[{"href":"https:\/\/blogsaverroes.juntadeandalucia.es\/agcdibujotecnico\/wp-json\/wp\/v2\/types\/page"}],"author":[{"embeddable":true,"href":"https:\/\/blogsaverroes.juntadeandalucia.es\/agcdibujotecnico\/wp-json\/wp\/v2\/users\/2852"}],"replies":[{"embeddable":true,"href":"https:\/\/blogsaverroes.juntadeandalucia.es\/agcdibujotecnico\/wp-json\/wp\/v2\/comments?post=686"}],"version-history":[{"count":25,"href":"https:\/\/blogsaverroes.juntadeandalucia.es\/agcdibujotecnico\/wp-json\/wp\/v2\/pages\/686\/revisions"}],"predecessor-version":[{"id":1152,"href":"https:\/\/blogsaverroes.juntadeandalucia.es\/agcdibujotecnico\/wp-json\/wp\/v2\/pages\/686\/revisions\/1152"}],"wp:attachment":[{"href":"https:\/\/blogsaverroes.juntadeandalucia.es\/agcdibujotecnico\/wp-json\/wp\/v2\/media?parent=686"}],"curies":[{"name":"wp","href":"https:\/\/api.w.org\/{rel}","templated":true}]}}