{"id":713,"date":"2019-06-07T16:32:06","date_gmt":"2019-06-07T16:32:06","guid":{"rendered":"https:\/\/blogsaverroes.juntadeandalucia.es\/agcdibujotecnico\/?page_id=713"},"modified":"2025-10-20T13:43:25","modified_gmt":"2025-10-20T13:43:25","slug":"pruebas-pau-pevau","status":"publish","type":"page","link":"https:\/\/blogsaverroes.juntadeandalucia.es\/agcdibujotecnico\/pruebas-pau-pevau\/","title":{"rendered":"PRUEBAS PAU\/PEVAU"},"content":{"rendered":"<p><a href=\"https:\/\/blogsaverroes.juntadeandalucia.es\/agcdibujotecnico\/files\/2025\/10\/PeVAU.jpg\"><img loading=\"lazy\" decoding=\"async\" class=\"aligncenter wp-image-2915 size-full\" src=\"https:\/\/blogsaverroes.juntadeandalucia.es\/agcdibujotecnico\/files\/2025\/10\/PeVAU.jpg\" alt=\"\" width=\"800\" height=\"471\" srcset=\"https:\/\/blogsaverroes.juntadeandalucia.es\/agcdibujotecnico\/files\/2025\/10\/PeVAU.jpg 800w, https:\/\/blogsaverroes.juntadeandalucia.es\/agcdibujotecnico\/files\/2025\/10\/PeVAU-300x177.jpg 300w, https:\/\/blogsaverroes.juntadeandalucia.es\/agcdibujotecnico\/files\/2025\/10\/PeVAU-768x452.jpg 768w\" sizes=\"(max-width: 800px) 100vw, 800px\" \/><\/a><\/p>\n<p>En este enlace puedes descargar las pruebas PAU\/PEVAU de DIBUJO T\u00c9CNICO II de junio y septiembre, para imprimir en formato pdf, solucionadas (en algunos casos en varias p\u00e1ginas para facilitar la comprensi\u00f3n del proceso a seguir).<\/p>\n<p><a href=\"https:\/\/www.dropbox.com\/sh\/j8w89msy8f7ekb5\/AADqFCMN6BVXV_aApo9RDUL9a?dl=0\" target=\"_blank\" rel=\"noopener noreferrer\">PRUEBAS PAU\/PEVAU (2011\/2018)<\/a><\/p>\n<h4>VARIOS EJEMPLOS DE MODELOS SOLUCIONADOS (NORMALIZACI\u00d3N)<\/h4>\n<h4><a href=\"https:\/\/www.dropbox.com\/sh\/w7e4vl049reiuc1\/AAA-2qDUMYvGAh1kTcEsi9Qqa?dl=0\" target=\"_blank\" rel=\"noopener noreferrer\">PEVAU_NOR_ISO<\/a> (Modelos en perspectiva isom\u00e9trica)<\/h4>\n<h4 style=\"padding-left: 40px\">EJEMPLOS RESUELTOS POR PASOS EN MONGGE<\/h4>\n<p style=\"padding-left: 40px\">PAU_AE2_SEP_2017<\/p>\n<p style=\"padding-left: 40px\">PAU_AE2_JUN_2018<\/p>\n<p style=\"padding-left: 40px\">PAU_AE2_SEP_2018<\/p>\n<p style=\"padding-left: 40px\">PAU_AE2_SEP_2019<\/p>\n<h4><a href=\"https:\/\/www.dropbox.com\/sh\/q882liyrurmak1b\/AACZdeUoBbNc1Wz0uUWyoTsca?dl=0\" target=\"_blank\" rel=\"noopener noreferrer\">PEVAU_NOR_VCS<\/a> (Modelos en vistas di\u00e9dricas &#8211; corte o secci\u00f3n)<\/h4>\n<h4 style=\"padding-left: 40px\">EJEMPLOS RESUELTOS POR PASOS EN MONGGE<\/h4>\n<p style=\"padding-left: 40px\"><a href=\"https:\/\/www.mongge.com\/es\/ejercicios\/66425\" target=\"_blank\" rel=\"noopener\">PAU_BE2_SEP_2017<\/a><\/p>\n<p style=\"padding-left: 40px\"><a href=\"https:\/\/www.mongge.com\/es\/ejercicios\/54151\" target=\"_blank\" rel=\"noopener\">PAU_BE2_JUN_2018<\/a><\/p>\n<p style=\"padding-left: 40px\"><a href=\"https:\/\/www.mongge.com\/es\/ejercicios\/54148\" target=\"_blank\" rel=\"noopener\">PAU_BE2_SEP_2018<\/a><\/p>\n<p style=\"padding-left: 40px\"><a href=\"https:\/\/www.mongge.com\/es\/ejercicios\/102208\" target=\"_blank\" rel=\"noopener\">PAU_BE2_SEP_2019<\/a><\/p>\n<h4>EJEMPLOS DE MODELOS SOBRE ISOM\u00c9TRICO A PARTIR DE VISTAS (VARIAS FUENTES)<\/h4>\n<p style=\"padding-left: 40px\"><a href=\"https:\/\/www.dropbox.com\/sh\/oc4omm28no2bhnl\/AABofdtesJ6KZloEehDtS7TKa?dl=0\" target=\"_blank\" rel=\"noopener noreferrer\">PEVAU_ISO_ISIB<\/a> (SOLUCIONADOS POR ISMAEL IBA\u00d1EZ): No se aplica el coeficiente de reducci\u00f3n isom\u00e9trica pero se indica c\u00f3mo calcular la escala intermedia.<\/p>\n<p style=\"padding-left: 40px\"><a href=\"https:\/\/www.dropbox.com\/sh\/o5x55htjltld0rs\/AABTU5QbJnJFxG02O7-d20k5a?dl=0\" target=\"_blank\" rel=\"noopener noreferrer\">PEVAU_ISO_MMV<\/a> (SOLUCIONADOS POR MANUEL MARTINEZ VELA): Se aplica el coeficiente de reducci\u00f3n pero no se indica c\u00f3mo calcular la escala intermedia.<\/p>\n<p style=\"padding-left: 40px\"><a href=\"https:\/\/www.dropbox.com\/sh\/nc9vmaewuml3bw1\/AAAplmv3ep5czwqeHZbwZV-aa?dl=0\" target=\"_blank\" rel=\"noopener noreferrer\">PEVAU_ISO_AM<\/a> (SOLUCIONADOS POR ALEJANDRO MU\u00d1OZ): Se aplica el coeficiente de reducci\u00f3n y se soluciona la escala gr\u00e1ficamente.<\/p>\n<h4>OTROS MODELOS PAU\/PEVAU DE PROBLEMAS DE ISOM\u00c9TRICO A PARTIR DE VISTAS<\/h4>\n<p>Solucionados por Manuel Mart\u00ednez Vela en los archivos pdf. Se incluyen tambi\u00e9n enlaces a los modelos 3D en Sketchup. Utiliza los siguientes enlaces para descargar los archivos:<\/p>\n<p style=\"padding-left: 40px\"><a href=\"https:\/\/www.dropbox.com\/sh\/vaarhj5pyojczwo\/AABstap_Ihg8tfCtcaiTOKVha?dl=0\" target=\"_blank\" rel=\"noopener noreferrer\">MODELOS AXO_3D_MMV_PDF<\/a><\/p>\n<p style=\"padding-left: 40px\"><a href=\"https:\/\/www.dropbox.com\/sh\/d0cipf1qmnuhwwl\/AACx3QHo2U5g0Xs9gN-HO4Kla?dl=0\" target=\"_blank\" rel=\"noopener noreferrer\">MODELOS AXO_3D_MMV_SKP<\/a><\/p>\n<p>&nbsp;<\/p>\nngg_shortcode_0_placeholder\n<h4>&nbsp;<\/h4>\n<h4>MODELOS DE PRUEBAS PAU\/PEVAU<\/h4>\n<p>En este otro enlace se pueden descargar los archivos de las pruebas para imprimirlas. Se incluyen otros archivos con pruebas descartadas. La organizaci\u00f3n de los archivos de cada a\u00f1o es diferente en algunos casos.<\/p>\n<p><a href=\"http:\/\/www.uhu.es\/guillermo.ortega\/examenes.html\" target=\"_blank\" rel=\"noopener noreferrer\">PRUEBAS PAU<\/a><\/p>\n<p>Este enlace contiene soluciones a las pruebas desde el 2010 hasta el 2020 para las convocatorias de junio y septiembre.<\/p>\n<p><a href=\"http:\/\/www.uhu.es\/guillermo.ortega\/adicional.html\" target=\"_blank\" rel=\"noopener noreferrer\">SOLUCIONES PRUEBAS PAU<\/a><\/p>\n<p>Existen m\u00e1s fuentes para conseguir los ex\u00e1menes de Selectividad en Andaluc\u00eda:<\/p>\n<p><a href=\"https:\/\/www.juntadeandalucia.es\/economiaconocimientoempresasyuniversidad\/sguit\/?q=grados&amp;d=g_b_examenes_anteriores.php\" target=\"_blank\" rel=\"noopener\">EX\u00c1MENES PAU. DISTRITO \u00daNICO UNIVERSITARIO<\/a><\/p>\n<p><a href=\"https:\/\/dibujo.iespm.es\/index.php\/bachillerato\/2-curso\/documentos-2-bachillerato\/category\/12-ejercicios-pau\" target=\"_blank\" rel=\"noopener noreferrer\">PRUEBAS PAU\/PEVAU CON SOLUCIONES<\/a> (DEP. DIBUJO IES PADRE MANJ\u00d3N DE GRANADA. Profesor Manuel Mart\u00ednez Vela). Vienen pruebas clasificadas por cursos y convocatorias; tambi\u00e9n pueden encontrarse otros ejercicios de las pruebas clasificados por categor\u00eda con la soluci\u00f3n.<\/p>\n<p>Aqu\u00ed est\u00e1 el enlace directo sobre <a href=\"https:\/\/www.juntadeandalucia.es\/economiaconocimientoempresasyuniversidad\/sguit\/examanes_anios_anteriores\/selectividad\/sel_2025-2026-Orientaciones_dibujo_tecnico.pdf\" target=\"_blank\" rel=\"noopener\">Orientaciones para la PAU\/PEVAU de Dibujo T\u00e9cnico <\/a>(Actualizado al curso 2025\/2026).<\/p>\n","protected":false},"excerpt":{"rendered":"<p>En este enlace puedes descargar las pruebas PAU\/PEVAU de DIBUJO T\u00c9CNICO II de junio y septiembre, para imprimir en formato pdf, solucionadas (en algunos casos en varias p\u00e1ginas para facilitar la comprensi\u00f3n del proceso&#46;&#46;&#46;<\/p>\n","protected":false},"author":2852,"featured_media":0,"parent":0,"menu_order":0,"comment_status":"closed","ping_status":"closed","template":"","meta":{"ngg_post_thumbnail":0,"footnotes":""},"aioseo_notices":[],"_links":{"self":[{"href":"https:\/\/blogsaverroes.juntadeandalucia.es\/agcdibujotecnico\/wp-json\/wp\/v2\/pages\/713"}],"collection":[{"href":"https:\/\/blogsaverroes.juntadeandalucia.es\/agcdibujotecnico\/wp-json\/wp\/v2\/pages"}],"about":[{"href":"https:\/\/blogsaverroes.juntadeandalucia.es\/agcdibujotecnico\/wp-json\/wp\/v2\/types\/page"}],"author":[{"embeddable":true,"href":"https:\/\/blogsaverroes.juntadeandalucia.es\/agcdibujotecnico\/wp-json\/wp\/v2\/users\/2852"}],"replies":[{"embeddable":true,"href":"https:\/\/blogsaverroes.juntadeandalucia.es\/agcdibujotecnico\/wp-json\/wp\/v2\/comments?post=713"}],"version-history":[{"count":20,"href":"https:\/\/blogsaverroes.juntadeandalucia.es\/agcdibujotecnico\/wp-json\/wp\/v2\/pages\/713\/revisions"}],"predecessor-version":[{"id":2918,"href":"https:\/\/blogsaverroes.juntadeandalucia.es\/agcdibujotecnico\/wp-json\/wp\/v2\/pages\/713\/revisions\/2918"}],"wp:attachment":[{"href":"https:\/\/blogsaverroes.juntadeandalucia.es\/agcdibujotecnico\/wp-json\/wp\/v2\/media?parent=713"}],"curies":[{"name":"wp","href":"https:\/\/api.w.org\/{rel}","templated":true}]}}