{"id":960,"date":"2021-02-10T20:40:04","date_gmt":"2021-02-10T20:40:04","guid":{"rendered":"https:\/\/blogsaverroes.juntadeandalucia.es\/agcdibujotecnico\/?page_id=960"},"modified":"2021-02-10T21:32:08","modified_gmt":"2021-02-10T21:32:08","slug":"transformaciones-geometricas-basicas","status":"publish","type":"page","link":"https:\/\/blogsaverroes.juntadeandalucia.es\/agcdibujotecnico\/paso-a-paso-con-geogebra\/transformaciones-geometricas-basicas\/","title":{"rendered":"TRANSFORMACIONES GEOM\u00c9TRICAS B\u00c1SICAS"},"content":{"rendered":"<p>En este enlace puedes acceder al libro de transformaciones geom\u00e9tricas b\u00e1sicas de la secci\u00f3n PASO A PASO CON GEOGEBRA.<\/p>\n<p><a href=\"https:\/\/www.geogebra.org\/m\/eg7vtjas\" target=\"_blank\" rel=\"noopener noreferrer\">LIBRO DE GEOGEBRA: TRANSFORMACIONES GEOM\u00c9TRICAS B\u00c1SICAS<\/a><\/p>\n","protected":false},"excerpt":{"rendered":"<p>En este enlace puedes acceder al libro de transformaciones geom\u00e9tricas b\u00e1sicas de la secci\u00f3n PASO A PASO CON GEOGEBRA. LIBRO DE GEOGEBRA: TRANSFORMACIONES GEOM\u00c9TRICAS B\u00c1SICAS<\/p>\n","protected":false},"author":2852,"featured_media":0,"parent":429,"menu_order":0,"comment_status":"closed","ping_status":"closed","template":"","meta":{"ngg_post_thumbnail":0,"footnotes":""},"aioseo_notices":[],"_links":{"self":[{"href":"https:\/\/blogsaverroes.juntadeandalucia.es\/agcdibujotecnico\/wp-json\/wp\/v2\/pages\/960"}],"collection":[{"href":"https:\/\/blogsaverroes.juntadeandalucia.es\/agcdibujotecnico\/wp-json\/wp\/v2\/pages"}],"about":[{"href":"https:\/\/blogsaverroes.juntadeandalucia.es\/agcdibujotecnico\/wp-json\/wp\/v2\/types\/page"}],"author":[{"embeddable":true,"href":"https:\/\/blogsaverroes.juntadeandalucia.es\/agcdibujotecnico\/wp-json\/wp\/v2\/users\/2852"}],"replies":[{"embeddable":true,"href":"https:\/\/blogsaverroes.juntadeandalucia.es\/agcdibujotecnico\/wp-json\/wp\/v2\/comments?post=960"}],"version-history":[{"count":2,"href":"https:\/\/blogsaverroes.juntadeandalucia.es\/agcdibujotecnico\/wp-json\/wp\/v2\/pages\/960\/revisions"}],"predecessor-version":[{"id":963,"href":"https:\/\/blogsaverroes.juntadeandalucia.es\/agcdibujotecnico\/wp-json\/wp\/v2\/pages\/960\/revisions\/963"}],"up":[{"embeddable":true,"href":"https:\/\/blogsaverroes.juntadeandalucia.es\/agcdibujotecnico\/wp-json\/wp\/v2\/pages\/429"}],"wp:attachment":[{"href":"https:\/\/blogsaverroes.juntadeandalucia.es\/agcdibujotecnico\/wp-json\/wp\/v2\/media?parent=960"}],"curies":[{"name":"wp","href":"https:\/\/api.w.org\/{rel}","templated":true}]}}