{"id":987,"date":"2021-03-27T19:43:28","date_gmt":"2021-03-27T19:43:28","guid":{"rendered":"https:\/\/blogsaverroes.juntadeandalucia.es\/agcdibujotecnico\/?page_id=987"},"modified":"2025-04-02T07:28:39","modified_gmt":"2025-04-02T07:28:39","slug":"paso-a-paso-con-mongge","status":"publish","type":"page","link":"https:\/\/blogsaverroes.juntadeandalucia.es\/agcdibujotecnico\/paso-a-paso-con-mongge\/","title":{"rendered":"PASO A PASO CON MONGGE"},"content":{"rendered":"<p>En esta p\u00e1gina puedes encontrar ejercicios y modelos resueltos paso a paso con la web Mongge. Los modelos pueden hacer referencia a ejercicios vistos en clase o publicados en las propuestas de DTI y DTII. Por regla general el contenido de los ejercicios se limita a la resoluci\u00f3n por pasos, sin explicaciones por escrito, s\u00f3lo con elementos gr\u00e1ficos, aunque algunos pasos den indicaciones para facilitar la comprensi\u00f3n del proceso. Las secciones que aparecen est\u00e1n disponibles mediante el men\u00fa desplegable y a trav\u00e9s del enlace correspondiente que aparece bajo estas l\u00edneas.<\/p>\n<h3><a href=\"https:\/\/blogsaverroes.juntadeandalucia.es\/agcdibujotecnico\/paso-a-paso-con-mongge\/geometria-plana-mongge\/\" target=\"_blank\" rel=\"noopener\">GEOMETR\u00cdA PLANA.<\/a><\/h3>\n<h3>SISTEMA DI\u00c9DRICO.<\/h3>\n<ol>\n<li>\n<h4><a title=\"SISTEMA DI\u00c9DRICO (Elementos)(Mongge)\" href=\"https:\/\/blogsaverroes.juntadeandalucia.es\/agcdibujotecnico\/paso-a-paso-con-mongge\/sistemas-de-representacion-mongge\/sistema-diedrico-elementos\/\" target=\"_blank\" rel=\"noopener\">REPRESENTACI\u00d3N, PERTENENCIAS, TERCERA PROYECCI\u00d3N,&nbsp;INTERSECCIONES.&nbsp;PARALELISMO, PERPENDICULARIDAD, DISTANCIAS Y \u00c1NGULOS.<\/a><\/h4>\n<\/li>\n<li>\n<h4><a title=\"SISTEMA DI\u00c9DRICO (OPERATIVIDAD)\" href=\"https:\/\/blogsaverroes.juntadeandalucia.es\/agcdibujotecnico\/paso-a-paso-con-mongge\/sistema-diedrico-operatividad\/\" target=\"_blank\" rel=\"noopener noreferrer\">OPERATIVIDAD: ABATIMIENTOS, CAMBIOS DE PLANO Y GIROS.<\/a><\/h4>\n<\/li>\n<li>\n<h4><a title=\"SISTEMA DI\u00c9DRICO (Superficies radiadas).\" href=\"https:\/\/blogsaverroes.juntadeandalucia.es\/agcdibujotecnico\/sistema-diedrico-superficies-radiadas\/\" target=\"_blank\" rel=\"noopener noreferrer\">SUPERFICIES RADIADAS (REPRESENTACI\u00d3N, SITUACI\u00d3N, SECCIONES PLANAS, DESARROLLOS, TRANSFORMADAS E INTERSECCIONES CON RECTAS).<\/a><\/h4>\n<\/li>\n<li>\n<h4><a title=\"SISTEMA DI\u00c9DRICO (SUPERFICIES POLI\u00c9DRICAS).\" href=\"https:\/\/blogsaverroes.juntadeandalucia.es\/agcdibujotecnico\/paso-a-paso-con-mongge\/superficies-poliedricas-representacion-situacion-secciones-planas-desarrollos-transformadas-e-intersecciones-con-rectas\/\" target=\"_blank\" rel=\"noopener noreferrer\">SUPERFICIES POLI\u00c9DRICAS (REPRESENTACI\u00d3N, SITUACI\u00d3N, SECCIONES PLANAS, DESARROLLOS, TRANSFORMADAS E INTERSECCIONES CON RECTAS).<\/a><\/h4>\n<\/li>\n<\/ol>\n<h3>SISTEMA AXONOM\u00c9TRICO.<\/h3>\n","protected":false},"excerpt":{"rendered":"<p>En esta p\u00e1gina puedes encontrar ejercicios y modelos resueltos paso a paso con la web Mongge. Los modelos pueden hacer referencia a ejercicios vistos en clase o publicados en las propuestas de DTI y&#46;&#46;&#46;<\/p>\n","protected":false},"author":2852,"featured_media":0,"parent":0,"menu_order":0,"comment_status":"closed","ping_status":"closed","template":"","meta":{"ngg_post_thumbnail":0,"footnotes":""},"aioseo_notices":[],"_links":{"self":[{"href":"https:\/\/blogsaverroes.juntadeandalucia.es\/agcdibujotecnico\/wp-json\/wp\/v2\/pages\/987"}],"collection":[{"href":"https:\/\/blogsaverroes.juntadeandalucia.es\/agcdibujotecnico\/wp-json\/wp\/v2\/pages"}],"about":[{"href":"https:\/\/blogsaverroes.juntadeandalucia.es\/agcdibujotecnico\/wp-json\/wp\/v2\/types\/page"}],"author":[{"embeddable":true,"href":"https:\/\/blogsaverroes.juntadeandalucia.es\/agcdibujotecnico\/wp-json\/wp\/v2\/users\/2852"}],"replies":[{"embeddable":true,"href":"https:\/\/blogsaverroes.juntadeandalucia.es\/agcdibujotecnico\/wp-json\/wp\/v2\/comments?post=987"}],"version-history":[{"count":10,"href":"https:\/\/blogsaverroes.juntadeandalucia.es\/agcdibujotecnico\/wp-json\/wp\/v2\/pages\/987\/revisions"}],"predecessor-version":[{"id":2670,"href":"https:\/\/blogsaverroes.juntadeandalucia.es\/agcdibujotecnico\/wp-json\/wp\/v2\/pages\/987\/revisions\/2670"}],"wp:attachment":[{"href":"https:\/\/blogsaverroes.juntadeandalucia.es\/agcdibujotecnico\/wp-json\/wp\/v2\/media?parent=987"}],"curies":[{"name":"wp","href":"https:\/\/api.w.org\/{rel}","templated":true}]}}