{"id":1064,"date":"2021-09-27T11:52:10","date_gmt":"2021-09-27T09:52:10","guid":{"rendered":"https:\/\/blogsaverroes.juntadeandalucia.es\/agcepva\/?page_id=1064"},"modified":"2025-11-19T00:14:01","modified_gmt":"2025-11-18T23:14:01","slug":"epva-1oeso-lamina-9-clasificacion-de-los-triangulos","status":"publish","type":"page","link":"https:\/\/blogsaverroes.juntadeandalucia.es\/agcepva\/epva-1o-eso\/epva-1o-eso-bloque-e-geometria-repercusion-en-el-arte-y-la-arquitectura\/epva-1oeso-lamina-9-clasificacion-de-los-triangulos\/","title":{"rendered":"EPVA 1\u00baESO. L\u00c1MINA 09: CLASIFICACI\u00d3N DE LOS TRI\u00c1NGULOS."},"content":{"rendered":"<h3 class=\"fittexted_for_content_h3\">Resoluci\u00f3n paso a paso de la l\u00e1mina 9.<\/h3>\n<p class=\"\"><img loading=\"lazy\" decoding=\"async\" class=\"size-large wp-image-1080 aligncenter\" src=\"https:\/\/blogsaverroes.juntadeandalucia.es\/agcepva\/files\/2021\/09\/L\u00e1mina-1\u00baL9.-Clasificaci\u00f3n-de-los-tri\u00e1ngulos_SC-723x1024.png\" alt=\"\" width=\"723\" height=\"1024\" srcset=\"https:\/\/blogsaverroes.juntadeandalucia.es\/agcepva\/files\/2021\/09\/L\u00e1mina-1\u00baL9.-Clasificaci\u00f3n-de-los-tri\u00e1ngulos_SC-723x1024.png 723w, https:\/\/blogsaverroes.juntadeandalucia.es\/agcepva\/files\/2021\/09\/L\u00e1mina-1\u00baL9.-Clasificaci\u00f3n-de-los-tri\u00e1ngulos_SC-212x300.png 212w, https:\/\/blogsaverroes.juntadeandalucia.es\/agcepva\/files\/2021\/09\/L\u00e1mina-1\u00baL9.-Clasificaci\u00f3n-de-los-tri\u00e1ngulos_SC-768x1087.png 768w, https:\/\/blogsaverroes.juntadeandalucia.es\/agcepva\/files\/2021\/09\/L\u00e1mina-1\u00baL9.-Clasificaci\u00f3n-de-los-tri\u00e1ngulos_SC-1085x1536.png 1085w, https:\/\/blogsaverroes.juntadeandalucia.es\/agcepva\/files\/2021\/09\/L\u00e1mina-1\u00baL9.-Clasificaci\u00f3n-de-los-tri\u00e1ngulos_SC.png 1239w\" sizes=\"(max-width: 723px) 100vw, 723px\" \/><\/p>\n<h4>&nbsp;<\/h4>\n<h4>En las siguientes animaciones puedes ver el proceso de construcci\u00f3n de la l\u00e1mina. Para ver las animaciones en pantalla completa sigue estos pasos:<\/h4>\n<ol>\n<li>Accede desde los enlaces y busca el icono de pantalla completa en la parte superior derecha.<\/li>\n<li>Haz clic sobre el icono play de la parte inferior izquierda.<\/li>\n<li>Comenzar\u00e1 autom\u00e1ticamente la reproducci\u00f3n paso a paso.<\/li>\n<li>Si quieres verlo por pasos usa las flechas avance y retroceso de la parte inferior.<\/li>\n<\/ol>\n<h4 class=\"fittexted_for_content_h4\"><a href=\"https:\/\/www.mongge.com\/ejercicios\/58497\" target=\"_blank\" rel=\"noopener noreferrer\">Tri\u00e1ngulo equil\u00e1tero.<\/a><\/h4>\n<h4 class=\"fittexted_for_content_h4\"><a href=\"https:\/\/www.mongge.com\/ejercicios\/58498\" target=\"_blank\" rel=\"noopener noreferrer\">Tri\u00e1ngulo is\u00f3sceles.<\/a><\/h4>\n<h4 class=\"fittexted_for_content_h4\"><a href=\"https:\/\/www.mongge.com\/ejercicios\/58499\" target=\"_blank\" rel=\"noopener noreferrer\">Tri\u00e1ngulo escaleno.<\/a><\/h4>\n<h4 class=\"fittexted_for_content_h4\"><a href=\"https:\/\/www.mongge.com\/ejercicios\/58597\" target=\"_blank\" rel=\"noopener noreferrer\">Tri\u00e1ngulo acut\u00e1ngulo.<\/a><\/h4>\n<h4 class=\"fittexted_for_content_h4\"><a href=\"https:\/\/www.mongge.com\/ejercicios\/58598\" target=\"_blank\" rel=\"noopener noreferrer\">Tri\u00e1ngulo obtus\u00e1ngulo.<\/a><\/h4>\n<h4 class=\"fittexted_for_content_h4\"><a href=\"https:\/\/www.mongge.com\/ejercicios\/58603\" target=\"_blank\" rel=\"noopener noreferrer\">Tri\u00e1ngulo rect\u00e1ngulo.<\/a><\/h4>\n","protected":false},"excerpt":{"rendered":"<p>Resoluci\u00f3n paso a paso de la l\u00e1mina 9. &nbsp; En las siguientes animaciones puedes ver el proceso de construcci\u00f3n de la l\u00e1mina. Para ver las animaciones en pantalla completa sigue estos pasos: Accede desde&#46;&#46;&#46;<\/p>\n","protected":false},"author":2852,"featured_media":0,"parent":2651,"menu_order":0,"comment_status":"closed","ping_status":"closed","template":"","meta":{"ngg_post_thumbnail":0,"footnotes":""},"aioseo_notices":[],"_links":{"self":[{"href":"https:\/\/blogsaverroes.juntadeandalucia.es\/agcepva\/wp-json\/wp\/v2\/pages\/1064"}],"collection":[{"href":"https:\/\/blogsaverroes.juntadeandalucia.es\/agcepva\/wp-json\/wp\/v2\/pages"}],"about":[{"href":"https:\/\/blogsaverroes.juntadeandalucia.es\/agcepva\/wp-json\/wp\/v2\/types\/page"}],"author":[{"embeddable":true,"href":"https:\/\/blogsaverroes.juntadeandalucia.es\/agcepva\/wp-json\/wp\/v2\/users\/2852"}],"replies":[{"embeddable":true,"href":"https:\/\/blogsaverroes.juntadeandalucia.es\/agcepva\/wp-json\/wp\/v2\/comments?post=1064"}],"version-history":[{"count":12,"href":"https:\/\/blogsaverroes.juntadeandalucia.es\/agcepva\/wp-json\/wp\/v2\/pages\/1064\/revisions"}],"predecessor-version":[{"id":1190,"href":"https:\/\/blogsaverroes.juntadeandalucia.es\/agcepva\/wp-json\/wp\/v2\/pages\/1064\/revisions\/1190"}],"up":[{"embeddable":true,"href":"https:\/\/blogsaverroes.juntadeandalucia.es\/agcepva\/wp-json\/wp\/v2\/pages\/2651"}],"wp:attachment":[{"href":"https:\/\/blogsaverroes.juntadeandalucia.es\/agcepva\/wp-json\/wp\/v2\/media?parent=1064"}],"curies":[{"name":"wp","href":"https:\/\/api.w.org\/{rel}","templated":true}]}}