{"id":1209,"date":"2021-10-27T19:16:06","date_gmt":"2021-10-27T17:16:06","guid":{"rendered":"https:\/\/blogsaverroes.juntadeandalucia.es\/agcepva\/?page_id=1209"},"modified":"2023-06-21T22:04:53","modified_gmt":"2023-06-21T20:04:53","slug":"laminas-propuestas-para-alumnado-pendiente-de-e-p-v-a-de-2o-de-e-s-o-curso-2021-2022","status":"publish","type":"page","link":"https:\/\/blogsaverroes.juntadeandalucia.es\/agcepva\/instrucciones-para-pendientes-epva\/laminas-propuestas-para-alumnado-pendiente-de-e-p-v-a-de-2o-de-e-s-o-curso-2021-2022\/","title":{"rendered":"L\u00e1minas propuestas para alumnado pendiente de E.P.V.A. de 2\u00ba de E.S.O. (Curso 2021\/2022)."},"content":{"rendered":"<h3 class=\"fittexted_for_content_h3\">INSTRUCCIONES PARA PRESENTACI\u00d3N DE TAREAS Y PREPARACI\u00d3N DE LA PRUEBA DE ENERO DE 2022.<\/h3>\n<h3 class=\"fittexted_for_content_h3\">Para todo el alumnado con EPVA pendiente de 1\u00ba \u00f3 2\u00ba de ESO.<\/h3>\n<h4 class=\"fittexted_for_content_h4\"><strong>Pruebas de recuperaci\u00f3n:&nbsp;<\/strong><strong>1\u00aa Convocatoria.<\/strong><\/h4>\n<ul>\n<li>Entrega de l\u00e1minas: <strong>del lunes 10 al mi\u00e9rcoles 12 de enero de 2022.<\/strong><\/li>\n<li>Prueba pr\u00e1ctica: <strong>para alumnado de 2\u00ba ESO con EPVA pendiente de 1\u00ba ESO y alumnado de 3\u00ba \u00f3 4\u00ba de ESO con EPVA pendiente de 1\u00ba \u00f3 2\u00ba ESO: semana del 17 al 21 de enero de 2022.<\/strong><\/li>\n<\/ul>\n<h4 class=\"fittexted_for_content_h4\"><strong>Normas para la realizaci\u00f3n de las pruebas.<\/strong><\/h4>\n<ul>\n<li>La evaluaci\u00f3n de la asignatura se har\u00e1 en dos convocatorias independientes, en las fechas arriba indicadas. El alumnado que no apruebe la 1\u00aa convocatoria podr\u00e1n presentarse a la 2\u00aa. Cualquier alumno\/a que no se presente a la 1\u00aa convocatoria no tendr\u00e1 m\u00e1s opci\u00f3n que presentarse a la 2\u00aa convocatoria.<\/li>\n<li>Las l\u00e1minas de cada convocatoria deben entregarse en las fechas se\u00f1aladas. Si los\/as alumnos\/as no se presentan a la primera convocatoria y s\u00ed lo hacen a la segunda, deber\u00e1n presentar las l\u00e1minas de ambas convocatorias.<\/li>\n<li>Los alumnos y alumnas ser\u00e1n evaluados por el profesorado de la asignatura de EPVA del curso actual al que entregar\u00e1n las l\u00e1minas en las fechas indicadas.<\/li>\n<li>Los alumnos y alumnas que, en el presente curso, no tengan clase de esta asignatura ser\u00e1n evaluados por el Jefe del Departamento, para lo que deben ponerse en contacto con el mismo. En cualquier caso les llegar\u00e1 informaci\u00f3n durante el mes de octubre de 2021 a trav\u00e9s de las tutor\u00edas.<\/li>\n<li>Los ejercicios se presentar\u00e1n resueltos en formatos A4 y cualquier duda sobre los mismos podr\u00e1 ser consultada con el profesor o profesora del curso actual o con el Jefe del Departamento.<\/li>\n<li>Se valorar\u00e1 la correcta soluci\u00f3n de los ejercicios y la limpieza y calidad gr\u00e1fica de los mismos.<\/li>\n<li>Deber\u00e1n asistir a las pruebas pr\u00e1cticas provistos de equipo de dibujo t\u00e9cnico adecuado: escuadra, cartab\u00f3n, regla, comp\u00e1s, goma, l\u00e1piz o portaminas, sacapuntas.&nbsp;Adem\u00e1s el alumnado deber\u00eda traer l\u00e1pices de colores, ceras o rotuladores y algunas hojas de papel formato A4 en blanco. La prueba se realizar\u00e1 sobre el papel fotocopiado que el profesorado entregue al alumno o alumna en el inicio de la misma.<\/li>\n<li><strong>Debido a las normas de seguridad e higiene de obligado cumplimiento para combatir la propagaci\u00f3n del COVID-19, queda terminantemente prohibido utilizar materiales e instrumentos de otros alumnos o alumnas. El&nbsp;incumplimiento de esta norma supondr\u00e1 la invalidaci\u00f3n de la prueba y de la entrega de actividades.<\/strong><\/li>\n<li><strong><span lang=\"ES-TRAD\">No se examinar\u00e1 a los alumnos y alumnas que se presenten sin el material necesario y\/o las l\u00e1minas propuestas.<\/span><\/strong><\/li>\n<\/ul>\n<h3 class=\"fittexted_for_content_h3\"><strong>L\u00e1minas propuestas para alumnado pendiente de E.P.V.A. de 2\u00ba de E.S.O. (Curso 2021\/2022).<\/strong><\/h3>\n<p><strong>Enlaces para descargar los formatos:<\/strong><\/p>\n<p><a href=\"https:\/\/www.dropbox.com\/sh\/kvzwh9np1k92pf4\/AADR1eQtqIQdO9s8dzxdfAuPa?dl=0\" target=\"_blank\" rel=\"noopener noreferrer\"><strong>FORMATOS PARA IMPRIMIR<\/strong><\/a><\/p>\n<p><a href=\"https:\/\/www.dropbox.com\/sh\/n7orwkfxkkihvwr\/AACU27YoBoZm4oKWQIU47gnfa?dl=0\" target=\"_blank\" rel=\"noopener noreferrer\"><strong>INSTRUCCIONES<\/strong><\/a><\/p>\n<p><a href=\"https:\/\/www.dropbox.com\/sh\/zua5ypfz3av9ujn\/AACfxcCx1fUS4dbYAnOLgouqa?dl=0\" target=\"_blank\" rel=\"noopener noreferrer\"><strong>SOLUCIONES<\/strong><\/a><\/p>\n<p><strong>Enlaces a los glosarios de geometr\u00eda para la prueba:<\/strong><\/p>\n<p><strong><a href=\"https:\/\/www.dropbox.com\/s\/do5q2i2o39atac0\/glosario%20de%20geometr%C3%ADa%20plana.pdf?dl=0\" target=\"_blank\" rel=\"noopener noreferrer\">GLOSARIO B\u00c1SICO<\/a> &nbsp; &nbsp;<a href=\"https:\/\/www.dropbox.com\/s\/8v2n9koziczkpju\/Glosario%20Gr%C3%A1fico%20de%20Geometr%C3%ADa_SC.pdf?dl=0\" target=\"_blank\" rel=\"noopener noreferrer\">GLOSARIO GR\u00c1FICO<\/a><\/strong><\/p>\n<p><strong>Contenido de las l\u00e1minas de la primera convocatoria (Los enlaces que aparecen a continuaci\u00f3n permiten ver las construcciones por pasos: aparece la l\u00e1mina terminada y a continuaci\u00f3n los enlaces por pasos).<\/strong><\/p>\n<p><strong>Formato n\u00ba 1<\/strong>. <a title=\"EPVA 2\u00ba ESO. L\u00c1MINA 01: EJERCICIO DE RAYADO 1.\" href=\"https:\/\/blogsaverroes.juntadeandalucia.es\/agcepva\/epva-2oeso-bloque-3-dibujo-tecnico\/epva-2o-eso-lamina-01-ejercicio-de-rayado-1\/\" target=\"_blank\" rel=\"noopener noreferrer\">RAYADO1 (l\u00e1mina 1, 2\u00ba ESO).<\/a><\/p>\n<p><strong>Formato n\u00ba 2<\/strong>. <a title=\"EPVA 1\u00ba ESO. L\u00c1MINA 03: MANEJO DEL COMP\u00c1S 1.\" href=\"https:\/\/blogsaverroes.juntadeandalucia.es\/agcepva\/epva-1o-eso\/epva-1o-eso-bloque-3-dibujo-tecnico\/epva-1o-eso-lamina-3-manejo-del-compas-1\/\" target=\"_blank\" rel=\"noopener noreferrer\">MANEJO DEL COMP\u00c1S 1 (l\u00e1mina 3, 1\u00ba ESO).<\/a><\/p>\n<p><strong>Formato n\u00ba 3<\/strong>. <a href=\"https:\/\/blogsaverroes.juntadeandalucia.es\/agcepva\/epva-2oeso-bloque-3-dibujo-tecnico\/epva_2eso_lamina_3_perpendicularidad\/\" target=\"_blank\" rel=\"noopener noreferrer\">PERPENDICULARIDAD (l\u00e1mina 3, 2\u00ba ESO).<\/a><\/p>\n<p><strong>Formato n\u00ba 4<\/strong>. <a href=\"https:\/\/blogsaverroes.juntadeandalucia.es\/agcepva\/epva-2oeso-bloque-3-dibujo-tecnico\/epva_2eso_lamina_4_segmentos_y_paralelismo\/\" target=\"_blank\" rel=\"noopener noreferrer\">SEGMENTOS Y PARALELISMO (l\u00e1mina 4, 2\u00ba ESO).<\/a><\/p>\n<p><strong>Formato n\u00ba 5<\/strong>. <a href=\"https:\/\/blogsaverroes.juntadeandalucia.es\/agcepva\/epva-1o-eso\/epva-1o-eso-bloque-3-dibujo-tecnico\/epva-1oeso-lamina-8-angulos\/\" target=\"_blank\" rel=\"noopener noreferrer\">\u00c1NGULOS 1 (l\u00e1mina 8, 1\u00ba ESO).<\/a><\/p>\n<p><strong>Formato n\u00ba 6<\/strong>. <a href=\"https:\/\/blogsaverroes.juntadeandalucia.es\/agcepva\/epva-2oeso-bloque-3-dibujo-tecnico\/epva-2o-eso-lamina-5-angulos\/\" target=\"_blank\" rel=\"noopener noreferrer\">\u00c1NGULOS 2 (l\u00e1mina 5, 2\u00ba ESO).<\/a><\/p>\n<p><strong>Formato n\u00ba 7. <\/strong><a href=\"https:\/\/blogsaverroes.juntadeandalucia.es\/agcepva\/epva-1o-eso\/epva-1o-eso-bloque-3-dibujo-tecnico\/epva-1oeso-lamina-10-construccion-de-triangulos\/\" target=\"_blank\" rel=\"noopener noreferrer\">TRI\u00c1NGULOS (l\u00e1mina 10, 1\u00ba ESO).<\/a><\/p>\n<p><strong>Formato n\u00ba 8<\/strong>. <a href=\"https:\/\/blogsaverroes.juntadeandalucia.es\/agcepva\/epva-2oeso-bloque-3-dibujo-tecnico\/epva-2o-eso-lamina-6-puntos-notables-del-triangulo\/\" target=\"_blank\" rel=\"noopener noreferrer\">PUNTOS NOTABLES DEL TRI\u00c1NGULO (l\u00e1mina 6, 2\u00ba ESO).<\/a><\/p>\n","protected":false},"excerpt":{"rendered":"<p>INSTRUCCIONES PARA PRESENTACI\u00d3N DE TAREAS Y PREPARACI\u00d3N DE LA PRUEBA DE ENERO DE 2022. Para todo el alumnado con EPVA pendiente de 1\u00ba \u00f3 2\u00ba de ESO. Pruebas de recuperaci\u00f3n:&nbsp;1\u00aa Convocatoria. Entrega de l\u00e1minas:&#46;&#46;&#46;<\/p>\n","protected":false},"author":2852,"featured_media":0,"parent":182,"menu_order":0,"comment_status":"closed","ping_status":"closed","template":"","meta":{"ngg_post_thumbnail":0,"footnotes":""},"aioseo_notices":[],"_links":{"self":[{"href":"https:\/\/blogsaverroes.juntadeandalucia.es\/agcepva\/wp-json\/wp\/v2\/pages\/1209"}],"collection":[{"href":"https:\/\/blogsaverroes.juntadeandalucia.es\/agcepva\/wp-json\/wp\/v2\/pages"}],"about":[{"href":"https:\/\/blogsaverroes.juntadeandalucia.es\/agcepva\/wp-json\/wp\/v2\/types\/page"}],"author":[{"embeddable":true,"href":"https:\/\/blogsaverroes.juntadeandalucia.es\/agcepva\/wp-json\/wp\/v2\/users\/2852"}],"replies":[{"embeddable":true,"href":"https:\/\/blogsaverroes.juntadeandalucia.es\/agcepva\/wp-json\/wp\/v2\/comments?post=1209"}],"version-history":[{"count":4,"href":"https:\/\/blogsaverroes.juntadeandalucia.es\/agcepva\/wp-json\/wp\/v2\/pages\/1209\/revisions"}],"predecessor-version":[{"id":1226,"href":"https:\/\/blogsaverroes.juntadeandalucia.es\/agcepva\/wp-json\/wp\/v2\/pages\/1209\/revisions\/1226"}],"up":[{"embeddable":true,"href":"https:\/\/blogsaverroes.juntadeandalucia.es\/agcepva\/wp-json\/wp\/v2\/pages\/182"}],"wp:attachment":[{"href":"https:\/\/blogsaverroes.juntadeandalucia.es\/agcepva\/wp-json\/wp\/v2\/media?parent=1209"}],"curies":[{"name":"wp","href":"https:\/\/api.w.org\/{rel}","templated":true}]}}